{"id":301230,"date":"2016-07-29T12:27:37","date_gmt":"2016-07-29T12:27:37","guid":{"rendered":"https:\/\/globecore.dev\/products\/transformer-maintenance\/transformer-safety-system-tss\/"},"modified":"2025-02-25T15:46:43","modified_gmt":"2025-02-25T15:46:43","slug":"transformer-safety-system-tss","status":"publish","type":"page","link":"https:\/\/globecore.dev\/hu\/products\/transformer-maintenance\/transformer-safety-system-tss\/","title":{"rendered":"TSS transzform\u00e1tor biztons\u00e1gi rendszer"},"content":{"rendered":"","protected":false},"excerpt":{"rendered":"<p>Purification1 and regeneration2 of electrical insulating oils3 is an important integral part of the measures aimed at improving reliability and<\/p>\n","protected":false},"author":7,"featured_media":301232,"parent":300177,"menu_order":0,"comment_status":"closed","ping_status":"closed","template":"templates\/single-product.php","meta":{"_acf_changed":false,"_bbp_topic_count":0,"_bbp_reply_count":0,"_bbp_total_topic_count":0,"_bbp_total_reply_count":0,"_bbp_voice_count":0,"_bbp_anonymous_reply_count":0,"_bbp_topic_count_hidden":0,"_bbp_reply_count_hidden":0,"_bbp_forum_subforum_count":0,"footnotes":""},"categories":[],"class_list":["post-301230","page","type-page","status-publish","has-post-thumbnail","hentry"],"acf":{"add_tab":[{"tab_title":"Le\u00edr\u00e1s","tab_content":"Olajtiszt\u00edt\u00e1s[mfn]Az olajtiszt\u00edt\u00e1s elt\u00e1vol\u00edtja az olaj szennyez\u0151d\u00e9seit, hogy meghosszabb\u00edtsa az olaj \u00e9lettartam\u00e1t.[\/mfn] \u00e9s regener\u00e1l\u00e1s[mfn]Az olajregener\u00e1l\u00e1s a szennyez\u0151d\u00e9sek elt\u00e1vol\u00edt\u00e1sa az olajb\u00f3l annak eredeti tulajdons\u00e1gainak vissza\u00e1ll\u00edt\u00e1sa \u00e9rdek\u00e9ben, \u00edgy az \u00faj olajokkal egyen\u00e9rt\u00e9k\u0171en haszn\u00e1lhat\u00f3.[\/mfn] az elektromos szigetel\u0151olajok[mfn]A szigetel\u0151olaj olyan olaj, amely magas h\u0151m\u00e9rs\u00e9kleten stabil, \u00e9s kiv\u00e1l\u00f3 elektromos szigetel\u0151 tulajdons\u00e1gokkal rendelkezik.[\/mfn] eset\u00e9ben fontos r\u00e9sze a megb\u00edzhat\u00f3s\u00e1g n\u00f6vel\u00e9s\u00e9re \u00e9s a transzform\u00e1torok[mfn]A transzform\u00e1tor egy statikus elektromos berendez\u00e9s, amely az elektromos energi\u00e1t k\u00e9t vagy t\u00f6bb \u00e1ramk\u00f6r k\u00f6z\u00f6tt tov\u00e1bb\u00edtja.[\/mfn] \u00e9lettartam\u00e1nak meghosszabb\u00edt\u00e1s\u00e1ra ir\u00e1nyul\u00f3 int\u00e9zked\u00e9seknek.\r\n\r\nAz olajkezel\u00e9s k\u00fcl\u00f6nf\u00e9le v\u00e9szhelyzetekkel (olajsziv\u00e1rg\u00e1sok, leveg\u0151 a t\u00f6ml\u0151kben stb.) j\u00e1rhat, ami dr\u00e1ga id\u0151vesztes\u00e9ggel \u00e9s bizonyos esetekben v\u00e1ratlan k\u00f6lts\u00e9gekkel j\u00e1rhat.\r\n\r\nA GlobeCore ez\u00e9rt az olajkezel\u00e9si biztons\u00e1g fokoz\u00e1sa \u00e9rdek\u00e9ben javasolja az olajkezel\u0151 rendszerek TSS-en kereszt\u00fcli csatlakoztat\u00e1s\u00e1t. Ezt a rendszert az energiaiparban, valamint olajt\u00f6ltet\u0171 berendez\u00e9sek karbantart\u00f3 l\u00e9tes\u00edtm\u00e9nyeiben is lehet haszn\u00e1lni.\r\n\r\nEgy szabv\u00e1nyos TSS rendszer a k\u00f6vetkez\u0151kb\u0151l \u00e1ll:\r\n\u2022 K\u00e9t szelep;\r\n\u2022 Olajszint-\u00e9rz\u00e9kel\u0151;\r\n\u2022 K\u00e1belszett;\r\n\u2022 Vez\u00e9rl\u0151szekr\u00e9ny.\r\n\r\nA TSS (Transformer Safety System) az al\u00e1bbi t\u00edpus\u00fa berendez\u00e9sek csatlakoztat\u00e1s\u00e1ra szolg\u00e1l a transzform\u00e1torhoz:\r\n\u2022 olajsz\u0171r\u0151[mfn]Az olajsz\u0171r\u00e9s sor\u00e1n r\u00e9szlegesen elt\u00e1vol\u00edtj\u00e1k a szil\u00e1rd r\u00e9szecsk\u00e9ket a sz\u0171r\u0151k\u00f6zegek seg\u00edts\u00e9g\u00e9vel. Az olajsz\u0171r\u0151 rendszerek \u00e1ltal\u00e1ban t\u00f6bbl\u00e9pcs\u0151s sz\u0171r\u00e9st alkalmaznak durva \u00e9s finom sz\u0171r\u0151kkel. A centrifug\u00e1l\u00e1s az olaj \u00e9s a v\u00edz vagy az olaj \u00e9s a szil\u00e1rd r\u00e9szecsk\u00e9k elv\u00e1laszt\u00e1s\u00e1t centrifug\u00e1lis er\u0151kkel val\u00f3s\u00edtja meg.[\/mfn] berendez\u00e9sek;\r\n\u2022 olajg\u00e1zmentes\u00edt\u0151[mfn]A transzform\u00e1tor olaj g\u00e1zmentes\u00edt\u00e9se olyan folyamatok \u00f6sszess\u00e9ge, amelyek c\u00e9lja a v\u00edz, g\u00e1zok \u00e9s mechanikai szennyez\u0151d\u00e9sek elt\u00e1vol\u00edt\u00e1sa a dielektromos olajb\u00f3l.[\/mfn] rendszerek;\r\n\u2022 olajsz\u00e1r\u00edt\u00f3[mfn]A sz\u00e1r\u00edt\u00e1s egy folyamat, amelynek sor\u00e1n elt\u00e1vol\u00edtj\u00e1k a vizet a transzform\u00e1tor olajb\u00f3l.[\/mfn] egys\u00e9gek.\r\n\r\nAz olajtiszt\u00edt\u00f3 egys\u00e9get a transzform\u00e1torhoz a fels\u0151 \u00e9s als\u00f3 portokon kereszt\u00fcl csatlakoztatj\u00e1k. Minden port egy automatikus szeleppel van felszerelve, amely sz\u00fcks\u00e9g eset\u00e9n le\u00e1ll\u00edtja az egys\u00e9get, p\u00e9ld\u00e1ul ha olajsziv\u00e1rg\u00e1st \u00e9szlelnek.\r\n\r\nAz \u00fczemeltet\u0151 be\u00e1ll\u00edthatja a transzform\u00e1tor tart\u00e1ly\u00e1ban a norm\u00e1lis fels\u0151 \u00e9s als\u00f3 olajszinteket. Ha az olaj nem \u00e9ri el a norm\u00e1lis szinteket, az \u00e9rz\u00e9kel\u0151 parancsot ad az olajkezel\u0151 egys\u00e9g le\u00e1ll\u00edt\u00e1s\u00e1ra, \u00e9s megsz\u00fcnteti annak kapcsolat\u00e1t a transzform\u00e1torral.\r\n\r\nA t\u00f6ml\u0151kben l\u00e9v\u0151 esetleges leveg\u0151 kiv\u00e1ltja a l\u00e9gszelepet, megsz\u00fcntetve a g\u00e1zrel\u00e9 t\u00e9ves le\u00e1ll\u00e1sait."}],"add_def_tab":[{"tab_title":"M\u0171szaki adatok","tab_content":"<table width=\"602\">\r\n<tbody>\r\n<tr>\r\n<th>\u2116<\/th>\r\n<th>Param\u00e9ter neve<\/th>\r\n<th>\u00c9rt\u00e9k<\/th>\r\n<\/tr>\r\n<tr>\r\n<td>1<\/td>\r\n<td>N\u00e9vleges \u00e1tm\u00e9r\u0151, Dn, mm<\/td>\r\n<td style=\"text-align: center;\">25<\/td>\r\n<\/tr>\r\n<tr>\r\n<td>2<\/td>\r\n<td>Elektromos \u00e1ram param\u00e9terei:<\/td>\r\n<td><\/td>\r\n<\/tr>\r\n<tr>\r\n<td><\/td>\r\n<td>- Fesz\u00fclts\u00e9g, V<\/td>\r\n<td style=\"text-align: center;\">K\u00e9r\u00e9sre<\/td>\r\n<\/tr>\r\n<tr>\r\n<td><\/td>\r\n<td>- V\u00e1lt\u00f3\u00e1ram frekvenci\u00e1ja, Hz<\/td>\r\n<td><\/td>\r\n<\/tr>\r\n<tr>\r\n<td>3<\/td>\r\n<td>K\u00fcls\u0151 m\u00e9retek, mm, max:<\/td>\r\n<td><\/td>\r\n<\/tr>\r\n<tr>\r\n<td><\/td>\r\n<td>- Hossz<\/td>\r\n<td style=\"text-align: center;\">850<\/td>\r\n<\/tr>\r\n<tr>\r\n<td><\/td>\r\n<td>- Sz\u00e9less\u00e9g<\/td>\r\n<td style=\"text-align: center;\">790<\/td>\r\n<\/tr>\r\n<tr>\r\n<td><\/td>\r\n<td>- Magass\u00e1g<\/td>\r\n<td style=\"text-align: center;\">1590<\/td>\r\n<\/tr>\r\n<tr>\r\n<td>4<\/td>\r\n<td>T\u00f6meg, kg, max<\/td>\r\n<td style=\"text-align: center;\">210<\/td>\r\n<\/tr>\r\n<\/tbody>\r\n<\/table>\r\n"},{"tab_title":"El\u0151ny\u00f6k","tab_content":"<ul>\r\n  <li>F\u00fcggetlens\u00e9g. Ez a rendszer b\u00e1rmely berendez\u00e9ssel haszn\u00e1lhat\u00f3, ak\u00e1r a <b><i>GlobeCore<\/i><\/b>, ak\u00e1r m\u00e1s gy\u00e1rt\u00f3k term\u00e9keivel;<\/li>\r\n  <li>Sokoldal\u00fas\u00e1g. A rendszer alkalmas olajtiszt\u00edt\u00f3, sz\u0171r\u0151 \u00e9s regener\u00e1l\u00f3 \u00fczemekhez;<\/li>\r\n  <li>Egyszer\u0171 csatlakoztat\u00e1s. Egy alapvet\u0151 k\u00e9pess\u00e9gekkel rendelkez\u0151 kezel\u0151 mind\u00f6ssze \u00f6t perc alatt l\u00e9trehozza a sz\u00fcks\u00e9ges csatlakoz\u00e1sokat;<\/li>\r\n  <li>Lehet\u0151v\u00e9 teszi az olajtiszt\u00edt\u00f3 berendez\u00e9sek m\u0171k\u00f6dtet\u00e9s\u00e9t bekapcsolt transzform\u00e1torokkal;<\/li>\r\n  <li>A TSS vez\u00e9rl\u0151panel csatlakoztathat\u00f3 az olajkezel\u0151 berendez\u00e9sekhez (ideiglenesen vagy tart\u00f3san) vagy k\u00fcl\u00f6n\u00e1ll\u00f3 tart\u00f3ra szerelhet\u0151;<\/li>\r\n  <li>Opcion\u00e1lis GSM-modul lehet\u0151v\u00e9 teszi a t\u00e1voli vez\u00e9rl\u00e9st mobiltelefonr\u00f3l.<\/li>\r\n<\/ul>\r\n"},{"tab_title":"Alkalmaz\u00e1s","tab_content":"<ul>\r\n  <li style=\"text-align: justify;\">villamosenergia-h\u00e1l\u00f3zati eloszt\u00f3 transzform\u00e1torok;<\/li>\r\n  <li style=\"text-align: justify;\">er\u0151m\u0171vek f\u0151 transzform\u00e1torai;<\/li>\r\n  <li style=\"text-align: justify;\">elektromos vonatok meghajt\u00f3 transzform\u00e1torai;<\/li>\r\n  <li style=\"text-align: justify;\">b\u00e1ny\u00e1szati er\u0151\u00e1talak\u00edt\u00f3k;<\/li>\r\n  <li style=\"text-align: justify;\">tengeri transzform\u00e1torok;<\/li>\r\n  <li style=\"text-align: justify;\">elektromos s\u00fct\u0151 transzform\u00e1torok;<\/li>\r\n  <li style=\"text-align: justify;\">sz\u00e9lenergia er\u0151m\u0171vekben haszn\u00e1lt fesz\u00fclts\u00e9gemel\u0151 transzform\u00e1torok;<\/li>\r\n  <li style=\"text-align: justify;\">olaj- \u00e9s g\u00e1zipari transzform\u00e1torok, amelyeket az olaj- \u00e9s g\u00e1zipari termel\u0151komplexumokban haszn\u00e1lnak a rendk\u00edv\u00fcl nagy teljes\u00edtm\u00e9ny\u0171 berendez\u00e9sek m\u0171k\u00f6dtet\u00e9s\u00e9re;<\/li>\r\n  <li style=\"text-align: justify;\">rep\u00fcl\u0151tereken haszn\u00e1lt transzform\u00e1torok, amelyek a vil\u00e1g\u00edt\u00e1s, navig\u00e1ci\u00f3s rendszerek \u00e9s m\u00e1s kritikus berendez\u00e9sek m\u0171k\u00f6dtet\u00e9s\u00e9t szolg\u00e1lj\u00e1k;<\/li>\r\n  <li style=\"text-align: justify;\">mez\u0151gazdas\u00e1gi \u00f6nt\u00f6z\u0151rendszerekhez haszn\u00e1lt transzform\u00e1torok, amelyek a szivatty\u00fak \u00e9s egy\u00e9b berendez\u00e9sek m\u0171k\u00f6d\u00e9s\u00e9t biztos\u00edtj\u00e1k nagy k\u00fclt\u00e9ri ter\u00fcleteken;<\/li>\r\n  <li style=\"text-align: justify;\">orvosi int\u00e9zm\u00e9nyekben haszn\u00e1lt transzform\u00e1torok, amelyek a stabil \u00e1ramell\u00e1t\u00e1st ig\u00e9nyl\u0151 orvosi berendez\u00e9sek m\u0171k\u00f6dtet\u00e9s\u00e9re szolg\u00e1lnak;<\/li>\r\n  <li style=\"text-align: justify;\">vas\u00fati jelz\u0151- \u00e9s kommunik\u00e1ci\u00f3s rendszerekben haszn\u00e1lt transzform\u00e1torok, amelyek a biztons\u00e1gi \u00e9s kommunik\u00e1ci\u00f3s rendszerek m\u0171k\u00f6d\u00e9s\u00e9t biztos\u00edtj\u00e1k a vasutakon;<\/li>\r\n  <li style=\"text-align: justify;\">metr\u00f3s rendszerekben haszn\u00e1lt transzform\u00e1torok, amelyek az al\u00e1\u00e9p\u00edtett \u00e1ramell\u00e1t\u00e1st \u2013 bele\u00e9rtve a vil\u00e1g\u00edt\u00e1st, szell\u0151z\u0151 rendszereket \u00e9s a l\u00e9pcs\u0151emel\u0151ket \u2013 m\u0171k\u00f6dtetik;<\/li>\r\n  <li style=\"text-align: justify;\">kik\u00f6t\u0151i infrastrukt\u00far\u00e1ban haszn\u00e1lt transzform\u00e1torok, amelyek a tengeri daruk, dokkbet\u00f6lt\u0151k \u00e9s egy\u00e9b v\u00edzparti berendez\u00e9sek m\u0171k\u00f6dtet\u00e9s\u00e9t szolg\u00e1lj\u00e1k;<\/li>\r\n  <li style=\"text-align: justify;\">v\u00edzkezel\u0151 \u00fczemekhez haszn\u00e1lt transzform\u00e1torok, amelyek a szivatty\u00fak, oxig\u00e9nbevezet\u0151 rendszerek \u00e9s egy\u00e9b v\u00edzkezel\u0151 berendez\u00e9sek m\u0171k\u00f6dtet\u00e9s\u00e9t biztos\u00edtj\u00e1k;<\/li>\r\n  <li style=\"text-align: justify;\">vegipari transzform\u00e1torok, amelyek a k\u00fcl\u00f6nf\u00e9le vegyi anyagokat el\u0151\u00e1ll\u00edt\u00f3 \u00fczemek berendez\u00e9seit m\u0171k\u00f6dtetik;<\/li>\r\n  <li style=\"text-align: justify;\">b\u00e1ny\u00e1szati berendez\u00e9sek m\u0171k\u00f6dtet\u00e9s\u00e9re haszn\u00e1lt transzform\u00e1torok, k\u00fcl\u00f6n\u00f6sen olyan f\u00f6ld alatti k\u00f6rnyezetben, ahol megb\u00edzhat\u00f3 \u00e9s biztons\u00e1gos \u00e1ramell\u00e1t\u00e1s sz\u00fcks\u00e9ges;<\/li>\r\n  <li style=\"text-align: justify;\">nagy sportcsarnokok vil\u00e1g\u00edt\u00e1s\u00e1hoz haszn\u00e1lt transzform\u00e1torok, amelyek er\u0151teljes \u00e9s megb\u00edzhat\u00f3 f\u00e9nyt biztos\u00edtanak az \u00e9jszakai sportesem\u00e9nyekhez;<\/li>\r\n  <li style=\"text-align: justify;\">forgalomir\u00e1ny\u00edt\u00f3 rendszerek m\u0171k\u00f6dtet\u00e9s\u00e9re haszn\u00e1lt transzform\u00e1torok, bele\u00e9rtve a k\u00f6zleked\u00e9si l\u00e1mp\u00e1kat, inform\u00e1ci\u00f3s t\u00e1bl\u00e1kat \u00e9s a k\u00f6zleked\u00e9si infrastrukt\u00fara egy\u00e9b elemeit;<\/li>\r\n  <li style=\"text-align: justify;\">k\u00f3rh\u00e1zak \u00e9s egy\u00e9b orvosi int\u00e9zm\u00e9nyek \u00e1ramell\u00e1t\u00e1s\u00e1ra haszn\u00e1lt transzform\u00e1torok;<\/li>\r\n  <li style=\"text-align: justify;\">adatfeldolgoz\u00f3 k\u00f6zpontok (data center) m\u0171k\u00f6dtet\u00e9s\u00e9re haszn\u00e1lt transzform\u00e1torok;<\/li>\r\n  <li style=\"text-align: justify;\">katonai b\u00e1zisok \u00e9s nemzetbiztons\u00e1gi l\u00e9tes\u00edtm\u00e9nyek \u00e1ramell\u00e1t\u00e1s\u00e1ra haszn\u00e1lt transzform\u00e1torok;<\/li>\r\n  <li style=\"text-align: justify;\">v\u00e9szhelyzeti reag\u00e1l\u00f3rendszerek \u00e9s ment\u0151szolg\u00e1latok \u2013 bele\u00e9rtve a t\u0171zolt\u00f3 \u00e1llom\u00e1sokat, rend\u0151r\u0151rs\u00f6ket \u00e9s s\u00fcrg\u0151ss\u00e9gi orvosi szolg\u00e1latokat \u2013 \u00e1ramell\u00e1t\u00e1s\u00e1ra haszn\u00e1lt transzform\u00e1torok;<\/li>\r\n  <li style=\"text-align: justify;\">t\u00e1vk\u00f6zl\u00e9si tornyok \u00e9s k\u00f6zpontok \u00e1ramell\u00e1t\u00e1s\u00e1ra haszn\u00e1lt transzform\u00e1torok;<\/li>\r\n  <li style=\"text-align: justify;\">bankok \u00e9s p\u00e9nz\u00fcgyi int\u00e9zm\u00e9nyek \u00e1ramell\u00e1t\u00e1s\u00e1ra haszn\u00e1lt transzform\u00e1torok.<\/li>\r\n<\/ul>\r\n"},{"tab_title":"Konfigur\u00e1tor","tab_content":"https:\/\/www.youtube.com\/live\/7GjIDRRJ754"},{"tab_title":"Webin\u00e1riumok","tab_content":"[ezfc id='93' \/]"}],"add_video_tab":[{"video_tab_title":"Video","add_video_id":[{"video_id":"AZxQWecWNic"},{"video_id":"gDLwKlvJexM"},{"video_id":"s_wXr5kNejg"}]}],"add_gallery_tab":null,"add_price_tab":[{"price_tab_title":"Get a Quote"}]},"language":"hu","_links":{"self":[{"href":"https:\/\/globecore.dev\/hu\/wp-json\/wp\/v2\/pages\/301230","targetHints":{"allow":["GET"]}}],"collection":[{"href":"https:\/\/globecore.dev\/hu\/wp-json\/wp\/v2\/pages"}],"about":[{"href":"https:\/\/globecore.dev\/hu\/wp-json\/wp\/v2\/types\/page"}],"author":[{"embeddable":true,"href":"https:\/\/globecore.dev\/hu\/wp-json\/wp\/v2\/users\/7"}],"replies":[{"embeddable":true,"href":"https:\/\/globecore.dev\/hu\/wp-json\/wp\/v2\/comments?post=301230"}],"version-history":[{"count":0,"href":"https:\/\/globecore.dev\/hu\/wp-json\/wp\/v2\/pages\/301230\/revisions"}],"up":[{"embeddable":true,"href":"https:\/\/globecore.dev\/hu\/wp-json\/wp\/v2\/pages\/300177"}],"wp:featuredmedia":[{"embeddable":true,"href":"https:\/\/globecore.dev\/hu\/wp-json\/wp\/v2\/media\/301232"}],"wp:attachment":[{"href":"https:\/\/globecore.dev\/hu\/wp-json\/wp\/v2\/media?parent=301230"}],"wp:term":[{"taxonomy":"category","embeddable":true,"href":"https:\/\/globecore.dev\/hu\/wp-json\/wp\/v2\/categories?post=301230"}],"curies":[{"name":"wp","href":"https:\/\/api.w.org\/{rel}","templated":true}]}}