{"id":301228,"date":"2021-05-13T05:27:41","date_gmt":"2021-05-13T05:27:41","guid":{"rendered":"https:\/\/globecore.dev\/products\/transformer-maintenance\/uvd-vacuum-filling-unit\/"},"modified":"2025-02-25T18:41:42","modified_gmt":"2025-02-25T18:41:42","slug":"uvd-vacuum-filling-unit","status":"publish","type":"page","link":"https:\/\/globecore.dev\/hu\/products\/transformer-maintenance\/uvd-vacuum-filling-unit\/","title":{"rendered":"UVD v\u00e1kuum olajt\u00f6lt\u0151 egys\u00e9g"},"content":{"rendered":"","protected":false},"excerpt":{"rendered":"","protected":false},"author":59,"featured_media":299389,"parent":300177,"menu_order":0,"comment_status":"closed","ping_status":"closed","template":"templates\/single-product.php","meta":{"_acf_changed":false,"_bbp_topic_count":0,"_bbp_reply_count":0,"_bbp_total_topic_count":0,"_bbp_total_reply_count":0,"_bbp_voice_count":0,"_bbp_anonymous_reply_count":0,"_bbp_topic_count_hidden":0,"_bbp_reply_count_hidden":0,"_bbp_forum_subforum_count":0,"footnotes":""},"categories":[],"class_list":["post-301228","page","type-page","status-publish","has-post-thumbnail","hentry"],"acf":{"add_tab":[{"tab_title":"Le\u00edr\u00e1s","tab_content":"Az UVD v\u00e1kuumt\u00f6lt\u0151 egys\u00e9get transzform\u00e1torolaj el\u0151k\u00e9sz\u00edt\u00e9s\u00e9re (g\u00e1zmentes\u00edt\u00e9s), t\u00e1rol\u00e1s\u00e1ra, sz\u00e1ll\u00edt\u00e1s\u00e1ra \u00e9s transzform\u00e1torok \u00e9s kapcsol\u00f3k nagyfesz\u00fclts\u00e9g\u0171 ny\u00edl\u00e1saiba t\u00f6rt\u00e9n\u0151 adagol\u00e1s\u00e1ra tervezt\u00e9k; az egys\u00e9get er\u0151m\u0171vekben, al\u00e1llom\u00e1sokon \u00e9s m\u00e1s energetikai l\u00e9tes\u00edtm\u00e9nyekben t\u00f6rt\u00e9n\u0151 \u00fczemeltet\u00e9sre tervezt\u00e9k."}],"add_def_tab":[{"tab_title":"M\u0171szaki adatok","tab_content":"<table style=\"height: 705px;\" width=\"988\">\r\n  <tbody>\r\n    <tr>\r\n      <td width=\"228\"><strong>Param\u00e9ter<\/strong><\/td>\r\n      <td width=\"98\"><strong>\u00c9rt\u00e9k<\/strong><\/td>\r\n    <\/tr>\r\n    <tr>\r\n      <td width=\"228\">Elk\u00e9sz\u00edtett olaj mennyis\u00e9ge, liter\/gallon<\/td>\r\n      <td width=\"98\">30\/7.8<\/td>\r\n    <\/tr>\r\n    <tr>\r\n      <td width=\"228\">T\u00f6lt\u00e9si szakaszban l\u00e9v\u0151 olaj mennyis\u00e9ge, liter\/gallon<\/td>\r\n      <td width=\"98\">4\/1.06<\/td>\r\n    <\/tr>\r\n    <tr>\r\n      <td width=\"228\">Marad\u00e9k nyom\u00e1s a deg\u00e1zol\u00f3 szakaszban, Pa (mm Hg)<\/td>\r\n      <td width=\"98\">6.7 (5\u00d710\u207b\u00b2)<\/td>\r\n    <\/tr>\r\n    <tr>\r\n      <td width=\"228\">Olajell\u00e1t\u00e1si nyom\u00e1s, MPa (kg\/cm\u00b2)<\/td>\r\n      <td width=\"98\">Legfeljebb 0.4 (legfeljebb 4)<\/td>\r\n    <\/tr>\r\n    <tr>\r\n      <td width=\"228\">N\u00e9vleges teljes\u00edtm\u00e9ny, kW<\/td>\r\n      <td width=\"98\">0.25<\/td>\r\n    <\/tr>\r\n    <tr>\r\n      <td width=\"228\">50\/60 Hz t\u00e1pfesz\u00fclts\u00e9g, V (60Hz USA)<\/td>\r\n      <td width=\"98\">220<\/td>\r\n    <\/tr>\r\n    <tr>\r\n      <td colspan=\"2\" width=\"326\">M\u00e9retek, mm\/l\u00e1b:<\/td>\r\n    <\/tr>\r\n    <tr>\r\n      <td width=\"228\">\u2022 hossz \u2022 sz\u00e9less\u00e9g \u2022 magass\u00e1g<\/td>\r\n      <td width=\"98\">900\/2\u201911\u201d<br>\r\n      780\/2\u20197\u201d<br>\r\n      1500\/2\u20194\u201d<\/td>\r\n    <\/tr>\r\n    <tr>\r\n      <td width=\"228\">\u00dcres t\u00f6meg, kg\/lbs<\/td>\r\n      <td width=\"98\">80\/176.8<\/td>\r\n    <\/tr>\r\n  <\/tbody>\r\n<\/table>\r\n"},{"tab_title":"El\u0151ny\u00f6k","tab_content":"<ul>\r\n \t<li>sokoldal\u00fas\u00e1g (t\u00e1rolhat\u00f3, sz\u00e1ll\u00edthat\u00f3,<\/li>\r\n \t<li>g\u00e1zmentes\u00edthet\u0151 \u00e9s transzform\u00e1torolaj adhat\u00f3 hozz\u00e1);<\/li>\r\n \t<li>kompakt m\u00e9ret \u00e9s mobilit\u00e1s;<\/li>\r\n \t<li>egyszer\u0171 \u00fczemeltet\u00e9s \u00e9s szervizel\u00e9s.<\/li>\r\n<\/ul>"},{"tab_title":"Alkalmaz\u00e1s","tab_content":"[ezfc id='117' \/]"}],"add_video_tab":[{"video_tab_title":"VIDEO","add_video_id":[{"video_id":"I1BUfDXdpTA"},{"video_id":"I-KkxkyJ-jA"},{"video_id":"FMy-udWmHsU"}]}],"add_gallery_tab":null,"add_price_tab":[{"price_tab_title":"Get a Quote"}]},"language":"hu","_links":{"self":[{"href":"https:\/\/globecore.dev\/hu\/wp-json\/wp\/v2\/pages\/301228","targetHints":{"allow":["GET"]}}],"collection":[{"href":"https:\/\/globecore.dev\/hu\/wp-json\/wp\/v2\/pages"}],"about":[{"href":"https:\/\/globecore.dev\/hu\/wp-json\/wp\/v2\/types\/page"}],"author":[{"embeddable":true,"href":"https:\/\/globecore.dev\/hu\/wp-json\/wp\/v2\/users\/59"}],"replies":[{"embeddable":true,"href":"https:\/\/globecore.dev\/hu\/wp-json\/wp\/v2\/comments?post=301228"}],"version-history":[{"count":0,"href":"https:\/\/globecore.dev\/hu\/wp-json\/wp\/v2\/pages\/301228\/revisions"}],"up":[{"embeddable":true,"href":"https:\/\/globecore.dev\/hu\/wp-json\/wp\/v2\/pages\/300177"}],"wp:featuredmedia":[{"embeddable":true,"href":"https:\/\/globecore.dev\/hu\/wp-json\/wp\/v2\/media\/299389"}],"wp:attachment":[{"href":"https:\/\/globecore.dev\/hu\/wp-json\/wp\/v2\/media?parent=301228"}],"wp:term":[{"taxonomy":"category","embeddable":true,"href":"https:\/\/globecore.dev\/hu\/wp-json\/wp\/v2\/categories?post=301228"}],"curies":[{"name":"wp","href":"https:\/\/api.w.org\/{rel}","templated":true}]}}