{"id":301227,"date":"2023-12-06T08:07:32","date_gmt":"2023-12-06T08:07:32","guid":{"rendered":"https:\/\/globecore.dev\/products\/transformer-maintenance\/transformer-evacuation-unit-bv-5000\/"},"modified":"2025-02-25T18:45:25","modified_gmt":"2025-02-25T18:45:25","slug":"transformer-evacuation-unit-bv-5000","status":"publish","type":"page","link":"https:\/\/globecore.dev\/hu\/products\/transformer-maintenance\/transformer-evacuation-unit-bv-5000\/","title":{"rendered":"BV-5000 transzform\u00e1tor evaku\u00e1l\u00f3 egys\u00e9g (kapacit\u00e1s 5000 m\u00b3\/\u00f3ra)"},"content":{"rendered":"","protected":false},"excerpt":{"rendered":"","protected":false},"author":7,"featured_media":301229,"parent":300177,"menu_order":0,"comment_status":"closed","ping_status":"closed","template":"templates\/single-product.php","meta":{"_acf_changed":false,"_bbp_topic_count":0,"_bbp_reply_count":0,"_bbp_total_topic_count":0,"_bbp_total_reply_count":0,"_bbp_voice_count":0,"_bbp_anonymous_reply_count":0,"_bbp_topic_count_hidden":0,"_bbp_reply_count_hidden":0,"_bbp_forum_subforum_count":0,"footnotes":""},"categories":[],"class_list":["post-301227","page","type-page","status-publish","has-post-thumbnail","hentry"],"acf":{"add_tab":[{"tab_title":"Le\u00edr\u00e1s","tab_content":"A BV-5000 transzform\u00e1tor evaku\u00e1l\u00f3 egys\u00e9get a transzform\u00e1tor tart\u00e1ly evaku\u00e1l\u00e1s\u00e1hoz sz\u00fcks\u00e9ges v\u00e1kuumt\u00f6meg el\u0151\u00e1ll\u00edt\u00e1s\u00e1ra tervezt\u00e9k. Az egys\u00e9get 1150 kV fesz\u00fclts\u00e9gig terjed\u0151 olajjal t\u00f6lt\u00f6tt berendez\u00e9sek (teljes\u00edtm\u00e9nytranszform\u00e1torok, nagyfesz\u00fclts\u00e9g\u0171 kapcsol\u00f3k stb.) \u00f6sszeszerel\u00e9sekor, szervizel\u00e9sekor \u00e9s kiakn\u00e1z\u00e1sakor haszn\u00e1lja. Az egys\u00e9g haszn\u00e1lhat\u00f3 transzform\u00e1torok evaku\u00e1l\u00e1s\u00e1ra \u00e9s transzform\u00e1torok kisz\u00e1r\u00edt\u00e1s\u00e1ra. Az egys\u00e9get a transzform\u00e1torolaj kezel\u00e9s\u00e9vel \u00e9s transzform\u00e1torok szervizel\u00e9s\u00e9vel foglalkoz\u00f3 telep\u00edt\u0151, jav\u00edt\u00f3 \u00e9s karbantart\u00f3 v\u00e1llalatokn\u00e1l lehet haszn\u00e1lni.\r\n\r\nA k\u00e9sz\u00fcl\u00e9k nem alkalmas robban\u00e1svesz\u00e9lyes vagy m\u00e9rgez\u0151 k\u00f6rnyezetben, valamint a ken\u0151anyagokkal szemben reakt\u00edv k\u00f6rnyezetben t\u00f6rt\u00e9n\u0151 \u00fczemeltet\u00e9sre.\r\n\r\nHa a k\u00e9sz\u00fcl\u00e9ket belt\u00e9rben \u00fczemelteti, szereljen fel egy g\u00e1zelsz\u00edv\u00f3 vezet\u00e9ket a g\u00e1zok l\u00e9gt\u00e9rbe t\u00f6rt\u00e9n\u0151 elvezet\u00e9s\u00e9re."}],"add_def_tab":[{"tab_title":"M\u0171szaki adatok","tab_content":"<table width=\"454\">\r\n<tbody>\r\n<tr>\r\n<td width=\"31\"><strong>\u2116<\/strong><\/td>\r\n<td style=\"text-align: center;\" width=\"302\"><strong>Param\u00e9ter<\/strong><\/td>\r\n<td style=\"text-align: center;\" width=\"114\"><strong>\u00c9rt\u00e9k<\/strong><\/td>\r\n<\/tr>\r\n<tr>\r\n<td width=\"31\">1<\/td>\r\n<td width=\"302\">Geometriai szivatty\u00fas sebess\u00e9g, m<sup>3<\/sup>\/\u00f3ra<\/td>\r\n<td style=\"text-align: center;\" width=\"114\">5000<\/td>\r\n<\/tr>\r\n<tr>\r\n<td width=\"31\">2<\/td>\r\n<td width=\"302\">M\u0171k\u00f6d\u00e9si v\u00e1kuum, mbar<\/td>\r\n<td style=\"text-align: center;\" width=\"114\">&lt;1<\/td>\r\n<\/tr>\r\n<tr>\r\n<td width=\"31\">3<\/td>\r\n<td width=\"302\">H\u0171t\u00e9si m\u00f3dszer<\/td>\r\n<td style=\"text-align: center;\" width=\"114\">Leveg\u0151<\/td>\r\n<\/tr>\r\n<tr>\r\n<td width=\"31\">4<\/td>\r\n<td width=\"302\">Maxim\u00e1lis teljes\u00edtm\u00e9ny-fogyaszt\u00e1s, kW<\/td>\r\n<td style=\"text-align: center;\" width=\"114\">32<\/td>\r\n<\/tr>\r\n<tr>\r\n<td width=\"31\">5<\/td>\r\n<td width=\"302\">Csatlakoz\u00e1s, bemenet\/kimenet<\/td>\r\n<td style=\"text-align: center;\" width=\"114\">Dn200\/Dn65<\/td>\r\n<\/tr>\r\n<tr>\r\n<td width=\"31\">6<\/td>\r\n<td width=\"302\">M\u00e9retek, mm, legfeljebb:<\/td>\r\n<td width=\"114\"><\/td>\r\n<\/tr>\r\n<tr>\r\n<td width=\"31\">7<\/td>\r\n<td width=\"302\">- hossz, mm<\/td>\r\n<td style=\"text-align: center;\" width=\"114\">2350<\/td>\r\n<\/tr>\r\n<tr>\r\n<td width=\"31\">8<\/td>\r\n<td width=\"302\">- sz\u00e9less\u00e9g, mm<\/td>\r\n<td style=\"text-align: center;\" width=\"114\">1440<\/td>\r\n<\/tr>\r\n<tr>\r\n<td width=\"31\">9<\/td>\r\n<td width=\"302\">- magass\u00e1g csavarokkal\/n\u00e9lk\u00fcl, mm<\/td>\r\n<td style=\"text-align: center;\" width=\"114\">1650\/1520<\/td>\r\n<\/tr>\r\n<tr>\r\n<td width=\"31\">10<\/td>\r\n<td width=\"302\">T\u00f6meg, kg, legfeljebb<\/td>\r\n<td style=\"text-align: center;\" width=\"114\">2200<\/td>\r\n<\/tr>\r\n<\/tbody>\r\n<\/table>"},{"tab_title":"El\u0151ny\u00f6k","tab_content":"<ul>\r\n \t<li style=\"text-align: justify;\">Gyors leveg\u0151, g\u0151z, nem agressz\u00edv g\u00e1zok, valamint g\u0151z-g\u00e1z kever\u00e9kek elt\u00e1vol\u00edt\u00e1sa turb\u00f3 seg\u00edts\u00e9g\u00e9vel;<\/li>\r\n \t<li style=\"text-align: justify;\">Az egys\u00e9gek haszn\u00e1lhat\u00f3k olajt\u00f6ltet\u0171 transzform\u00e1torok \u00e9s ak\u00e1r 1150 kV fesz\u00fclts\u00e9g\u0171 nagyfesz\u00fclts\u00e9g\u0171 kapcsol\u00f3k karbantart\u00e1s\u00e1ra \u00e9s \u00fczemeltet\u00e9s\u00e9re;<\/li>\r\n \t<li style=\"text-align: justify;\">Magas szint\u0171 ki\u00fcr\u00edt\u00e9s.<\/li>\r\n<\/ul>"},{"tab_title":"Alkalmaz\u00e1s","tab_content":"A BV GlobeCore egys\u00e9g haszn\u00e1lhat\u00f3:\r\n\r\nvillamosenergia-h\u00e1l\u00f3zati eloszt\u00f3 transzform\u00e1torok ki\u00fcr\u00edt\u00e9se;\r\nvillamosenergia-er\u0151m\u0171vek transzform\u00e1torainak evaku\u00e1l\u00e1sa;\r\nvillamos vonatok vontat\u00e1si transzform\u00e1torainak evaku\u00e1l\u00e1sa;\r\nb\u00e1ny\u00e1szati teljes\u00edtm\u00e9nytranszform\u00e1torok evaku\u00e1l\u00e1sa;\r\ntengeri transzform\u00e1torok evaku\u00e1l\u00e1sa;\r\nelektromos s\u00fct\u0151transzform\u00e1torok evaku\u00e1l\u00e1sa;\r\nsz\u00e9ler\u0151m\u0171vek felhajt\u00f3 transzform\u00e1torainak evaku\u00e1l\u00e1sa;\r\nolaj- \u00e9s g\u00e1zipari transzform\u00e1torok evaku\u00e1l\u00e1sa, amelyeket olaj- \u00e9s g\u00e1zkitermel\u0151 komplexumokban haszn\u00e1lnak az extra neh\u00e9z berendez\u00e9sek energiaell\u00e1t\u00e1s\u00e1ra;\r\nrep\u00fcl\u0151tereken a vil\u00e1g\u00edt\u00e1s, a navig\u00e1ci\u00f3s rendszerek \u00e9s m\u00e1s kritikus berendez\u00e9sek t\u00e1pl\u00e1l\u00e1s\u00e1ra haszn\u00e1lt transzform\u00e1torok evaku\u00e1l\u00e1sa;\r\na mez\u0151gazdas\u00e1gi \u00e1gazatban haszn\u00e1lt \u00f6nt\u00f6z\u0151rendszerek transzform\u00e1torainak evaku\u00e1l\u00e1sa a szivatty\u00fak \u00e9s egy\u00e9b berendez\u00e9sek \u00e1ramell\u00e1t\u00e1s\u00e1ra a nagy szabadt\u00e9ri ter\u00fcleteken;\r\naz eg\u00e9szs\u00e9g\u00fcgyi int\u00e9zm\u00e9nyekben haszn\u00e1lt transzform\u00e1torok evaku\u00e1l\u00e1sa a stabil \u00e1ramell\u00e1t\u00e1st ig\u00e9nyl\u0151 orvosi berendez\u00e9sek m\u0171k\u00f6dtet\u00e9s\u00e9hez;\r\na vas\u00fati jelz\u0151- \u00e9s kommunik\u00e1ci\u00f3s rendszerekben haszn\u00e1lt transzform\u00e1torok evaku\u00e1l\u00e1sa a vas\u00fati biztons\u00e1gi \u00e9s kommunik\u00e1ci\u00f3s rendszerek \u00e1ramell\u00e1t\u00e1s\u00e1ra;\r\na metr\u00f3ban haszn\u00e1lt transzform\u00e1torok ki\u00fcr\u00edt\u00e9se a f\u00f6ldalatti \u00e1ramell\u00e1t\u00f3 rendszerek, bele\u00e9rtve a vil\u00e1g\u00edt\u00e1st, a szell\u0151ztet\u0151 rendszereket \u00e9s a mozg\u00f3l\u00e9pcs\u0151hajt\u00e1sokat is;\r\na tengeri kik\u00f6t\u0151i infrastrukt\u00fara transzform\u00e1torainak evaku\u00e1l\u00e1sa, amelyeket a tengeri daruk, dokkrakod\u00f3k \u00e9s egy\u00e9b v\u00edzparti berendez\u00e9sek m\u0171k\u00f6dtet\u00e9s\u00e9re haszn\u00e1lnak;\r\na v\u00edzkezel\u0151 \u00fczemek transzform\u00e1torainak ki\u00fcr\u00edt\u00e9se, amelyek a szivatty\u00fakat, a leveg\u0151ztet\u0151 rendszereket \u00e9s a v\u00edzkezel\u00e9shez haszn\u00e1lt egy\u00e9b berendez\u00e9seket t\u00e1pl\u00e1lj\u00e1k;\r\na vegyiparban haszn\u00e1lt transzform\u00e1torok ki\u00fcr\u00edt\u00e9se, amelyek a k\u00fcl\u00f6nb\u00f6z\u0151 vegyi anyagokat \u00e9s anyagokat el\u0151\u00e1ll\u00edt\u00f3 vegyi \u00fczemek berendez\u00e9seit l\u00e1tj\u00e1k el energi\u00e1val;\r\na b\u00e1ny\u00e1szati berendez\u00e9sek \u00e1ramell\u00e1t\u00e1s\u00e1ra haszn\u00e1lt transzform\u00e1torok evaku\u00e1l\u00e1sa, k\u00fcl\u00f6n\u00f6sen a f\u00f6ld alatti k\u00f6rnyezetben, ahol fontos a megb\u00edzhat\u00f3 \u00e9s biztons\u00e1gos \u00e1ramell\u00e1t\u00e1s;\r\nnagy sportcsarnokok vil\u00e1g\u00edt\u00e1s\u00e1hoz haszn\u00e1lt transzform\u00e1torok evaku\u00e1l\u00e1sa, amelyek er\u0151s \u00e9s megb\u00edzhat\u00f3 vil\u00e1g\u00edt\u00e1st biztos\u00edtanak az \u00e9jszakai sportesem\u00e9nyekhez;\r\na forgalomir\u00e1ny\u00edt\u00f3 rendszerek - bele\u00e9rtve a k\u00f6zleked\u00e9si l\u00e1mp\u00e1kat, az inform\u00e1ci\u00f3s t\u00e1bl\u00e1kat \u00e9s a k\u00f6zleked\u00e9si infrastrukt\u00fara egy\u00e9b elemeit - \u00e1ramell\u00e1t\u00e1s\u00e1ra haszn\u00e1lt transzform\u00e1torok evaku\u00e1l\u00e1sa;\r\na k\u00f3rh\u00e1zak \u00e9s m\u00e1s eg\u00e9szs\u00e9g\u00fcgyi int\u00e9zm\u00e9nyek \u00e1ramell\u00e1t\u00e1s\u00e1hoz haszn\u00e1lt transzform\u00e1torok evaku\u00e1l\u00e1sa;\r\naz adatfeldolgoz\u00f3 k\u00f6zpontok (adatk\u00f6zpontok) \u00e1ramell\u00e1t\u00e1s\u00e1ra haszn\u00e1lt transzform\u00e1torok ki\u00fcr\u00edt\u00e9se;\r\na katonai b\u00e1zisok \u00e9s nemzetbiztons\u00e1gi l\u00e9tes\u00edtm\u00e9nyek \u00e1ramell\u00e1t\u00e1s\u00e1ra haszn\u00e1lt transzform\u00e1torok evaku\u00e1l\u00e1sa;\r\na v\u00e9szhelyzeti v\u00e1laszrendszerek \u00e9s ment\u0151szolg\u00e1latok, bele\u00e9rtve a t\u0171zolt\u00f3\u00e1llom\u00e1sokat, rend\u0151r\u00e1llom\u00e1sokat \u00e9s a s\u00fcrg\u0151ss\u00e9gi orvosi szolg\u00e1latokat, energiaell\u00e1t\u00e1s\u00e1ra haszn\u00e1lt transzform\u00e1torok evaku\u00e1l\u00e1sa;\r\na t\u00e1vk\u00f6zl\u00e9si tornyok \u00e9s k\u00f6zpontok \u00e1ramell\u00e1t\u00e1s\u00e1ra haszn\u00e1lt transzform\u00e1torok evaku\u00e1l\u00e1sa;\r\nbankok \u00e9s p\u00e9nzint\u00e9zetek \u00e1ramell\u00e1t\u00e1s\u00e1ra haszn\u00e1lt transzform\u00e1torok evaku\u00e1l\u00e1sa."},{"tab_title":"Konfigur\u00e1tor","tab_content":"[ezfc id='45' \/]"},{"tab_title":"Webin\u00e1riumok","tab_content":"https:\/\/www.youtube.com\/live\/7GjIDRRJ754"}],"add_video_tab":[{"video_tab_title":"Video","add_video_id":[{"video_id":"drH4OWqU8Fg"},{"video_id":"oA-usk4sn3U"}]}],"add_gallery_tab":null,"add_price_tab":null},"language":"hu","_links":{"self":[{"href":"https:\/\/globecore.dev\/hu\/wp-json\/wp\/v2\/pages\/301227","targetHints":{"allow":["GET"]}}],"collection":[{"href":"https:\/\/globecore.dev\/hu\/wp-json\/wp\/v2\/pages"}],"about":[{"href":"https:\/\/globecore.dev\/hu\/wp-json\/wp\/v2\/types\/page"}],"author":[{"embeddable":true,"href":"https:\/\/globecore.dev\/hu\/wp-json\/wp\/v2\/users\/7"}],"replies":[{"embeddable":true,"href":"https:\/\/globecore.dev\/hu\/wp-json\/wp\/v2\/comments?post=301227"}],"version-history":[{"count":0,"href":"https:\/\/globecore.dev\/hu\/wp-json\/wp\/v2\/pages\/301227\/revisions"}],"up":[{"embeddable":true,"href":"https:\/\/globecore.dev\/hu\/wp-json\/wp\/v2\/pages\/300177"}],"wp:featuredmedia":[{"embeddable":true,"href":"https:\/\/globecore.dev\/hu\/wp-json\/wp\/v2\/media\/301229"}],"wp:attachment":[{"href":"https:\/\/globecore.dev\/hu\/wp-json\/wp\/v2\/media?parent=301227"}],"wp:term":[{"taxonomy":"category","embeddable":true,"href":"https:\/\/globecore.dev\/hu\/wp-json\/wp\/v2\/categories?post=301227"}],"curies":[{"name":"wp","href":"https:\/\/api.w.org\/{rel}","templated":true}]}}