{"id":300221,"date":"2021-05-13T05:16:33","date_gmt":"2021-05-13T05:16:33","guid":{"rendered":"https:\/\/globecore.dev\/products\/transformer-maintenance\/oil-filling-and-transportation-unit-udm\/"},"modified":"2025-02-25T18:37:27","modified_gmt":"2025-02-25T18:37:27","slug":"oil-filling-and-transportation-unit-udm","status":"publish","type":"page","link":"https:\/\/globecore.dev\/hu\/products\/transformer-maintenance\/oil-filling-and-transportation-unit-udm\/","title":{"rendered":"UVD-1000 olajt\u00f6lt\u0151 \u00e9s -sz\u00e1ll\u00edt\u00f3 rendszer"},"content":{"rendered":"","protected":false},"excerpt":{"rendered":"","protected":false},"author":59,"featured_media":299002,"parent":300177,"menu_order":0,"comment_status":"closed","ping_status":"closed","template":"templates\/single-product.php","meta":{"_acf_changed":false,"_bbp_topic_count":0,"_bbp_reply_count":0,"_bbp_total_topic_count":0,"_bbp_total_reply_count":0,"_bbp_voice_count":0,"_bbp_anonymous_reply_count":0,"_bbp_topic_count_hidden":0,"_bbp_reply_count_hidden":0,"_bbp_forum_subforum_count":0,"footnotes":""},"categories":[],"class_list":["post-300221","page","type-page","status-publish","has-post-thumbnail","hentry"],"acf":{"add_tab":[{"tab_title":"Le\u00edr\u00e1s","tab_content":"Az UVD-1000 egys\u00e9get transzform\u00e1torok2 dielektromos szigetel\u0151olajjal3 t\u00f6rt\u00e9n\u0151 szivatty\u00faz\u00e1s\u00e1ra, t\u00e1rol\u00e1s\u00e1ra, sz\u00e1ll\u00edt\u00e1s\u00e1ra \u00e9s olajt\u00f6lt\u00e9s\u00e9re1 tervezt\u00e9k. Az egys\u00e9ghez k\u00e9zi vagy elektromos meghajt\u00e1s\u00fa szivatty\u00fak tartoznak."}],"add_def_tab":[{"tab_title":"M\u0171szaki adatok","tab_content":"<table>\r\n<tbody>\r\n<tr>\r\n<td width=\"247\"><strong>Param\u00e9ter<\/strong><\/td>\r\n<td width=\"80\"><strong>\u00c9rt\u00e9k<\/strong><\/td>\r\n<\/tr>\r\n<tr>\r\n<td width=\"247\">Tart\u00e1ly t\u00e9rfogata, liter\/gallon<\/td>\r\n<td width=\"80\">1000\/264.2<\/td>\r\n<\/tr>\r\n<tr>\r\n<td width=\"247\">Bemeneti szivatty\u00fa kapacit\u00e1sa, m3\/gallon\/\u00f3ra<\/td>\r\n<td width=\"80\">1.7\/450<\/td>\r\n<\/tr>\r\n<tr>\r\n<td width=\"247\">K\u00e9zi kimeneti szivatty\u00fa maxim\u00e1lis kapacit\u00e1sa, liter\/gallon\/perc, max<\/td>\r\n<td width=\"80\">30\/7.8<\/td>\r\n<\/tr>\r\n<tr>\r\n<td width=\"247\">N\u00e9vleges teljes\u00edtm\u00e9ny, kW<\/td>\r\n<td width=\"80\">2.2<\/td>\r\n<\/tr>\r\n<tr>\r\n<td width=\"247\">Elektromos t\u00e1pell\u00e1t\u00e1si param\u00e9terek<\/td>\r\n<td width=\"80\">teljesen testreszabhat\u00f3<\/td>\r\n<\/tr>\r\n<tr>\r\n<td width=\"327\">M\u00e9retek, mm\/l\u00e1b, max<\/td>\r\n<td width=\"327\"><\/td>\r\n<\/tr>\r\n<tr>\r\n<td width=\"247\">\u2022 Hossz \u2022 Sz\u00e9less\u00e9g \u2022 Magass\u00e1g<\/td>\r\n<td width=\"80\">3575\/141\u201d\r\n1805\/71.1\u201d\r\n1705\/67.1\u201d<\/td>\r\n<\/tr>\r\n<tr>\r\n<td width=\"247\">S\u00faly, kg\/lbs, max<\/td>\r\n<td width=\"80\">850\/1,878.5<\/td>\r\n<\/tr>\r\n<\/tbody>\r\n<\/table>"},{"tab_title":"El\u0151ny\u00f6k","tab_content":"<ul>\r\n \t<li>sokoldal\u00fas\u00e1g (transzform\u00e1torolaj<\/li>\r\n \t<li>szivatty\u00faz\u00e1sa, t\u00e1rol\u00e1sa, sz\u00e1ll\u00edt\u00e1sa \u00e9s<\/li>\r\n \t<li>hozz\u00e1ad\u00e1sa);<\/li>\r\n \t<li>mobilit\u00e1s;<\/li>\r\n \t<li>egyszer\u0171 \u00fczemeltet\u00e9s \u00e9s szervizel\u00e9s.<\/li>\r\n<\/ul>"},{"tab_title":"Alkalmaz\u00e1s","tab_content":"<ul>\r\n \t<li>hidraulikus folyad\u00e9k felt\u00f6lt\u00e9se j\u00e1rm\u0171emel\u0151kben \u00e9s egy\u00e9b mechanizmusokban;<\/li>\r\n \t<li>hidraulikus folyad\u00e9k felt\u00f6lt\u00e9se rep\u00fcl\u0151g\u00e9pekben;<\/li>\r\n \t<li>hidraulikus folyad\u00e9k felt\u00f6lt\u00e9se ipari pr\u00e9sg\u00e9pekben \u00e9s egy\u00e9b mechanizmusokban;<\/li>\r\n \t<li>ken\u0151olaj felt\u00f6lt\u00e9se nagy m\u00e9ret\u0171 mechanizmusokban \u00e9s rendszerekben;<\/li>\r\n \t<li>ken\u0151olaj felt\u00f6lt\u00e9se sz\u00e9lturbin\u00e1k mechanizmusain\u00e1l;<\/li>\r\n \t<li>olaj felt\u00f6lt\u00e9se \u00e1ramgener\u00e1torokban \u00e9s egy\u00e9b mechanizmusokban;<\/li>\r\n \t<li>folyad\u00e9kok felt\u00f6lt\u00e9se orvosi szivatty\u00fakban \u00e9s egy\u00e9b k\u00e9sz\u00fcl\u00e9kekben;<\/li>\r\n \t<li>folyad\u00e9kok felt\u00f6lt\u00e9se k\u00e9miai reaktorokban;<\/li>\r\n \t<li>folyad\u00e9kok felt\u00f6lt\u00e9se k\u00e9miai anyagok sz\u00e1ll\u00edt\u00e1s\u00e1ra szolg\u00e1l\u00f3 szivatty\u00fas rendszerekben;<\/li>\r\n \t<li>folyad\u00e9kok felt\u00f6lt\u00e9se prec\u00edzi\u00f3s \u00f6nt\u00f6z\u0151rendszerekben;<\/li>\r\n \t<li>hidraulikus folyad\u00e9k felt\u00f6lt\u00e9se traktorokban \u00e9s egy\u00e9b g\u00e9pekben;<\/li>\r\n \t<li>ken\u0151olaj felt\u00f6lt\u00e9se szivatty\u00fas rendszerekben;<\/li>\r\n \t<li>hidraulikus folyad\u00e9k felt\u00f6lt\u00e9se \u00e9p\u00edt\u0151ipari g\u00e9pekben;<\/li>\r\n \t<li>ken\u0151olaj \u00e9s egy\u00e9b folyad\u00e9k felt\u00f6lt\u00e9se tengeri motorokban;<\/li>\r\n \t<li>hidraulikus folyad\u00e9k felt\u00f6lt\u00e9se tengeri hidraulikus rendszerekben;<\/li>\r\n \t<li>ken\u0151anyag felt\u00f6lt\u00e9se mozdonyokban;<\/li>\r\n \t<li>f\u00e9krendszer folyad\u00e9k felt\u00f6lt\u00e9se kocsik f\u00e9krendszereiben;<\/li>\r\n \t<li>hidraulikus folyad\u00e9k felt\u00f6lt\u00e9se t\u0171zolt\u00f3 j\u00e1rm\u0171vek rendszereiben;<\/li>\r\n \t<li>v\u00edz \u00e9s egy\u00e9b folyad\u00e9k felt\u00f6lt\u00e9se t\u0171zolt\u00f3 szivatty\u00fakban;<\/li>\r\n \t<li>folyad\u00e9kok felt\u00f6lt\u00e9se \u00e9lelmiszer-feldolgoz\u00f3 \u00e9s csomagol\u00f3 rendszerekben;<\/li>\r\n \t<li>folyad\u00e9kok felt\u00f6lt\u00e9se erjed\u00e9si reaktorokban;<\/li>\r\n \t<li>folyad\u00e9kok felt\u00f6lt\u00e9se gy\u00f3gyszergy\u00e1rt\u00f3 berendez\u00e9sekben;<\/li>\r\n \t<li>h\u0171t\u0151k\u00f6zeg felt\u00f6lt\u00e9se elektronikai berendez\u00e9sek h\u0171t\u0151rendszereiben;<\/li>\r\n \t<li>folyad\u00e9kok felt\u00f6lt\u00e9se v\u00e1kuumrendszerekbe, melyeket az elektronikai gy\u00e1rt\u00e1sban haszn\u00e1lnak;<\/li>\r\n \t<li>hidraulikus folyad\u00e9k felt\u00f6lt\u00e9se \u00f6nt\u0151g\u00e9pekben;<\/li>\r\n \t<li>ken\u0151olaj felt\u00f6lt\u00e9se nyomdag\u00e9pekben;<\/li>\r\n \t<li>v\u00e1g\u00e1si folyad\u00e9k felt\u00f6lt\u00e9se metallurgiai berendez\u00e9sek h\u0171t\u0151rendszereiben;<\/li>\r\n \t<li>hidraulikus folyad\u00e9k felt\u00f6lt\u00e9se metallurgiai ipari pr\u00e9sg\u00e9pekben;<\/li>\r\n \t<li>fest\u00e9si oldatok felt\u00f6lt\u00e9se fest\u0151g\u00e9pekben;<\/li>\r\n \t<li>folyad\u00e9kok felt\u00f6lt\u00e9se textilfeldolgoz\u00f3 rendszerekben;<\/li>\r\n \t<li>hidraulikus folyad\u00e9k felt\u00f6lt\u00e9se \u0171rhaj\u00f3k hidraulikus rendszereiben;<\/li>\r\n \t<li>folyad\u00e9kok felt\u00f6lt\u00e9se robotg\u00e9pek hidraulikus rendszereiben;<\/li>\r\n \t<li>v\u00edz \u00e9s egy\u00e9b folyad\u00e9k felt\u00f6lt\u00e9se nedves\u00edt\u0151 rendszerekben pap\u00edrgy\u00e1rakban;<\/li>\r\n \t<li>h\u0171t\u0151k\u00f6zeg felt\u00f6lt\u00e9se t\u00e1vk\u00f6zl\u00e9si berendez\u00e9sek h\u0171t\u0151rendszereiben;<\/li>\r\n \t<li>ken\u0151anyag felt\u00f6lt\u00e9se v\u00edzell\u00e1t\u00f3 \u00e9s szennyv\u00edzkezel\u0151 rendszerek szivatty\u00faiban;<\/li>\r\n \t<li>ken\u0151olaj \u00e9s egy\u00e9b folyad\u00e9k felt\u00f6lt\u00e9se pneumatikus rendszerekben;<\/li>\r\n \t<li>ken\u0151olaj felt\u00f6lt\u00e9se faipari g\u00e9pekben \u00e9s egy\u00e9b mechanizmusokban;<\/li>\r\n \t<li>hidraulikus folyad\u00e9k felt\u00f6lt\u00e9se b\u00e1ny\u00e1szati berendez\u00e9sekben, p\u00e9ld\u00e1ul markol\u00f3kban \u00e9s f\u00far\u00f3g\u00e9pekn\u00e9l;<\/li>\r\n \t<li>h\u0171t\u0151k\u00f6zeg felt\u00f6lt\u00e9se \u00fcvegolvaszt\u00f3 kemenc\u00e9k h\u0171t\u0151rendszereiben;<\/li>\r\n \t<li>ken\u0151olaj felt\u00f6lt\u00e9se cement\u0151r\u00f6l\u0151 malmokban \u00e9s egy\u00e9b berendez\u00e9sekn\u00e9l;<\/li>\r\n \t<li>hidraulikus folyad\u00e9k felt\u00f6lt\u00e9se tengeri hidraulikus vez\u00e9rl\u0151rendszerekben;<\/li>\r\n \t<li>h\u0171t\u0151k\u00f6zeg felt\u00f6lt\u00e9se j\u00e9ggel k\u00e9sz\u00edt\u0151 rendszerekben j\u00e9gkorong p\u00e1ly\u00e1kon;<\/li>\r\n \t<li>h\u0171t\u0151k\u00f6zeg felt\u00f6lt\u00e9se atomer\u0151m\u0171vek h\u0171t\u0151rendszereiben;<\/li>\r\n \t<li>h\u0171t\u0151k\u00f6zeg felt\u00f6lt\u00e9se napelemek h\u0171t\u0151rendszereiben;<\/li>\r\n \t<li>hidraulikus folyad\u00e9k felt\u00f6lt\u00e9se csavaros meghajt\u00e1s\u00fa g\u00e9pekben \u00e9s egy\u00e9b r\u00f6gz\u00edt\u0151rendszerekben;<\/li>\r\n \t<li>ken\u0151anyag felt\u00f6lt\u00e9se er\u0151m\u0171vek turbin\u00e1iban;<\/li>\r\n \t<li>ken\u0151olaj felt\u00f6lt\u00e9se extruderekben \u00e9s egy\u00e9b m\u0171anyaggy\u00e1rt\u00f3 berendez\u00e9sekn\u00e9l;<\/li>\r\n \t<li>ken\u0151olaj felt\u00f6lt\u00e9se gumi kem\u00e9ny\u00edt\u0151 pr\u00e9sg\u00e9pekben;<\/li>\r\n \t<li>ken\u0151olaj felt\u00f6lt\u00e9se kov\u00e1csol\u00f3 kalap\u00e1csokban \u00e9s pr\u00e9sg\u00e9pekben.<\/li>\r\n<\/ul>"},{"tab_title":"Konfigur\u00e1tor","tab_content":"[ezfc id='118' \/]"}],"add_video_tab":[{"video_tab_title":"Vide\u00f3","add_video_id":[{"video_id":"FMy-udWmHsU"},{"video_id":"I-KkxkyJ-jA"},{"video_id":"I1BUfDXdpTA"}]}],"add_gallery_tab":null,"add_price_tab":[{"price_tab_title":"Get a Quote"}]},"language":"hu","_links":{"self":[{"href":"https:\/\/globecore.dev\/hu\/wp-json\/wp\/v2\/pages\/300221","targetHints":{"allow":["GET"]}}],"collection":[{"href":"https:\/\/globecore.dev\/hu\/wp-json\/wp\/v2\/pages"}],"about":[{"href":"https:\/\/globecore.dev\/hu\/wp-json\/wp\/v2\/types\/page"}],"author":[{"embeddable":true,"href":"https:\/\/globecore.dev\/hu\/wp-json\/wp\/v2\/users\/59"}],"replies":[{"embeddable":true,"href":"https:\/\/globecore.dev\/hu\/wp-json\/wp\/v2\/comments?post=300221"}],"version-history":[{"count":0,"href":"https:\/\/globecore.dev\/hu\/wp-json\/wp\/v2\/pages\/300221\/revisions"}],"up":[{"embeddable":true,"href":"https:\/\/globecore.dev\/hu\/wp-json\/wp\/v2\/pages\/300177"}],"wp:featuredmedia":[{"embeddable":true,"href":"https:\/\/globecore.dev\/hu\/wp-json\/wp\/v2\/media\/299002"}],"wp:attachment":[{"href":"https:\/\/globecore.dev\/hu\/wp-json\/wp\/v2\/media?parent=300221"}],"wp:term":[{"taxonomy":"category","embeddable":true,"href":"https:\/\/globecore.dev\/hu\/wp-json\/wp\/v2\/categories?post=300221"}],"curies":[{"name":"wp","href":"https:\/\/api.w.org\/{rel}","templated":true}]}}