{"id":300193,"date":"2021-05-24T06:35:19","date_gmt":"2021-05-24T06:35:19","guid":{"rendered":"https:\/\/globecore.dev\/products\/transformer-maintenance\/transformer-evacuation-systems-bv\/"},"modified":"2025-02-25T18:47:14","modified_gmt":"2025-02-25T18:47:14","slug":"transformer-evacuation-systems-bv","status":"publish","type":"page","link":"https:\/\/globecore.dev\/hu\/products\/transformer-maintenance\/transformer-evacuation-systems-bv\/","title":{"rendered":"BV-3000 transzform\u00e1tor evaku\u00e1l\u00e1si rendszer"},"content":{"rendered":"","protected":false},"excerpt":{"rendered":"","protected":false},"author":59,"featured_media":299506,"parent":300177,"menu_order":0,"comment_status":"closed","ping_status":"closed","template":"templates\/single-product.php","meta":{"_acf_changed":false,"_bbp_topic_count":0,"_bbp_reply_count":0,"_bbp_total_topic_count":0,"_bbp_total_reply_count":0,"_bbp_voice_count":0,"_bbp_anonymous_reply_count":0,"_bbp_topic_count_hidden":0,"_bbp_reply_count_hidden":0,"_bbp_forum_subforum_count":0,"footnotes":""},"categories":[],"class_list":["post-300193","page","type-page","status-publish","has-post-thumbnail","hentry"],"acf":{"add_tab":[{"tab_title":"Le\u00edr\u00e1s","tab_content":"A Transformer Evacuation System BV-3000 modell transzform\u00e1tor tart\u00e1lyok ki\u00fcr\u00edt\u00e9s\u00e9re \u00e9s elektromos berendez\u00e9sek v\u00e1kuumos sz\u00e1r\u00edt\u00e1s\u00e1ra tervezett, \u00e9s haszn\u00e1lhat\u00f3 transzform\u00e1torolaj-tiszt\u00edt\u00f3 \u00fczemekkel egy\u00fctt is. A rendszer egy k\u00e9tfokozat\u00fa v\u00e1kuumszivatty\u00fa csoportb\u00f3l \u00e1ll, mely h\u00e1rom h\u00e1tt\u00e9r v\u00e1kuumszivatty\u00fat \u00e9s egy turb\u00f3 (booster) v\u00e1kuumszivatty\u00fat tartalmaz.\r\n\u2022 K\u00e9t forg\u00f3 lap\u00e1tos v\u00e1kuumszivatty\u00fat (egyenk\u00e9nt 3\u00d7100 m\u00b3\/\u00f3ra kapacit\u00e1ssal) haszn\u00e1lnak h\u00e1tt\u00e9rszivatty\u00fak\u00e9nt.\r\n\u2022 Egy Roots-f\u00e9le forg\u00f3 dugatty\u00fas szivatty\u00fat alkalmaznak turb\u00f3 v\u00e1kuumszivatty\u00fak\u00e9nt.\r\n\r\nA h\u00e1tt\u00e9r v\u00e1kuumszivatty\u00fa az els\u0151dleges v\u00e1kuum l\u00e9trehoz\u00e1s\u00e1\u00e9rt felel, m\u00edg a turb\u00f3 szivatty\u00fa abszol\u00fat v\u00e1kuumot biztos\u00edt. Ez a szivatty\u00fakombin\u00e1ci\u00f3 lehet\u0151v\u00e9 teszi, hogy a Transformer Evacuation System ak\u00e1r 3000 m\u00b3\/\u00f3ra hat\u00e9konys\u00e1g\u00fa legyen, maximum 0,01 mm Hg (Torr) v\u00e1kuum\u00e9rt\u00e9kkel."}],"add_def_tab":[{"tab_title":"M\u0171szaki adatok","tab_content":"<table style=\"height: 1258px;\" width=\"792\">\r\n  <tbody>\r\n    <tr>\r\n      <td><strong>N<\/strong><\/td>\r\n      <td><strong>Param\u00e9ter<\/strong><\/td>\r\n      <td><strong>\u00c9rt\u00e9k<\/strong><\/td>\r\n    <\/tr>\r\n    <tr>\r\n      <td>1<\/td>\r\n      <td>Sz\u00edv\u00f3kapacit\u00e1s, m\u00b3\/\u00f3ra<\/td>\r\n      <td>3000<\/td>\r\n    <\/tr>\r\n    <tr>\r\n      <td>2<\/td>\r\n      <td>V\u00e9gs\u0151 v\u00e1kuum, mm Hg (Torr)<\/td>\r\n      <td>0,01<\/td>\r\n    <\/tr>\r\n    <tr>\r\n      <td>3<\/td>\r\n      <td>Szivatty\u00fazott k\u00f6zeg<\/td>\r\n      <td>Leveg\u0151<\/td>\r\n    <\/tr>\r\n    <tr>\r\n      <td>4<\/td>\r\n      <td>T\u00e1pell\u00e1t\u00e1s:<\/td>\r\n      <td><\/td>\r\n    <\/tr>\r\n    <tr>\r\n      <td><\/td>\r\n      <td>- F\u00e1zisok<\/td>\r\n      <td>3<\/td>\r\n    <\/tr>\r\n    <tr>\r\n      <td><\/td>\r\n      <td>- Fesz\u00fclts\u00e9g, V<\/td>\r\n      <td>k\u00e9r\u00e9s szerint<\/td>\r\n    <\/tr>\r\n    <tr>\r\n      <td><\/td>\r\n      <td>- AC frekvencia, Hz<\/td>\r\n      <td>k\u00e9r\u00e9s szerint<\/td>\r\n    <\/tr>\r\n    <tr>\r\n      <td><\/td>\r\n      <td>- Maxim\u00e1lis teljes\u00edtm\u00e9nyfogyaszt\u00e1s, kW<\/td>\r\n      <td>14<\/td>\r\n    <\/tr>\r\n    <tr>\r\n      <td>5<\/td>\r\n      <td>K\u00f6rnyezeti h\u0151m\u00e9rs\u00e9klet, \u00b0\u0421<\/td>\r\n      <td>5 \u2013 40<\/td>\r\n    <\/tr>\r\n    <tr>\r\n      <td>6<\/td>\r\n      <td>Csatlakoz\u00e1s t\u00edpusa, bemenet\/kimenet<\/td>\r\n      <td>flange\/flange<\/td>\r\n    <\/tr>\r\n    <tr>\r\n      <td>7<\/td>\r\n      <td>Bemeneti\/kimeneti \u00e1tm\u00e9r\u0151, Dn, mm<\/td>\r\n      <td>DN100\/DN65<\/td>\r\n    <\/tr>\r\n    <tr>\r\n      <td>8<\/td>\r\n      <td>M\u00e9retek, mm<\/td>\r\n      <td><\/td>\r\n    <\/tr>\r\n    <tr>\r\n      <td><\/td>\r\n      <td>- Hossz\u00fas\u00e1g<\/td>\r\n      <td>1600<\/td>\r\n    <\/tr>\r\n    <tr>\r\n      <td><\/td>\r\n      <td>- Sz\u00e9less\u00e9g<\/td>\r\n      <td>1200<\/td>\r\n    <\/tr>\r\n    <tr>\r\n      <td><\/td>\r\n      <td>- Magass\u00e1g<\/td>\r\n      <td>1600<\/td>\r\n    <\/tr>\r\n    <tr>\r\n      <td>9<\/td>\r\n      <td>T\u00f6meg, kg<\/td>\r\n      <td>900<\/td>\r\n    <\/tr>\r\n  <\/tbody>\r\n<\/table>\r\n"},{"tab_title":"El\u0151ny\u00f6k","tab_content":"<ul>\r\n \t<li style=\"font-weight: 400;\" aria-level=\"1\">Leveg\u0151, g\u0151z, nem agressz\u00edv g\u00e1zok \u00e9s g\u0151z-g\u00e1z kever\u00e9kek gyors elt\u00e1vol\u00edt\u00e1sa a<\/li>\r\n \t<li style=\"font-weight: 400;\" aria-level=\"1\">nyom\u00e1sfokoz\u00f3nak k\u00f6sz\u00f6nhet\u0151en;<\/li>\r\n \t<li style=\"font-weight: 400;\" aria-level=\"1\">Az egys\u00e9gek az olajjal t\u00f6lt\u00f6tt transzform\u00e1torok \u00e9s nagyfesz\u00fclts\u00e9g\u0171 kapcsol\u00f3k szervizel\u00e9s\u00e9hez \u00e9s \u00fczemeltet\u00e9s\u00e9hez haszn\u00e1lhat\u00f3k 1150 kV fesz\u00fclts\u00e9gig;<\/li>\r\n \t<li style=\"font-weight: 400;\" aria-level=\"1\">Magas szint\u0171 evaku\u00e1l\u00e1s.<\/li>\r\n<\/ul>"},{"tab_title":"Alkalmaz\u00e1s","tab_content":"A BV GlobeCore egys\u00e9g haszn\u00e1lhat\u00f3:\r\n\r\nvillamosenergia-h\u00e1l\u00f3zati eloszt\u00f3 transzform\u00e1torok ki\u00fcr\u00edt\u00e9se;\r\nvillamosenergia-er\u0151m\u0171vek transzform\u00e1torainak evaku\u00e1l\u00e1sa;\r\nvillamos vonatok vontat\u00e1si transzform\u00e1torainak evaku\u00e1l\u00e1sa;\r\nb\u00e1ny\u00e1szati teljes\u00edtm\u00e9nytranszform\u00e1torok evaku\u00e1l\u00e1sa;\r\ntengeri transzform\u00e1torok evaku\u00e1l\u00e1sa;\r\nelektromos s\u00fct\u0151transzform\u00e1torok evaku\u00e1l\u00e1sa;\r\nsz\u00e9ler\u0151m\u0171vek felhajt\u00f3 transzform\u00e1torainak evaku\u00e1l\u00e1sa;\r\nolaj- \u00e9s g\u00e1zipari transzform\u00e1torok evaku\u00e1l\u00e1sa, amelyeket olaj- \u00e9s g\u00e1zkitermel\u0151 komplexumokban haszn\u00e1lnak az extra neh\u00e9z berendez\u00e9sek energiaell\u00e1t\u00e1s\u00e1ra;\r\nrep\u00fcl\u0151tereken a vil\u00e1g\u00edt\u00e1s, a navig\u00e1ci\u00f3s rendszerek \u00e9s m\u00e1s kritikus berendez\u00e9sek t\u00e1pl\u00e1l\u00e1s\u00e1ra haszn\u00e1lt transzform\u00e1torok evaku\u00e1l\u00e1sa;\r\na mez\u0151gazdas\u00e1gi \u00e1gazatban haszn\u00e1lt \u00f6nt\u00f6z\u0151rendszerek transzform\u00e1torainak evaku\u00e1l\u00e1sa a szivatty\u00fak \u00e9s egy\u00e9b berendez\u00e9sek \u00e1ramell\u00e1t\u00e1s\u00e1ra a nagy szabadt\u00e9ri ter\u00fcleteken;\r\naz eg\u00e9szs\u00e9g\u00fcgyi int\u00e9zm\u00e9nyekben haszn\u00e1lt transzform\u00e1torok evaku\u00e1l\u00e1sa a stabil \u00e1ramell\u00e1t\u00e1st ig\u00e9nyl\u0151 orvosi berendez\u00e9sek m\u0171k\u00f6dtet\u00e9s\u00e9hez;\r\na vas\u00fati jelz\u0151- \u00e9s kommunik\u00e1ci\u00f3s rendszerekben haszn\u00e1lt transzform\u00e1torok evaku\u00e1l\u00e1sa a vas\u00fati biztons\u00e1gi \u00e9s kommunik\u00e1ci\u00f3s rendszerek \u00e1ramell\u00e1t\u00e1s\u00e1ra;\r\na metr\u00f3ban haszn\u00e1lt transzform\u00e1torok ki\u00fcr\u00edt\u00e9se a f\u00f6ldalatti \u00e1ramell\u00e1t\u00f3 rendszerek, bele\u00e9rtve a vil\u00e1g\u00edt\u00e1st, a szell\u0151ztet\u0151 rendszereket \u00e9s a mozg\u00f3l\u00e9pcs\u0151hajt\u00e1sokat is;\r\na tengeri kik\u00f6t\u0151i infrastrukt\u00fara transzform\u00e1torainak evaku\u00e1l\u00e1sa, amelyeket a tengeri daruk, dokkrakod\u00f3k \u00e9s egy\u00e9b v\u00edzparti berendez\u00e9sek m\u0171k\u00f6dtet\u00e9s\u00e9re haszn\u00e1lnak;\r\na v\u00edzkezel\u0151 \u00fczemek transzform\u00e1torainak ki\u00fcr\u00edt\u00e9se, amelyek a szivatty\u00fakat, a leveg\u0151ztet\u0151 rendszereket \u00e9s a v\u00edzkezel\u00e9shez haszn\u00e1lt egy\u00e9b berendez\u00e9seket t\u00e1pl\u00e1lj\u00e1k;\r\na vegyiparban haszn\u00e1lt transzform\u00e1torok ki\u00fcr\u00edt\u00e9se, amelyek a k\u00fcl\u00f6nb\u00f6z\u0151 vegyi anyagokat \u00e9s anyagokat el\u0151\u00e1ll\u00edt\u00f3 vegyi \u00fczemek berendez\u00e9seit l\u00e1tj\u00e1k el energi\u00e1val;\r\na b\u00e1ny\u00e1szati berendez\u00e9sek \u00e1ramell\u00e1t\u00e1s\u00e1ra haszn\u00e1lt transzform\u00e1torok evaku\u00e1l\u00e1sa, k\u00fcl\u00f6n\u00f6sen a f\u00f6ld alatti k\u00f6rnyezetben, ahol fontos a megb\u00edzhat\u00f3 \u00e9s biztons\u00e1gos \u00e1ramell\u00e1t\u00e1s;\r\nnagy sportcsarnokok vil\u00e1g\u00edt\u00e1s\u00e1hoz haszn\u00e1lt transzform\u00e1torok evaku\u00e1l\u00e1sa, amelyek er\u0151s \u00e9s megb\u00edzhat\u00f3 vil\u00e1g\u00edt\u00e1st biztos\u00edtanak az \u00e9jszakai sportesem\u00e9nyekhez;\r\na forgalomir\u00e1ny\u00edt\u00f3 rendszerek - bele\u00e9rtve a k\u00f6zleked\u00e9si l\u00e1mp\u00e1kat, az inform\u00e1ci\u00f3s t\u00e1bl\u00e1kat \u00e9s a k\u00f6zleked\u00e9si infrastrukt\u00fara egy\u00e9b elemeit - \u00e1ramell\u00e1t\u00e1s\u00e1ra haszn\u00e1lt transzform\u00e1torok evaku\u00e1l\u00e1sa;\r\na k\u00f3rh\u00e1zak \u00e9s m\u00e1s eg\u00e9szs\u00e9g\u00fcgyi int\u00e9zm\u00e9nyek \u00e1ramell\u00e1t\u00e1s\u00e1hoz haszn\u00e1lt transzform\u00e1torok evaku\u00e1l\u00e1sa;\r\naz adatfeldolgoz\u00f3 k\u00f6zpontok (adatk\u00f6zpontok) \u00e1ramell\u00e1t\u00e1s\u00e1ra haszn\u00e1lt transzform\u00e1torok ki\u00fcr\u00edt\u00e9se;\r\na katonai b\u00e1zisok \u00e9s nemzetbiztons\u00e1gi l\u00e9tes\u00edtm\u00e9nyek \u00e1ramell\u00e1t\u00e1s\u00e1ra haszn\u00e1lt transzform\u00e1torok evaku\u00e1l\u00e1sa;\r\na v\u00e9szhelyzeti v\u00e1laszrendszerek \u00e9s ment\u0151szolg\u00e1latok, bele\u00e9rtve a t\u0171zolt\u00f3\u00e1llom\u00e1sokat, rend\u0151r\u00e1llom\u00e1sokat \u00e9s a s\u00fcrg\u0151ss\u00e9gi orvosi szolg\u00e1latokat, energiaell\u00e1t\u00e1s\u00e1ra haszn\u00e1lt transzform\u00e1torok evaku\u00e1l\u00e1sa;\r\na t\u00e1vk\u00f6zl\u00e9si tornyok \u00e9s k\u00f6zpontok \u00e1ramell\u00e1t\u00e1s\u00e1ra haszn\u00e1lt transzform\u00e1torok evaku\u00e1l\u00e1sa;\r\nbankok \u00e9s p\u00e9nzint\u00e9zetek \u00e1ramell\u00e1t\u00e1s\u00e1ra haszn\u00e1lt transzform\u00e1torok evaku\u00e1l\u00e1sa."},{"tab_title":"Konfigur\u00e1tor","tab_content":"[ezfc id='45' \/]"}],"add_video_tab":[{"video_tab_title":"Video","add_video_id":[{"video_id":"drH4OWqU8Fg"},{"video_id":"oA-usk4sn3U"}]}],"add_gallery_tab":null,"add_price_tab":[{"price_tab_title":"Get a quote"}]},"language":"hu","_links":{"self":[{"href":"https:\/\/globecore.dev\/hu\/wp-json\/wp\/v2\/pages\/300193","targetHints":{"allow":["GET"]}}],"collection":[{"href":"https:\/\/globecore.dev\/hu\/wp-json\/wp\/v2\/pages"}],"about":[{"href":"https:\/\/globecore.dev\/hu\/wp-json\/wp\/v2\/types\/page"}],"author":[{"embeddable":true,"href":"https:\/\/globecore.dev\/hu\/wp-json\/wp\/v2\/users\/59"}],"replies":[{"embeddable":true,"href":"https:\/\/globecore.dev\/hu\/wp-json\/wp\/v2\/comments?post=300193"}],"version-history":[{"count":0,"href":"https:\/\/globecore.dev\/hu\/wp-json\/wp\/v2\/pages\/300193\/revisions"}],"up":[{"embeddable":true,"href":"https:\/\/globecore.dev\/hu\/wp-json\/wp\/v2\/pages\/300177"}],"wp:featuredmedia":[{"embeddable":true,"href":"https:\/\/globecore.dev\/hu\/wp-json\/wp\/v2\/media\/299506"}],"wp:attachment":[{"href":"https:\/\/globecore.dev\/hu\/wp-json\/wp\/v2\/media?parent=300193"}],"wp:term":[{"taxonomy":"category","embeddable":true,"href":"https:\/\/globecore.dev\/hu\/wp-json\/wp\/v2\/categories?post=300193"}],"curies":[{"name":"wp","href":"https:\/\/api.w.org\/{rel}","templated":true}]}}