{"id":300190,"date":"2023-07-17T13:26:37","date_gmt":"2023-07-17T13:26:37","guid":{"rendered":"https:\/\/globecore.dev\/products\/transformer-maintenance\/low-frequency-heating-device-lfd\/"},"modified":"2025-10-06T12:11:02","modified_gmt":"2025-10-06T12:11:02","slug":"low-frequency-heating-device-lfd","status":"publish","type":"page","link":"https:\/\/globecore.dev\/hu\/products\/transformer-maintenance\/low-frequency-heating-device-lfd\/","title":{"rendered":"LFD Alacsony frekvenci\u00e1j\u00fa f\u0171t\u0151berendez\u00e9s"},"content":{"rendered":"","protected":false},"excerpt":{"rendered":"","protected":false},"author":7,"featured_media":300192,"parent":300177,"menu_order":0,"comment_status":"closed","ping_status":"closed","template":"templates\/single-product.php","meta":{"_acf_changed":false,"_bbp_topic_count":0,"_bbp_reply_count":0,"_bbp_total_topic_count":0,"_bbp_total_reply_count":0,"_bbp_voice_count":0,"_bbp_anonymous_reply_count":0,"_bbp_topic_count_hidden":0,"_bbp_reply_count_hidden":0,"_bbp_forum_subforum_count":0,"footnotes":""},"categories":[],"class_list":["post-300190","page","type-page","status-publish","has-post-thumbnail","hentry"],"acf":{"add_tab":[{"tab_title":"Le\u00edr\u00e1s","tab_content":"Az LFD k\u00e9sz\u00fcl\u00e9ket a transzform\u00e1tor tekercsek f\u0171t\u00e9s\u00e9re \u00e9s sz\u00e1r\u00edt\u00e1s\u00e1ra tervezt\u00e9k. A k\u00e9sz\u00fcl\u00e9k m\u0171k\u00f6d\u00e9si elve a transzform\u00e1tor tekercseken \u00e1tfoly\u00f3 alacsony frekvenci\u00e1j\u00fa elektromos \u00e1ramokon \u00e9s a tekercsek +75 fokos szabv\u00e1nyos sz\u00e1r\u00edt\u00e1si h\u0151m\u00e9rs\u00e9kletre t\u00f6rt\u00e9n\u0151 felmeleg\u00edt\u00e9s\u00e9n alapul.... +120\u00b0C. Mivel a kisfrekvenci\u00e1s \u00e1rammal t\u00f6rt\u00e9n\u0151 f\u0171t\u00e9s sor\u00e1n a h\u0151forr\u00e1s maga a tekercsel\u00e9s, \u00e9s a f\u0171t\u00e9s bel\u00fclr\u0151l t\u00f6rt\u00e9nik, a nedvess\u00e9g elt\u00e1vol\u00edt\u00e1sa a szigetel\u00e9s vastags\u00e1g\u00e1b\u00f3l gyorsabban \u00e9s teljesebben megy v\u00e9gbe m\u00e1s f\u0171t\u00e9si m\u00f3dszerekhez k\u00e9pest.\r\n\r\nAz LFD k\u00e9sz\u00fcl\u00e9k a CMM termikus v\u00e1kuumsz\u00e1r\u00edt\u00f3kkal egy\u00fctt haszn\u00e1lhat\u00f3 az olajjal t\u00f6lt\u00f6tt transzform\u00e1torok sz\u00e1r\u00edt\u00e1s\u00e1nak hat\u00e9konys\u00e1g\u00e1nak jav\u00edt\u00e1sa \u00e9rdek\u00e9ben. Ebben az esetben a transzform\u00e1tor sz\u00e1r\u00edt\u00e1sa sor\u00e1n k\u00e9t egyidej\u0171 folyamat zajlik: a lekapcsolt transzform\u00e1tor tekercsel\u00e9seinek k\u00f6zvetlen f\u0171t\u00e9se \u00e9s a tekercsel\u00e9sb\u0151l az olajba ker\u00fclt nedvess\u00e9g elt\u00e1vol\u00edt\u00e1sa.\r\n\r\nHa az olajat a transzform\u00e1torb\u00f3l leeresztett\u00e9k, akkor hat\u00e9kony a BV vagy UVV vagy Mojave Heat egys\u00e9gekkel kieg\u00e9sz\u00edtett LFD k\u00e9sz\u00fcl\u00e9k haszn\u00e1lata, amely elt\u00e1vol\u00edtja a tekercsekb\u0151l a transzform\u00e1tor tart\u00e1ly\u00e1ba felszabadul\u00f3 nedvess\u00e9get.\r\n\r\nA folyamat automatikusan tart, miut\u00e1n a tekercsek felmelegedtek +75... +120 \u00b0C-on, am\u00edg az olajban l\u00e9v\u0151 nedvess\u00e9g mennyis\u00e9ge 10 g\/t (ppm) al\u00e1 nem cs\u00f6kken."}],"add_def_tab":[{"tab_title":"M\u0171szaki adatok","tab_content":"<table width=\"640\">\r\n<tbody>\r\n<tr>\r\n<td width=\"44\"><strong>Sz\u00e1m<\/strong><\/td>\r\n<td style=\"text-align: center;\" colspan=\"2\" width=\"427\"><strong>Param\u00e9ter<\/strong><\/td>\r\n<td style=\"text-align: center;\" width=\"168\"><strong>\u00c9rt\u00e9k<\/strong><\/td>\r\n<\/tr>\r\n<tr>\r\n<td width=\"44\">1<\/td>\r\n<td colspan=\"2\" width=\"427\">A berendez\u00e9s maxim\u00e1lis kimeneti \u00e1ram (v\u00e1lt\u00f3\u00e1ram), A<\/td>\r\n<td style=\"text-align: center;\" width=\"168\">300*<\/td>\r\n<\/tr>\r\n<tr>\r\n<td width=\"44\">2<\/td>\r\n<td colspan=\"2\" width=\"427\">K\u00f6rnyezeti h\u0151m\u00e9rs\u00e9klet, \u00b0C<\/td>\r\n<td style=\"text-align: center;\" width=\"168\">0\u201340<\/td>\r\n<\/tr>\r\n<tr>\r\n<td width=\"44\">3<\/td>\r\n<td colspan=\"2\" width=\"427\">Relat\u00edv p\u00e1ratartalom, %<\/td>\r\n<td style=\"text-align: center;\" width=\"168\">P\u00e1ra koncentr\u00e1ci\u00f3 nem megengedett<\/td>\r\n<\/tr>\r\n<tr>\r\n<td width=\"44\">4<\/td>\r\n<td colspan=\"2\" width=\"427\">Kimeneti frekvencia, Hz<\/td>\r\n<td style=\"text-align: center;\" width=\"168\">0,5\u201310<\/td>\r\n<\/tr>\r\n<tr>\r\n<td width=\"44\">5<\/td>\r\n<td colspan=\"2\" width=\"427\">V\u00e9detts\u00e9gi fokozat<\/td>\r\n<td style=\"text-align: center;\" width=\"168\">IP 54, IK 09<\/td>\r\n<\/tr>\r\n<tr>\r\n<td width=\"44\">6<\/td>\r\n<td colspan=\"2\" width=\"427\">Villamos t\u00e1pegys\u00e9g param\u00e9terei<\/td>\r\n<td style=\"text-align: center;\" width=\"168\">Ig\u00e9ny szerint<\/td>\r\n<\/tr>\r\n<tr>\r\n<td rowspan=\"3\" width=\"44\">7<\/td>\r\n<td rowspan=\"3\" width=\"299\">M\u00e9retek, mm<\/td>\r\n<td width=\"128\">hossz<\/td>\r\n<td style=\"text-align: center;\" width=\"168\">2510<\/td>\r\n<\/tr>\r\n<tr>\r\n<td width=\"128\">sz\u00e9less\u00e9g<\/td>\r\n<td style=\"text-align: center;\" width=\"168\">1400<\/td>\r\n<\/tr>\r\n<tr>\r\n<td width=\"128\">magass\u00e1g<\/td>\r\n<td style=\"text-align: center;\" width=\"168\">1680<\/td>\r\n<\/tr>\r\n<tr>\r\n<td width=\"44\">8<\/td>\r\n<td colspan=\"2\" width=\"427\">T\u00f6meg, kg<\/td>\r\n<td style=\"text-align: center;\" width=\"168\">2500<\/td>\r\n<\/tr>\r\n<\/tbody>\r\n<\/table>\r\n<em>* \u2013 \u00e9rt\u00e9kek az eszk\u00f6z egyik lehets\u00e9ges v\u00e1ltozat\u00e1ra vonatkoznak. Az LFD egys\u00e9g egyedi megrendel\u00e9sre k\u00e9sz\u00fcl. Jellemz\u0151i elt\u00e9rhetnek a transzform\u00e1tor primer tekercs\u00e9nek n\u00e9vleges \u00e1ram\u00e1t\u00f3l f\u00fcgg\u0151en, amelynek akt\u00edv r\u00e9sz\u00e9t fel kell meleg\u00edteni.<\/em>"},{"tab_title":"El\u0151ny\u00f6k","tab_content":"<ul>\r\n \t<li>teljes automatiz\u00e1l\u00e1s;<\/li>\r\n \t<li>intelligens hardver;<\/li>\r\n \t<li>kompakt m\u00e9ret;<\/li>\r\n \t<li>alacsony energiafogyaszt\u00e1s;<\/li>\r\n \t<li>transzform\u00e1tor tekercsek sz\u00e1r\u00edt\u00e1sa;<\/li>\r\n \t<li>tekercsek t\u00falmeleged\u00e9s elleni v\u00e9delem.&nbsp;<\/li>\r\n<\/ul>"},{"tab_title":"Alkalmaz\u00e1s","tab_content":"Az LFD GlobeCore eszk\u00f6z haszn\u00e1lhat\u00f3:\r\n\r\nVillamosenergia-h\u00e1l\u00f3zati eloszt\u00f3 transzform\u00e1torok sz\u00e1r\u00edt\u00e1s\u00e1ra;\r\nvillamos er\u0151m\u0171vek transzform\u00e1torainak sz\u00e1r\u00edt\u00e1sa;\r\nvillamos vonatok vontat\u00e1si transzform\u00e1torainak sz\u00e1r\u00edt\u00e1sa;\r\nb\u00e1ny\u00e1szati teljes\u00edtm\u00e9nytranszform\u00e1torok sz\u00e1r\u00edt\u00e1sa;\r\ntengeri transzform\u00e1torok sz\u00e1r\u00edt\u00e1sa;\r\nelektromos s\u00fct\u0151transzform\u00e1torok sz\u00e1r\u00edt\u00e1sa;\r\na sz\u00e9ler\u0151m\u0171vekben l\u00e9v\u0151 fokozati transzform\u00e1torok sz\u00e1r\u00edt\u00e1sa;\r\nolaj- \u00e9s g\u00e1zipari transzform\u00e1torok sz\u00e1r\u00edt\u00e1sa, amelyeket olaj- \u00e9s g\u00e1zkitermel\u0151 komplexumokban haszn\u00e1lnak az extra nagy teljes\u00edtm\u00e9ny\u0171 berendez\u00e9sek energiaell\u00e1t\u00e1s\u00e1ra;\r\nrep\u00fcl\u0151tereken a vil\u00e1g\u00edt\u00e1s, a navig\u00e1ci\u00f3s rendszerek \u00e9s m\u00e1s kritikus berendez\u00e9sek t\u00e1pl\u00e1l\u00e1s\u00e1ra haszn\u00e1lt transzform\u00e1torok sz\u00e1r\u00edt\u00e1sa;\r\na mez\u0151gazdas\u00e1gi \u00e1gazatban haszn\u00e1lt \u00f6nt\u00f6z\u0151rendszerek transzform\u00e1torainak sz\u00e1r\u00edt\u00e1sa a szivatty\u00fak \u00e9s egy\u00e9b berendez\u00e9sek \u00e1ramell\u00e1t\u00e1s\u00e1ra a nagy szabadt\u00e9ri ter\u00fcleteken;\r\naz eg\u00e9szs\u00e9g\u00fcgyi int\u00e9zm\u00e9nyekben haszn\u00e1lt transzform\u00e1torok sz\u00e1r\u00edt\u00e1sa a stabil \u00e1ramell\u00e1t\u00e1st ig\u00e9nyl\u0151 orvosi berendez\u00e9sek t\u00e1pl\u00e1l\u00e1s\u00e1ra;\r\nvas\u00fati jelz\u0151- \u00e9s kommunik\u00e1ci\u00f3s rendszerekben haszn\u00e1lt transzform\u00e1torok sz\u00e1r\u00edt\u00e1sa a vas\u00fati biztons\u00e1gi \u00e9s kommunik\u00e1ci\u00f3s rendszerek \u00e1ramell\u00e1t\u00e1s\u00e1ra;\r\na metr\u00f3ban haszn\u00e1lt transzform\u00e1torok sz\u00e1r\u00edt\u00e1sa a f\u00f6ldalatti \u00e1ramell\u00e1t\u00f3 rendszerek, bele\u00e9rtve a vil\u00e1g\u00edt\u00e1st, a szell\u0151z\u0151rendszereket \u00e9s a mozg\u00f3l\u00e9pcs\u0151hajt\u00e1sokat is;\r\na tengeri kik\u00f6t\u0151i infrastrukt\u00fara transzform\u00e1torainak sz\u00e1r\u00edt\u00e1sa, amelyeket a tengeri daruk, dokkrakod\u00f3k \u00e9s egy\u00e9b v\u00edzparti berendez\u00e9sek m\u0171k\u00f6dtet\u00e9s\u00e9re haszn\u00e1lnak;\r\na v\u00edztiszt\u00edt\u00f3 telepek transzform\u00e1torainak sz\u00e1r\u00edt\u00e1sa, amelyek a szivatty\u00fakat, a leveg\u0151ztet\u0151 rendszereket \u00e9s a v\u00edztiszt\u00edt\u00e1shoz haszn\u00e1lt egy\u00e9b berendez\u00e9seket t\u00e1pl\u00e1lj\u00e1k;\r\na vegyiparban haszn\u00e1lt transzform\u00e1torok sz\u00e1r\u00edt\u00e1sa, amelyek a k\u00fcl\u00f6nb\u00f6z\u0151 vegyi anyagokat \u00e9s anyagokat el\u0151\u00e1ll\u00edt\u00f3 vegyi \u00fczemek berendez\u00e9seinek m\u0171k\u00f6dtet\u00e9s\u00e9re szolg\u00e1lnak;\r\na b\u00e1ny\u00e1szati berendez\u00e9sek energiaell\u00e1t\u00e1s\u00e1ra haszn\u00e1lt transzform\u00e1torok sz\u00e1r\u00edt\u00e1sa, k\u00fcl\u00f6n\u00f6sen a f\u00f6ld alatti k\u00f6rnyezetben, ahol fontos a megb\u00edzhat\u00f3 \u00e9s biztons\u00e1gos energiaell\u00e1t\u00e1s;\r\na nagy sportcsarnokok vil\u00e1g\u00edt\u00e1s\u00e1hoz haszn\u00e1lt transzform\u00e1torok sz\u00e1r\u00edt\u00e1sa, amelyek er\u0151s \u00e9s megb\u00edzhat\u00f3 vil\u00e1g\u00edt\u00e1st biztos\u00edtanak az \u00e9jszakai sportesem\u00e9nyekhez;\r\na forgalomir\u00e1ny\u00edt\u00f3 rendszerek, bele\u00e9rtve a k\u00f6zleked\u00e9si l\u00e1mp\u00e1kat, az inform\u00e1ci\u00f3s t\u00e1bl\u00e1kat \u00e9s a k\u00f6zleked\u00e9si infrastrukt\u00fara egy\u00e9b elemeit, \u00e1ramell\u00e1t\u00e1s\u00e1ra haszn\u00e1lt transzform\u00e1torok sz\u00e1r\u00edt\u00e1sa;\r\na k\u00f3rh\u00e1zak \u00e9s m\u00e1s eg\u00e9szs\u00e9g\u00fcgyi int\u00e9zm\u00e9nyek \u00e1ramell\u00e1t\u00e1s\u00e1hoz haszn\u00e1lt transzform\u00e1torok sz\u00e1r\u00edt\u00e1sa;\r\naz adatfeldolgoz\u00f3 k\u00f6zpontok (adatk\u00f6zpontok) \u00e1ramell\u00e1t\u00e1s\u00e1ra haszn\u00e1lt transzform\u00e1torok sz\u00e1r\u00edt\u00e1sa;\r\na katonai b\u00e1zisok \u00e9s nemzetbiztons\u00e1gi l\u00e9tes\u00edtm\u00e9nyek \u00e1ramell\u00e1t\u00e1s\u00e1ra haszn\u00e1lt transzform\u00e1torok sz\u00e1r\u00edt\u00e1sa;\r\na v\u00e9szhelyzeti v\u00e1laszrendszerek \u00e9s ment\u0151szolg\u00e1latok - bele\u00e9rtve a t\u0171zolt\u00f3\u00e1llom\u00e1sokat, rend\u0151r\u00e1llom\u00e1sokat \u00e9s a s\u00fcrg\u0151ss\u00e9gi orvosi szolg\u00e1latokat - \u00e1ramell\u00e1t\u00e1s\u00e1ra haszn\u00e1lt transzform\u00e1torok sz\u00e1r\u00edt\u00e1sa;\r\na t\u00e1vk\u00f6zl\u00e9si tornyok \u00e9s k\u00f6zpontok \u00e1ramell\u00e1t\u00e1s\u00e1ra haszn\u00e1lt transzform\u00e1torok sz\u00e1r\u00edt\u00e1sa;\r\nbankok \u00e9s p\u00e9nzint\u00e9zetek \u00e1ramell\u00e1t\u00e1s\u00e1hoz haszn\u00e1lt transzform\u00e1torok sz\u00e1r\u00edt\u00e1sa."},{"tab_title":"Konfigur\u00e1tor","tab_content":"https:\/\/youtu.be\/ZALRNYRO-AA"}],"add_video_tab":[{"video_tab_title":"Video","add_video_id":[{"video_id":"8yo465y6CRw"},{"video_id":"wUDHJD5c8Os"},{"video_id":"Xm5RgRB5Jwc"}]}],"add_gallery_tab":[{"gallery_tab_title":"Gallery","add_img":[146826]}],"add_price_tab":null},"language":"hu","_links":{"self":[{"href":"https:\/\/globecore.dev\/hu\/wp-json\/wp\/v2\/pages\/300190","targetHints":{"allow":["GET"]}}],"collection":[{"href":"https:\/\/globecore.dev\/hu\/wp-json\/wp\/v2\/pages"}],"about":[{"href":"https:\/\/globecore.dev\/hu\/wp-json\/wp\/v2\/types\/page"}],"author":[{"embeddable":true,"href":"https:\/\/globecore.dev\/hu\/wp-json\/wp\/v2\/users\/7"}],"replies":[{"embeddable":true,"href":"https:\/\/globecore.dev\/hu\/wp-json\/wp\/v2\/comments?post=300190"}],"version-history":[{"count":0,"href":"https:\/\/globecore.dev\/hu\/wp-json\/wp\/v2\/pages\/300190\/revisions"}],"up":[{"embeddable":true,"href":"https:\/\/globecore.dev\/hu\/wp-json\/wp\/v2\/pages\/300177"}],"wp:featuredmedia":[{"embeddable":true,"href":"https:\/\/globecore.dev\/hu\/wp-json\/wp\/v2\/media\/300192"}],"wp:attachment":[{"href":"https:\/\/globecore.dev\/hu\/wp-json\/wp\/v2\/media?parent=300190"}],"wp:term":[{"taxonomy":"category","embeddable":true,"href":"https:\/\/globecore.dev\/hu\/wp-json\/wp\/v2\/categories?post=300190"}],"curies":[{"name":"wp","href":"https:\/\/api.w.org\/{rel}","templated":true}]}}