{"id":300184,"date":"2018-03-07T09:25:24","date_gmt":"2018-03-07T09:25:24","guid":{"rendered":"https:\/\/globecore.dev\/transformer-vacuum-furnace\/"},"modified":"2025-09-23T12:36:35","modified_gmt":"2025-09-23T12:36:35","slug":"transformer-vacuum-furnace","status":"publish","type":"page","link":"https:\/\/globecore.dev\/hu\/products\/vacuum-drying-oven\/transformer-vacuum-furnace\/","title":{"rendered":"US-6S transzform\u00e1tor v\u00e1kuum kemence"},"content":{"rendered":"","protected":false},"excerpt":{"rendered":"<p>We present to your attention a transformer vacuum1 furnace US-6S, designed for drying the solid insulation2 of power transformers3.<\/p>\n","protected":false},"author":7,"featured_media":299394,"parent":301369,"menu_order":0,"comment_status":"closed","ping_status":"closed","template":"templates\/single-product.php","meta":{"_acf_changed":false,"_bbp_topic_count":0,"_bbp_reply_count":0,"_bbp_total_topic_count":0,"_bbp_total_reply_count":0,"_bbp_voice_count":0,"_bbp_anonymous_reply_count":0,"_bbp_topic_count_hidden":0,"_bbp_reply_count_hidden":0,"_bbp_forum_subforum_count":0,"footnotes":""},"categories":[],"class_list":["post-300184","page","type-page","status-publish","has-post-thumbnail","hentry"],"acf":{"add_tab":[{"tab_title":"Le\u00edr\u00e1s","tab_content":"Bemutatjuk az \u00d6n figyelm\u00e9be a transzform\u00e1tor v\u00e1kuumot[mfn]A v\u00e1kuum az anyagt\u00f3l mentes t\u00e9r. Az ilyen v\u00e1kuumhoz k\u00f6zel\u00edt\u0151leg egy olyan ter\u00fclet, amelynek g\u00e1znyom\u00e1sa j\u00f3val kisebb, mint a l\u00e9gk\u00f6ri nyom\u00e1s.[\/mfn] US-6S kemence, amelyet a szil\u00e1rd szigetel\u00e9s sz\u00e1r\u00edt\u00e1s\u00e1ra terveztek[mfn] A transzform\u00e1torban sz\u00e9les k\u00f6rben haszn\u00e1lt szil\u00e1rd szigetel\u0151anyagok a pap\u00edr, a pr\u00e9spap\u00edr \u00e9s a transzform\u00e1torlap, amelyeket a n\u00f6v\u00e9nyekben tal\u00e1lhat\u00f3 cellul\u00f3zb\u00f3l k\u00e9peznek.[\/mfn] teljes\u00edtm\u00e9nytranszform\u00e1torok[mfn]A transzform\u00e1tor egy statikus elektromos eszk\u00f6z, amely elektromos energi\u00e1t tov\u00e1bb\u00edt k\u00e9t vagy t\u00f6bb \u00e1ramk\u00f6r k\u00f6z\u00f6tt[\/mfn].\r\n\r\nA teljes\u00edtm\u00e9nytranszform\u00e1torok gy\u00e1rt\u00e1sa vagy jav\u00edt\u00e1sa sor\u00e1n gyakori gyakorlat a nedvess\u00e9g elt\u00e1vol\u00edt\u00e1sa a pap\u00edrszigetel\u00e9sb\u0151l. A megsz\u00e1radt szigetel\u00e9s dielektromos szil\u00e1rds\u00e1ggal rendelkezik[mfn]A dielektromos szil\u00e1rds\u00e1g az a minim\u00e1lisan alkalmazott elektromos t\u00e9r (azaz az alkalmazott fesz\u00fclts\u00e9g osztva az elektr\u00f3d\u00e1k t\u00e1vols\u00e1g\u00e1val), amely \u00e1t\u00fct\u00e9st eredm\u00e9nyez. Ez az \u00e1t\u00fct\u00e9si fesz\u00fclts\u00e9g fogalma.[\/mfn] 20-szor nagyobb, mint a nem sz\u00e1r\u00edtott, mivel a nedvess\u00e9g befoly\u00e1solja a dielektromos \u00e1t\u00fct\u00e9st[mfn]Elektromos \u00e1t\u00fct\u00e9s vagy dielektromos \u00e1t\u00fct\u00e9s az, amikor egy elektromos szigetel\u0151n \u00e1ram folyik \u00e1t, amikor a rajta alkalmazott fesz\u00fclts\u00e9g meghaladja az \u00e1t\u00fct\u00e9si fesz\u00fclts\u00e9get[\/mfn].\r\n\r\nA transzform\u00e1torok t\u00edpusait\u00f3l f\u00fcgg\u0151en t\u00f6bbf\u00e9le m\u00f3don lehet elt\u00e1vol\u00edtani a nedvess\u00e9get az akt\u00edv r\u00e9szb\u0151l. Ezek egyike a v\u00e1kuumkemenc\u00e9vel (v\u00e1kuumkemenc\u00e9vel) t\u00f6rt\u00e9n\u0151 sz\u00e1r\u00edt\u00e1s.\r\n\r\nA teljes\u00edtm\u00e9nytranszform\u00e1torok sz\u00e1r\u00edt\u00e1sa[mfn]A sz\u00e1r\u00edt\u00e1si folyamatot a transzform\u00e1tor cellul\u00f3z alap\u00fa pap\u00edrj\u00e1ban tal\u00e1lhat\u00f3 v\u00edz- \u00e9s l\u00e9g\u00fcres terek elt\u00e1vol\u00edt\u00e1sa \u00e9rdek\u00e9ben kell elv\u00e9gezni[\/mfn] v\u00e1kuumkemenc\u00e9vel, amelynek a k\u00f6vetkez\u0151 el\u0151nyei vannak:\r\n\r\nintenz\u00edvebb a nedvess\u00e9g elp\u00e1rolg\u00e1sa a meleg leveg\u0151vel t\u00f6rt\u00e9n\u0151 sz\u00e1r\u00edt\u00e1shoz vagy a term\u00e9szetes sz\u00e1r\u00edt\u00e1shoz k\u00e9pest;\r\noptim\u00e1lis \u00f6sszteljes\u00edtm\u00e9ny \u00e9s cs\u00f6kkentett feldolgoz\u00e1si id\u0151.\r\n\r\nA GlobeCore transzform\u00e1tor v\u00e1kuumkemenc\u00e9t k\u00edn\u00e1l m\u00f3dos\u00edt\u00e1sokkal, az \u00fcgyf\u00e9l egyedi ig\u00e9nyeihez igaz\u00edtva. A tervez\u00e9s, figyelembe veszi a termel\u00e9kenys\u00e9get, a m\u00e9reteket \u00e9s az elhelyez\u00e9s hely\u00e9t, a bet\u00f6lt\u00e9si m\u00f3dszert, az automatiz\u00e1l\u00e1s m\u00e9rt\u00e9k\u00e9t stb.\r\n\r\nA k\u00f6vetkez\u0151 k\u00e9pen egy US-6S v\u00e1kuumsz\u00e1r\u00edt\u00f3 szekr\u00e9ny l\u00e1that\u00f3.\r\n\r\nTranszform\u00e1tor v\u00e1kuumkemenc\u00e9je: a f\u0151 alkatr\u00e9szek \u00e9s szerelv\u00e9nyek\r\n\r\n1 - Vez\u00e9rl\u0151szekr\u00e9ny\r\n2 - BV-1000 v\u00e1kuumegys\u00e9g\r\n3 - Kompresszor\r\n4 - PPM-18 olajf\u0171t\u0151\r\n5 - G\u0151z kondenz\u00e1tor\r\n6 - Kondenz\u00e1tumgy\u0171jt\u0151 tart\u00e1ly\r\n7 - Kemencekamra\r\n8 - A kemencekamra ajtaja\r\n9 - Cs\u00fasz\u00f3kocsi\r\n\r\nM\u0171k\u00f6d\u00e9si elv\r\n\r\nA transzform\u00e1tor akt\u00edv r\u00e9sz\u00e9t egy mozg\u00f3daru vagy egy rakod\u00f3g\u00e9p rakodja fel a cs\u00fasz\u00f3kocsira. A kocsi mozg\u00e1s\u00e1nak (motoros meghajt\u00e1s), valamint a kemencekamra ajt\u00f3inak (pneumatikus meghajt\u00e1s) z\u00e1r\u00e1s\u00e1nak \u00e9s nyit\u00e1s\u00e1nak vez\u00e9rl\u00e9s\u00e9t egy kezel\u0151szekr\u00e9nyb\u0151l v\u00e9gzi.\r\n\r\nA kemencekamra f\u0171t\u00e9se m\u0171szaki olajjal t\u00f6rt\u00e9nik, amelyet viszont egy \u00e1tfoly\u00f3 olajf\u0171t\u00e9s hoz a k\u00edv\u00e1nt h\u0151m\u00e9rs\u00e9kletre.\r\n\r\nNe feledje, hogy a transzform\u00e1tor v\u00e1kuumkemenc\u00e9j\u00e9nek \u00e1ra a sz\u00fcks\u00e9ges m\u00e9retek, a kapacit\u00e1s \u00e9s az \u00fcgyf\u00e9l folyamat\u00e1nak technol\u00f3giai jellemz\u0151i f\u00fcggv\u00e9nye.\r\n\r\nTov\u00e1bbi jellemz\u0151k\r\n\r\nA GlobeCore v\u00e1kuumsz\u00e1r\u00edt\u00f3 kamr\u00e1kat is gy\u00e1rt k\u00fcl\u00f6nb\u00f6z\u0151 nyersanyagokhoz:\r\n\r\nPorok \u00e9s paszt\u00e1k;\r\n\u00e9lelmiszeripari term\u00e9kek;\r\nfa stb."}],"add_def_tab":[{"tab_title":"M\u0171szaki adatok","tab_content":"<table>\r\n<tbody>\r\n<tr>\r\n<td width=\"38\"><strong>No.<\/strong><\/td>\r\n<td width=\"435\">\r\n<p style=\"text-align: center;\"><strong>Param\u00e9ter<\/strong><\/p>\r\n<\/td>\r\n<td width=\"161\">\r\n<p style=\"text-align: center;\"><strong>\u00c9rt\u00e9k<\/strong><\/p>\r\n<\/td>\r\n<\/tr>\r\n<tr>\r\n<td width=\"38\"><strong>\u00a0<\/strong><\/td>\r\n<td colspan=\"2\" width=\"595\"><strong>Sz\u00e1r\u00edt\u00f3kamra<\/strong><\/td>\r\n<\/tr>\r\n<tr>\r\n<td rowspan=\"4\" width=\"38\">1<\/td>\r\n<td colspan=\"2\" width=\"595\">Bels\u0151 m\u00e9retek, mm, max<\/td>\r\n<\/tr>\r\n<tr>\r\n<td width=\"435\">\u2013 m\u00e9lys\u00e9g<\/td>\r\n<td width=\"161\">\r\n<p style=\"text-align: center;\">2,000<\/p>\r\n<\/td>\r\n<\/tr>\r\n<tr>\r\n<td width=\"435\">\u2013 sz\u00e9less\u00e9g<\/td>\r\n<td width=\"161\">\r\n<p style=\"text-align: center;\">1,300<\/p>\r\n<\/td>\r\n<\/tr>\r\n<tr>\r\n<td width=\"435\">\u2013 magass\u00e1g<\/td>\r\n<td width=\"161\">\r\n<p style=\"text-align: center;\">1,600<\/p>\r\n<\/td>\r\n<\/tr>\r\n<tr>\r\n<td width=\"38\"><strong>\u00a0<\/strong><\/td>\r\n<td colspan=\"2\" width=\"595\"><strong>F\u0171t\u0151 r\u00e9szleg<\/strong><\/td>\r\n<\/tr>\r\n<tr>\r\n<td width=\"38\">2<\/td>\r\n<td width=\"435\">F\u0171t\u0151teljes\u00edtm\u00e9ny, kW<\/td>\r\n<td width=\"161\">\r\n<p style=\"text-align: center;\">45<\/p>\r\n<\/td>\r\n<\/tr>\r\n<tr>\r\n<td width=\"38\">3<\/td>\r\n<td width=\"435\">H\u0151m\u00e9rs\u00e9klet-szab\u00e1lyoz\u00e1si tartom\u00e1ny, \u00b0\u0421<\/td>\r\n<td width=\"161\">\r\n<p style=\"text-align: center;\">20\u2026120<\/p>\r\n<\/td>\r\n<\/tr>\r\n<tr>\r\n<td width=\"38\">4<\/td>\r\n<td width=\"435\">H\u0151elektromos f\u0171t\u0151k sz\u00e1ma, db<\/td>\r\n<td width=\"161\">\r\n<p style=\"text-align: center;\">15<\/p>\r\n<\/td>\r\n<\/tr>\r\n<tr>\r\n<td width=\"38\"><strong>\u00a0<\/strong><\/td>\r\n<td colspan=\"2\" width=\"595\"><strong>V\u00e1kuum r\u00e9szleg<\/strong><\/td>\r\n<\/tr>\r\n<tr>\r\n<td width=\"38\">5<\/td>\r\n<td width=\"435\">Kapacit\u00e1s, m<sup>3<\/sup>\/h<\/td>\r\n<td width=\"161\">\r\n<p style=\"text-align: center;\">1,000<\/p>\r\n<\/td>\r\n<\/tr>\r\n<tr>\r\n<td width=\"38\">6<\/td>\r\n<td width=\"435\">Motorok teljes\u00edtm\u00e9nyszintje, kW<\/td>\r\n<td width=\"161\">\r\n<p style=\"text-align: center;\">11<\/p>\r\n<\/td>\r\n<\/tr>\r\n<tr>\r\n<td width=\"38\">7<\/td>\r\n<td width=\"435\">El\u00e9rt v\u00e1kuumszint, mbar<\/td>\r\n<td width=\"161\">\r\n<p style=\"text-align: center;\">1<\/p>\r\n<\/td>\r\n<\/tr>\r\n<tr>\r\n<td width=\"38\"><strong>\u00a0<\/strong><\/td>\r\n<td colspan=\"2\" width=\"595\"><strong>Kering\u00e9si rendszer<\/strong><\/td>\r\n<\/tr>\r\n<tr>\r\n<td width=\"38\">8<\/td>\r\n<td width=\"435\">Kapacit\u00e1s, m<sup>3<\/sup>\/h<\/td>\r\n<td width=\"161\">\r\n<p style=\"text-align: center;\">2,000<\/p>\r\n<\/td>\r\n<\/tr>\r\n<tr>\r\n<td width=\"38\">9<\/td>\r\n<td width=\"435\">Ventil\u00e1tor teljes\u00edtm\u00e9ny, kW<\/td>\r\n<td width=\"161\">\r\n<p style=\"text-align: center;\">2.2<\/p>\r\n<\/td>\r\n<\/tr>\r\n<tr>\r\n<td width=\"38\"><strong>\u00a0<\/strong><\/td>\r\n<td colspan=\"2\" width=\"595\"><strong>Kipufog\u00f3rendszer<\/strong><\/td>\r\n<\/tr>\r\n<tr>\r\n<td width=\"38\">10<\/td>\r\n<td width=\"435\">Kapacit\u00e1s, m<sup>3<\/sup>\/h<\/td>\r\n<td width=\"161\">\r\n<p style=\"text-align: center;\">2,000<\/p>\r\n<\/td>\r\n<\/tr>\r\n<tr>\r\n<td width=\"38\">11<\/td>\r\n<td width=\"435\">Ventil\u00e1tor teljes\u00edtm\u00e9ny, kW<\/td>\r\n<td width=\"161\">\r\n<p style=\"text-align: center;\">1.1<\/p>\r\n<\/td>\r\n<\/tr>\r\n<tr>\r\n<td width=\"38\"><strong>\u00a0<\/strong><\/td>\r\n<td colspan=\"2\" width=\"595\"><strong>Kondenz\u00e1ci\u00f3s rendszer<\/strong><\/td>\r\n<\/tr>\r\n<tr>\r\n<td width=\"38\">12<\/td>\r\n<td width=\"435\">H\u0171t\u0151berendez\u00e9s teljes\u00edtm\u00e9nye, kW<\/td>\r\n<td width=\"161\">\r\n<p style=\"text-align: center;\">3.0<\/p>\r\n<\/td>\r\n<\/tr>\r\n<tr>\r\n<td width=\"38\">13<\/td>\r\n<td width=\"435\">H\u0171t\u00e9si teljes\u00edtm\u00e9ny, kcal\/h<\/td>\r\n<td width=\"161\">\r\n<p style=\"text-align: center;\">6,000<\/p>\r\n<\/td>\r\n<\/tr>\r\n<tr>\r\n<td width=\"38\">14<\/td>\r\n<td width=\"435\">Kondenz\u00e1ci\u00f3s fel\u00fclet, m<sup>2<\/sup><\/td>\r\n<td width=\"161\">\r\n<p style=\"text-align: center;\">7.5<\/p>\r\n<\/td>\r\n<\/tr>\r\n<tr>\r\n<td width=\"38\">15<\/td>\r\n<td width=\"435\">H\u0151cser\u00e9l\u0151 (kondenz\u00e1tor) t\u00edpusa<\/td>\r\n<td width=\"161\">\r\n<p style=\"text-align: center;\">h\u00e9j-cs\u00f6ves<\/p>\r\n<\/td>\r\n<\/tr>\r\n<tr>\r\n<td width=\"38\"><strong>\u00a0<\/strong><\/td>\r\n<td colspan=\"2\" width=\"595\"><strong>Pneumatikus rendszer<\/strong><\/td>\r\n<\/tr>\r\n<tr>\r\n<td width=\"38\">16<\/td>\r\n<td width=\"435\">Kompresszor teljes\u00edtm\u00e9ny, kW<\/td>\r\n<td width=\"161\">\r\n<p style=\"text-align: center;\">1.1<\/p>\r\n<\/td>\r\n<\/tr>\r\n<tr>\r\n<td width=\"38\">17<\/td>\r\n<td width=\"435\">Nyom\u00e1s, bar<\/td>\r\n<td width=\"161\">\r\n<p style=\"text-align: center;\">9<\/p>\r\n<\/td>\r\n<\/tr>\r\n<\/tbody>\r\n<\/table>\r\n*\u2013 A megadott m\u00e9retek az egys\u00e9g egyik lehets\u00e9ges kivitelez\u00e9s\u00e9t jelzik. A GlobeCore k\u00fcl\u00f6nb\u00f6z\u0151 m\u00e9ret\u0171 v\u00e1kuumkamr\u00e1kat gy\u00e1rt az \u00fcgyf\u00e9l ig\u00e9nye szerint."},{"tab_title":"El\u0151ny\u00f6k","tab_content":"<ul>\r\n \t<li>a transzform\u00e1tor teljes magt\u00e9rfogat\u00e1nak<\/li>\r\n \t<li>egyenletes sz\u00e1r\u00edt\u00e1sa;<\/li>\r\n \t<li>a villamos energia gazdas\u00e1gos felhaszn\u00e1l\u00e1sa;<\/li>\r\n \t<li>a sz\u00e1r\u00edt\u00e1s id\u0151tartam\u00e1nak cs\u00f6kkent\u00e9se;<\/li>\r\n \t<li>egyszer\u0171 m\u0171k\u00f6d\u00e9s;<\/li>\r\n \t<li>a nedvess\u00e9g elt\u00e1vol\u00edt\u00e1sa a kamr\u00e1b\u00f3l.<\/li>\r\n<\/ul>"},{"tab_title":"Alkalmaz\u00e1s","tab_content":"A GlobeCore US v\u00e1kuumkemenc\u00e9k a k\u00f6vetkez\u0151kre haszn\u00e1lhat\u00f3k:\r\n\r\ntranszform\u00e1torok, tekercsek, elektromos motorok \u00e9s m\u00e1s elektromos alkatr\u00e9szek v\u00e1kuumsz\u00e1r\u00edt\u00e1s\u00e1ra a nedvess\u00e9g elt\u00e1vol\u00edt\u00e1s\u00e1ra, ami jav\u00edtja az elektromos biztons\u00e1got \u00e9s teljes\u00edtm\u00e9nyt;\r\nszigetel\u0151anyagok \u00e9s alkatr\u00e9szek gy\u00e1rt\u00e1sa elektromos berendez\u00e9sekhez;\r\ngy\u00f3gyszeripari hat\u00f3anyagok v\u00e1kuumsz\u00e1r\u00edt\u00e1sa a stabilit\u00e1suk \u00e9s hat\u00e9konys\u00e1guk biztos\u00edt\u00e1sa \u00e9rdek\u00e9ben;\r\n\u00f6sszetev\u0151k, p\u00e9ld\u00e1ul gy\u00f3gyn\u00f6v\u00e9nyek, f\u0171szerek \u00e9s gy\u00fcm\u00f6lcs\u00f6k v\u00e1kuumsz\u00e1r\u00edt\u00e1sa \u00edz\u00fck, sz\u00edn\u00fck \u00e9s t\u00e1panyagtartalmuk meg\u0151rz\u00e9se \u00e9rdek\u00e9ben;\r\nr\u00e9g\u00e9szeti leletek, k\u00f6zt\u00fck fat\u00e1rgyak \u00e9s papiruszok v\u00e1kuumsz\u00e1r\u00edt\u00e1sa a meg\u0151rz\u00e9s\u00fck \u00e9s karbantart\u00e1suk biztos\u00edt\u00e1sa \u00e9rdek\u00e9ben;\r\npor\u00edtott anyagok sz\u00e1r\u00edt\u00e1sa 3D nyomtat\u00e1shoz;\r\nsz\u00e1loptikai k\u00e1belek sz\u00e1r\u00edt\u00e1sa lez\u00e1r\u00e1s el\u0151tt;\r\nadszorbensek, p\u00e9ld\u00e1ul akt\u00edv sz\u00e9n sz\u00e1r\u00edt\u00e1sa a jobb hat\u00e9konys\u00e1g \u00e9rdek\u00e9ben;\r\nelektronikus alkatr\u00e9szek, p\u00e9ld\u00e1ul nyomtatott \u00e1ramk\u00f6ri lapok v\u00e1kuumsz\u00e1r\u00edt\u00e1sa az alkatr\u00e9szek elhelyez\u00e9se el\u0151tt a megb\u00edzhat\u00f3 csatlakoz\u00e1sok biztos\u00edt\u00e1sa \u00e9rdek\u00e9ben;\r\ngabona, vet\u0151magok \u00e9s egy\u00e9b mez\u0151gazdas\u00e1gi term\u00e9kek v\u00e1kuumsz\u00e1r\u00edt\u00e1sa a megfelel\u0151 tart\u00f3s\u00edt\u00e1s \u00e9s a t\u00e1rol\u00e1si id\u0151 meghosszabb\u00edt\u00e1sa \u00e9rdek\u00e9ben;\r\npolimerek \u00e9s kompozit anyagok v\u00e1kuumsz\u00e1r\u00edt\u00e1sa a gy\u00e1rt\u00e1sban val\u00f3 felhaszn\u00e1l\u00e1s el\u0151tt a nedvess\u00e9g elt\u00e1vol\u00edt\u00e1sa \u00e9s a v\u00e9gterm\u00e9k min\u0151s\u00e9g\u00e9nek jav\u00edt\u00e1sa \u00e9rdek\u00e9ben;\r\nker\u00e1miaterm\u00e9kek sz\u00e1r\u00edt\u00e1sa szinterez\u00e9s el\u0151tt az egyenletess\u00e9g biztos\u00edt\u00e1sa \u00e9s a reped\u00e9sek megel\u0151z\u00e9se \u00e9rdek\u00e9ben;\r\nf\u00e9m alkatr\u00e9szek, p\u00e9ld\u00e1ul tit\u00e1n- \u00e9s nikkel\u00f6tv\u00f6zetek h\u0151kezel\u00e9se \u00e9s er\u0151s\u00edt\u00e9se;\r\nkompozit anyagok \u00e9get\u00e9se;\r\nf\u00e9mek edz\u00e9se \u00e9s \u00e1ramtalan\u00edt\u00e1sa;\r\nf\u00e9nytani bevonatok h\u0151re kem\u00e9ny\u00edt\u00e9se;\r\nf\u00e9lvezet\u0151 lemezek sz\u00e1r\u00edt\u00e1sa \u00e9s h\u0151kezel\u00e9se;\r\norvosi eszk\u00f6z\u00f6k \u00e9s alkatr\u00e9szek steriliz\u00e1l\u00e1sa;\r\nmagas nedvess\u00e9gtartalm\u00fa \u00e9lelmiszerek sz\u00e1r\u00edt\u00e1sa a hosszabb t\u00e1rolhat\u00f3s\u00e1g \u00e9rdek\u00e9ben;\r\nvegyi anyagok \u00e9s gy\u00f3gyszeripari term\u00e9kek sz\u00e1r\u00edt\u00e1sa;\r\nv\u00e1kuumos porlaszt\u00e1s bevonatok felvitel\u00e9re;\r\nv\u00e1kuumos infiltr\u00e1l\u00e1s a kompozitok szil\u00e1rds\u00e1g\u00e1nak \u00e9s merevs\u00e9g\u00e9nek jav\u00edt\u00e1s\u00e1ra;\r\nv\u00e1kuumf\u0171t\u00e9s a dr\u00e1gak\u00f6vek feldolgoz\u00e1s\u00e1hoz \u00e9s jobb sz\u00ednez\u00e9s\u00e9hez;\r\nl\u00edtium-ion \u00e9s m\u00e1s t\u00edpus\u00fa akkumul\u00e1torok elektr\u00f3d\u00e1inak \u00e9s szepar\u00e1torainak sz\u00e1r\u00edt\u00e1sa;\r\nf\u00e9mek visszanyer\u00e9se elektronikai hullad\u00e9kokb\u00f3l \u00e9s m\u00e1s anyagokb\u00f3l v\u00e1kuumk\u00f6zegben;\r\nsz\u0171r\u0151anyagok sz\u00e1r\u00edt\u00e1sa \u00e9s h\u0151kezel\u00e9se hat\u00e9konys\u00e1guk jav\u00edt\u00e1sa \u00e9rdek\u00e9ben;\r\n3D nyomtatott alkatr\u00e9szek ut\u00f3kezel\u00e9se mechanikai tulajdons\u00e1gaik jav\u00edt\u00e1sa \u00e9rdek\u00e9ben;\r\nfa v\u00e1kuumsz\u00e1r\u00edt\u00e1sa a fa min\u0151s\u00e9g\u00e9nek jav\u00edt\u00e1sa \u00e9s a sz\u00e1r\u00edt\u00e1si id\u0151 ler\u00f6vid\u00edt\u00e9se \u00e9rdek\u00e9ben;\r\nLED-alkatr\u00e9szek h\u0151kezel\u00e9se hat\u00e9konys\u00e1guk \u00e9s tart\u00f3ss\u00e1guk jav\u00edt\u00e1sa \u00e9rdek\u00e9ben;\r\nbiol\u00f3giai mint\u00e1k \u00e9s egy\u00e9b anyagok sz\u00e1r\u00edt\u00e1sa a tart\u00f3s\u00edt\u00e1s \u00e9s vizsg\u00e1lat c\u00e9lj\u00e1b\u00f3l;\r\na vegyiparban haszn\u00e1lt kataliz\u00e1torok h\u0151kezel\u00e9se a k\u00e9miai reakci\u00f3k aktiv\u00e1l\u00e1sa \u00e9rdek\u00e9ben.\r\n\r\nTranslated with DeepL.com (free version)"},{"tab_title":"Konfigur\u00e1tor","tab_content":"[ezfc id='37' \/]"},{"tab_title":"Webinars","tab_content":"https:\/\/www.youtube.com\/live\/q8ALj9TMjNw"}],"add_video_tab":[{"video_tab_title":"Video","add_video_id":[{"video_id":"wUDHJD5c8Os"},{"video_id":"on1qzgV0_Mo"},{"video_id":"7fQOtTyNf78"}]}],"add_gallery_tab":[{"gallery_tab_title":"Gallery","add_img":[60003,29560,29569,29578,29587,29596]}],"add_price_tab":[{"price_tab_title":"Get a Quote"}]},"language":"hu","_links":{"self":[{"href":"https:\/\/globecore.dev\/hu\/wp-json\/wp\/v2\/pages\/300184","targetHints":{"allow":["GET"]}}],"collection":[{"href":"https:\/\/globecore.dev\/hu\/wp-json\/wp\/v2\/pages"}],"about":[{"href":"https:\/\/globecore.dev\/hu\/wp-json\/wp\/v2\/types\/page"}],"author":[{"embeddable":true,"href":"https:\/\/globecore.dev\/hu\/wp-json\/wp\/v2\/users\/7"}],"replies":[{"embeddable":true,"href":"https:\/\/globecore.dev\/hu\/wp-json\/wp\/v2\/comments?post=300184"}],"version-history":[{"count":0,"href":"https:\/\/globecore.dev\/hu\/wp-json\/wp\/v2\/pages\/300184\/revisions"}],"up":[{"embeddable":true,"href":"https:\/\/globecore.dev\/hu\/wp-json\/wp\/v2\/pages\/301369"}],"wp:featuredmedia":[{"embeddable":true,"href":"https:\/\/globecore.dev\/hu\/wp-json\/wp\/v2\/media\/299394"}],"wp:attachment":[{"href":"https:\/\/globecore.dev\/hu\/wp-json\/wp\/v2\/media?parent=300184"}],"wp:term":[{"taxonomy":"category","embeddable":true,"href":"https:\/\/globecore.dev\/hu\/wp-json\/wp\/v2\/categories?post=300184"}],"curies":[{"name":"wp","href":"https:\/\/api.w.org\/{rel}","templated":true}]}}