{"id":300179,"date":"2021-05-13T06:02:29","date_gmt":"2021-05-13T06:02:29","guid":{"rendered":"https:\/\/globecore.dev\/uvv-vacuum-cold-trap\/"},"modified":"2025-02-25T18:53:39","modified_gmt":"2025-02-25T18:53:39","slug":"uvv-vacuum-cold-trap","status":"publish","type":"page","link":"https:\/\/globecore.dev\/hu\/products\/transformer-maintenance\/uvv-vacuum-cold-trap\/","title":{"rendered":"UVV v\u00e1kuumos hidegcsapda"},"content":{"rendered":"","protected":false},"excerpt":{"rendered":"","protected":false},"author":59,"featured_media":300181,"parent":300177,"menu_order":0,"comment_status":"closed","ping_status":"closed","template":"templates\/single-product.php","meta":{"_acf_changed":false,"_bbp_topic_count":0,"_bbp_reply_count":0,"_bbp_total_topic_count":0,"_bbp_total_reply_count":0,"_bbp_voice_count":0,"_bbp_anonymous_reply_count":0,"_bbp_topic_count_hidden":0,"_bbp_reply_count_hidden":0,"_bbp_forum_subforum_count":0,"footnotes":""},"categories":[],"class_list":["post-300179","page","type-page","status-publish","has-post-thumbnail","hentry"],"acf":{"add_tab":[{"tab_title":"Le\u00edr\u00e1s","tab_content":"Az olajh\u0171t\u00e9ses hidegcsapda-rendszert 110-1150 kV fesz\u00fclts\u00e9g\u0171 teljes\u00edtm\u00e9nytranszform\u00e1torok szil\u00e1rd szigetel\u00e9s\u00e9nek evaku\u00e1l\u00e1s\u00e1ra \u00e9s sz\u00e1r\u00edt\u00e1s\u00e1ra tervezt\u00e9k telep\u00edt\u00e9s, szervizel\u00e9s \u00e9s jav\u00edt\u00e1s sor\u00e1n.\r\n\r\nA v\u00e1kuum hidegcsapda 26 Pa nyom\u00e1snak ellen\u00e1ll\u00f3 transzform\u00e1torokhoz haszn\u00e1lhat\u00f3. A k\u00e9sz\u00fcl\u00e9k alkalmaz\u00e1sa olyan transzform\u00e1torokn\u00e1l, amelyek nem b\u00edrj\u00e1k a 26 Pa nyom\u00e1st, a transzform\u00e1tor gy\u00e1rt\u00f3ja \u00e1ltal enged\u00e9lyezett tart\u00e1ly meger\u0151s\u00edt\u00e9se ut\u00e1n lehets\u00e9ges.\r\n\r\nAz 500 \u00e9s 1150 kV k\u00f6z\u00f6tti fesz\u00fclts\u00e9g\u0171 teljes\u00edtm\u00e9nytranszform\u00e1torok szil\u00e1rd szigetel\u00e9s\u00e9nek sz\u00e1r\u00edt\u00e1sa sor\u00e1n a l\u00e9gk\u00f6ri nyom\u00e1sr\u00f3l 400 Pa-ra t\u00f6rt\u00e9n\u0151 evaku\u00e1l\u00e1s felgyors\u00edthat\u00f3 a k\u00e9sz\u00fcl\u00e9khez csatlakoztatott v\u00e1kuumf\u00fav\u00f3 szekci\u00f3val.\r\n\r\nAz olajh\u0171t\u0151rendszer forr\u00f3 sz\u00e1raz olaj keringet\u00e9s\u00e9vel sz\u00e1r\u00edthatja4 a szil\u00e1rd szigetel\u00e9st. Az olajat el\u0151sz\u00f6r 80-85 \u2070C-ra meleg\u00edtik, majd egy sz\u00e1r\u00edt\u00f3- \u00e9s sz\u0171r\u0151egys\u00e9gen halad \u00e1t. Ennek a m\u00f3dszernek a l\u00e9nyege a nedvess\u00e9g diff\u00fazi\u00f3ja5 a szigetel\u00e9s k\u00fcls\u0151 r\u00e9tegeib\u0151l a sz\u00e1raz olajba, majd a nedvess\u00e9g elt\u00e1vol\u00edt\u00e1sa a sz\u00e1r\u00edt\u00f3egys\u00e9ggel."}],"add_def_tab":[{"tab_title":"M\u0171szaki adatok","tab_content":"<table style=\"height: 1011px;\" width=\"988\">\r\n  <tbody>\r\n    <tr>\r\n      <td width=\"247\"><strong>Param\u00e9ter<\/strong><\/td>\r\n      <td width=\"80\"><strong>\u00c9rt\u00e9k<\/strong><\/td>\r\n    <\/tr>\r\n    <tr>\r\n      <td width=\"247\">A transzform\u00e1tor tart\u00e1ly\u00e1b\u00f3l t\u00f6rt\u00e9n\u0151 g\u0151z\u2010g\u00e1z kever\u00e9k elsz\u00edv\u00e1si sebess\u00e9ge atmoszf\u00e9rikus nyom\u00e1st\u00f3l 400 Pa-ig, liter\/m\u00e1sodperc, min<\/td>\r\n      <td width=\"80\">27\u00d73=81<\/td>\r\n    <\/tr>\r\n    <tr>\r\n      <td width=\"247\">A transzform\u00e1tor tart\u00e1ly\u00e1b\u00f3l t\u00f6rt\u00e9n\u0151 g\u0151z\u2010g\u00e1z kever\u00e9k elsz\u00edv\u00e1si sebess\u00e9ge 400 Pa-t\u00f3l 26 Pa-ig, liter\/m\u00e1sodperc, min<\/td>\r\n      <td width=\"80\">500<\/td>\r\n    <\/tr>\r\n    <tr>\r\n      <td width=\"247\">A v\u00e1kuumszivatty\u00fa \u00e1ltal a transzform\u00e1tor tart\u00e1ly\u00e1ban l\u00e9trehozott marad\u00e9k nyom\u00e1s, max<\/td>\r\n      <td width=\"80\">26<\/td>\r\n    <\/tr>\r\n    <tr>\r\n      <td width=\"247\">Az egys\u00e9g marad\u00e9k nyom\u00e1sa leveg\u0151sziv\u00e1rg\u00e1si teszt sor\u00e1n, Pa, max<\/td>\r\n      <td width=\"80\">4<\/td>\r\n    <\/tr>\r\n    <tr>\r\n      <td width=\"247\">Leveg\u0151sziv\u00e1rg\u00e1s egy \u00f3ra alatt, Pa, max<\/td>\r\n      <td width=\"80\">100<\/td>\r\n    <\/tr>\r\n    <tr>\r\n      <td width=\"247\">V\u00edzg\u0151z kondenz\u00e1ci\u00f3s fel\u00fclet h\u0151m\u00e9rs\u00e9klete, \u00b0\u0421\/\u00b0F, max<\/td>\r\n      <td width=\"80\">-70\/-94<\/td>\r\n    <\/tr>\r\n    <tr>\r\n      <td width=\"247\">A szil\u00e1rd szigetel\u00e9sben marad\u00f3 nedvess\u00e9gtartalom, %, max<\/td>\r\n      <td width=\"80\">1.0<\/td>\r\n    <\/tr>\r\n    <tr>\r\n      <td width=\"247\">Hidegtermel\u0151 kapacit\u00e1s (\u221270\u00b0\u0421\/\u221294\u00b0F eset\u00e9n), W<\/td>\r\n      <td width=\"80\">600<\/td>\r\n    <\/tr>\r\n    <tr>\r\n      <td width=\"247\">Kondenz\u00e1ci\u00f3s fel\u00fclet ter\u00fclete, m\u00b2, min<\/td>\r\n      <td width=\"80\">6.1<\/td>\r\n    <\/tr>\r\n    <tr>\r\n      <td width=\"247\">Leolvaszt\u00f3 rendszer \u00e1ramfogyaszt\u00e1sa, kW<\/td>\r\n      <td width=\"80\">2.1<\/td>\r\n    <\/tr>\r\n    <tr>\r\n      <td width=\"247\">N\u00e9vleges teljes\u00edtm\u00e9ny, kW<\/td>\r\n      <td width=\"80\">21<\/td>\r\n    <\/tr>\r\n    <tr>\r\n      <td width=\"247\">T\u00e1pfesz\u00fclts\u00e9g 50Hz\/60Hz eset\u00e9n, V (teljesen testreszabhat\u00f3 k\u00e9r\u00e9sre)<\/td>\r\n      <td width=\"80\">380<\/td>\r\n    <\/tr>\r\n    <tr>\r\n      <td colspan=\"2\" width=\"327\">M\u00e9retek, mm\/l\u00e1b, max<\/td>\r\n    <\/tr>\r\n    <tr>\r\n      <td width=\"247\">\u2022 hossz \u2022 sz\u00e9less\u00e9g \u2022 magass\u00e1g<\/td>\r\n      <td width=\"80\">1700\/5\u201957\u2019\u2019<br>1600\/5\u201925\u2019\u2019<br>1950\/6\u20194\u2019\u2019<\/td>\r\n    <\/tr>\r\n    <tr>\r\n      <td width=\"247\">T\u00f6meg, kg\/lbs, max<\/td>\r\n      <td width=\"80\">2100\/4,641<\/td>\r\n    <\/tr>\r\n  <\/tbody>\r\n<\/table>\r\n"},{"tab_title":"El\u0151ny\u00f6k","tab_content":"<ul>\r\n \t<li>a v\u00e1kuumszekci\u00f3 v\u00e1kuumszivatty\u00fa f\u0171t\u0151- \u00e9s h\u0171t\u0151berendez\u00e9sekkel van felszerelve, amelyek lehet\u0151v\u00e9 teszik a sz\u00e9les h\u0151m\u00e9rs\u00e9klet-<\/li>\r\n \t<li>tartom\u00e1nyban val\u00f3 m\u0171k\u00f6d\u00e9st teljesen \u00f6n\u00e1ll\u00f3an;<\/li>\r\n \t<li>lap\u00e1tos v\u00e1kuumszivatty\u00fakkal van felszerelve, amelyek nem ig\u00e9nyelnek k\u00fcl\u00f6n f\u0171t\u00e9st vagy h\u0171t\u00e9st, \u00e9s kev\u00e9sb\u00e9 zajosak;<\/li>\r\n \t<li>az \u00f6sszes alkatr\u00e9sz egyetlen keretbe van be\u00e9p\u00edtve.<\/li>\r\n<\/ul>"},{"tab_title":"Alkalmaz\u00e1s","tab_content":"[ezfc id='116' \/]"},{"tab_title":"Konfigur\u00e1tor","tab_content":"https:\/\/www.youtube.com\/live\/hlS5c5XAS44"}],"add_video_tab":[{"video_tab_title":"VIDEO","add_video_id":[{"video_id":"NY4lLAxJLeY"},{"video_id":"MWUnoR3KyZ4"},{"video_id":"noZgD39JGI8"},{"video_id":"y1yta563wVE"}]}],"add_gallery_tab":null,"add_price_tab":[{"price_tab_title":"Get a Quote"}]},"language":"hu","_links":{"self":[{"href":"https:\/\/globecore.dev\/hu\/wp-json\/wp\/v2\/pages\/300179","targetHints":{"allow":["GET"]}}],"collection":[{"href":"https:\/\/globecore.dev\/hu\/wp-json\/wp\/v2\/pages"}],"about":[{"href":"https:\/\/globecore.dev\/hu\/wp-json\/wp\/v2\/types\/page"}],"author":[{"embeddable":true,"href":"https:\/\/globecore.dev\/hu\/wp-json\/wp\/v2\/users\/59"}],"replies":[{"embeddable":true,"href":"https:\/\/globecore.dev\/hu\/wp-json\/wp\/v2\/comments?post=300179"}],"version-history":[{"count":0,"href":"https:\/\/globecore.dev\/hu\/wp-json\/wp\/v2\/pages\/300179\/revisions"}],"up":[{"embeddable":true,"href":"https:\/\/globecore.dev\/hu\/wp-json\/wp\/v2\/pages\/300177"}],"wp:featuredmedia":[{"embeddable":true,"href":"https:\/\/globecore.dev\/hu\/wp-json\/wp\/v2\/media\/300181"}],"wp:attachment":[{"href":"https:\/\/globecore.dev\/hu\/wp-json\/wp\/v2\/media?parent=300179"}],"wp:term":[{"taxonomy":"category","embeddable":true,"href":"https:\/\/globecore.dev\/hu\/wp-json\/wp\/v2\/categories?post=300179"}],"curies":[{"name":"wp","href":"https:\/\/api.w.org\/{rel}","templated":true}]}}