{"id":300178,"date":"2016-04-01T10:39:14","date_gmt":"2016-04-01T10:39:14","guid":{"rendered":"https:\/\/globecore.dev\/sukhovey-air-drying\/"},"modified":"2025-02-25T18:55:23","modified_gmt":"2025-02-25T18:55:23","slug":"sukhovey-air-drying","status":"publish","type":"page","link":"https:\/\/globecore.dev\/hu\/products\/transformer-maintenance\/sukhovey-air-drying\/","title":{"rendered":"Mojave Heat (Sukhovey): H\u0151l\u00e9gsz\u00e1r\u00edt\u00f3 egys\u00e9g"},"content":{"rendered":"","protected":false},"excerpt":{"rendered":"<p>The Mojave Heat hot air dryer unit is designed for drying1 of air and removal of solid particles from atmospheric air, as well as for sorbent drying.<\/p>\n","protected":false},"author":7,"featured_media":300180,"parent":300177,"menu_order":0,"comment_status":"closed","ping_status":"closed","template":"templates\/single-product.php","meta":{"_acf_changed":false,"_bbp_topic_count":0,"_bbp_reply_count":0,"_bbp_total_topic_count":0,"_bbp_total_reply_count":0,"_bbp_voice_count":0,"_bbp_anonymous_reply_count":0,"_bbp_topic_count_hidden":0,"_bbp_reply_count_hidden":0,"_bbp_forum_subforum_count":0,"footnotes":""},"categories":[],"class_list":["post-300178","page","type-page","status-publish","has-post-thumbnail","hentry"],"acf":{"add_tab":[{"tab_title":"Le\u00edr\u00e1s","tab_content":"A Mojave Heat (Sukhovey) forr\u00f3leveg\u0151-sz\u00e1r\u00edt\u00f3 egys\u00e9get sz\u00e1r\u00edt\u00e1sra[mfn]A sz\u00e1r\u00edt\u00e1s olyan anyag\u00e1tad\u00e1si folyamat, amely a v\u00edz vagy m\u00e1s old\u00f3szer elt\u00e1vol\u00edt\u00e1s\u00e1b\u00f3l \u00e1ll, szil\u00e1rd, f\u00e9lszil\u00e1rd vagy foly\u00e9kony anyagb\u00f3l val\u00f3 elp\u00e1rolg\u00e1s \u00fatj\u00e1n.[\/mfn] leveg\u0151b\u0151l \u00e9s szil\u00e1rd r\u00e9szecsk\u00e9k elt\u00e1vol\u00edt\u00e1s\u00e1b\u00f3l a l\u00e9gk\u00f6ri leveg\u0151b\u0151l, valamint szorbensek sz\u00e1r\u00edt\u00e1s\u00e1ra tervezt\u00e9k. A sz\u00e1raz tiszt\u00edtott leveg\u0151 felhaszn\u00e1lhat\u00f3 transzform\u00e1tor[mfn]A transzform\u00e1tor olyan statikus elektromos eszk\u00f6z, amely elektromos energi\u00e1t tov\u00e1bb\u00edt k\u00e9t vagy t\u00f6bb \u00e1ramk\u00f6r k\u00f6z\u00f6tt.[\/mfn] tart\u00e1lyok \u00e9s elektromos berendez\u00e9sek tiszt\u00edt\u00e1s\u00e1ra telep\u00edt\u00e9s, szervizel\u00e9s vagy jav\u00edt\u00e1s sor\u00e1n, hogy megakad\u00e1lyozza a dielektromos szigetel\u00e9s nedvess\u00e9g felhalmoz\u00f3d\u00e1s\u00e1t, mik\u00f6zben a mag szabadon van.\r\n\r\nA k\u00e9sz\u00fcl\u00e9ket k\u00e9t rekeszre osztott f\u00e9mtestk\u00e9nt tervezt\u00e9k. Az egys\u00e9g k\u00e9t f\u00fcggetlen adszorberk\u00e9nt[mfn]Az adszorber olyan k\u00e9sz\u00fcl\u00e9k, amely oldott vagy g\u00e1znem\u0171 anyagok felsz\u00edv\u00e1s\u00e1ra szolg\u00e1l egy szil\u00e1rd anyag, az \u00fagynevezett adszorbens fel\u00fcleti r\u00e9teg\u00e9vel, amelyet nem k\u00eds\u00e9r k\u00e9miai reakci\u00f3[\/mfn], szintetikus zeolit[mfn]A zeolitok mikropor\u00f3zus, alum\u00ednium-szilik\u00e1t \u00e1sv\u00e1nyok, amelyeket \u00e1ltal\u00e1ban kereskedelmi adszorbensk\u00e9nt \u00e9s kataliz\u00e1tork\u00e9nt haszn\u00e1lnak[\/mfn], valamint porsz\u0171r\u0151vel t\u00f6ltve a szil\u00e1rd szennyez\u0151d\u00e9sek leveg\u0151b\u0151l t\u00f6rt\u00e9n\u0151 elt\u00e1vol\u00edt\u00e1s\u00e1ra."}],"add_def_tab":[{"tab_title":"M\u0171szaki adatok","tab_content":"<table>\r\n  <tbody>\r\n    <tr>\r\n      <td width=\"38\"><strong>Param\u00e9ter<\/strong><\/td>\r\n      <td width=\"227\" style=\"text-align: center;\"><strong>Mojave Heat 0.7<\/strong><\/td>\r\n      <td width=\"227\" style=\"text-align: center;\"><strong>Mojave Heat 4<\/strong><\/td>\r\n    <\/tr>\r\n    <tr>\r\n      <td width=\"443\">Sz\u00e1raz leveg\u0151 kapacit\u00e1sa, m<sup>3<\/sup>\/perc, min \/ k\u00f6byard<\/td>\r\n      <td width=\"113\" style=\"text-align: center;\">1.7\/2.223<\/td>\r\n      <td width=\"113\" style=\"text-align: center;\">2.5\/3.27<\/td>\r\n    <\/tr>\r\n    <tr>\r\n      <td width=\"443\">Sz\u00e1raz leveg\u0151 harmatpontja, \u00b0\u0421\/\u00b0F, max<\/td>\r\n      <td width=\"113\" style=\"text-align: center;\">-50\/-58<\/td>\r\n      <td width=\"113\" style=\"text-align: center;\">-50\/-58<\/td>\r\n    <\/tr>\r\n    <tr>\r\n      <td width=\"443\">Sz\u00e1raz leveg\u0151 nyom\u00e1sa, MPa\/bar, max<\/td>\r\n      <td width=\"113\" style=\"text-align: center;\">0.018\/0.18<\/td>\r\n      <td width=\"113\" style=\"text-align: center;\">0.025\/0.25<\/td>\r\n    <\/tr>\r\n    <tr>\r\n      <td width=\"443\">Maxim\u00e1lis sz\u00e1raz leveg\u0151 h\u0151m\u00e9rs\u00e9klet, \u00b0\u0421\/\u00b0F<\/td>\r\n      <td width=\"113\" style=\"text-align: center;\">90\u00b115\/194\u00b127<\/td>\r\n      <td width=\"113\" style=\"text-align: center;\">90\u00b115\/194\u00b127<\/td>\r\n    <\/tr>\r\n    <tr>\r\n      <td width=\"443\">Adszorbens t\u00f6ltet, kg\/lbs, max<\/td>\r\n      <td width=\"113\" style=\"text-align: center;\">190\/419.9<\/td>\r\n      <td width=\"113\" style=\"text-align: center;\">190\/419.9<\/td>\r\n    <\/tr>\r\n    <tr>\r\n      <td width=\"443\">Adsorberek sz\u00e1ma<\/td>\r\n      <td width=\"113\" style=\"text-align: center;\">1<\/td>\r\n      <td width=\"113\" style=\"text-align: center;\">2<\/td>\r\n    <\/tr>\r\n    <tr>\r\n      <td width=\"443\">Zeolit regener\u00e1ci\u00f3s h\u0151m\u00e9rs\u00e9klet, \u00b0\u0421\/\u00b0F, max<\/td>\r\n      <td width=\"113\" style=\"text-align: center;\">430\/806<\/td>\r\n      <td width=\"113\" style=\"text-align: center;\">430\/806<\/td>\r\n    <\/tr>\r\n    <tr>\r\n      <td width=\"443\">L\u00e9gmeleg\u00edt\u0151 teljes\u00edtm\u00e9ny, kW, max<\/td>\r\n      <td width=\"113\" style=\"text-align: center;\">24<\/td>\r\n      <td width=\"113\" style=\"text-align: center;\">24<\/td>\r\n    <\/tr>\r\n    <tr>\r\n      <td colspan=\"3\" width=\"670\">N\u00e9vleges \u00e1ramfogyaszt\u00e1s, kW, max<\/td>\r\n    <\/tr>\r\n    <tr>\r\n      <td width=\"443\">Leveg\u0151sz\u00e1r\u00edt\u00e1s (norm\u00e1l \u00fczemm\u00f3d)<\/td>\r\n      <td width=\"113\" style=\"text-align: center;\">1<\/td>\r\n      <td width=\"113\" style=\"text-align: center;\">5.5<\/td>\r\n    <\/tr>\r\n    <tr>\r\n      <td width=\"443\">Adszorbens regener\u00e1ci\u00f3 egy adsorberben<\/td>\r\n      <td width=\"113\" style=\"text-align: center;\">25<\/td>\r\n      <td width=\"113\" style=\"text-align: center;\">30<\/td>\r\n    <\/tr>\r\n    <tr>\r\n      <td width=\"443\">Adszorbens regener\u00e1ci\u00f3 k\u00e9t adsorber eset\u00e9n<\/td>\r\n      <td width=\"113\" style=\"text-align: center;\">\u2013<\/td>\r\n      <td width=\"113\" style=\"text-align: center;\">55<\/td>\r\n    <\/tr>\r\n    <tr>\r\n      <td width=\"443\">N\u00e9vleges t\u00e1pfesz\u00fclts\u00e9g 50Hz\/60Hz, V<br>(Az elektromos t\u00e1pell\u00e1t\u00e1s teljesen testreszabhat\u00f3 k\u00e9r\u00e9sre)<\/td>\r\n      <td width=\"113\" style=\"text-align: center;\">380<\/td>\r\n      <td width=\"113\" style=\"text-align: center;\">380<\/td>\r\n    <\/tr>\r\n    <tr>\r\n      <td width=\"443\">Kimeneti leveg\u0151 h\u0151m\u00e9rs\u00e9klete a k\u00fcls\u0151 adszorbensek regener\u00e1ci\u00f3j\u00e1hoz, \u00b0\u0421\/\u00b0F, max<\/td>\r\n      <td width=\"113\" style=\"text-align: center;\">430\/806<\/td>\r\n      <td width=\"113\" style=\"text-align: center;\">430\/806<\/td>\r\n    <\/tr>\r\n    <tr>\r\n      <td width=\"443\">Adszorbens regener\u00e1ci\u00f3 id\u0151tartama, \u00f3ra<\/td>\r\n      <td width=\"113\" style=\"text-align: center;\">4<\/td>\r\n      <td width=\"113\" style=\"text-align: center;\">2-4<\/td>\r\n    <\/tr>\r\n    <tr>\r\n      <td width=\"443\">Sz\u00e1raz leveg\u0151 sz\u0171r\u00e9si finoms\u00e1ga, mikron<\/td>\r\n      <td width=\"113\" style=\"text-align: center;\">5<\/td>\r\n      <td width=\"113\" style=\"text-align: center;\">5<\/td>\r\n    <\/tr>\r\n    <tr>\r\n      <td colspan=\"3\" width=\"670\">M\u00e9retek, mm\/in, max:<\/td>\r\n    <\/tr>\r\n    <tr>\r\n      <td width=\"443\">\u2022 hossz\u00fas\u00e1g<\/td>\r\n      <td width=\"113\" style=\"text-align: center;\">1350 (53)<\/td>\r\n      <td width=\"113\" style=\"text-align: center;\">1500 (59)<\/td>\r\n    <\/tr>\r\n    <tr>\r\n      <td width=\"443\">\u2022 sz\u00e9less\u00e9g<\/td>\r\n      <td width=\"113\" style=\"text-align: center;\">800 (32)<\/td>\r\n      <td width=\"113\" style=\"text-align: center;\">1120 (44)<\/td>\r\n    <\/tr>\r\n    <tr>\r\n      <td width=\"443\">\u2022 magass\u00e1g<\/td>\r\n      <td width=\"113\" style=\"text-align: center;\">1700 (67)<\/td>\r\n      <td width=\"113\" style=\"text-align: center;\">2120 (83)<\/td>\r\n    <\/tr>\r\n    <tr>\r\n      <td width=\"443\">T\u00f6meg, kg\/lbs, max<\/td>\r\n      <td width=\"113\" style=\"text-align: center;\">550 (1210)<\/td>\r\n      <td width=\"113\" style=\"text-align: center;\">1050 (2315)<\/td>\r\n    <\/tr>\r\n  <\/tbody>\r\n<\/table>\r\n"},{"tab_title":"El\u0151ny\u00f6k","tab_content":"<ul>\r\n \t<li>v\u00e9di a szigetel\u0151rendszert a nedvess\u00e9gt\u0151l;\r\na nyom\u00e1smentes\u00edt\u00e9st t\u00f6bb l\u00e9p\u00e9sben, a<\/li>\r\n \t<li>transzform\u00e1tor teljes \u00f6sszeszerel\u00e9s\u00e9vel v\u00e9gzi;<\/li>\r\n \t<li>megakad\u00e1lyozza a transzform\u00e1tor felmeleged\u00e9s\u00e9t.<\/li>\r\n<\/ul>"},{"tab_title":"Alkalmaz\u00e1s","tab_content":"A GlobeCore Mojave Heat egys\u00e9g haszn\u00e1lhat\u00f3:\r\n\r\nk\u00e1belsz\u00e1r\u00edt\u00e1s;\r\nteljes\u00edtm\u00e9nytranszform\u00e1torok kisz\u00e1r\u00edt\u00e1sa;\r\nteljes\u00edtm\u00e9nytranszform\u00e1tor v\u00e9delme a nedvess\u00e9gt\u0151l;\r\nzeolit regener\u00e1l\u00e1s\u00e1hoz;\r\nsz\u00f6vetsz\u00e1r\u00edt\u00e1s;\r\nb\u0151rsz\u00e1r\u00edt\u00e1s;\r\nvet\u0151magsz\u00e1r\u00edt\u00e1s;\r\ngy\u00fcm\u00f6lcssz\u00e1r\u00edt\u00e1s;\r\nz\u00f6lds\u00e9gsz\u00e1r\u00edt\u00e1s;\r\nragaszt\u00f3sz\u00e1r\u00edt\u00e1s;\r\nsz\u0151l\u0151sz\u00e1r\u00edt\u00e1s;\r\ntalajsz\u00e1r\u00edt\u00e1s;\r\nt\u00e9glasz\u00e1r\u00edt\u00e1s;\r\nagyagsz\u00e1r\u00edt\u00e1s;\r\nfest\u00e9ksz\u00e1r\u00edt\u00e1s;\r\ndoh\u00e1nysz\u00e1r\u00edt\u00e1s;\r\nmint\u00e1k sz\u00e1r\u00edt\u00e1sa;\r\ngabonasz\u00e1r\u00edt\u00e1s;\r\nfasz\u00e1r\u00edt\u00e1s;\r\nbiomassza sz\u00e1r\u00edt\u00e1sa;\r\nh\u00fassz\u00e1r\u00edt\u00e1s;\r\nhalsz\u00e1r\u00edt\u00e1s;\r\npap\u00edrsz\u00e1r\u00edt\u00e1s;\r\n\u00e9p\u00fcletsz\u00e1r\u00edt\u00e1s;\r\nhullad\u00e9ksz\u00e1r\u00edt\u00e1s;\r\nm\u0171anyag sz\u00e1r\u00edt\u00e1s;\r\nbetonsz\u00e1r\u00edt\u00e1s;\r\nker\u00e1miasz\u00e1r\u00edt\u00e1s."},{"tab_title":"Konfigur\u00e1tor","tab_content":"[ezfc id='20' \/]"},{"tab_title":"Webin\u00e1riumok","tab_content":"https:\/\/www.youtube.com\/live\/hlS5c5XAS44"},{"tab_title":"Payback Period","tab_content":"[ezfc id='106' \/]"}],"add_video_tab":[{"video_tab_title":"Video","add_video_id":[{"video_id":"eyOUIFwYjwk"},{"video_id":"GUmeBPIE5e0"},{"video_id":"CK-MoSxmpv0"},{"video_id":"-OFf8VU6238"},{"video_id":"noZgD39JGI8"}]}],"add_gallery_tab":[{"gallery_tab_title":"Gallery","add_img":[1469,1472,13493,13490]}],"add_price_tab":[{"price_tab_title":"Get a Quote"}]},"language":"hu","_links":{"self":[{"href":"https:\/\/globecore.dev\/hu\/wp-json\/wp\/v2\/pages\/300178","targetHints":{"allow":["GET"]}}],"collection":[{"href":"https:\/\/globecore.dev\/hu\/wp-json\/wp\/v2\/pages"}],"about":[{"href":"https:\/\/globecore.dev\/hu\/wp-json\/wp\/v2\/types\/page"}],"author":[{"embeddable":true,"href":"https:\/\/globecore.dev\/hu\/wp-json\/wp\/v2\/users\/7"}],"replies":[{"embeddable":true,"href":"https:\/\/globecore.dev\/hu\/wp-json\/wp\/v2\/comments?post=300178"}],"version-history":[{"count":0,"href":"https:\/\/globecore.dev\/hu\/wp-json\/wp\/v2\/pages\/300178\/revisions"}],"up":[{"embeddable":true,"href":"https:\/\/globecore.dev\/hu\/wp-json\/wp\/v2\/pages\/300177"}],"wp:featuredmedia":[{"embeddable":true,"href":"https:\/\/globecore.dev\/hu\/wp-json\/wp\/v2\/media\/300180"}],"wp:attachment":[{"href":"https:\/\/globecore.dev\/hu\/wp-json\/wp\/v2\/media?parent=300178"}],"wp:term":[{"taxonomy":"category","embeddable":true,"href":"https:\/\/globecore.dev\/hu\/wp-json\/wp\/v2\/categories?post=300178"}],"curies":[{"name":"wp","href":"https:\/\/api.w.org\/{rel}","templated":true}]}}