{"id":300169,"date":"2021-07-02T05:38:00","date_gmt":"2021-07-02T05:38:00","guid":{"rendered":"https:\/\/globecore.dev\/products\/online-transformer-monitoring-systems\/system-for-transformers-online-diagnostic-and-oil-online-processing-tor-5\/"},"modified":"2025-02-26T08:16:03","modified_gmt":"2025-02-26T08:16:03","slug":"system-for-transformers-online-diagnostic-and-oil-online-processing-tor-5","status":"publish","type":"page","link":"https:\/\/globecore.dev\/hu\/products\/online-transformer-monitoring-systems\/system-for-transformers-online-diagnostic-and-oil-online-processing-tor-5\/","title":{"rendered":"TOR-5 Online transzform\u00e1tor fel\u00fcgyeleti rendszer"},"content":{"rendered":"","protected":false},"excerpt":{"rendered":"","protected":false},"author":7,"featured_media":299628,"parent":300112,"menu_order":0,"comment_status":"closed","ping_status":"closed","template":"templates\/single-product.php","meta":{"_acf_changed":false,"_bbp_topic_count":0,"_bbp_reply_count":0,"_bbp_total_topic_count":0,"_bbp_total_reply_count":0,"_bbp_voice_count":0,"_bbp_anonymous_reply_count":0,"_bbp_topic_count_hidden":0,"_bbp_reply_count_hidden":0,"_bbp_forum_subforum_count":0,"footnotes":""},"categories":[],"class_list":["post-300169","page","type-page","status-publish","has-post-thumbnail","hentry"],"acf":{"add_tab":[{"tab_title":"Le\u00edr\u00e1s","tab_content":"Diagnosztikai \u00fczemm\u00f3d\r\n\r\nA transzform\u00e1torok \u00e1llapot\u00e1nak diagnosztikai \u00e9rt\u00e9kel\u00e9s\u00e9re szolg\u00e1l\u00f3 GlobeCore technol\u00f3gia n\u00e9h\u00e1ny param\u00e9ter \u00e9rz\u00e9kel\u0151kkel t\u00f6rt\u00e9n\u0151 m\u00e9r\u00e9s\u00e9n, m\u00e1s fontos param\u00e9terek ezen adatok alapj\u00e1n t\u00f6rt\u00e9n\u0151 kisz\u00e1m\u00edt\u00e1s\u00e1n \u00e9s az \u00f6sszes eredm\u00e9ny v\u00e9gfelhaszn\u00e1l\u00f3nak t\u00f6rt\u00e9n\u0151 tov\u00e1bb\u00edt\u00e1s\u00e1n alapul.\r\n\r\nA transzform\u00e1tor param\u00e9tereinek online m\u00e9r\u00e9si eredm\u00e9nyeinek \u00e9rtelmez\u00e9se a webes alkalmaz\u00e1sban \u00e9rhet\u0151 el. Mindig l\u00e1thatjuk, hogy a m\u00e9rt \u00e9s a sz\u00e1m\u00edtott \u00e9rt\u00e9kek milyen tartom\u00e1nyon bel\u00fcl vannak. Kritikus k\u00e1rosod\u00e1sok azonban napok \u00e9s \u00f3r\u00e1k alatt is kialakulhatnak, \u00e9s ha a param\u00e9terek roml\u00e1s\u00e1t egy szabadnapon \u00e9szlelj\u00fck, vagy a transzform\u00e1tor nagyon messze van, lehet, hogy soha nem lesz lehet\u0151s\u00e9g\u00fcnk az olaj tiszt\u00edt\u00e1s\u00e1ra \u00e9s sz\u00e1r\u00edt\u00e1s\u00e1ra. A TOR-5 egys\u00e9g kifejezetten az ilyen esetekre van felszerelve a szigetel\u0151olaj sz\u00e1r\u00edt\u00e1s\u00e1ra \u00e9s sz\u0171r\u00e9s\u00e9re szolg\u00e1l\u00f3 rendszerrel. Amikor a transzform\u00e1tor param\u00e9terei el\u00e9rik a kezel\u0151 \u00e1ltal be\u00e1ll\u00edtott \u00e9rt\u00e9keket, a TOR-5 automatikusan \u00e1tv\u00e1lt a diagnosztikai ki\u00e9rt\u00e9kel\u00e9si \u00fczemm\u00f3db\u00f3l a szigetel\u0151olaj sz\u0171r\u00e9si \u00e9s sz\u00e1r\u00edt\u00e1si \u00fczemm\u00f3dba.\r\n\r\nA GlobeCore fel\u00fcgyeleti technika a szigetel\u0151olaj relat\u00edv p\u00e1ratartalm\u00e1nak felhaszn\u00e1l\u00e1s\u00e1n alapul. A k\u00f6rnyezetb\u0151l v\u00edz ker\u00fclhet a transzform\u00e1torba, p\u00e9ld\u00e1ul t\u00f6m\u00edt\u00e9ssziv\u00e1rg\u00e1s miatt; ez\u00e9rt a TOR-5 rendszer a k\u00f6vetkez\u0151 param\u00e9tereket m\u00e9ri \u00e9rz\u00e9kel\u0151k seg\u00edts\u00e9g\u00e9vel percenk\u00e9nt egyszer, a nap 24 \u00f3r\u00e1j\u00e1ban, a h\u00e9t minden napj\u00e1n:\r\n\r\na transzform\u00e1tor fels\u0151 \u00e9s als\u00f3 olaj\u00e1nak h\u0151m\u00e9rs\u00e9klete;\r\nakt\u00edv v\u00edz a transzform\u00e1tor fels\u0151 \u00e9s als\u00f3 olaj\u00e1ban;\r\na transzform\u00e1tor fels\u0151 \u00e9s als\u00f3 olaj\u00e1nak relat\u00edv p\u00e1ratartalma;\r\na k\u00f6rnyezeti leveg\u0151 h\u0151m\u00e9rs\u00e9klete;\r\na k\u00f6rnyezeti leveg\u0151 relat\u00edv p\u00e1ratartalma.\r\n\r\nEgy nagy pontoss\u00e1g\u00fa higi"}],"add_def_tab":[{"tab_title":"M\u0171szaki adatok","tab_content":"<table>\r\n<tbody>\r\n<tr>\r\n<td style=\"text-align: center;\" width=\"385\"><strong>Elem<\/strong><\/td>\r\n<td style=\"text-align: center;\" width=\"224\"><strong>\u00c9rt\u00e9k<\/strong><\/td>\r\n<\/tr>\r\n<tr>\r\n<td width=\"385\">Teljes\u00edtm\u00e9ny, L\/h<\/td>\r\n<td width=\"224\">\r\n<p style=\"text-align: center;\">30<\/p>\r\n<\/td>\r\n<\/tr>\r\n<tr>\r\n<td width=\"385\">Felsz\u00edv\u00f3dott v\u00edz mennyis\u00e9ge, L<\/td>\r\n<td width=\"224\">\r\n<p style=\"text-align: center;\">9<\/p>\r\n<\/td>\r\n<\/tr>\r\n<tr>\r\n<td width=\"385\">Adszorberben l\u00e9v\u0151 adszorbens mennyis\u00e9ge, kg<\/td>\r\n<td width=\"224\">\r\n<p style=\"text-align: center;\">21<\/p>\r\n<\/td>\r\n<\/tr>\r\n<tr>\r\n<td width=\"385\">Kimeneti nyom\u00e1s, bar<\/td>\r\n<td width=\"224\">\r\n<p style=\"text-align: center;\">2<\/p>\r\n<\/td>\r\n<\/tr>\r\n<tr>\r\n<td width=\"385\">Olaj etet\u00e9si magass\u00e1g a kimeneti csatlakoz\u00f3hoz k\u00e9pest, m<\/td>\r\n<td width=\"224\">\r\n<p style=\"text-align: center;\">20<\/p>\r\n<\/td>\r\n<\/tr>\r\n<tr>\r\n<td width=\"385\">Maxim\u00e1lis teljes\u00edtm\u00e9nyig\u00e9ny, W, legfeljebb<\/td>\r\n<td width=\"224\">\r\n<p style=\"text-align: center;\">2000<\/p>\r\n<\/td>\r\n<\/tr>\r\n<tr>\r\n<td width=\"385\"><strong>T\u00e1pell\u00e1t\u00e1si param\u00e9terek<\/strong><\/td>\r\n<td width=\"224\"><\/td>\r\n<\/tr>\r\n<tr>\r\n<td width=\"385\">F\u00e1zisok sz\u00e1ma<\/td>\r\n<td width=\"224\">\r\n<p style=\"text-align: center;\">3p+1N+PE<\/p>\r\n<\/td>\r\n<\/tr>\r\n<tr>\r\n<td width=\"385\">Fesz\u00fclts\u00e9g, V<\/td>\r\n<td width=\"224\">\r\n<p style=\"text-align: center;\">380<\/p>\r\n<\/td>\r\n<\/tr>\r\n<tr>\r\n<td width=\"385\">AC frekvencia, Hz<\/td>\r\n<td width=\"224\">\r\n<p style=\"text-align: center;\">50<\/p>\r\n<\/td>\r\n<\/tr>\r\n<tr>\r\n<td width=\"385\"><strong>Csatlakoz\u00e1si m\u00e9retek<\/strong><\/td>\r\n<td width=\"224\"><\/td>\r\n<\/tr>\r\n<tr>\r\n<td width=\"385\">Olaj bemenete, DN<\/td>\r\n<td width=\"224\">\r\n<p style=\"text-align: center;\">20<\/p>\r\n<\/td>\r\n<\/tr>\r\n<tr>\r\n<td width=\"385\">Olaj kimenete, DN<\/td>\r\n<td width=\"224\">\r\n<p style=\"text-align: center;\">20<\/p>\r\n<\/td>\r\n<\/tr>\r\n<tr>\r\n<td width=\"385\"><strong>M\u00e9retek, legfeljebb<\/strong><\/td>\r\n<td width=\"224\"><\/td>\r\n<\/tr>\r\n<tr>\r\n<td width=\"385\">Hossz, mm<\/td>\r\n<td width=\"224\">\r\n<p style=\"text-align: center;\">1,541<\/p>\r\n<\/td>\r\n<\/tr>\r\n<tr>\r\n<td width=\"385\">Sz\u00e9less\u00e9g, mm<\/td>\r\n<td width=\"224\">\r\n<p style=\"text-align: center;\">552<\/p>\r\n<\/td>\r\n<\/tr>\r\n<tr>\r\n<td width=\"385\">Magass\u00e1g, mm<\/td>\r\n<td width=\"224\">\r\n<p style=\"text-align: center;\">1955<\/p>\r\n<\/td>\r\n<\/tr>\r\n<tr>\r\n<td width=\"385\">T\u00f6meg, kg, legfeljebb<\/td>\r\n<td width=\"224\">\r\n<p style=\"text-align: center;\">435<\/p>\r\n<\/td>\r\n<\/tr>\r\n<\/tbody>\r\n<\/table>"},{"tab_title":"El\u0151ny\u00f6k","tab_content":"<ul>\r\n \t<li style=\"text-align: justify;\">A rendszer alacsony relat\u00edv k\u00f6lts\u00e9ge. Az \u00faj transzform\u00e1torok \u00e1ra \u00e9s a m\u0171k\u00f6d\u0151 transzform\u00e1torok v\u00e9szhelyzeti meghib\u00e1sod\u00e1sa \u00e1ltal okozott vesztes\u00e9gek el\u00e9rik a t\u00f6bb sz\u00e1zezer \u00e9s milli\u00f3 doll\u00e1rt. A TOR-5 rendszer k\u00f6lts\u00e9gei pedig csak egy kis r\u00e9sz\u00e9t teszik ki ezeknek a kiad\u00e1soknak, ami a beszerz\u00e9st \u00e9s haszn\u00e1lat\u00e1t nyeres\u00e9ges befektet\u00e9ss\u00e9 teszi.\r\nA rendszer h\u00e1rom kih\u00edv\u00e1st old meg: a transzform\u00e1torok fontos param\u00e9tereinek online meghat\u00e1roz\u00e1s\u00e1t, a szigetel\u0151olaj sz\u0171r\u00e9s\u00e9t \u00e9s sz\u00e1r\u00edt\u00e1s\u00e1t, valamint a felhaszn\u00e1l\u00f3 azonnali t\u00e1j\u00e9koztat\u00e1s\u00e1t a transzform\u00e1tor m\u0171k\u00f6d\u00e9s\u00e9r\u0151l \u00e9s m\u0171k\u00f6d\u00e9s\u00e9r\u0151l.\r\nA TOR-5 rendszer alkalmas \u00faj \u00e9s el\u00f6regedett olajjal t\u00f6lt\u00f6tt transzform\u00e1torok, valamint t\u00f6bbc\u00e9l\u00fa transzform\u00e1torok szervizel\u00e9s\u00e9re.\r\nKompakt m\u00e9ret. A rendszer a hat\u00e9kony m\u0171k\u00f6d\u00e9shez sz\u00fcks\u00e9ges minim\u00e1lis sz\u00e1m\u00fa alkatr\u00e9szb\u0151l \u00e1ll, amelyek egyetlen 115 centim\u00e9ter sz\u00e9les, 208 centim\u00e9ter magas \u00e9s 35 centim\u00e9ter hossz\u00fa h\u00e1zban vannak elhelyezve.\r\nA rendszer \u00e9lettartama a transzform\u00e1tor \u00e9lettartam\u00e1val ar\u00e1nyos, mivel minden alkatr\u00e9sz megb\u00edzhat\u00f3an v\u00e9dve van a s\u00e9r\u00fcl\u00e9sekt\u0151l \u00e9s a l\u00e9gk\u00f6ri csapad\u00e9kt\u00f3l.\r\nA webes alkalmaz\u00e1s k\u00e9nyelmes haszn\u00e1lata. A weblapon az egyes al\u00e1llom\u00e1sok \u00e9s transzform\u00e1torok list\u00e1ja jelenik meg. A program a transzform\u00e1torok t\u00e9rk\u00e9pen t\u00f6rt\u00e9n\u0151 megjelen\u00edt\u00e9s\u00e9t is tartalmazza, a m\u00e9r\u00e9sek \u00e9s sz\u00e1m\u00edt\u00e1sok grafikonok \u00e9s diagramok form\u00e1j\u00e1ban t\u00f6rt\u00e9n\u0151 \u00e1br\u00e1zol\u00e1s\u00e1val. Egy objektum kiv\u00e1laszt\u00e1s\u00e1val teljes k\u00f6r\u0171 inform\u00e1ci\u00f3t kaphatunk az olaj \u00e1llapot\u00e1r\u00f3l a TOR-5 rendszer telep\u00edt\u00e9se ut\u00e1ni teljes id\u0151szakra vonatkoz\u00f3an a transzform\u00e1tor k\u00f6zel\u00e9ben.<\/li>\r\n<\/ul>"},{"tab_title":"Alkalmaz\u00e1s","tab_content":"A TOR-5 GlobeCore rendszer haszn\u00e1lhat\u00f3:\r\n\r\na villamosenergia-h\u00e1l\u00f3zat eloszt\u00f3 transzform\u00e1torainak fel\u00fcgyelet\u00e9re;\r\na villamos er\u0151m\u0171vek transzform\u00e1torainak fel\u00fcgyelete;\r\nvillamos vonatok vontat\u00e1si transzform\u00e1torainak megfigyel\u00e9se;\r\nb\u00e1ny\u00e1szati teljes\u00edtm\u00e9nytranszform\u00e1torok fel\u00fcgyelete;\r\ntengeri transzform\u00e1torok fel\u00fcgyelete;\r\nelektromos s\u00fct\u0151transzform\u00e1torok fel\u00fcgyelete;\r\na sz\u00e9ler\u0151m\u0171vek felhajt\u00f3 transzform\u00e1torainak fel\u00fcgyelete;\r\naz olaj- \u00e9s g\u00e1zipari transzform\u00e1torok fel\u00fcgyelete, amelyeket az olaj- \u00e9s g\u00e1zkitermel\u0151 komplexumokban haszn\u00e1lnak az extra nagy teljes\u00edtm\u00e9ny\u0171 berendez\u00e9sek m\u0171k\u00f6dtet\u00e9s\u00e9re;\r\na rep\u00fcl\u0151tereken a vil\u00e1g\u00edt\u00e1s, a navig\u00e1ci\u00f3s rendszerek \u00e9s m\u00e1s kritikus berendez\u00e9sek m\u0171k\u00f6dtet\u00e9s\u00e9re haszn\u00e1lt transzform\u00e1torok fel\u00fcgyelete;\r\na mez\u0151gazdas\u00e1gi \u00e1gazatban a szivatty\u00fak \u00e9s m\u00e1s berendez\u00e9sek m\u0171k\u00f6dtet\u00e9s\u00e9re haszn\u00e1lt \u00f6nt\u00f6z\u0151rendszerek transzform\u00e1torainak fel\u00fcgyelete a nagy szabadt\u00e9ri ter\u00fcleteken;\r\naz eg\u00e9szs\u00e9g\u00fcgyi int\u00e9zm\u00e9nyekben haszn\u00e1lt transzform\u00e1torok fel\u00fcgyelete a stabil \u00e1ramell\u00e1t\u00e1st ig\u00e9nyl\u0151 orvosi berendez\u00e9sek m\u0171k\u00f6dtet\u00e9s\u00e9hez;\r\na vas\u00fati jelz\u0151- \u00e9s kommunik\u00e1ci\u00f3s rendszerekben haszn\u00e1lt transzform\u00e1torok fel\u00fcgyelete a vas\u00fati biztons\u00e1gi \u00e9s kommunik\u00e1ci\u00f3s rendszerek energiaell\u00e1t\u00e1sa \u00e9rdek\u00e9ben;\r\na metr\u00f3ban haszn\u00e1lt transzform\u00e1torok fel\u00fcgyelete a f\u00f6ldalatti \u00e1ramell\u00e1t\u00f3 rendszerek, bele\u00e9rtve a vil\u00e1g\u00edt\u00e1st, a szell\u0151ztet\u0151 rendszereket \u00e9s a mozg\u00f3l\u00e9pcs\u0151hajt\u00e1sokat;\r\na tengeri kik\u00f6t\u0151i infrastrukt\u00fara transzform\u00e1torainak fel\u00fcgyelete, amelyeket a tengeri daruk, dokkrakod\u00f3k \u00e9s egy\u00e9b v\u00edzparti berendez\u00e9sek m\u0171k\u00f6dtet\u00e9s\u00e9re haszn\u00e1lnak;\r\na v\u00edztiszt\u00edt\u00f3 telepek transzform\u00e1torainak fel\u00fcgyelete, amelyek a szivatty\u00fakat, a leveg\u0151ztet\u0151 rendszereket \u00e9s a v\u00edzkezel\u00e9shez haszn\u00e1lt egy\u00e9b berendez\u00e9seket t\u00e1pl\u00e1lj\u00e1k;"},{"tab_title":"Konfigur\u00e1tor","tab_content":"[ezfc id='17' \/]"},{"tab_title":"Webin\u00e1riumok","tab_content":"https:\/\/www.youtube.com\/live\/0Q_TJKAz-UU"},{"tab_title":"Payback period","tab_content":"[ezfc id='95' \/]"}],"add_video_tab":[{"video_tab_title":"Video","add_video_id":[{"video_id":"dRekSgwBs-s"},{"video_id":"HdbgCgKqfKM"},{"video_id":"4LfqW0AJqF0"},{"video_id":"v4tZqGJEyF0"},{"video_id":"E7QMcfa1XJ4"}]}],"add_gallery_tab":[{"gallery_tab_title":"Gallery","add_img":[146863,146877,146891]}],"add_price_tab":[{"price_tab_title":"Get a quote"}]},"language":"hu","_links":{"self":[{"href":"https:\/\/globecore.dev\/hu\/wp-json\/wp\/v2\/pages\/300169","targetHints":{"allow":["GET"]}}],"collection":[{"href":"https:\/\/globecore.dev\/hu\/wp-json\/wp\/v2\/pages"}],"about":[{"href":"https:\/\/globecore.dev\/hu\/wp-json\/wp\/v2\/types\/page"}],"author":[{"embeddable":true,"href":"https:\/\/globecore.dev\/hu\/wp-json\/wp\/v2\/users\/7"}],"replies":[{"embeddable":true,"href":"https:\/\/globecore.dev\/hu\/wp-json\/wp\/v2\/comments?post=300169"}],"version-history":[{"count":0,"href":"https:\/\/globecore.dev\/hu\/wp-json\/wp\/v2\/pages\/300169\/revisions"}],"up":[{"embeddable":true,"href":"https:\/\/globecore.dev\/hu\/wp-json\/wp\/v2\/pages\/300112"}],"wp:featuredmedia":[{"embeddable":true,"href":"https:\/\/globecore.dev\/hu\/wp-json\/wp\/v2\/media\/299628"}],"wp:attachment":[{"href":"https:\/\/globecore.dev\/hu\/wp-json\/wp\/v2\/media?parent=300169"}],"wp:term":[{"taxonomy":"category","embeddable":true,"href":"https:\/\/globecore.dev\/hu\/wp-json\/wp\/v2\/categories?post=300169"}],"curies":[{"name":"wp","href":"https:\/\/api.w.org\/{rel}","templated":true}]}}