{"id":300105,"date":"2024-01-22T12:05:41","date_gmt":"2024-01-22T12:05:41","guid":{"rendered":"https:\/\/globecore.dev\/products\/online-transformer-dry-out-systems\/tor-4-online-transformer-dry-out-system\/"},"modified":"2025-02-25T15:34:37","modified_gmt":"2025-02-25T15:34:37","slug":"tor-4-online-transformer-dry-out-system","status":"publish","type":"page","link":"https:\/\/globecore.dev\/hu\/products\/online-transformer-dry-out-systems\/tor-4-online-transformer-dry-out-system\/","title":{"rendered":"TOR-4 Online transzform\u00e1tor-sz\u00e1r\u00edt\u00e1si rendszer"},"content":{"rendered":"","protected":false},"excerpt":{"rendered":"","protected":false},"author":7,"featured_media":300113,"parent":298666,"menu_order":0,"comment_status":"closed","ping_status":"closed","template":"templates\/single-product.php","meta":{"_acf_changed":false,"_bbp_topic_count":0,"_bbp_reply_count":0,"_bbp_total_topic_count":0,"_bbp_total_reply_count":0,"_bbp_voice_count":0,"_bbp_anonymous_reply_count":0,"_bbp_topic_count_hidden":0,"_bbp_reply_count_hidden":0,"_bbp_forum_subforum_count":0,"footnotes":""},"categories":[2177],"class_list":["post-300105","page","type-page","status-publish","has-post-thumbnail","hentry","category-zeolite-oil-drying-units-hu"],"acf":{"add_tab":[{"tab_title":"Le\u00edr\u00e1s","tab_content":"A TOR-4 transzform\u00e1torolaj-sz\u00e1r\u00edt\u00f3 egys\u00e9get \u00fagy tervezt\u00e9k, hogy elt\u00e1vol\u00edtsa a vizet a transzform\u00e1torb\u00f3l, \u00e9s sz\u00e1razon tartsa azt a h\u0151m\u00e9rs\u00e9klett\u0151l \u00e9s az olajban l\u00e9v\u0151 v\u00edz \u00e1llapot\u00e1t\u00f3l f\u00fcggetlen\u00fcl.\r\n\r\nM\u0171k\u00f6d\u00e9si k\u00f6rnyezeti felt\u00e9telek:\r\n\r\n(+5 \u00e9s +40)\u00b0C k\u00f6z\u00f6tti k\u00f6rnyezeti h\u0151m\u00e9rs\u00e9klet;\r\nl\u00e9gk\u00f6ri nyom\u00e1s 84-106,7 kPa (630-800 mm. Hg.);\r\ntengerszint feletti magass\u00e1g legfeljebb 2000 m;\r\nszabad leveg\u0151n, lombkorona alatt;\r\nbelt\u00e9rben szell\u0151ztet\u00e9ssel.\r\nM\u0171k\u00f6d\u00e9si elv\r\n\r\nA TOR-4 online transzform\u00e1torsz\u00e1r\u00edt\u00f3 rendszer zeolit-szorbenssel t\u00f6lt\u00f6tt adszorberekkel van felszerelve, amelyek elnyelik a v\u00edzmolekul\u00e1kat, mik\u00f6zben a kezelt folyad\u00e9k \u00e1thalad rajtuk.\r\n\r\nSz\u00fcks\u00e9g eset\u00e9n az adszorberek k\u00f6nnyen sz\u00e9tszerelhet\u0151k \u00e9s \u00fajakra cser\u00e9lhet\u0151k, vagy a szorbens a BRPS (BRZ) zeolit regener\u00e1l\u00f3 egys\u00e9ggel \u00fajra aktiv\u00e1lhat\u00f3.\r\n\r\nA rendszer merev vagy rugalmas cs\u0151vezet\u00e9kkel csatlakozik a transzform\u00e1torhoz. A transzform\u00e1torb\u00f3l egy szivatty\u00fa pump\u00e1lja az olajat a sz\u0171r\u0151n kereszt\u00fcl, majd az adszorbereken (ahol az olajb\u00f3l elt\u00e1vol\u00edtj\u00e1k a nedvess\u00e9get) \u00e9s a sz\u0171r\u0151n kereszt\u00fcl visszapump\u00e1lja a transzform\u00e1torba.\r\n\r\nA rendszer m\u0171k\u00f6d\u00e9s\u00e9t egy logikai vez\u00e9rl\u0151 ellen\u0151rzi. A vez\u00e9rl\u0151 kijelzi az olaj nedvess\u00e9gtartalm\u00e1t a sz\u00e1r\u00edt\u00e1s el\u0151tt \u00e9s ut\u00e1n, a sz\u0171r\u0151n l\u00e9v\u0151 nyom\u00e1st \u00e9s a befecskendez\u0151 szivatty\u00fa m\u0171k\u00f6d\u00e9s\u00e9t.\r\n\r\nA transzform\u00e1tor sziv\u00e1rg\u00e1s elleni v\u00e9delme \u00e9rdek\u00e9ben a transzform\u00e1torban l\u00e9v\u0151 olajszintet ellen\u0151rzik. Az el\u0151\u00edrt szintet a vez\u00e9rl\u0151 \u00e1ll\u00edtja be \u00e9s tartja fenn. Olajsziv\u00e1rg\u00e1s eset\u00e9n automatikus szelepek z\u00e1rj\u00e1k el az olaj \u00e1raml\u00e1s\u00e1t a transzform\u00e1torb\u00f3l, \u00e9s a TOR-4 rendszer le\u00e1ll."}],"add_def_tab":[{"tab_title":"M\u0171szaki adatok","tab_content":"<table width=\"100%\">\r\n<tbody>\r\n<tr>\r\n<td width=\"5%\"><strong>\u2116<\/strong><\/td>\r\n<td width=\"81%\">\r\n<p style=\"text-align: center;\"><strong>Param\u00e9ter<\/strong><\/p>\r\n<\/td>\r\n<td width=\"13%\">\r\n<p style=\"text-align: center;\"><strong>\u00c9rt\u00e9k<\/strong><\/p>\r\n<\/td>\r\n<\/tr>\r\n<tr>\r\n<td width=\"5%\">1<\/td>\r\n<td width=\"81%\">Kapacit\u00e1s sz\u00e1r\u00edt\u00e1si \u00fczemm\u00f3dban, liter\/\u00f3ra<\/td>\r\n<td width=\"13%\">\r\n<p style=\"text-align: center;\">30<\/p>\r\n<\/td>\r\n<\/tr>\r\n<tr>\r\n<td width=\"5%\">2<\/td>\r\n<td width=\"81%\">Absorb\u00e1lt v\u00edzmennyis\u00e9g, liter<\/td>\r\n<td width=\"13%\">\r\n<p style=\"text-align: center;\">9<\/p>\r\n<\/td>\r\n<\/tr>\r\n<tr>\r\n<td width=\"5%\">3<\/td>\r\n<td width=\"81%\">Sorbens terhel\u00e9s oszloponk\u00e9nt, kg<\/td>\r\n<td width=\"13%\">\r\n<p style=\"text-align: center;\">21<\/p>\r\n<\/td>\r\n<\/tr>\r\n<tr>\r\n<td width=\"5%\">4<\/td>\r\n<td width=\"81%\">Kimeneti nyom\u00e1s, bar<\/td>\r\n<td width=\"13%\">\r\n<p style=\"text-align: center;\">2<\/p>\r\n<\/td>\r\n<\/tr>\r\n<tr>\r\n<td width=\"5%\">5<\/td>\r\n<td width=\"81%\">Kimeneti fej, m<\/td>\r\n<td width=\"13%\">\r\n<p style=\"text-align: center;\">20<\/p>\r\n<\/td>\r\n<\/tr>\r\n<tr>\r\n<td width=\"5%\">6<\/td>\r\n<td width=\"81%\">Maxim\u00e1lis energiaig\u00e9ny, kW<\/td>\r\n<td width=\"13%\">\r\n<p style=\"text-align: center;\">0,2<\/p>\r\n<\/td>\r\n<\/tr>\r\n<tr>\r\n<td rowspan=\"4\" width=\"5%\">7<\/td>\r\n<td colspan=\"2\" width=\"94%\">T\u00e1pell\u00e1t\u00e1s<\/td>\r\n<\/tr>\r\n<tr>\r\n<td width=\"81%\">F\u00e1zisok<\/td>\r\n<td width=\"13%\">\r\n<p style=\"text-align: center;\">3p+1N+PE<\/p>\r\n<\/td>\r\n<\/tr>\r\n<tr>\r\n<td width=\"81%\">Fesz\u00fclts\u00e9g, V<\/td>\r\n<td width=\"13%\">\r\n<p style=\"text-align: center;\">220<\/p>\r\n<\/td>\r\n<\/tr>\r\n<tr>\r\n<td width=\"81%\">AC frekvencia, Hz<\/td>\r\n<td width=\"13%\">\r\n<p style=\"text-align: center;\">60<\/p>\r\n<\/td>\r\n<\/tr>\r\n<tr>\r\n<td rowspan=\"3\" width=\"5%\">8<\/td>\r\n<td colspan=\"2\" width=\"94%\">Csatlakoz\u00e1sok<\/td>\r\n<\/tr>\r\n<tr>\r\n<td width=\"81%\">Olaj bemenet, Dn<\/td>\r\n<td width=\"13%\">\r\n<p style=\"text-align: center;\">20<\/p>\r\n<\/td>\r\n<\/tr>\r\n<tr>\r\n<td width=\"81%\">Olaj kimenet, Dn<\/td>\r\n<td width=\"13%\">\r\n<p style=\"text-align: center;\">20<\/p>\r\n<\/td>\r\n<\/tr>\r\n<tr>\r\n<td rowspan=\"4\" width=\"5%\">9<\/td>\r\n<td colspan=\"2\" width=\"94%\">M\u00e9retek, mm, max (p\u00f3tkocsi n\u00e9lk\u00fcl \/ p\u00f3tkocsival)<\/td>\r\n<td><\/td>\r\n<\/tr>\r\n<tr>\r\n<td width=\"5%\"><\/td>\r\n<td width=\"81%\">\u2013 hossz<\/td>\r\n<td width=\"13%\">\r\n<p style=\"text-align: center;\">1180<\/p>\r\n<\/td>\r\n<\/tr>\r\n<tr>\r\n<td width=\"5%\"><\/td>\r\n<td width=\"81%\">\u2013 sz\u00e9less\u00e9g (v\u00e1z kialak\u00edt\u00e1s)<\/td>\r\n<td width=\"13%\">\r\n<p style=\"text-align: center;\">350\/550<\/p>\r\n<\/td>\r\n<\/tr>\r\n<tr>\r\n<td width=\"5%\"><\/td>\r\n<td width=\"81%\">\u2013 magass\u00e1g (v\u00e1z kialak\u00edt\u00e1s)<\/td>\r\n<td width=\"13%\">\r\n<p style=\"text-align: center;\">2035\/2085<\/p>\r\n<\/td>\r\n<\/tr>\r\n<tr>\r\n<td width=\"5%\">10<\/td>\r\n<td width=\"81%\">T\u00f6meg, kg, max<\/td>\r\n<td width=\"13%\">\r\n<p style=\"text-align: center;\">400 (880)<\/p>\r\n<\/td>\r\n<\/tr>\r\n<\/tbody>\r\n<\/table>\r\n* <strong>Megjegyz\u00e9s \u2013<\/strong> Kezdeti olajparam\u00e9terek alapj\u00e1n:\r\n<ul>\r\n \t<li style=\"text-align: justify;\">T\u00e9rfogati g\u00e1ztartalom \u2014 legfeljebb 10,5%;<\/li>\r\n \t<li><\/li>\r\n<\/ul>"},{"tab_title":"","tab_content":"<ul>\r\n \t<li style=\"text-align: justify;\">Kapcsol\u00f3d\u00e1s b\u00e1rmilyen t\u00edpus\u00fa \u00e9s kor\u00fa transzform\u00e1torhoz;<\/li>\r\n \t<li style=\"text-align: justify;\">A csatlakoztat\u00e1si folyamat kevesebb, mint egy \u00f3r\u00e1t vesz ig\u00e9nybe;<\/li>\r\n \t<li style=\"text-align: justify;\">A sorbens a v\u00edzet a h\u0151m\u00e9rs\u00e9klett\u0151l \u00e9s alakj\u00e1t\u00f3l f\u00fcggetlen\u00fcl megk\u00f6t;<\/li>\r\n \t<li style=\"text-align: justify;\">A g\u00e9p f\u0171t\u00e9s n\u00e9lk\u00fcl sz\u00e1r\u00edtja az olajat, \u00e9s nem ig\u00e9nyel folyamatos kezel\u0151i fel\u00fcgyeletet;<\/li>\r\n \t<li style=\"text-align: justify;\">A g\u00e9p ideiglenesen vagy tart\u00f3san telep\u00edthet\u0151;<\/li>\r\n \t<li style=\"text-align: justify;\">Robosztus h\u00e1z, amely megb\u00edzhat\u00f3an v\u00e9di a rendszert;<\/li>\r\n \t<li style=\"text-align: justify;\">Ha a sorbens v\u00edzzel tel\u00edt\u0151dik, \u00fajraaktiv\u00e1lhat\u00f3 a BRPS (BRZ) egys\u00e9ggel, \u00e9s \u00fajra felhaszn\u00e1lhat\u00f3 az olaj sz\u00e1r\u00edt\u00e1s\u00e1ra.<\/li>\r\n<\/ul>"},{"tab_title":"Alkalmaz\u00e1s","tab_content":"<p style=\"text-align: justify;\"><strong>A TOR-4 GlobeCore rendszer a k\u00f6vetkez\u0151 c\u00e9lokra haszn\u00e1lhat\u00f3:<\/strong><\/p>\r\n\r\n<ul>\r\n \t<li style=\"text-align: justify;\">eloszt\u00f3 transzform\u00e1torok sz\u00e1r\u00edt\u00e1sa az elektromos h\u00e1l\u00f3zatokban;<\/li>\r\n \t<li style=\"text-align: justify;\">er\u0151m\u0171vekben haszn\u00e1lt nagyfesz\u00fclts\u00e9g\u0171 transzform\u00e1torok sz\u00e1r\u00edt\u00e1sa;<\/li>\r\n \t<li style=\"text-align: justify;\">elektromos vonatokat hajt\u00f3 vontat\u00f3 transzform\u00e1torok sz\u00e1r\u00edt\u00e1sa;<\/li>\r\n \t<li style=\"text-align: justify;\">b\u00e1ny\u00e1szati er\u0151m\u0171vek transzform\u00e1torainak sz\u00e1r\u00edt\u00e1sa;<\/li>\r\n \t<li style=\"text-align: justify;\">tengeri transzform\u00e1torok sz\u00e1r\u00edt\u00e1sa;<\/li>\r\n \t<li style=\"text-align: justify;\">elektromos s\u00fct\u0151k transzform\u00e1torainak sz\u00e1r\u00edt\u00e1sa;<\/li>\r\n \t<li style=\"text-align: justify;\">sz\u00e9lenergia er\u0151m\u0171vek l\u00e9ptet\u0151 transzform\u00e1torainak sz\u00e1r\u00edt\u00e1sa;<\/li>\r\n \t<li style=\"text-align: justify;\">olaj- \u00e9s g\u00e1zipari transzform\u00e1torok sz\u00e1r\u00edt\u00e1sa, melyeket olaj- \u00e9s g\u00e1zkitermel\u0151 komplexumokban haszn\u00e1lnak a rendk\u00edv\u00fcl nagy terhel\u00e9s\u0171 berendez\u00e9sek t\u00e1pl\u00e1l\u00e1s\u00e1ra;<\/li>\r\n \t<li style=\"text-align: justify;\">rep\u00fcl\u0151tereken haszn\u00e1lt transzform\u00e1torok sz\u00e1r\u00edt\u00e1sa, amelyek a vil\u00e1g\u00edt\u00e1s, navig\u00e1ci\u00f3s rendszerek \u00e9s egy\u00e9b kritikus berendez\u00e9sek ell\u00e1t\u00e1s\u00e1t biztos\u00edtj\u00e1k;<\/li>\r\n \t<li style=\"text-align: justify;\">mez\u0151gazdas\u00e1gi \u00f6nt\u00f6z\u0151rendszerek transzform\u00e1torainak sz\u00e1r\u00edt\u00e1sa, amelyek a szivatty\u00fak \u00e9s egy\u00e9b berendez\u00e9sek ell\u00e1t\u00e1s\u00e1t biztos\u00edtj\u00e1k nagy k\u00fclt\u00e9ri ter\u00fcleteken;<\/li>\r\n \t<li style=\"text-align: justify;\">orvosi int\u00e9zm\u00e9nyekben haszn\u00e1lt transzform\u00e1torok sz\u00e1r\u00edt\u00e1sa, melyek stabil t\u00e1pell\u00e1t\u00e1st biztos\u00edtanak a kritikus orvosi berendez\u00e9sek sz\u00e1m\u00e1ra;<\/li>\r\n \t<li style=\"text-align: justify;\">vas\u00fati jelz\u0151- \u00e9s kommunik\u00e1ci\u00f3s rendszerekben haszn\u00e1lt transzform\u00e1torok sz\u00e1r\u00edt\u00e1sa, amelyek a vas\u00fati biztons\u00e1gi \u00e9s kommunik\u00e1ci\u00f3s rendszerek m\u0171k\u00f6d\u00e9s\u00e9t seg\u00edtik;<\/li>\r\n \t<li style=\"text-align: justify;\">metr\u00f3 transzform\u00e1torainak sz\u00e1r\u00edt\u00e1sa, melyek az alagsori elektromos h\u00e1l\u00f3zat, bele\u00e9rtve a vil\u00e1g\u00edt\u00e1st, szell\u0151ztet\u00e9st \u00e9s l\u00e9pcs\u0151hajt\u00f3m\u0171veket, ell\u00e1t\u00e1s\u00e1t biztos\u00edtj\u00e1k;<\/li>\r\n \t<li style=\"text-align: justify;\">kik\u00f6t\u0151i infrastrukt\u00far\u00e1ban haszn\u00e1lt transzform\u00e1torok sz\u00e1r\u00edt\u00e1sa, amelyek a tengeri daruk, rakod\u00f3g\u00e9pek \u00e9s egy\u00e9b part menti berendez\u00e9sek t\u00e1pl\u00e1l\u00e1s\u00e1t l\u00e1tj\u00e1k el;<\/li>\r\n \t<li style=\"text-align: justify;\">v\u00edzkezel\u0151 \u00fczemek transzform\u00e1torainak sz\u00e1r\u00edt\u00e1sa, melyek a szivatty\u00fak, l\u00e9g\u00e1tereszt\u0151 rendszerek \u00e9s egy\u00e9b v\u00edzkezel\u0151 berendez\u00e9sek m\u0171k\u00f6dtet\u00e9s\u00e9t biztos\u00edtj\u00e1k;<\/li>\r\n \t<li style=\"text-align: justify;\">vegyszeripari transzform\u00e1torok sz\u00e1r\u00edt\u00e1sa, amelyek a k\u00fcl\u00f6nb\u00f6z\u0151 vegyi anyagokat \u00e9s anyagokat el\u0151\u00e1ll\u00edt\u00f3 gy\u00e1rak berendez\u00e9seit t\u00e1pl\u00e1lj\u00e1k;<\/li>\r\n \t<li style=\"text-align: justify;\">b\u00e1ny\u00e1szati berendez\u00e9sekhez haszn\u00e1lt transzform\u00e1torok sz\u00e1r\u00edt\u00e1sa, k\u00fcl\u00f6n\u00f6sen az alagsori k\u00f6rnyezetben, ahol elengedhetetlen a megb\u00edzhat\u00f3 \u00e9s biztons\u00e1gos t\u00e1pell\u00e1t\u00e1s;<\/li>\r\n \t<li style=\"text-align: justify;\">nagy sportcsarnokok vil\u00e1g\u00edt\u00e1s\u00e1hoz haszn\u00e1lt transzform\u00e1torok sz\u00e1r\u00edt\u00e1sa, amelyek er\u0151s \u00e9s megb\u00edzhat\u00f3 vil\u00e1g\u00edt\u00e1st biztos\u00edtanak esti sportesem\u00e9nyekhez;<\/li>\r\n \t<li style=\"text-align: justify;\">forgalomir\u00e1ny\u00edt\u00f3 rendszerek transzform\u00e1torainak sz\u00e1r\u00edt\u00e1sa, bele\u00e9rtve a k\u00f6zleked\u00e9si l\u00e1mp\u00e1kat, inform\u00e1ci\u00f3s t\u00e1bl\u00e1kat \u00e9s egy\u00e9b forgalmi infrastrukt\u00fara elemeket;<\/li>\r\n \t<li style=\"text-align: justify;\">k\u00f3rh\u00e1zak \u00e9s egy\u00e9b eg\u00e9szs\u00e9g\u00fcgyi int\u00e9zm\u00e9nyek sz\u00e1m\u00e1ra biztos\u00edtott transzform\u00e1torok sz\u00e1r\u00edt\u00e1sa;<\/li>\r\n \t<li style=\"text-align: justify;\">adatk\u00f6zpontok transzform\u00e1torainak sz\u00e1r\u00edt\u00e1sa;<\/li>\r\n \t<li style=\"text-align: justify;\">katonai b\u00e1zisok \u00e9s nemzetbiztons\u00e1gi l\u00e9tes\u00edtm\u00e9nyek transzform\u00e1torainak sz\u00e1r\u00edt\u00e1sa;<\/li>\r\n \t<li style=\"text-align: justify;\">v\u00e9szhelyzeti rendszerek \u00e9s ment\u0151szolg\u00e1latok (pl. t\u0171zolt\u00f3, rend\u0151rs\u00e9g, s\u00fcrg\u0151ss\u00e9gi ment\u00e9s) transzform\u00e1torainak sz\u00e1r\u00edt\u00e1sa;<\/li>\r\n \t<li style=\"text-align: justify;\">t\u00e1vk\u00f6zl\u00e9si tornyok \u00e9s k\u00f6zpontok transzform\u00e1torainak sz\u00e1r\u00edt\u00e1sa;<\/li>\r\n \t<li style=\"text-align: justify;\">bankok \u00e9s p\u00e9nz\u00fcgyi int\u00e9zm\u00e9nyek transzform\u00e1torainak sz\u00e1r\u00edt\u00e1sa.<\/li>\r\n<\/ul>"},{"tab_title":"Konfigur\u00e1tor","tab_content":"[ezfc id='62' \/]"},{"tab_title":"Webinars","tab_content":"https:\/\/www.youtube.com\/live\/703vQ0n4ugY?si=w8GsA-V2Tb4IxX3_"},{"tab_title":"Payback period","tab_content":"[ezfc id='96' \/]"}],"add_video_tab":[{"video_tab_title":"Video","add_video_id":[{"video_id":"Subfl4NL9gU"},{"video_id":"lGV8x_Nfnpw"},{"video_id":"zR_I3tvnPbM"},{"video_id":"7fQOtTyNf78"}]}],"add_gallery_tab":null,"add_price_tab":null},"language":"hu","_links":{"self":[{"href":"https:\/\/globecore.dev\/hu\/wp-json\/wp\/v2\/pages\/300105","targetHints":{"allow":["GET"]}}],"collection":[{"href":"https:\/\/globecore.dev\/hu\/wp-json\/wp\/v2\/pages"}],"about":[{"href":"https:\/\/globecore.dev\/hu\/wp-json\/wp\/v2\/types\/page"}],"author":[{"embeddable":true,"href":"https:\/\/globecore.dev\/hu\/wp-json\/wp\/v2\/users\/7"}],"replies":[{"embeddable":true,"href":"https:\/\/globecore.dev\/hu\/wp-json\/wp\/v2\/comments?post=300105"}],"version-history":[{"count":0,"href":"https:\/\/globecore.dev\/hu\/wp-json\/wp\/v2\/pages\/300105\/revisions"}],"up":[{"embeddable":true,"href":"https:\/\/globecore.dev\/hu\/wp-json\/wp\/v2\/pages\/298666"}],"wp:featuredmedia":[{"embeddable":true,"href":"https:\/\/globecore.dev\/hu\/wp-json\/wp\/v2\/media\/300113"}],"wp:attachment":[{"href":"https:\/\/globecore.dev\/hu\/wp-json\/wp\/v2\/media?parent=300105"}],"wp:term":[{"taxonomy":"category","embeddable":true,"href":"https:\/\/globecore.dev\/hu\/wp-json\/wp\/v2\/categories?post=300105"}],"curies":[{"name":"wp","href":"https:\/\/api.w.org\/{rel}","templated":true}]}}