{"id":298668,"date":"2020-01-31T08:18:26","date_gmt":"2020-01-31T08:18:26","guid":{"rendered":"https:\/\/globecore.dev\/products\/online-transformer-dry-out-systems\/cmm-ssd-stationary-transformer-drying-unit\/"},"modified":"2025-02-25T15:31:50","modified_gmt":"2025-02-25T15:31:50","slug":"cmm-ssd-stationary-transformer-drying-unit","status":"publish","type":"page","link":"https:\/\/globecore.dev\/hu\/products\/online-transformer-dry-out-systems\/cmm-ssd-stationary-transformer-drying-unit\/","title":{"rendered":"CMM-260C Online transzform\u00e1tor-sz\u00e1r\u00edt\u00e1si rendszer"},"content":{"rendered":"","protected":false},"excerpt":{"rendered":"<p>Water is a dangerous enemy of the transformer, reducing the dielectric strength of transformer oil, accelerating the aging of oil and solid insulation.<\/p>\n","protected":false},"author":7,"featured_media":298670,"parent":298666,"menu_order":0,"comment_status":"closed","ping_status":"closed","template":"templates\/single-product.php","meta":{"_acf_changed":false,"_bbp_topic_count":0,"_bbp_reply_count":0,"_bbp_total_topic_count":0,"_bbp_total_reply_count":0,"_bbp_voice_count":0,"_bbp_anonymous_reply_count":0,"_bbp_topic_count_hidden":0,"_bbp_reply_count_hidden":0,"_bbp_forum_subforum_count":0,"footnotes":""},"categories":[2177],"class_list":["post-298668","page","type-page","status-publish","has-post-thumbnail","hentry","category-zeolite-oil-drying-units-hu"],"acf":{"add_tab":[{"tab_title":"Le\u00edr\u00e1s","tab_content":"A v\u00edz a transzform\u00e1tor vesz\u00e9lyes ellens\u00e9ge, cs\u00f6kkenti a transzform\u00e1torolaj dielektromos szil\u00e1rds\u00e1g\u00e1t, felgyors\u00edtja az olaj \u00e9s a szil\u00e1rd szigetel\u00e9s \u00f6reged\u00e9s\u00e9t. A transzform\u00e1torban a v\u00edzszennyez\u0151d\u00e9st nem lehet teljesen megakad\u00e1lyozni, mivel a szerviz min\u0151s\u00e9g\u00e9t\u0151l \u00e9s a k\u00e9sz\u00fcl\u00e9k l\u00e9gz\u00e1r\u00e1s\u00e1t\u00f3l f\u00fcggetlen\u00fcl k\u00e9pz\u0151dik. A transzform\u00e1tor v\u00e9delme azonban lehets\u00e9ges a CMM-260C folyamatos sz\u00e1r\u00edt\u00f3berendez\u00e9ssel. Ez a g\u00e9p a transzform\u00e1torhoz csatlakozik, \u00e9s a transzform\u00e1tor teljes \u00e9lettartama alatt sz\u00e1razon tartja azt az\u00e1ltal, hogy az olajat egy mikropor\u00f3zus szemcs\u00e9s szorbensen \u00e1tvezeti. A v\u00edz felsz\u00edv\u00f3dik \u00e9s megb\u00edzhat\u00f3an visszatartja a krist\u00e1lyaiban.\r\n\r\nSz\u00fcks\u00e9g eset\u00e9n az adszorberek k\u00f6nnyen sz\u00e9tszerelhet\u0151k \u00e9s \u00fajakra cser\u00e9lhet\u0151k, vagy a szorbens a BRPS (BRZ) zeolit regener\u00e1l\u00f3 egys\u00e9ggel \u00fajra aktiv\u00e1lhat\u00f3.\r\n\r\n&nbsp;"}],"add_def_tab":[{"tab_title":"M\u0171szaki adatok","tab_content":"<table>\r\n  <tbody>\r\n    <tr>\r\n      <td colspan=\"3\">\r\n        <p style=\"text-align: center;\"><b>Param\u00e9ter<\/b><\/p>\r\n      <\/td>\r\n      <td>\r\n        <p style=\"text-align: center;\"><b>\u00c9rt\u00e9k<\/b><\/p>\r\n      <\/td>\r\n    <\/tr>\r\n    <tr>\r\n      <td colspan=\"3\">\r\n        <p style=\"text-align: left;\">Kapacit\u00e1s, liter\/\u00f3ra (gpm), legal\u00e1bb<\/p>\r\n      <\/td>\r\n      <td>\r\n        <p style=\"text-align: center;\"><b><i>30 (0,13)<\/i><\/b><\/p>\r\n      <\/td>\r\n    <\/tr>\r\n    <tr>\r\n      <td colspan=\"3\">\r\n        <p style=\"text-align: left;\">V\u00edzabszorpci\u00f3s kapacit\u00e1s, liter (gal)<\/p>\r\n      <\/td>\r\n      <td>\r\n        <p style=\"text-align: center;\"><b><i>9 (2,4)<\/i><\/b><\/p>\r\n      <\/td>\r\n    <\/tr>\r\n    <tr>\r\n      <td colspan=\"3\">\r\n        <p style=\"text-align: left;\">Sorbens terhel\u00e9s oszloponk\u00e9nt, kg (lbs)<\/p>\r\n      <\/td>\r\n      <td>\r\n        <p style=\"text-align: center;\"><b><i>20 (44)<\/i><\/b><\/p>\r\n      <\/td>\r\n    <\/tr>\r\n    <tr>\r\n      <td colspan=\"4\">\r\n        <p style=\"text-align: left;\">Feldolgozott olaj param\u00e9terei:<\/p>\r\n      <\/td>\r\n    <\/tr>\r\n    <tr>\r\n      <td rowspan=\"3\"><\/td>\r\n      <td colspan=\"2\">\r\n        <p style=\"text-align: left;\">\u2013 maxim\u00e1lis nedvess\u00e9gtartalom, ppm<\/p>\r\n      <\/td>\r\n      <td>\r\n        <p style=\"text-align: center;\"><b><i>&lt; 5<\/i><\/b><\/p>\r\n      <\/td>\r\n    <\/tr>\r\n    <tr>\r\n      <td colspan=\"2\">\r\n        <p style=\"text-align: left;\">\u2013 ISO 4406 oszt\u00e1ly<\/p>\r\n      <\/td>\r\n      <td>\r\n        <p style=\"text-align: center;\"><b><i>-\/14\/12<\/i><\/b><\/p>\r\n      <\/td>\r\n    <\/tr>\r\n    <tr>\r\n      <td colspan=\"2\">\r\n        <p style=\"text-align: left;\">\u2013 minim\u00e1lis dielektromos szil\u00e1rds\u00e1g, kV<\/p>\r\n      <\/td>\r\n      <td>\r\n        <p style=\"text-align: center;\"><b><i>&gt;65<\/i><\/b><\/p>\r\n      <\/td>\r\n    <\/tr>\r\n    <tr>\r\n      <td colspan=\"3\">\r\n        <p style=\"text-align: left;\">Kimeneti nyom\u00e1s, bar (psi)<\/p>\r\n      <\/td>\r\n      <td>\r\n        <p style=\"text-align: center;\"><b><i>2 (29)<\/i><\/b><\/p>\r\n      <\/td>\r\n    <\/tr>\r\n    <tr>\r\n      <td colspan=\"3\">\r\n        <p style=\"text-align: left;\">Olaj kimeneti feje, m (in)<\/p>\r\n      <\/td>\r\n      <td>\r\n        <p style=\"text-align: center;\"><b><i>20 (790)<\/i><\/b><\/p>\r\n      <\/td>\r\n    <\/tr>\r\n    <tr>\r\n      <td colspan=\"3\">\r\n        <p style=\"text-align: left;\">Maxim\u00e1lis energiaig\u00e9ny, kW<\/p>\r\n      <\/td>\r\n      <td>\r\n        <p style=\"text-align: center;\"><b><i>0,25<\/i><\/b><\/p>\r\n      <\/td>\r\n    <\/tr>\r\n    <tr>\r\n      <td colspan=\"4\">\r\n        <p style=\"text-align: left;\">T\u00e1pell\u00e1t\u00e1s<\/p>\r\n      <\/td>\r\n    <\/tr>\r\n    <tr>\r\n      <td colspan=\"2\" rowspan=\"2\"><\/td>\r\n      <td>\r\n        <p style=\"text-align: left;\">Fesz\u00fclts\u00e9g, V<\/p>\r\n      <\/td>\r\n      <td>\r\n        <p style=\"text-align: center;\"><b><i>400<\/i><\/b><\/p>\r\n      <\/td>\r\n    <\/tr>\r\n    <tr>\r\n      <td>\r\n        <p style=\"text-align: left;\">AC frekvencia, Hz<\/p>\r\n      <\/td>\r\n      <td>\r\n        <p style=\"text-align: center;\"><b><i>50<\/i><\/b><\/p>\r\n      <\/td>\r\n    <\/tr>\r\n    <tr>\r\n      <td colspan=\"4\">\r\n        <p style=\"text-align: left;\">M\u00e9retek, mm (in), max<\/p>\r\n      <\/td>\r\n    <\/tr>\r\n    <tr>\r\n      <td colspan=\"2\" rowspan=\"3\"><\/td>\r\n      <td>\r\n        <p style=\"text-align: left;\">\u2013 hossz<\/p>\r\n      <\/td>\r\n      <td>\r\n        <p style=\"text-align: center;\"><b><i>1150 (45)<\/i><\/b><\/p>\r\n      <\/td>\r\n    <\/tr>\r\n    <tr>\r\n      <td>\r\n        <p style=\"text-align: left;\">\u2013 magass\u00e1g<\/p>\r\n      <\/td>\r\n      <td>\r\n        <p style=\"text-align: center;\"><b><i>1980 (78)<\/i><\/b><\/p>\r\n      <\/td>\r\n    <\/tr>\r\n    <tr>\r\n      <td>\r\n        <p style=\"text-align: left;\">\u2013 sz\u00e9less\u00e9g<\/p>\r\n      <\/td>\r\n      <td>\r\n        <p style=\"text-align: center;\"><b><i>490 (19)<\/i><\/b><\/p>\r\n      <\/td>\r\n    <\/tr>\r\n    <tr>\r\n      <td colspan=\"3\">\r\n        <p style=\"text-align: left;\">Maxim\u00e1lis t\u00f6meg, kg (lbs)<\/p>\r\n      <\/td>\r\n      <td>\r\n        <p style=\"text-align: center;\"><b><i>400 (880)<\/i><\/b><\/p>\r\n      <\/td>\r\n    <\/tr>\r\n  <\/tbody>\r\n<\/table>\r\n<p>* <strong>Megjegyz\u00e9s \u2013<\/strong> Kezdeti olajparam\u00e9terek alapj\u00e1n:<\/p>\r\n<ul>\r\n  <li style=\"text-align: justify;\">t\u00e9rfogati g\u00e1ztartalom \u2014 legfeljebb 10,5%;<\/li>\r\n  <li style=\"text-align: justify;\">nedvess\u00e9gtartalom \u2014 legfeljebb 0,005% (50 ppm);<\/li>\r\n  <li style=\"text-align: justify;\">h\u0151m\u00e9rs\u00e9klet \u2014 nem alacsonyabb, mint 0\u00baC (32\u00baF);<\/li>\r\n  <li style=\"text-align: justify;\">amikor az olaj t\u00f6bbsz\u00f6r \u00e1thalad a berendez\u00e9sen.<\/li>\r\n<\/ul>"},{"tab_title":"El\u0151ny\u00f6k","tab_content":"<ul>\r\n \t<li>connection to transformer of any type and age;<\/li>\r\n \t<li>the process of connection takes less than an hour;<\/li>\r\n \t<li>the sorbent captures water regardless of its temperature and form;<\/li>\r\n \t<li>the machine dries the oil without heating and does not require constant operator control;<\/li>\r\n \t<li>the machine can be installed temporarily or permanently.<\/li>\r\n<\/ul>\r\n"},{"tab_title":"Alkalmaz\u00e1s","tab_content":"A CMM-260C GlobeCore rendszer haszn\u00e1lhat\u00f3:\r\n\r\nVillamosenergia-h\u00e1l\u00f3zati eloszt\u00f3 transzform\u00e1torok sz\u00e1r\u00edt\u00e1s\u00e1ra;\r\nvillamos er\u0151m\u0171vek transzform\u00e1torainak sz\u00e1r\u00edt\u00e1sa;\r\nvillamos vonatok vontat\u00e1si transzform\u00e1torainak sz\u00e1r\u00edt\u00e1sa;\r\nb\u00e1ny\u00e1szati teljes\u00edtm\u00e9nytranszform\u00e1torok sz\u00e1r\u00edt\u00e1sa;\r\ntengeri transzform\u00e1torok sz\u00e1r\u00edt\u00e1sa;\r\nelektromos s\u00fct\u0151transzform\u00e1torok sz\u00e1r\u00edt\u00e1sa;\r\na sz\u00e9ler\u0151m\u0171vekben l\u00e9v\u0151 fokozati transzform\u00e1torok sz\u00e1r\u00edt\u00e1sa;\r\nolaj- \u00e9s g\u00e1zipari transzform\u00e1torok sz\u00e1r\u00edt\u00e1sa, amelyeket olaj- \u00e9s g\u00e1zkitermel\u0151 komplexumokban haszn\u00e1lnak az extra nagy teljes\u00edtm\u00e9ny\u0171 berendez\u00e9sek energiaell\u00e1t\u00e1s\u00e1ra;\r\nrep\u00fcl\u0151tereken a vil\u00e1g\u00edt\u00e1s, a navig\u00e1ci\u00f3s rendszerek \u00e9s m\u00e1s kritikus berendez\u00e9sek t\u00e1pl\u00e1l\u00e1s\u00e1ra haszn\u00e1lt transzform\u00e1torok sz\u00e1r\u00edt\u00e1sa;\r\na mez\u0151gazdas\u00e1gi \u00e1gazatban haszn\u00e1lt \u00f6nt\u00f6z\u0151rendszerek transzform\u00e1torainak sz\u00e1r\u00edt\u00e1sa a szivatty\u00fak \u00e9s m\u00e1s berendez\u00e9sek \u00e1ramell\u00e1t\u00e1s\u00e1ra a nagy szabadt\u00e9ri ter\u00fcleteken;\r\naz eg\u00e9szs\u00e9g\u00fcgyi int\u00e9zm\u00e9nyekben haszn\u00e1lt transzform\u00e1torok sz\u00e1r\u00edt\u00e1sa a stabil \u00e1ramell\u00e1t\u00e1st ig\u00e9nyl\u0151 orvosi berendez\u00e9sek t\u00e1pl\u00e1l\u00e1s\u00e1ra;\r\nvas\u00fati jelz\u0151- \u00e9s kommunik\u00e1ci\u00f3s rendszerekben haszn\u00e1lt transzform\u00e1torok sz\u00e1r\u00edt\u00e1sa a vas\u00fati biztons\u00e1gi \u00e9s kommunik\u00e1ci\u00f3s rendszerek \u00e1ramell\u00e1t\u00e1s\u00e1ra;\r\na metr\u00f3ban haszn\u00e1lt transzform\u00e1torok sz\u00e1r\u00edt\u00e1sa a f\u00f6ldalatti \u00e1ramell\u00e1t\u00f3 rendszerek, bele\u00e9rtve a vil\u00e1g\u00edt\u00e1st, a szell\u0151z\u0151rendszereket \u00e9s a mozg\u00f3l\u00e9pcs\u0151hajt\u00e1sokat is;\r\na tengeri kik\u00f6t\u0151i infrastrukt\u00fara transzform\u00e1torainak sz\u00e1r\u00edt\u00e1sa, amelyeket a tengeri daruk, dokkrakod\u00f3k \u00e9s egy\u00e9b v\u00edzparti berendez\u00e9sek m\u0171k\u00f6dtet\u00e9s\u00e9re haszn\u00e1lnak;\r\na v\u00edztiszt\u00edt\u00f3 telepek transzform\u00e1torainak sz\u00e1r\u00edt\u00e1sa, amelyek a szivatty\u00fakat, a leveg\u0151ztet\u0151 rendszereket \u00e9s a v\u00edztiszt\u00edt\u00e1shoz haszn\u00e1lt egy\u00e9b berendez\u00e9seket t\u00e1pl\u00e1lj\u00e1k;\r\na vegyiparban haszn\u00e1lt transzform\u00e1torok sz\u00e1r\u00edt\u00e1sa, amelyek a k\u00fcl\u00f6nb\u00f6z\u0151 vegyi anyagokat \u00e9s anyagokat el\u0151\u00e1ll\u00edt\u00f3 vegyi \u00fczemek berendez\u00e9seinek m\u0171k\u00f6dtet\u00e9s\u00e9re szolg\u00e1lnak;\r\na b\u00e1ny\u00e1szati berendez\u00e9sek energiaell\u00e1t\u00e1s\u00e1ra haszn\u00e1lt transzform\u00e1torok sz\u00e1r\u00edt\u00e1sa, k\u00fcl\u00f6n\u00f6sen a f\u00f6ld alatti k\u00f6rnyezetben, ahol fontos a megb\u00edzhat\u00f3 \u00e9s biztons\u00e1gos energiaell\u00e1t\u00e1s;\r\na nagy sportcsarnokok vil\u00e1g\u00edt\u00e1s\u00e1hoz haszn\u00e1lt transzform\u00e1torok sz\u00e1r\u00edt\u00e1sa, amelyek er\u0151s \u00e9s megb\u00edzhat\u00f3 vil\u00e1g\u00edt\u00e1st biztos\u00edtanak az \u00e9jszakai sportesem\u00e9nyekhez;\r\na forgalomir\u00e1ny\u00edt\u00f3 rendszerek, bele\u00e9rtve a k\u00f6zleked\u00e9si l\u00e1mp\u00e1kat, az inform\u00e1ci\u00f3s t\u00e1bl\u00e1kat \u00e9s a k\u00f6zleked\u00e9si infrastrukt\u00fara egy\u00e9b elemeit, \u00e1ramell\u00e1t\u00e1s\u00e1ra haszn\u00e1lt transzform\u00e1torok sz\u00e1r\u00edt\u00e1sa;\r\na k\u00f3rh\u00e1zak \u00e9s m\u00e1s eg\u00e9szs\u00e9g\u00fcgyi int\u00e9zm\u00e9nyek \u00e1ramell\u00e1t\u00e1s\u00e1hoz haszn\u00e1lt transzform\u00e1torok sz\u00e1r\u00edt\u00e1sa;\r\naz adatfeldolgoz\u00f3 k\u00f6zpontok (adatk\u00f6zpontok) \u00e1ramell\u00e1t\u00e1s\u00e1ra haszn\u00e1lt transzform\u00e1torok sz\u00e1r\u00edt\u00e1sa;\r\na katonai b\u00e1zisok \u00e9s nemzetbiztons\u00e1gi l\u00e9tes\u00edtm\u00e9nyek \u00e1ramell\u00e1t\u00e1s\u00e1ra haszn\u00e1lt transzform\u00e1torok sz\u00e1r\u00edt\u00e1sa;\r\na v\u00e9szhelyzeti v\u00e1laszrendszerek \u00e9s ment\u0151szolg\u00e1latok - bele\u00e9rtve a t\u0171zolt\u00f3\u00e1llom\u00e1sokat, rend\u0151r\u00e1llom\u00e1sokat \u00e9s a s\u00fcrg\u0151ss\u00e9gi orvosi szolg\u00e1latokat - \u00e1ramell\u00e1t\u00e1s\u00e1ra haszn\u00e1lt transzform\u00e1torok sz\u00e1r\u00edt\u00e1sa;\r\na t\u00e1vk\u00f6zl\u00e9si tornyok \u00e9s k\u00f6zpontok \u00e1ramell\u00e1t\u00e1s\u00e1ra haszn\u00e1lt transzform\u00e1torok sz\u00e1r\u00edt\u00e1sa;\r\nbankok \u00e9s p\u00e9nzint\u00e9zetek \u00e1ramell\u00e1t\u00e1s\u00e1ra haszn\u00e1lt transzform\u00e1torok sz\u00e1r\u00edt\u00e1sa."},{"tab_title":"Konfigur\u00e1tor","tab_content":"[ezfc id='62' \/]"},{"tab_title":"Webin\u00e1riumok","tab_content":"https:\/\/www.youtube.com\/live\/703vQ0n4ugY"},{"tab_title":"Visszafizet\u00e9si id\u0151szak","tab_content":"[ezfc id='96' \/]"}],"add_video_tab":[{"video_tab_title":"Video","add_video_id":[{"video_id":"Subfl4NL9gU"},{"video_id":"lGV8x_Nfnpw"},{"video_id":"lLl-OXEzChI "},{"video_id":"zR_I3tvnPbM"},{"video_id":"7fQOtTyNf78"}]}],"add_gallery_tab":[{"gallery_tab_title":"Gallery","add_img":[42484,42492,42500,42508]}],"add_price_tab":[{"price_tab_title":"Get a Quote"}]},"language":"hu","_links":{"self":[{"href":"https:\/\/globecore.dev\/hu\/wp-json\/wp\/v2\/pages\/298668","targetHints":{"allow":["GET"]}}],"collection":[{"href":"https:\/\/globecore.dev\/hu\/wp-json\/wp\/v2\/pages"}],"about":[{"href":"https:\/\/globecore.dev\/hu\/wp-json\/wp\/v2\/types\/page"}],"author":[{"embeddable":true,"href":"https:\/\/globecore.dev\/hu\/wp-json\/wp\/v2\/users\/7"}],"replies":[{"embeddable":true,"href":"https:\/\/globecore.dev\/hu\/wp-json\/wp\/v2\/comments?post=298668"}],"version-history":[{"count":0,"href":"https:\/\/globecore.dev\/hu\/wp-json\/wp\/v2\/pages\/298668\/revisions"}],"up":[{"embeddable":true,"href":"https:\/\/globecore.dev\/hu\/wp-json\/wp\/v2\/pages\/298666"}],"wp:featuredmedia":[{"embeddable":true,"href":"https:\/\/globecore.dev\/hu\/wp-json\/wp\/v2\/media\/298670"}],"wp:attachment":[{"href":"https:\/\/globecore.dev\/hu\/wp-json\/wp\/v2\/media?parent=298668"}],"wp:term":[{"taxonomy":"category","embeddable":true,"href":"https:\/\/globecore.dev\/hu\/wp-json\/wp\/v2\/categories?post=298668"}],"curies":[{"name":"wp","href":"https:\/\/api.w.org\/{rel}","templated":true}]}}