{"id":298663,"date":"2018-06-25T09:28:24","date_gmt":"2018-06-25T09:28:24","guid":{"rendered":"https:\/\/globecore.dev\/products\/oil-filtration-pumping\/cmm-1cf\/"},"modified":"2025-02-25T14:43:41","modified_gmt":"2025-02-25T14:43:41","slug":"cmm-1cf","status":"publish","type":"page","link":"https:\/\/globecore.dev\/hu\/products\/oil-filtration-pumping\/cmm-1cf\/","title":{"rendered":"CMM-1,0CF egys\u00e9g a v\u00edz elt\u00e1vol\u00edt\u00e1s\u00e1ra az olajb\u00f3l"},"content":{"rendered":"","protected":false},"excerpt":{"rendered":"<p>The unit is designed for purification1 of industrial, hydraulic2, turbine3, transformer4 and other oil types, as well as diesel fuel5, kerosene6 and petroleum with especially high moisture content.<\/p>\n","protected":false},"author":7,"featured_media":298664,"parent":298482,"menu_order":0,"comment_status":"closed","ping_status":"closed","template":"templates\/single-product.php","meta":{"_acf_changed":false,"_bbp_topic_count":0,"_bbp_reply_count":0,"_bbp_total_topic_count":0,"_bbp_total_reply_count":0,"_bbp_voice_count":0,"_bbp_anonymous_reply_count":0,"_bbp_topic_count_hidden":0,"_bbp_reply_count_hidden":0,"_bbp_forum_subforum_count":0,"footnotes":""},"categories":[2177,2173],"class_list":["post-298663","page","type-page","status-publish","has-post-thumbnail","hentry","category-zeolite-oil-drying-units-hu","category-oil-filtration-pumping-hu"],"acf":{"add_tab":[{"tab_title":"Le\u00edr\u00e1s","tab_content":"The unit is designed for <strong>purification[mfn]Oil purification (transformer, turbine, industrial, etc.) removes oil contaminants in order to prolong oil service life.[\/mfn]<\/strong> of industrial, <strong>hydraulic[mfn]A <b>hydraulic fluid<\/b> or <b>hydraulic liquid<\/b> is the medium by which power is transferred in hydraulic machinery. Common hydraulic fluids are based on mineral oil or water.[\/mfn]<\/strong>, <strong>turbine[mfn][\/mfn]<\/strong>, <strong>transformer[mfn]Transformer oil is an oil that is stable at high temperatures and has excellent electrical insulating properties. [\/mfn]<\/strong> and other oil types, as well as <strong>diesel fuel[mfn]<b>Diesel fuel<\/b> in general is any liquid fuel used in diesel engines, whose fuel ignition takes place, without any spark, as a result of compression of the inlet air mixture and then injection of fuel. [\/mfn]<\/strong>, <strong>kerosene[mfn]<b>Kerosene<\/b>, also known as <b>paraffin<\/b>, <b>lamp oil<\/b>, and <b>coal oil<\/b> (an obsolete term), is a combustible hydrocarbon liquid which is derived from petroleum.[\/mfn]<\/strong> and petroleum with <b>especially high moisture content<\/b>.\r\n\r\nThe unit can process oil with extremely high water content, as high as 50\/50 % and above.\r\n\r\nWater is removed by <strong>coagulation[mfn]Coagulation is a clumping the small, destabilized particles together into larger aggregates so that they can be more easily separated from the oil.[\/mfn]<\/strong>. When oil passes through a special <strong>filter element[mfn]Filter is a device which separates solids from fluids (liquids or gases) by adding a medium through which only the fluid can pass.[\/mfn]<\/strong>, water molecules gather into droplets and flow down the surface of the filter into a settling vessel. The water can then be drained through a valve.\r\n\r\nA cartridge filter with 1, 3, 5 or 25 <strong>\u03bcm[mfn]The <b>micrometre<\/b> (International spelling as used by the International Bureau of Weights and Measures; <sup id=\"\u201ecite_ref-Encyclop\u00e6dia_Britannica_Online_1-0\u201d\" class=\"\u201ereference\u201d\"><\/sup>SI symbol: <b>\u03bcm<\/b>) or <b>micrometer<\/b> (American spelling), also commonly known by the previous name <b>micron<\/b>, is an SI derived unit of length equalling <span class=\"\u201enowrap\u201d\">1\u00d710<sup>\u22126<\/sup> metre<\/span> (SI standard prefix \u201emicro-\u201d = 10<sup>\u22126<\/sup>); that is, one millionth of a metre (or one thousandth of a millimetre, 0. 001 mm, or about 0.000039 inch).<sup id=\"\u201ecite_ref-Encyclop\u00e6dia_Britannica_Online_1-1\u201d\" class=\"\u201ereference\u201d\"><\/sup><\/strong><strong>[\/mfn]<\/strong> filtration fineness is installed in the unit to remove particulate matter from the oil."}],"add_def_tab":[{"tab_title":"M\u0171szaki adatok","tab_content":"<table>\r\n  <tbody>\r\n    <tr>\r\n      <td><b>No<\/b><\/td>\r\n      <td>\r\n        <p style=\"text-align: center;\"><b>Param\u00e9ter<\/b><\/p>\r\n      <\/td>\r\n      <td colspan=\"2\">\r\n        <p style=\"text-align: center;\"><b>\u00c9rt\u00e9k<\/b><\/p>\r\n      <\/td>\r\n    <\/tr>\r\n    <tr>\r\n      <td>1<\/td>\r\n      <td>Feldolgoz\u00e1si sebess\u00e9g, m<sup>3<\/sup>\/\u00f3ra<\/td>\r\n      <td colspan=\"2\">\r\n        <p style=\"text-align: center;\">1<\/p>\r\n      <\/td>\r\n    <\/tr>\r\n    <tr>\r\n      <td>2<\/td>\r\n      <td>Sz\u0171r\u00e9s finoms\u00e1ga, \u03bcm*; 1. szint \/ 2. szint<\/td>\r\n      <td>\r\n        <p style=\"text-align: center;\">25<\/p>\r\n      <\/td>\r\n      <td>\r\n        <p style=\"text-align: center;\">5<\/p>\r\n      <\/td>\r\n    <\/tr>\r\n    <tr>\r\n      <td>3<\/td>\r\n      <td>V\u00edz elt\u00e1vol\u00edt\u00e1s\u00e1nak ar\u00e1nya<\/td>\r\n      <td colspan=\"2\">\r\n        <p style=\"text-align: center;\">99%<\/p>\r\n      <\/td>\r\n    <\/tr>\r\n    <tr>\r\n      <td>4<\/td>\r\n      <td>Energiafogyaszt\u00e1s, kW<\/td>\r\n      <td colspan=\"2\">\r\n        <p style=\"text-align: center;\">1,1<\/p>\r\n      <\/td>\r\n    <\/tr>\r\n    <tr>\r\n      <td>5<\/td>\r\n      <td>Maxim\u00e1lis nyom\u00e1sk\u00fcl\u00f6nbs\u00e9g, MPa<\/td>\r\n      <td colspan=\"2\">\r\n        <p style=\"text-align: center;\">0,5<\/p>\r\n      <\/td>\r\n    <\/tr>\r\n    <tr>\r\n      <td>8<\/td>\r\n      <td>Olaj kimeneti nyom\u00e1s, bar<\/td>\r\n      <td colspan=\"2\">\r\n        <p style=\"text-align: center;\">2\u20262,5<\/p>\r\n      <\/td>\r\n    <\/tr>\r\n    <tr>\r\n      <td>9<\/td>\r\n      <td>H\u00e1romf\u00e1zis\u00fa 50Hz t\u00e1pfesz\u00fclts\u00e9g, V<\/td>\r\n      <td colspan=\"2\">\r\n        <p style=\"text-align: center;\">380<\/p>\r\n      <\/td>\r\n    <\/tr>\r\n    <tr>\r\n      <td>10<\/td>\r\n      <td>\r\n        M\u00e9retek, mm, legfeljebb<br>\r\n        \u2014 hossz<br>\r\n        \u2014 sz\u00e9less\u00e9g<br>\r\n        \u2014 magass\u00e1g\r\n      <\/td>\r\n      <td colspan=\"2\">\r\n        <p style=\"text-align: center;\">600<\/p>\r\n        <p style=\"text-align: center;\">600<\/p>\r\n        <p style=\"text-align: center;\">1100<\/p>\r\n      <\/td>\r\n    <\/tr>\r\n    <tr>\r\n      <td>11<\/td>\r\n      <td>T\u00f6meg, kg, legfeljebb<\/td>\r\n      <td colspan=\"2\">\r\n        <p style=\"text-align: center;\">120<\/p>\r\n      <\/td>\r\n    <\/tr>\r\n  <\/tbody>\r\n<\/table>\r\n<p style=\"text-align: justify;\">\r\n  * \u2013 az adott f\u00e1zis\u00fa sz\u0171r\u00e9sn\u00e9l alkalmazott sz\u0171r\u00e9s finoms\u00e1ga\r\n<\/p>\r\n<p style=\"text-align: justify;\">\r\n  A \u0421\u041c\u041c-1CF a koagul\u00e1ci\u00f3s tiszt\u00edt\u00f3 berendez\u00e9sek sorozat\u00e1ban a legkisebb kapacit\u00e1s\u00fa egys\u00e9g.\r\n<\/p>"},{"tab_title":"El\u0151ny\u00f6k","tab_content":"<ul>\r\n \t<li>rendk\u00edv\u00fcl magas, ak\u00e1r 50\/50 %-os vagy ann\u00e1l magasabb v\u00edztartalm\u00fa olajat is k\u00e9pes feldolgozni;<\/li>\r\n \t<li>a feldolgozott anyagot nem teszik ki h\u0151hat\u00e1snak, vegyi anyagoknak vagy m\u00e1s olyan t\u00e9nyez\u0151knek, amelyek h\u00e1tr\u00e1nyosan<\/li>\r\n \t<li>befoly\u00e1solhatj\u00e1k a tulajdons\u00e1gait;<\/li>\r\n \t<li>alacsony energiafogyaszt\u00e1s;<\/li>\r\n \t<li>viszonylag kompakt m\u00e9retek;<\/li>\r\n \t<li>nagyfok\u00fa mobilit\u00e1s.<\/li>\r\n<\/ul>"},{"tab_title":"Alkalmaz\u00e1s","tab_content":"<p style=\"text-align: justify;\"><strong>A CMM-1CF berendez\u00e9s a k\u00f6vetkez\u0151kre haszn\u00e1lhat\u00f3:<\/strong><\/p>\r\n<ul>\r\n  <li style=\"text-align: justify;\"><a href=\"https:\/\/globecore.dev\/publications\/transformer-oil-drying-and-degassing\/\">Transzform\u00e1torolaj sz\u00e1r\u00edt\u00e1sa<\/a>;<\/li>\r\n  <li style=\"text-align: justify;\">Turbinaolaj sz\u00e1r\u00edt\u00e1sa;<\/li>\r\n  <li style=\"text-align: justify;\">Hidraulikaolaj sz\u00e1r\u00edt\u00e1sa;<\/li>\r\n  <li style=\"text-align: justify;\"><a href=\"https:\/\/globecore.dev\/zeolite-oil-drying-units\/industrial-oil-drying-machine-zp-260\/\">Ipari olaj sz\u00e1r\u00edt\u00e1sa<\/a>;<\/li>\r\n  <li style=\"text-align: justify;\">K\u00e1belolaj sz\u00e1r\u00edt\u00e1sa;<\/li>\r\n  <li style=\"text-align: justify;\">Kompresszorolaj sz\u00e1r\u00edt\u00e1sa;<\/li>\r\n  <li style=\"text-align: justify;\">Fogasker\u00e9kolaj sz\u00e1r\u00edt\u00e1sa;<\/li>\r\n  <li style=\"text-align: justify;\"><a href=\"https:\/\/globecore.dev\/oil-maintenance\/silicone-oil-purification-machine\/\">Szilikonolaj sz\u00e1r\u00edt\u00e1sa<\/a>;<\/li>\r\n  <li style=\"text-align: justify;\">Midel 7131 dielektromos folyad\u00e9k sz\u00e1r\u00edt\u00e1sa;<\/li>\r\n  <li style=\"text-align: justify;\">FR3 dielektromos folyad\u00e9k sz\u00e1r\u00edt\u00e1sa;<\/li>\r\n  <li style=\"text-align: justify;\">R\u00f6ntgeng\u00e9pek olaj\u00e1nak sz\u00e1r\u00edt\u00e1sa;<\/li>\r\n  <li style=\"text-align: justify;\">Fyrquel t\u0171z\u00e1ll\u00f3 turbinaolaj sz\u00e1r\u00edt\u00e1sa;<\/li>\r\n  <li style=\"text-align: justify;\"><a href=\"https:\/\/globecore.dev\/oil-filtration-pumping\/%d1%81utting-oil-filtration-system\/\">V\u00e1g\u00f3olaj sz\u0171r\u00e9se<\/a>;<\/li>\r\n  <li style=\"text-align: justify;\"><a href=\"https:\/\/globecore.dev\/fuel-polishing\/diesel-fuel-purification-system-cmm-10cf\/\">D\u00edzel \u00fczemanyag tiszt\u00edt\u00e1sa<\/a>.<\/li>\r\n<\/ul>"},{"tab_title":"Konfigur\u00e1tor","tab_content":"[ezfc id='19' \/]"},{"tab_title":"Webin\u00e1riumok","tab_content":"https:\/\/www.youtube.com\/live\/7GjIDRRJ754"},{"tab_title":"Visszafizet\u00e9si id\u0151szak","tab_content":"[ezfc id='86' \/]"}],"add_video_tab":[{"video_tab_title":"Vide\u00f3","add_video_id":[{"video_id":"JB3u2Inrx7o"},{"video_id":"Atb8dLsxFxc"}]}],"add_gallery_tab":null,"add_price_tab":[{"price_tab_title":"Get a Quote"}]},"language":"hu","_links":{"self":[{"href":"https:\/\/globecore.dev\/hu\/wp-json\/wp\/v2\/pages\/298663","targetHints":{"allow":["GET"]}}],"collection":[{"href":"https:\/\/globecore.dev\/hu\/wp-json\/wp\/v2\/pages"}],"about":[{"href":"https:\/\/globecore.dev\/hu\/wp-json\/wp\/v2\/types\/page"}],"author":[{"embeddable":true,"href":"https:\/\/globecore.dev\/hu\/wp-json\/wp\/v2\/users\/7"}],"replies":[{"embeddable":true,"href":"https:\/\/globecore.dev\/hu\/wp-json\/wp\/v2\/comments?post=298663"}],"version-history":[{"count":0,"href":"https:\/\/globecore.dev\/hu\/wp-json\/wp\/v2\/pages\/298663\/revisions"}],"up":[{"embeddable":true,"href":"https:\/\/globecore.dev\/hu\/wp-json\/wp\/v2\/pages\/298482"}],"wp:featuredmedia":[{"embeddable":true,"href":"https:\/\/globecore.dev\/hu\/wp-json\/wp\/v2\/media\/298664"}],"wp:attachment":[{"href":"https:\/\/globecore.dev\/hu\/wp-json\/wp\/v2\/media?parent=298663"}],"wp:term":[{"taxonomy":"category","embeddable":true,"href":"https:\/\/globecore.dev\/hu\/wp-json\/wp\/v2\/categories?post=298663"}],"curies":[{"name":"wp","href":"https:\/\/api.w.org\/{rel}","templated":true}]}}