{"id":298660,"date":"2024-09-20T06:06:38","date_gmt":"2024-09-20T06:06:38","guid":{"rendered":"https:\/\/globecore.dev\/products\/oil-filtration-pumping\/cmm-20cf-unit-for-removal-of-water-from-oil\/"},"modified":"2025-02-25T14:46:00","modified_gmt":"2025-02-25T14:46:00","slug":"cmm-20cf-unit-for-removal-of-water-from-oil","status":"publish","type":"page","link":"https:\/\/globecore.dev\/hu\/products\/oil-filtration-pumping\/cmm-20cf-unit-for-removal-of-water-from-oil\/","title":{"rendered":"CMM-2,0CF egys\u00e9g a v\u00edz elt\u00e1vol\u00edt\u00e1s\u00e1ra az olajb\u00f3l"},"content":{"rendered":"","protected":false},"excerpt":{"rendered":"","protected":false},"author":7,"featured_media":298662,"parent":298482,"menu_order":0,"comment_status":"closed","ping_status":"closed","template":"templates\/single-product.php","meta":{"_acf_changed":false,"_bbp_topic_count":0,"_bbp_reply_count":0,"_bbp_total_topic_count":0,"_bbp_total_reply_count":0,"_bbp_voice_count":0,"_bbp_anonymous_reply_count":0,"_bbp_topic_count_hidden":0,"_bbp_reply_count_hidden":0,"_bbp_forum_subforum_count":0,"footnotes":""},"categories":[2177,2173],"class_list":["post-298660","page","type-page","status-publish","has-post-thumbnail","hentry","category-zeolite-oil-drying-units-hu","category-oil-filtration-pumping-hu"],"acf":{"add_tab":[{"tab_title":"Le\u00edr\u00e1s","tab_content":"A \u0421\u041c\u041c-2,0CF mobil olajtiszt\u00edt\u00f3 \u00fczemet a nagym\u00e9rt\u00e9kben vizes ipari, hidraulikus, turbina-, turbina-, transzform\u00e1torolajok \u00e9s m\u00e1s t\u00edpus\u00fa ipari olajok, valamint d\u00edzel\u00fczemanyag, kerozin \u00e9s benzin tiszt\u00edt\u00e1s\u00e1ra tervezt\u00e9k. Az egys\u00e9g robban\u00e1sbiztos kivitelben k\u00e9sz\u00fclt, ami biztos\u00edtja a biztons\u00e1gos m\u0171k\u00f6d\u00e9st.\r\n\r\nEz az egys\u00e9g biztos\u00edtja a mechanikai szennyez\u0151d\u00e9sek sz\u0171r\u00e9s\u00e9t \u00e9s a v\u00edz koaleszcencia m\u00f3dszerrel t\u00f6rt\u00e9n\u0151 elt\u00e1vol\u00edt\u00e1s\u00e1t. Sz\u0171r\u0151kkel ell\u00e1tott mobil platformb\u00f3l, szivatty\u00faegys\u00e9gb\u0151l \u00e9s nyom\u00f3gombos ind\u00edt\u00f3b\u00f3l \u00e1ll. A term\u00e9k mechanikai szennyez\u0151d\u00e9sek elt\u00e1vol\u00edt\u00e1s\u00e1val t\u00f6rt\u00e9n\u0151 tiszt\u00edt\u00e1sa \u00e9rdek\u00e9ben patronos sz\u0171r\u0151 van be\u00e9p\u00edtve, amelybe 1, 3, 5, 25 mikronos sz\u0171r\u00e9si finoms\u00e1g\u00fa elemeket lehet be\u00e9p\u00edteni.\r\n\r\nA berendez\u00e9s m\u0171k\u00f6d\u00e9si elve a v\u00edz koaleszcencia m\u00f3dszerrel t\u00f6rt\u00e9n\u0151 elt\u00e1vol\u00edt\u00e1sa. Amikor az olaj egy speci\u00e1lis sz\u0171r\u0151elemen kereszt\u00fclfolyik, a v\u00edzmolekul\u00e1k cseppekk\u00e9 egyes\u00fclnek, \u00e9s a sz\u0171r\u0151fel\u00fcleten lecsorogva egy tart\u00e1lyba csorognak. Ezt k\u00f6vet\u0151en a vizet egy leereszt\u0151 szelep seg\u00edts\u00e9g\u00e9vel leeresztik."}],"add_def_tab":[{"tab_title":"M\u0171szaki adatok","tab_content":"<table width=\"602\">\r\n<tbody>\r\n<tr>\r\n<td width=\"43\"><strong>\u2116<\/strong><\/td>\r\n<td width=\"432\"><strong>Param\u00e9ter<\/strong><\/td>\r\n<td width=\"126\"><strong>\u00c9rt\u00e9k<\/strong><\/td>\r\n<\/tr>\r\n<tr>\r\n<td width=\"43\">1<\/td>\r\n<td width=\"432\">Kapacit\u00e1s sz\u0171r\u00e9si \u00fczemm\u00f3dban, m<sup>3<\/sup>\/\u00f3ra<\/td>\r\n<td width=\"126\">2.4<\/td>\r\n<\/tr>\r\n<tr>\r\n<td width=\"43\">2<\/td>\r\n<td width=\"432\">Kapacit\u00e1s v\u00edzelvon\u00e1si \u00fczemm\u00f3dban, m<sup>3<\/sup>\/\u00f3ra<\/td>\r\n<td width=\"126\">2.4<\/td>\r\n<\/tr>\r\n<tr>\r\n<td width=\"43\">3<\/td>\r\n<td width=\"432\">V\u00edz elt\u00e1vol\u00edt\u00e1s<\/td>\r\n<td width=\"126\">99%<\/td>\r\n<\/tr>\r\n<tr>\r\n<td width=\"43\">4<\/td>\r\n<td width=\"432\">Feldolgozott olaj param\u00e9terei*<\/td>\r\n<td width=\"126\"><\/td>\r\n<\/tr>\r\n<tr>\r\n<td width=\"43\"><\/td>\r\n<td width=\"432\">\u2013 olaj tisztas\u00e1gi oszt\u00e1ly az ISO 4406 szerint<\/td>\r\n<td width=\"126\">-\/18\/16<\/td>\r\n<\/tr>\r\n<tr>\r\n<td width=\"43\">5<\/td>\r\n<td width=\"432\">Kimeneti olajnyom\u00e1s, bar<\/td>\r\n<td width=\"126\">2.5<\/td>\r\n<\/tr>\r\n<tr>\r\n<td width=\"43\">6<\/td>\r\n<td width=\"432\">Megadott energiaig\u00e9ny, kW, max<\/td>\r\n<td width=\"126\">1.5<\/td>\r\n<\/tr>\r\n<tr>\r\n<td width=\"43\">7<\/td>\r\n<td width=\"432\">T\u00e1pell\u00e1t\u00e1si param\u00e9terek<\/td>\r\n<td width=\"126\"><\/td>\r\n<\/tr>\r\n<tr>\r\n<td width=\"43\"><\/td>\r\n<td width=\"432\">\u2013 Fesz\u00fclts\u00e9g, V<\/td>\r\n<td width=\"126\">380<\/td>\r\n<\/tr>\r\n<tr>\r\n<td width=\"43\"><\/td>\r\n<td width=\"432\">\u2013 AC frekvencia, Hz<\/td>\r\n<td width=\"126\">50<\/td>\r\n<\/tr>\r\n<tr>\r\n<td width=\"43\">8<\/td>\r\n<td width=\"432\">M\u00e9retek, mm, max (p\u00f3tkocsi n\u00e9lk\u00fcl)<\/td>\r\n<td width=\"126\"><\/td>\r\n<\/tr>\r\n<tr>\r\n<td width=\"43\"><\/td>\r\n<td width=\"432\">\u2014 hossz<\/td>\r\n<td width=\"126\">\r\n<p style=\"text-align: center;\">1200<\/p>\r\n<\/td>\r\n<\/tr>\r\n<tr>\r\n<td width=\"43\"><\/td>\r\n<td width=\"432\">\u2014 sz\u00e9less\u00e9g<\/td>\r\n<td width=\"126\">\r\n<p style=\"text-align: center;\">900<\/p>\r\n<\/td>\r\n<\/tr>\r\n<tr>\r\n<td width=\"43\"><\/td>\r\n<td width=\"432\">\u2014 magass\u00e1g<\/td>\r\n<td width=\"126\">\r\n<p style=\"text-align: center;\">1550<\/p>\r\n<\/td>\r\n<\/tr>\r\n<tr>\r\n<td width=\"43\">9<\/td>\r\n<td width=\"432\">T\u00f6meg, kg, max<\/td>\r\n<td width=\"126\">\r\n<p style=\"text-align: center;\">500<\/p>\r\n<\/td>\r\n<\/tr>\r\n<\/tbody>\r\n<\/table>\r\n* <strong>Megjegyz\u00e9s \u2013<\/strong> A kezdeti param\u00e9terek alapj\u00e1n az \u00e1sv\u00e1nyi transzform\u00e1torolaj eset\u00e9n:\r\n<ul>\r\n \t<li style=\"text-align: justify;\">olaj tisztas\u00e1gi oszt\u00e1ly az ISO 4406 szerint: -\/18\/16;<\/li>\r\n \t<li style=\"text-align: justify;\">az olaj emulge\u00e1lt v\u00edztartalma ak\u00e1r 1%.<\/li>\r\n<\/ul>"},{"tab_title":"El\u0151ny\u00f6k","tab_content":"<ul>\r\n \t<li>A k\u00e9sz\u00fcl\u00e9k robban\u00e1sbiztos kivitelben k\u00e9sz\u00fclt;<\/li>\r\n \t<li>alacsony energiafogyaszt\u00e1s;<\/li>\r\n \t<li>kis m\u00e9retek;<\/li>\r\n \t<li>mobilit\u00e1s;<\/li>\r\n \t<li>a feldolgoz\u00e1s sor\u00e1n a term\u00e9k nincs kit\u00e9ve h\u0151nek, vegyi anyagoknak \u00e9s egy\u00e9b olyan t\u00e9nyez\u0151knek, amelyek h\u00e1tr\u00e1nyosan befoly\u00e1solhatj\u00e1k a teljes\u00edtm\u00e9ny\u00e9t.<\/li>\r\n<\/ul>"},{"tab_title":"Alkalmaz\u00e1s","tab_content":"<p style=\"text-align: justify;\"><strong>A CMM-2CF berendez\u00e9s a k\u00f6vetkez\u0151kre haszn\u00e1lhat\u00f3:<\/strong><\/p>\r\n<ul>\r\n  <li style=\"text-align: justify;\"><a href=\"https:\/\/globecore.dev\/publications\/transformer-oil-drying-and-degassing\/\">Transzform\u00e1torolaj sz\u00e1r\u00edt\u00e1sa<\/a>;<\/li>\r\n  <li style=\"text-align: justify;\">Turbinaolaj sz\u00e1r\u00edt\u00e1sa;<\/li>\r\n  <li style=\"text-align: justify;\">Hidraulikaolaj sz\u00e1r\u00edt\u00e1sa;<\/li>\r\n  <li style=\"text-align: justify;\">Ipari olaj sz\u00e1r\u00edt\u00e1sa;<\/li>\r\n  <li style=\"text-align: justify;\">K\u00e1belolaj sz\u00e1r\u00edt\u00e1sa;<\/li>\r\n  <li style=\"text-align: justify;\">Kompresszorolaj sz\u00e1r\u00edt\u00e1sa;<\/li>\r\n  <li style=\"text-align: justify;\">Fogasker\u00e9kolaj sz\u00e1r\u00edt\u00e1sa;<\/li>\r\n  <li style=\"text-align: justify;\"><a href=\"https:\/\/globecore.dev\/oil-maintenance\/silicone-oil-purification-machine\/\">Szilikonolaj sz\u00e1r\u00edt\u00e1sa<\/a>;<\/li>\r\n  <li style=\"text-align: justify;\">Midel 7131 dielektromos folyad\u00e9k sz\u00e1r\u00edt\u00e1sa;<\/li>\r\n  <li style=\"text-align: justify;\">FR3 dielektromos folyad\u00e9k sz\u00e1r\u00edt\u00e1sa;<\/li>\r\n  <li style=\"text-align: justify;\">R\u00f6ntgeng\u00e9pek olaj\u00e1nak sz\u00e1r\u00edt\u00e1sa;<\/li>\r\n  <li style=\"text-align: justify;\">Fyrquel t\u0171z\u00e1ll\u00f3 turbinaolaj sz\u00e1r\u00edt\u00e1sa;<\/li>\r\n  <li style=\"text-align: justify;\"><a href=\"https:\/\/globecore.dev\/oil-filtration-pumping\/%d1%81utting-oil-filtration-system\/\">V\u00e1g\u00f3olaj sz\u0171r\u00e9se<\/a>;<\/li>\r\n  <li style=\"text-align: justify;\"><a href=\"https:\/\/globecore.dev\/fuel-polishing\/diesel-fuel-purification-system-cmm-10cf\/\">D\u00edzel \u00fczemanyag tiszt\u00edt\u00e1sa<\/a>.<\/li>\r\n<\/ul>"},{"tab_title":"Konfigur\u00e1tor","tab_content":"[ezfc id='19' \/]"},{"tab_title":"Webin\u00e1riumok","tab_content":"https:\/\/www.youtube.com\/live\/7GjIDRRJ754"},{"tab_title":"Visszafizet\u00e9si id\u0151szak","tab_content":"[ezfc id='86' \/]"}],"add_video_tab":[{"video_tab_title":"Vide\u00f3","add_video_id":[{"video_id":"JB3u2Inrx7o"},{"video_id":"Atb8dLsxFxc"}]}],"add_gallery_tab":null,"add_price_tab":null},"language":"hu","_links":{"self":[{"href":"https:\/\/globecore.dev\/hu\/wp-json\/wp\/v2\/pages\/298660","targetHints":{"allow":["GET"]}}],"collection":[{"href":"https:\/\/globecore.dev\/hu\/wp-json\/wp\/v2\/pages"}],"about":[{"href":"https:\/\/globecore.dev\/hu\/wp-json\/wp\/v2\/types\/page"}],"author":[{"embeddable":true,"href":"https:\/\/globecore.dev\/hu\/wp-json\/wp\/v2\/users\/7"}],"replies":[{"embeddable":true,"href":"https:\/\/globecore.dev\/hu\/wp-json\/wp\/v2\/comments?post=298660"}],"version-history":[{"count":0,"href":"https:\/\/globecore.dev\/hu\/wp-json\/wp\/v2\/pages\/298660\/revisions"}],"up":[{"embeddable":true,"href":"https:\/\/globecore.dev\/hu\/wp-json\/wp\/v2\/pages\/298482"}],"wp:featuredmedia":[{"embeddable":true,"href":"https:\/\/globecore.dev\/hu\/wp-json\/wp\/v2\/media\/298662"}],"wp:attachment":[{"href":"https:\/\/globecore.dev\/hu\/wp-json\/wp\/v2\/media?parent=298660"}],"wp:term":[{"taxonomy":"category","embeddable":true,"href":"https:\/\/globecore.dev\/hu\/wp-json\/wp\/v2\/categories?post=298660"}],"curies":[{"name":"wp","href":"https:\/\/api.w.org\/{rel}","templated":true}]}}