{"id":298657,"date":"2016-04-01T11:12:06","date_gmt":"2016-04-01T11:12:06","guid":{"rendered":"https:\/\/globecore.dev\/products\/oil-filtration-pumping\/cfu-oil-filtration-unit\/"},"modified":"2025-09-23T12:14:50","modified_gmt":"2025-09-23T12:14:50","slug":"cfu-oil-filtration-unit","status":"publish","type":"page","link":"https:\/\/globecore.dev\/hu\/products\/oil-filtration-pumping\/cfu-oil-filtration-unit\/","title":{"rendered":"CMM-4,0F olajsz\u0171r\u0151 egys\u00e9g"},"content":{"rendered":"<div id=\"panel-1707-0-0-1\" class=\"so-panel widget widget_sow-editor panel-last-child\" data-index=\"1\" data-style=\"{&quot;background_display&quot;:&quot;tile&quot;}\">\n<div class=\"so-widget-sow-editor so-widget-sow-editor-base\">\n<div class=\"siteorigin-widget-tinymce textwidget\"><\/div>\n<\/div>\n<\/div>\n","protected":false},"excerpt":{"rendered":"<p>The CFU unit is an on-site portable filtration1 unit designed for removal of solid particles from lube and dielectric insulation oils2 with viscosity3 of no more than 70 cSt at 50\u00b0C\/122\u00b0F.<\/p>\n","protected":false},"author":7,"featured_media":298659,"parent":298482,"menu_order":0,"comment_status":"closed","ping_status":"closed","template":"templates\/single-product.php","meta":{"_acf_changed":false,"_bbp_topic_count":0,"_bbp_reply_count":0,"_bbp_total_topic_count":0,"_bbp_total_reply_count":0,"_bbp_voice_count":0,"_bbp_anonymous_reply_count":0,"_bbp_topic_count_hidden":0,"_bbp_reply_count_hidden":0,"_bbp_forum_subforum_count":0,"footnotes":""},"categories":[2026],"class_list":["post-298657","page","type-page","status-publish","has-post-thumbnail","hentry","category-news-hun"],"acf":{"add_tab":[{"tab_title":"Le\u00edr\u00e1s","tab_content":"<p style=\"text-align: justify;\">A CMM-4,0F berendez\u00e9s egy helysz\u00edni, hordozhat\u00f3 sz\u0171r\u0151egys\u00e9g, amely kifejezetten a ken\u0151- \u00e9s dielektromos szigetel\u0151olajokb\u00f3l sz\u00e1rmaz\u00f3 szil\u00e1rd r\u00e9szecsk\u00e9k elt\u00e1vol\u00edt\u00e1s\u00e1ra k\u00e9sz\u00fclt. Az egys\u00e9g az olaj viszkozit\u00e1s\u00e1t tekintve 50\u00b0C\/122\u00b0F-on m\u00e9rt 70 cSt-n\u00e9l nem nagyobb \u00e9rt\u00e9kkel m\u0171k\u00f6dik.<\/p>\r\n<p style=\"text-align: justify;\"><strong>M\u0171k\u00f6d\u00e9si k\u00f6r\u00fclm\u00e9nyek:<\/strong><\/p>\r\n\r\n<ul>\r\n \t<li style=\"text-align: justify;\">K\u00f6rnyezeti h\u0151m\u00e9rs\u00e9klet: 283\u2013308 K (+10\u2013+35\u00b0C \/ 49,7\u201397,73\u00b0F);<\/li>\r\n \t<li style=\"text-align: justify;\">Nyom\u00e1s: 84\u2013106,7 kPa (630\u2013800 mmHg);<\/li>\r\n \t<li style=\"text-align: justify;\">Magass\u00e1g: legfeljebb 2000 m\u00e9ter\/6561 l\u00e1b a tengerszint felett;<\/li>\r\n \t<li style=\"text-align: justify;\">Robban\u00e1s- \u00e9s t\u0171zv\u00e9delmi ter\u00fclet.<\/li>\r\n<\/ul>\r\n<p style=\"text-align: justify;\">A CMM-4,0F egy helysz\u00edni sz\u0171r\u0151kocsi, amely <strong data-start=\"209\" data-end=\"229\">sz\u0171r\u0151patronokkal<\/strong> van felszerelve, \u00e9s <strong data-start=\"250\" data-end=\"295\">szil\u00e1rd r\u00e9szecsk\u00e9k elt\u00e1vol\u00edt\u00e1s\u00e1ra szolg\u00e1l<\/strong> az ipari olajb\u00f3l, amelynek viszkozit\u00e1sa nem haladja meg a 70 cSt \u00e9rt\u00e9ket 50\u00b0C\/122\u00b0F-on.<\/p>\r\n<p style=\"text-align: justify;\"><strong>M\u0171k\u00f6d\u00e9si k\u00f6r\u00fclm\u00e9nyek:<\/strong><\/p>\r\n\r\n<ul>\r\n \t<li style=\"text-align: justify;\">K\u00f6rnyezeti h\u0151m\u00e9rs\u00e9klet: +10\u2013+35\u00b0C (50\u201398\u00b0F);<\/li>\r\n \t<li style=\"text-align: justify;\">Nyom\u00e1s: 84\u2013106,7 kPa (630\u2013800 in. Hg);<\/li>\r\n \t<li style=\"text-align: justify;\">Maxim\u00e1lis tengerszint feletti magass\u00e1g: 2000 m\u00e9ter\/6561 l\u00e1b;<\/li>\r\n \t<li style=\"text-align: justify;\">Robban\u00e1s- \u00e9s t\u0171z\u00e1ll\u00f3 ter\u00fclet.<\/li>\r\n<\/ul>"}],"add_def_tab":[{"tab_title":"M\u0171szaki adatok","tab_content":"<table width=\"601\">\r\n<tbody>\r\n<tr>\r\n<td rowspan=\"2\" width=\"182\">\r\n<p style=\"text-align: center;\"><strong>Param\u00e9ter<\/strong><\/p>\r\n<\/td>\r\n<td colspan=\"3\" width=\"223\">\r\n<p style=\"text-align: center;\"><strong>\u00c9rt\u00e9k<\/strong><\/p>\r\n<\/td>\r\n<\/tr>\r\n<tr>\r\n<td width=\"73\">\r\n<p style=\"text-align: center;\"><strong>CMM-1.0F<\/strong><\/p>\r\n<\/td>\r\n<td width=\"75\">\r\n<p style=\"text-align: center;\"><strong>CMM-2,0F<\/strong><\/p>\r\n<\/td>\r\n<td width=\"75\">\r\n<p style=\"text-align: center;\"><strong>CMM-4,0F<\/strong><\/p>\r\n<\/td>\r\n<\/tr>\r\n<tr>\r\n<td width=\"182\">Kapacit\u00e1s, m<sup>3<\/sup>\/\u00f3ra \/ gallon\/\u00f3ra<\/td>\r\n<td width=\"73\">\r\n<p style=\"text-align: center;\">1.0\/264<\/p>\r\n<\/td>\r\n<td width=\"75\">\r\n<p style=\"text-align: center;\">2\/528<\/p>\r\n<\/td>\r\n<td width=\"75\">\r\n<p style=\"text-align: center;\">4\/1056<\/p>\r\n<\/td>\r\n<\/tr>\r\n<tr>\r\n<td width=\"182\">Sz\u0171r\u00e9s finoms\u00e1ga, mikron**<\/td>\r\n<td width=\"73\">\r\n<p style=\"text-align: center;\">5<\/p>\r\n<\/td>\r\n<td width=\"75\">\r\n<p style=\"text-align: center;\">5<\/p>\r\n<\/td>\r\n<td width=\"75\">\r\n<p style=\"text-align: center;\">5<\/p>\r\n<\/td>\r\n<\/tr>\r\n<tr>\r\n<td width=\"182\">N\u00e9vleges teljes\u00edtm\u00e9ny, kW<\/td>\r\n<td width=\"73\">\r\n<p style=\"text-align: center;\">0.75<\/p>\r\n<\/td>\r\n<td width=\"75\">\r\n<p style=\"text-align: center;\">1.1<\/p>\r\n<\/td>\r\n<td width=\"75\">\r\n<p style=\"text-align: center;\">1.5<\/p>\r\n<\/td>\r\n<\/tr>\r\n<tr>\r\n<td width=\"182\">Kimeneti olajnyom\u00e1s, bar<\/td>\r\n<td width=\"73\">\r\n<p style=\"text-align: center;\">5<\/p>\r\n<\/td>\r\n<td width=\"75\">\r\n<p style=\"text-align: center;\">5<\/p>\r\n<\/td>\r\n<td width=\"75\">\r\n<p style=\"text-align: center;\">5<\/p>\r\n<\/td>\r\n<\/tr>\r\n<tr>\r\n<td width=\"182\">AC 50 Hz t\u00e1pfesz\u00fclts\u00e9g, V**<\/td>\r\n<td width=\"73\">\r\n<p style=\"text-align: center;\">B\u00e1rmilyen, a Megrendel\u0151 ig\u00e9nye szerint<\/p>\r\n<\/td>\r\n<td width=\"75\">\r\n<p style=\"text-align: center;\">B\u00e1rmilyen, a Megrendel\u0151 ig\u00e9nye szerint<\/p>\r\n<\/td>\r\n<td width=\"75\">\r\n<p style=\"text-align: center;\">B\u00e1rmilyen, a Megrendel\u0151 ig\u00e9nye szerint<\/p>\r\n<\/td>\r\n<\/tr>\r\n<tr>\r\n<td width=\"182\">M\u00e9retek, mm (in):\r\n\u2013 hossz\r\n\u2013 sz\u00e9less\u00e9g\r\n\u2013 magass\u00e1g<\/td>\r\n<td width=\"73\">\r\n<p style=\"text-align: center;\">580 (23)<\/p>\r\n<\/td>\r\n<td width=\"75\">\r\n<p style=\"text-align: center;\">580 (23)<\/p>\r\n<\/td>\r\n<td width=\"75\">\r\n<p style=\"text-align: center;\">580 (23)<\/p>\r\n<p style=\"text-align: center;\">560 (22)<\/p>\r\n<p style=\"text-align: center;\">1115 (44)<\/p>\r\n<\/td>\r\n<\/tr>\r\n<tr>\r\n<td width=\"182\">T\u00f6meg, kg (lbs)<\/td>\r\n<td width=\"73\">\r\n<p style=\"text-align: center;\">115\/254<\/p>\r\n<\/td>\r\n<td width=\"75\">\r\n<p style=\"text-align: center;\">125\/276<\/p>\r\n<\/td>\r\n<td width=\"75\">\r\n<p style=\"text-align: center;\">145\/320<\/p>\r\n<\/td>\r\n<\/tr>\r\n<\/tbody>\r\n<\/table>\r\n* A feldolgozott olaj t\u00edpus\u00e1t\u00f3l f\u00fcgg\r\n\r\n** A sz\u0171r\u00e9s finoms\u00e1ga \u00e9s a fesz\u00fclts\u00e9gparam\u00e9terek a Megrendel\u0151 ig\u00e9nyei vagy a term\u00e9k haszn\u00e1lati r\u00e9gi\u00f3ja szerint v\u00e1ltozhatnak\r\n\r\n<strong>Megjegyz\u00e9s:<\/strong> Az al\u00e1bbi specifik\u00e1ci\u00f3k olyan olajokra \u00e9rv\u00e9nyesek, amelyek nem tartalmaznak:\r\n<ul>\r\n \t<li style=\"text-align: justify;\">fel\u00fcletsz\u00ednz\u0151 anyagokat vagy egy\u00e9b anyagokat, amelyek el\u0151seg\u00edtik a v\u00edz csapd\u00e1ba ejt\u00e9s\u00e9t az olajban;<\/li>\r\n \t<li style=\"text-align: justify;\">mechanikailag vagy k\u00e9miailag keletkez\u0151 v\u00edz emulzi\u00f3kat.<\/li>\r\n<\/ul>"},{"tab_title":"El\u0151ny\u00f6k","tab_content":"<ul>\r\n \t<li>Easy to maintain and operate;<\/li>\r\n \t<li>Compact size;<\/li>\r\n \t<li>Mobility;<\/li>\r\n \t<li>Spare parts included.<\/li>\r\n<\/ul>"},{"tab_title":"Alkalmaz\u00e1s","tab_content":"<p style=\"text-align: justify;\"><strong>A CMM-4,0F berendez\u00e9s a k\u00f6vetkez\u0151kre haszn\u00e1lhat\u00f3:<\/strong><\/p>\r\n\r\n<ul>\r\n \t<li style=\"text-align: justify;\"><a href=\"https:\/\/globecore.dev\/oil-filtration-pumping\/transformer-oil-filtration-machine-cmm-40f\/\">Transzform\u00e1torolaj sz\u0171r\u00e9se<\/a>;<\/li>\r\n \t<li style=\"text-align: justify;\"><a href=\"https:\/\/globecore.dev\/publications\/turbine-oil-filtration\/\">Turbinaolaj sz\u0171r\u00e9se<\/a>;<\/li>\r\n \t<li style=\"text-align: justify;\"><a href=\"https:\/\/globecore.dev\/publications\/hydraulic-oil-filter-system\/\">Hidraulikaolaj sz\u0171r\u00e9se<\/a>;<\/li>\r\n \t<li style=\"text-align: justify;\"><a href=\"https:\/\/globecore.dev\/oil-filtration-pumping\/industrial-oil-filtration-machine-cmm-40f\/\">Ipari olaj sz\u0171r\u00e9se<\/a>;<\/li>\r\n \t<li style=\"text-align: justify;\"><a href=\"https:\/\/globecore.dev\/oil-filtration-pumping\/cable-oil-filtration-machine-cmm-40f\/\">K\u00e1belolaj sz\u0171r\u00e9se<\/a>;<\/li>\r\n \t<li style=\"text-align: justify;\"><a href=\"https:\/\/globecore.dev\/oil-filtration-pumping\/compressor-oil-filtration-machine-cmm-40f\/\">Kompresszorolaj sz\u0171r\u00e9se<\/a>;<\/li>\r\n \t<li style=\"text-align: justify;\"><a href=\"https:\/\/globecore.dev\/oil-maintenance\/gear-oil-filtration-machine\/\">Fogasker\u00e9kolaj sz\u0171r\u00e9se<\/a>;<\/li>\r\n \t<li style=\"text-align: justify;\"><a href=\"https:\/\/globecore.dev\/publications\/thermal-fluid-filtration-system-cmm-f\/\">Termikus folyad\u00e9k sz\u0171r\u00e9se<\/a>;<\/li>\r\n \t<li style=\"text-align: justify;\"><a href=\"https:\/\/globecore.dev\/oil-filtration-pumping\/flushing-fluid-filtration-machine-cmm-40f\/\">\u00d6bl\u00edt\u0151 folyad\u00e9k sz\u0171r\u00e9se<\/a>;<\/li>\r\n \t<li style=\"text-align: justify;\"><a href=\"https:\/\/globecore.dev\/publications\/%d1%81utting-oil-filtration\/\">V\u00e1g\u00f3olaj sz\u0171r\u00e9se<\/a>;<\/li>\r\n \t<li style=\"text-align: justify;\"><a href=\"https:\/\/globecore.dev\/oil-filtration-pumping\/silicone-oil-filtration-machine-cmm-40f\/\">Szilikonolaj sz\u0171r\u00e9se<\/a>;<\/li>\r\n \t<li style=\"text-align: justify;\"><a href=\"https:\/\/globecore.dev\/oil-filtration-pumping\/midel-7131-dielectric-fluid-filtration-machine-cmm-40f\/\">Midel 7131 dielektromos folyad\u00e9k sz\u0171r\u00e9se<\/a>;<\/li>\r\n \t<li style=\"text-align: justify;\"><a href=\"https:\/\/globecore.dev\/oil-filtration-pumping\/fr3-dielectric-fluid-filtration-machine-cmm-40f\/\">FR3 dielektromos folyad\u00e9k sz\u0171r\u00e9se<\/a>;<\/li>\r\n \t<li style=\"text-align: justify;\"><a href=\"https:\/\/globecore.dev\/publications\/purification-of-transformer-oil-in-x-ray-machines-with-the-cmm-0-4-unit\/\">R\u00f6ntgeng\u00e9pek olaj\u00e1nak sz\u0171r\u00e9se<\/a>;<\/li>\r\n \t<li style=\"text-align: justify;\"><a href=\"https:\/\/globecore.dev\/publications\/fyrquel-special-aspects-of-usage-and-treatment\/\">Fyrquel t\u0171z\u00e1ll\u00f3 turbinaolaj sz\u0171r\u00e9se<\/a>.<\/li>\r\n<\/ul>"},{"tab_title":"Konfigur\u00e1tor","tab_content":"[ezfc id='34' \/]"},{"tab_title":"Webin\u00e1riumok","tab_content":"https:\/\/www.youtube.com\/live\/7GjIDRRJ754"}],"add_video_tab":[{"video_tab_title":"Video","add_video_id":[{"video_id":"Atb8dLsxFxc"},{"video_id":"JB3u2Inrx7o"},{"video_id":"mk7EVgat-no"},{"video_id":"OIkH2GYqCVo"}]}],"add_gallery_tab":null,"add_price_tab":[{"price_tab_title":"Get a Quote"}]},"language":"hu","_links":{"self":[{"href":"https:\/\/globecore.dev\/hu\/wp-json\/wp\/v2\/pages\/298657","targetHints":{"allow":["GET"]}}],"collection":[{"href":"https:\/\/globecore.dev\/hu\/wp-json\/wp\/v2\/pages"}],"about":[{"href":"https:\/\/globecore.dev\/hu\/wp-json\/wp\/v2\/types\/page"}],"author":[{"embeddable":true,"href":"https:\/\/globecore.dev\/hu\/wp-json\/wp\/v2\/users\/7"}],"replies":[{"embeddable":true,"href":"https:\/\/globecore.dev\/hu\/wp-json\/wp\/v2\/comments?post=298657"}],"version-history":[{"count":0,"href":"https:\/\/globecore.dev\/hu\/wp-json\/wp\/v2\/pages\/298657\/revisions"}],"up":[{"embeddable":true,"href":"https:\/\/globecore.dev\/hu\/wp-json\/wp\/v2\/pages\/298482"}],"wp:featuredmedia":[{"embeddable":true,"href":"https:\/\/globecore.dev\/hu\/wp-json\/wp\/v2\/media\/298659"}],"wp:attachment":[{"href":"https:\/\/globecore.dev\/hu\/wp-json\/wp\/v2\/media?parent=298657"}],"wp:term":[{"taxonomy":"category","embeddable":true,"href":"https:\/\/globecore.dev\/hu\/wp-json\/wp\/v2\/categories?post=298657"}],"curies":[{"name":"wp","href":"https:\/\/api.w.org\/{rel}","templated":true}]}}