{"id":298591,"date":"2016-07-21T09:30:18","date_gmt":"2016-07-21T09:30:18","guid":{"rendered":"https:\/\/globecore.dev\/products\/degassing-thermal-vacuum-drying-oil\/cmm-0-6-oil-filtration-oil-degassing-cart\/"},"modified":"2025-09-10T11:53:26","modified_gmt":"2025-09-10T11:53:26","slug":"cmm-0-6-oil-filtration-oil-degassing-cart","status":"publish","type":"page","link":"https:\/\/globecore.dev\/hu\/products\/degassing-thermal-vacuum-drying-oil\/cmm-0-6-oil-filtration-oil-degassing-cart\/","title":{"rendered":"CMM-0.6L olajg\u00e1zmentes\u00edt\u0151 olajsz\u0171r\u0151 kocsi"},"content":{"rendered":"","protected":false},"excerpt":{"rendered":"<p>The CMM-0.6 is designed for heating, pumping  and processing electrical insulation and cooling oil (in transformers, on load tap changers, bushings, high voltage switches etc).<\/p>\n","protected":false},"author":1,"featured_media":298595,"parent":298476,"menu_order":0,"comment_status":"closed","ping_status":"closed","template":"templates\/single-product.php","meta":{"_acf_changed":false,"_bbp_topic_count":0,"_bbp_reply_count":0,"_bbp_total_topic_count":0,"_bbp_total_reply_count":0,"_bbp_voice_count":0,"_bbp_anonymous_reply_count":0,"_bbp_topic_count_hidden":0,"_bbp_reply_count_hidden":0,"_bbp_forum_subforum_count":0,"footnotes":""},"categories":[2026],"class_list":["post-298591","page","type-page","status-publish","has-post-thumbnail","hentry","category-news-hun"],"acf":{"add_tab":[{"tab_title":"Le\u00edr\u00e1s","tab_content":"A CMM-0.6L elektromos szigetel\u0151- \u00e9s h\u0171t\u0151olaj f\u0171t\u00e9s\u00e9re, szivatty\u00faz\u00e1s\u00e1ra \u00e9s feldolgoz\u00e1s\u00e1ra szolg\u00e1l (transzform\u00e1torokban, fokozatv\u00e1lt\u00f3kon, perselyeken, nagyfesz\u00fclts\u00e9g\u0171 kapcsol\u00f3kon stb.). A folyamat mag\u00e1ban foglalja a r\u00e9szecsk\u00e9k, a g\u00e1z \u00e9s a v\u00edz elt\u00e1vol\u00edt\u00e1s\u00e1t.\r\n\r\nEz a g\u00e9p a legalacsonyabb feldolgoz\u00e1si sebess\u00e9g\u0171 CMM kateg\u00f3ri\u00e1ba tartozik (legfeljebb 600 liter\/\u00f3ra).\r\n\r\nKialak\u00edt\u00e1s\r\n\r\nA \u0421\u041c\u041c-0,6L egy kocsira \u00e9p\u00fcl, amely az alkatr\u00e9szeket hordozza:\r\n\r\naz olaj sz\u00e1ll\u00edt\u00e1s\u00e1ra szolg\u00e1l\u00f3 eszk\u00f6z (szivatty\u00fa);\r\naz olaj h\u0151m\u00e9rs\u00e9klet\u00e9nek n\u00f6vel\u00e9s\u00e9re szolg\u00e1l\u00f3 eszk\u00f6z (f\u0171t\u0151berendez\u00e9s);\r\na szil\u00e1rd r\u00e9szecsk\u00e9k elt\u00e1vol\u00edt\u00e1s\u00e1ra szolg\u00e1l\u00f3 eszk\u00f6z\u00f6k (durva \u00e9s finom sz\u0171r\u0151k);\r\negy speci\u00e1lis t\u00f6lt\u0151anyaggal ell\u00e1tott hengeres ed\u00e9ny, amelyb\u0151l a v\u00e1kuum l\u00e9trehoz\u00e1s\u00e1hoz elt\u00e1vol\u00edtj\u00e1k a leveg\u0151t;\r\na v\u00e1kuumkamra ki\u00fcr\u00edt\u00e9s\u00e9re szolg\u00e1l\u00f3 eszk\u00f6z (v\u00e1kuumszivatty\u00fa);\r\negy vez\u00e9rl\u0151rendszer gombokkal \u00e9s folyamatparam\u00e9ter-\u00e9rz\u00e9kel\u0151kkel.\r\n\r\nAz alkatr\u00e9szek cs\u00f6vekkel vannak \u00f6sszek\u00f6tve.\r\n\r\nM\u0171k\u00f6d\u00e9s\r\n\r\nA v\u00e1kuum a CMM-0,6L-ben l\u00e9v\u0151 olaj legfontosabb befoly\u00e1sol\u00f3 t\u00e9nyez\u0151je. A v\u00e1kuumszivatty\u00fa elt\u00e1vol\u00edtja a leveg\u0151t a hengeres v\u00e1kuumkamr\u00e1b\u00f3l, A v\u00e1kuum az olajat a r\u00e9szecske elt\u00e1vol\u00edt\u00f3 eszk\u00f6z\u00f6k\u00f6n kereszt\u00fcl a f\u0171t\u0151berendez\u00e9sbe sz\u00edvja, ahol az olajat a folyamat h\u0151m\u00e9rs\u00e9klet\u00e9re meleg\u00edtik. Ezut\u00e1n az olaj a hengeres kamr\u00e1ba ker\u00fcl, amely egy speci\u00e1lis t\u00f6lt\u0151anyagot tartalmaz, ami n\u00f6veli az olaj fel\u00fclet\u00e9t. Az olaj lefel\u00e9 \u00e1ramlik, \u00e9s a v\u00e1kuum kisz\u00edvja a vizet \u00e9s a g\u00e1zt az olajb\u00f3l. A v\u00e1kuumkamra alj\u00e1r\u00f3l az olaj a sz\u0171r\u0151kbe, majd a k\u00e9sz\u00fcl\u00e9k kimenet\u00e9re \u00e1ramlik.\r\n\r\nA kezel\u0151 bevon\u00e1sa\r\n\r\nAz emberi kezel\u0151 r\u00e9szv\u00e9tele a kezel\u0151panelen l\u00e9v\u0151 vez\u00e9rl\u0151gombok megnyom\u00e1s\u00e1ra korl\u00e1toz\u00f3dik. Amikor a kezel\u0151 megnyom egy gombot, a hozz\u00e1tartoz\u00f3 \u00fczemm\u00f3d bekapcsol, \u00e9s emberi beavatkoz\u00e1s n\u00e9lk\u00fcl m\u0171k\u00f6dik. A vez\u00e9rl\u0151panel k\u00fcl\u00f6nb\u00f6z\u0151 jelz\u0151berendez\u00e9sekkel is fel van szerelve, amelyek jelzik, hogy mely komponensek vannak bekapcsolva, \u00e9s riaszt\u00e1si jelz\u00e9seket adnak.\r\n\r\nAz olaj technol\u00f3giai h\u0151m\u00e9rs\u00e9klet\u00e9t a kezel\u0151 egy elektronikus kijelz\u0151n v\u00e1lasztja ki, \u00e9s emberi k\u00f6zrem\u0171k\u00f6d\u00e9s n\u00e9lk\u00fcl tartja fenn.\r\n\r\nBiztons\u00e1g\r\n\r\nA CMM-0.6L m\u0171k\u00f6d\u00e9s\u00e9nek biztons\u00e1g\u00e1t a folyamatparam\u00e9tereket ellen\u0151rz\u0151 eszk\u00f6z\u00f6k \u00e9s speci\u00e1lis v\u00e9d\u0151berendez\u00e9sek biztos\u00edtj\u00e1k:\r\n\r\nA f\u0171t\u0151berendez\u00e9s h\u0151m\u00e9rs\u00e9klet-szab\u00e1lyoz\u00e1sa (t\u00falmeleged\u00e9s elleni v\u00e9delem);\r\nolajszint-ellen\u0151rz\u00e9s (a szivatty\u00fak azonnali le\u00e1ll\u00edt\u00e1sa, ha a rendszerben nincs olaj);\r\nolajsziv\u00e1rg\u00e1s-ellen\u0151rz\u00e9s (a g\u00e9p le\u00e1ll\u00edt\u00e1sa olajt\u00f6ml\u0151 szakad\u00e1sa \u00e9s sziv\u00e1rg\u00e1s eset\u00e9n);\r\nhabz\u00e1sg\u00e1tl\u00e1s;\r\naz elektromos motor \u00e9s a vez\u00e9rl\u0151\u00e1ramk\u00f6r v\u00e9delme.\r\nKinek k\u00e9sz\u00fclt ez a g\u00e9p\r\n\r\nA CMM-0.6L-t transzform\u00e1torok (\u00e9s m\u00e1s \u00e1sv\u00e1nyi olajjal t\u00f6lt\u00f6tt elektromos berendez\u00e9sek) \u00f6sszeszerel\u0151, szervizel\u0151 \u00e9s jav\u00edt\u00f3 v\u00e1llalatok sz\u00e1m\u00e1ra tervezt\u00e9k."}],"add_def_tab":[{"tab_title":"M\u0171szaki adatok","tab_content":"<table>\r\n<tbody>\r\n<tr>\r\n<td><strong>\u2116<\/strong><\/td>\r\n<td style=\"text-align: center;\"><strong>Param\u00e9ter le\u00edr\u00e1sa<\/strong><\/td>\r\n<td style=\"text-align: center;\"><strong>\u00c9rt\u00e9k<\/strong><\/td>\r\n<\/tr>\r\n<tr>\r\n<td>1<\/td>\r\n<td>Hat\u00e9konys\u00e1g, m<sup>3<\/sup>\/\u00f3ra:<\/td>\r\n<td style=\"text-align: center;\">0.6<\/td>\r\n<\/tr>\r\n<tr>\r\n<td>2<\/td>\r\n<td>T\u00e1pell\u00e1t\u00e1s (AC 50Hz, V)<\/td>\r\n<td style=\"text-align: center;\">380*<\/td>\r\n<\/tr>\r\n<tr>\r\n<td>3<\/td>\r\n<td>N\u00e9vleges bemeneti teljes\u00edtm\u00e9ny, kW<\/td>\r\n<td style=\"text-align: center;\">14<\/td>\r\n<\/tr>\r\n<tr>\r\n<td>4<\/td>\r\n<td>Sz\u0171r\u00e9s finoms\u00e1ga, mikron<\/td>\r\n<td style=\"text-align: center;\">5<\/td>\r\n<\/tr>\r\n<tr>\r\n<td>5<\/td>\r\n<td>Nedvess\u00e9gtartalom, ppm<\/td>\r\n<td style=\"text-align: center;\">10 ppm vagy 5 ppm vagy 5 ppm+ (opcion\u00e1lisan)<\/td>\r\n<\/tr>\r\n<tr>\r\n<td>6<\/td>\r\n<td>Feldolgoz\u00e1s ut\u00e1ni tisztas\u00e1gi szint (ISO 4406 szerint)<\/td>\r\n<td style=\"text-align: center;\">-\/14\/12<\/td>\r\n<\/tr>\r\n<tr>\r\n<td>7<\/td>\r\n<td>Olaj \u00e1t\u00fct\u00e9si fesz\u00fclts\u00e9ge, legal\u00e1bb, kV<\/td>\r\n<td style=\"text-align: center;\">60**<\/td>\r\n<\/tr>\r\n<tr>\r\n<td>8<\/td>\r\n<td>K\u00fcls\u0151 m\u00e9retek (t\u00f6ml\u0151k n\u00e9lk\u00fcl), mm, legfeljebb<\/td>\r\n<td><\/td>\r\n<\/tr>\r\n<tr>\r\n<td><\/td>\r\n<td>\u2014 hossz<\/td>\r\n<td style=\"text-align: center;\">750<\/td>\r\n<\/tr>\r\n<tr>\r\n<td><\/td>\r\n<td>\u2014 sz\u00e9less\u00e9g<\/td>\r\n<td style=\"text-align: center;\">525<\/td>\r\n<\/tr>\r\n<tr>\r\n<td><\/td>\r\n<td>\u2014 magass\u00e1g<\/td>\r\n<td style=\"text-align: center;\">1450<\/td>\r\n<\/tr>\r\n<tr>\r\n<td>9<\/td>\r\n<td>T\u00f6meg (olaj n\u00e9lk\u00fcl), kg, legfeljebb<\/td>\r\n<td style=\"text-align: center;\">230<\/td>\r\n<\/tr>\r\n<\/tbody>\r\n<\/table>\r\n* - b\u00e1rmilyen fesz\u00fclts\u00e9g a megrendel\u0151 ig\u00e9nye szerint\r\n\r\n** - felt\u00e9ve, hogy a feldolgozott olaj nem volt haszn\u00e1latban.\r\n<p style=\"text-align: justify;\">Azonnal megv\u00e1s\u00e1rolhatja a CMM-0.6 g\u00e1ztalan\u00edt\u00f3 berendez\u00e9st, ha felveszi a kapcsolatot menedzsereink valamelyik\u00e9vel a kapcsolattart\u00e1si list\u00e1n.<\/p>\r\n<p style=\"text-align: justify;\">Az alap\u00e9rtelmezett param\u00e9terek egy\u00e9ni ig\u00e9nyeire val\u00f3 m\u00f3dos\u00edt\u00e1s\u00e1hoz a Megrendel\u0151nek ki kell t\u00f6ltenie egy k\u00e9rd\u0151\u00edvet, amelyben fel kell t\u00fcntetnie a sz\u00fcks\u00e9ges m\u0171szaki k\u00f6vetelm\u00e9nyeket.<\/p>"},{"tab_title":"El\u0151ny\u00f6k","tab_content":"<ul>\r\n \t<li style=\"text-align: justify;\">kompakts\u00e1g;<\/li>\r\n \t<li style=\"text-align: justify;\">egyszer\u0171 karbantart\u00e1s \u00e9s \u00fczemeltet\u00e9s;<\/li>\r\n \t<li style=\"text-align: justify;\">csendes m\u0171k\u00f6d\u00e9s;<\/li>\r\n \t<li style=\"text-align: justify;\">k\u00e9pes m\u0171k\u00f6dni egy hagyom\u00e1nyos 220 V-os elektromos aljzatr\u00f3l t\u00f6rt\u00e9n\u0151 t\u00e1pl\u00e1l\u00e1ssal.<\/li>\r\n<\/ul>"},{"tab_title":"Alkalmaz\u00e1s","tab_content":"<p style=\"text-align: justify;\"><strong>A CMM-0.6L berendez\u00e9sek a k\u00f6vetkez\u0151kre haszn\u00e1lhat\u00f3k:<\/strong><\/p>\r\n\r\n<ul>\r\n \t<li style=\"text-align: justify;\"><a href=\"https:\/\/globecore.dev\/publications\/oil-purification-process\/\">Transzform\u00e1torolaj tiszt\u00edt\u00e1sa<\/a>;<\/li>\r\n \t<li style=\"text-align: justify;\"><a href=\"https:\/\/globecore.dev\/publications\/electric-train-traction-transformer-oil-purification\/\">Villamos vonat von\u00f3transzform\u00e1torolaj tiszt\u00edt\u00e1sa<\/a>;<\/li>\r\n \t<li style=\"text-align: justify;\"><a href=\"https:\/\/globecore.dev\/publications\/turbine-oil-purification-equipment\/\">Turbinaolaj tiszt\u00edt\u00e1sa<\/a>;<\/li>\r\n \t<li style=\"text-align: justify;\"><a href=\"https:\/\/globecore.dev\/publications\/hydraulic-oil-purification-using-filtration-method\/\">Hidraulikaolaj tiszt\u00edt\u00e1sa<\/a>;<\/li>\r\n \t<li style=\"text-align: justify;\"><a href=\"https:\/\/globecore.dev\/publications\/purification-of-industrial-oils\/\">Ipari olaj tiszt\u00edt\u00e1sa<\/a>;<\/li>\r\n \t<li style=\"text-align: justify;\"><a href=\"https:\/\/globecore.dev\/publications\/silicone-oil-purification\/\">Szilikonolaj tiszt\u00edt\u00e1sa<\/a>;<\/li>\r\n \t<li style=\"text-align: justify;\"><a href=\"https:\/\/globecore.dev\/publications\/midel-7131-transformer-oil-purification\/\">Midel 7131 dielektromos folyad\u00e9k tiszt\u00edt\u00e1sa<\/a>;<\/li>\r\n \t<li style=\"text-align: justify;\"><a href=\"https:\/\/globecore.dev\/publications\/fr3-natural-ester-transformer-fluid-purification\/\">FR3 term\u00e9szetes \u00e9szter alap\u00fa transzform\u00e1torfolyad\u00e9k tiszt\u00edt\u00e1sa<\/a>;<\/li>\r\n \t<li style=\"text-align: justify;\"><a href=\"https:\/\/globecore.dev\/publications\/fyrquel-special-aspects-of-usage-and-treatment\/\">Fyrquel t\u0171z\u00e1ll\u00f3 turbinaolaj tiszt\u00edt\u00e1sa<\/a>;<\/li>\r\n \t<li style=\"text-align: justify;\"><a href=\"https:\/\/globecore.dev\/degassing-thermal-vacuum-drying-oil\/x-ray-transformer-oil-purifier\/\">R\u00f6ntgeng\u00e9pek olaj\u00e1nak tiszt\u00edt\u00e1sa<\/a>;<\/li>\r\n \t<li style=\"text-align: justify;\"><a href=\"https:\/\/globecore.dev\/oil-filtration-pumping\/on-load-tap-changer-oil-filtration-system-cmm-0-6l\/\">On-load tap changer olajsz\u0171r\u00e9s<\/a>;<\/li>\r\n \t<li style=\"text-align: justify;\"><a href=\"https:\/\/globecore.dev\/oil-filtration-pumping\/circuit-breaker-oil-filtration-system-cmm-0-6l\/\">\u00c1ramk\u00f6ri megszak\u00edt\u00f3 olajsz\u0171r\u00e9s<\/a>;<\/li>\r\n \t<li style=\"text-align: justify;\"><a href=\"https:\/\/globecore.dev\/oil-maintenance\/bitcoin-mining-transformers-oil-purification-machine-cmm-0-6l\/\">Bitcoin b\u00e1ny\u00e1sz transzform\u00e1torok olaj\u00e1nak tiszt\u00edt\u00e1sa<\/a>.<\/li>\r\n<\/ul>"},{"tab_title":"Konfigur\u00e1tor","tab_content":"[ezfc id='16' \/]"},{"tab_title":"Webin\u00e1riumok","tab_content":"https:\/\/www.youtube.com\/live\/7GjIDRRJ754"},{"tab_title":"Visszafizet\u00e9si id\u0151szak","tab_content":"[ezfc id='87' \/]"}],"add_video_tab":[{"video_tab_title":"Video","add_video_id":[{"video_id":"JpGHpwL05rc"},{"video_id":"2ISlWhpvhDw"},{"video_id":"kx_L7orThQM"},{"video_id":"7k2ZP1on-UU"}]}],"add_gallery_tab":[{"gallery_tab_title":"Gallery","add_img":[60074,60065,60053,60243,12849,8550,8549,8545,23656]}],"add_price_tab":[{"price_tab_title":"Get a Quote"}]},"language":"hu","_links":{"self":[{"href":"https:\/\/globecore.dev\/hu\/wp-json\/wp\/v2\/pages\/298591","targetHints":{"allow":["GET"]}}],"collection":[{"href":"https:\/\/globecore.dev\/hu\/wp-json\/wp\/v2\/pages"}],"about":[{"href":"https:\/\/globecore.dev\/hu\/wp-json\/wp\/v2\/types\/page"}],"author":[{"embeddable":true,"href":"https:\/\/globecore.dev\/hu\/wp-json\/wp\/v2\/users\/1"}],"replies":[{"embeddable":true,"href":"https:\/\/globecore.dev\/hu\/wp-json\/wp\/v2\/comments?post=298591"}],"version-history":[{"count":0,"href":"https:\/\/globecore.dev\/hu\/wp-json\/wp\/v2\/pages\/298591\/revisions"}],"up":[{"embeddable":true,"href":"https:\/\/globecore.dev\/hu\/wp-json\/wp\/v2\/pages\/298476"}],"wp:featuredmedia":[{"embeddable":true,"href":"https:\/\/globecore.dev\/hu\/wp-json\/wp\/v2\/media\/298595"}],"wp:attachment":[{"href":"https:\/\/globecore.dev\/hu\/wp-json\/wp\/v2\/media?parent=298591"}],"wp:term":[{"taxonomy":"category","embeddable":true,"href":"https:\/\/globecore.dev\/hu\/wp-json\/wp\/v2\/categories?post=298591"}],"curies":[{"name":"wp","href":"https:\/\/api.w.org\/{rel}","templated":true}]}}