{"id":298586,"date":"2021-03-11T09:36:31","date_gmt":"2021-03-11T09:36:31","guid":{"rendered":"https:\/\/globecore.dev\/products\/degassing-thermal-vacuum-drying-oil\/cmm-1lt-transformer-oil-purification-unit\/"},"modified":"2025-06-27T10:36:52","modified_gmt":"2025-06-27T10:36:52","slug":"cmm-1lt-transformer-oil-purification-unit","status":"publish","type":"page","link":"https:\/\/globecore.dev\/hu\/products\/degassing-thermal-vacuum-drying-oil\/cmm-1lt-transformer-oil-purification-unit\/","title":{"rendered":"CMM-1.0LT transzform\u00e1torolaj-tiszt\u00edt\u00f3 egys\u00e9g"},"content":{"rendered":"","protected":false},"excerpt":{"rendered":"","protected":false},"author":7,"featured_media":298589,"parent":298476,"menu_order":0,"comment_status":"closed","ping_status":"closed","template":"templates\/single-product.php","meta":{"_acf_changed":false,"_bbp_topic_count":0,"_bbp_reply_count":0,"_bbp_total_topic_count":0,"_bbp_total_reply_count":0,"_bbp_voice_count":0,"_bbp_anonymous_reply_count":0,"_bbp_topic_count_hidden":0,"_bbp_reply_count_hidden":0,"_bbp_forum_subforum_count":0,"footnotes":""},"categories":[2165],"class_list":["post-298586","page","type-page","status-publish","has-post-thumbnail","hentry","category-oil-maintenance-hu"],"acf":{"add_tab":[{"tab_title":"Le\u00edr\u00e1s","tab_content":"A \u0421\u041c\u041c-1.0LT egys\u00e9get a g\u00e1zturbin\u00e1k \u00e9s g\u00e1zszivatty\u00fa egys\u00e9gek, g\u00e1zmotor-kompresszorok \u00e9s transzform\u00e1torok ken\u00e9si, t\u00f6m\u00edt\u00e9si, hidraulikus vez\u00e9rl\u0151rendszereihez haszn\u00e1lt ipari olajok termikus v\u00e1kuumsz\u00e1r\u00edt\u00e1s\u00e1ra \u00e9s sz\u0171r\u00e9s\u00e9re tervezt\u00e9k. Az olajtiszt\u00edt\u00e1s mellett a CMM-1.0LT az olajjal t\u00f6lt\u00f6tt elektromos k\u00e9sz\u00fcl\u00e9kek f\u0171t\u00e9s\u00e9re \u00e9s sz\u00e1r\u00edt\u00e1s\u00e1ra is haszn\u00e1lhat\u00f3.\r\n\r\nM\u0171k\u00f6d\u00e9si elv\r\n\r\nA v\u00e1kuummal hajtott olaj egy 200 mikronos sz\u0171r\u00e9si finoms\u00e1g\u00fa durva sz\u0171r\u0151n halad \u00e1t, majd egy v\u00e1kuumtart\u00e1lyba ker\u00fcl, ahol egy f\u0171t\u0151berendez\u00e9s tal\u00e1lhat\u00f3. Az alulr\u00f3l felfel\u00e9 emelked\u0151 olaj felmelegszik, \u00e9s egy speci\u00e1lis csatorn\u00e1zott fed\u00e9len kereszt\u00fcl a kamra m\u00e1sik r\u00e9sz\u00e9be jut, ahol k\u00f6zvetlen\u00fcl a speci\u00e1lis t\u00f6lt\u0151berendez\u00e9sekhez jut. Ezut\u00e1n az olaj a t\u00f6lt\u0151k\u00f6n lefel\u00e9 \u00e1ramlik, mik\u00f6zben a nedvess\u00e9gg\u0151z \u00e9s a g\u00e1zok v\u00e1kuummal t\u00e1voznak az olajb\u00f3l. Ezut\u00e1n az olajat a tart\u00e1ly alj\u00e1r\u00f3l k\u00e9t finom sz\u0171r\u0151n kereszt\u00fcl a k\u00e9sz\u00fcl\u00e9k kimenet\u00e9re szivatty\u00fazz\u00e1k. A sz\u0171r\u0151k sz\u0171r\u00e9si finoms\u00e1ga 5, 3, 1 vagy 0,3 mikronban v\u00e1laszthat\u00f3.\r\n\r\nTervez\u00e9si jellemz\u0151k\r\n\r\nA f\u0171t\u0151berendez\u00e9s a v\u00e1kuumtart\u00e1lyon bel\u00fcl helyezkedik el, ami lehet\u0151v\u00e9 tette a k\u00e9sz\u00fcl\u00e9k m\u00e9reteinek cs\u00f6kkent\u00e9s\u00e9t \u00e9s az olaj f\u0171t\u00e9se k\u00f6zbeni h\u0151vesztes\u00e9gek m\u00e9rs\u00e9kl\u00e9s\u00e9t.\r\n\r\nA v\u00e1kuumrendszer \u00e1ltal l\u00e9trehozott nyom\u00e1scs\u00f6kken\u00e9s miatt az olajat besz\u00edvja a v\u00e1kuumkamra. Az egys\u00e9g t\u00f6bbi elem\u00e9re \u00faj elrendez\u00e9st alkalmaztak. Mindezek az \u00faj\u00edt\u00e1sok j\u00f3 eredm\u00e9nyeket hoztak a berendez\u00e9s kis m\u00e9rete szempontj\u00e1b\u00f3l."}],"add_def_tab":[{"tab_title":"M\u0171szaki adatok","tab_content":"<table width=\"605\">\r\n<tbody>\r\n<tr>\r\n<td colspan=\"2\" width=\"529\">\r\n<p style=\"text-align: center;\"><strong>Parameter<\/strong><\/p>\r\n<\/td>\r\n<td width=\"76\">\r\n<p style=\"text-align: center;\"><strong>Value<\/strong><\/p>\r\n<\/td>\r\n<\/tr>\r\n<tr>\r\n<td style=\"text-align: left;\" colspan=\"3\" width=\"605\">1. Capacity, m<sup>3<\/sup>\/h (gpm), not less than<\/td>\r\n<\/tr>\r\n<tr>\r\n<td width=\"47\"><\/td>\r\n<td style=\"text-align: left;\" width=\"482\">- in the thermal vacuum drying and filtration mode<\/td>\r\n<td width=\"76\">\r\n<p style=\"text-align: center;\"><strong>1<\/strong><strong>.<\/strong><strong>0 (4<\/strong><strong>,<\/strong><strong>4)<\/strong><\/p>\r\n<\/td>\r\n<\/tr>\r\n<tr>\r\n<td style=\"text-align: left;\" colspan=\"3\" width=\"605\">2.* Processed oil parameters (in several passes):<\/td>\r\n<\/tr>\r\n<tr>\r\n<td rowspan=\"3\" width=\"47\"><\/td>\r\n<td style=\"text-align: left;\" width=\"482\">- total gas content, %, not more than<\/td>\r\n<td width=\"76\">\r\n<p style=\"text-align: center;\"><strong>1<\/strong><strong>,<\/strong><strong>5<\/strong><\/p>\r\n<\/td>\r\n<\/tr>\r\n<tr>\r\n<td style=\"text-align: left;\" width=\"482\">- oil moisture mass content, ppm, not more than<\/td>\r\n<td width=\"76\">\r\n<p style=\"text-align: center;\"><strong>10 ppm or 5 ppm or 5 ppm+ (optionally)<\/strong><\/p>\r\n<\/td>\r\n<\/tr>\r\n<tr>\r\n<td style=\"text-align: left;\" width=\"482\">- industrial purity class of \u00a0ISO 4406<\/td>\r\n<td width=\"76\">\r\n<p style=\"text-align: center;\"><strong>-\/14\/12<\/strong><\/p>\r\n<\/td>\r\n<\/tr>\r\n<tr>\r\n<td style=\"text-align: left;\" colspan=\"2\" width=\"529\">3. Max output oil temperature, \u00ba\u0421 (\u00baF)<\/td>\r\n<td width=\"76\">\r\n<p style=\"text-align: center;\"><strong>55<\/strong><strong> (131)<\/strong><\/p>\r\n<\/td>\r\n<\/tr>\r\n<tr>\r\n<td style=\"text-align: left;\" colspan=\"2\" width=\"529\">4. Output pressure, bar (psi)<\/td>\r\n<td width=\"76\">\r\n<p style=\"text-align: center;\"><strong>3<\/strong><strong> (43,5)<\/strong><\/p>\r\n<\/td>\r\n<\/tr>\r\n<tr>\r\n<td style=\"text-align: left;\" colspan=\"2\" width=\"529\">5. Oil heater power, kW, not more than<\/td>\r\n<td width=\"76\">\r\n<p style=\"text-align: center;\"><strong>12<\/strong><\/p>\r\n<\/td>\r\n<\/tr>\r\n<tr>\r\n<td style=\"text-align: left;\" colspan=\"2\" width=\"529\">6. Max power requirement, kW, not more than<\/td>\r\n<td width=\"76\">\r\n<p style=\"text-align: center;\"><strong>15<\/strong><\/p>\r\n<\/td>\r\n<\/tr>\r\n<tr>\r\n<td style=\"text-align: left;\" colspan=\"3\" width=\"605\">7. Electric current parameters<\/td>\r\n<\/tr>\r\n<tr>\r\n<td rowspan=\"2\" width=\"47\"><\/td>\r\n<td style=\"text-align: left;\" width=\"482\">- voltage, V<\/td>\r\n<td width=\"76\">\r\n<p style=\"text-align: center;\"><strong>380<\/strong><\/p>\r\n<\/td>\r\n<\/tr>\r\n<tr>\r\n<td style=\"text-align: left;\" width=\"482\">- AC with frequency, Hz<\/td>\r\n<td width=\"76\">\r\n<p style=\"text-align: center;\"><strong>50<\/strong><\/p>\r\n<\/td>\r\n<\/tr>\r\n<tr>\r\n<td width=\"47\"><\/td>\r\n<td style=\"text-align: left;\" width=\"482\">- number of phases<\/td>\r\n<td width=\"76\">\r\n<p style=\"text-align: center;\"><strong>3<\/strong><\/p>\r\n<\/td>\r\n<\/tr>\r\n<tr>\r\n<td style=\"text-align: left;\" colspan=\"2\" width=\"529\">8. Dimensions, mm (in), not more than (w\/o trailer\/with trailer)<\/td>\r\n<td width=\"76\"><strong>\u00a0<\/strong><\/td>\r\n<\/tr>\r\n<tr>\r\n<td width=\"47\"><\/td>\r\n<td style=\"text-align: left;\" width=\"482\">- length<\/td>\r\n<td width=\"76\">\r\n<p style=\"text-align: center;\"><strong>910 (36)\/2450 (96)<\/strong><\/p>\r\n<\/td>\r\n<\/tr>\r\n<tr>\r\n<td width=\"47\"><\/td>\r\n<td style=\"text-align: left;\" width=\"482\">- width<\/td>\r\n<td width=\"76\">\r\n<p style=\"text-align: center;\"><strong>620 (24)\/1420 (56)<\/strong><\/p>\r\n<\/td>\r\n<\/tr>\r\n<tr>\r\n<td width=\"47\"><\/td>\r\n<td style=\"text-align: left;\" width=\"482\">- height<\/td>\r\n<td width=\"76\">\r\n<p style=\"text-align: center;\"><strong>1<\/strong><strong>500 (59)\/1910 (75)<\/strong><\/p>\r\n<\/td>\r\n<\/tr>\r\n<tr>\r\n<td style=\"text-align: left;\" colspan=\"2\" width=\"529\">9. Weight, kg, not more than (w\/o trailer\/with trailer)<\/td>\r\n<td width=\"76\">\r\n<p style=\"text-align: center;\"><strong>280 (617)\/730 (1600)<\/strong><\/p>\r\n<\/td>\r\n<\/tr>\r\n<\/tbody>\r\n<\/table>\r\n<strong>\u00a0<\/strong><strong>Note:<\/strong>\r\n* At initial parameters of oil:\r\n<ul>\r\n \t<li>volumetric gas content \u2014 not more than 10.5%;<\/li>\r\n \t<li>moisture mass content \u2014 not more than 0.005% (50 ppm);<\/li>\r\n \t<li>temperature \u2014 not lower than 0\u00ba\u0421 (32\u00baF)<\/li>\r\n \t<li>when the oil passes through the unit multiple times.<\/li>\r\n<\/ul>"},{"tab_title":"El\u0151ny\u00f6k","tab_content":"<ul>\r\n \t<li style=\"text-align: justify;\">kompakts\u00e1g;<\/li>\r\n \t<li style=\"text-align: justify;\">mobilit\u00e1s;<\/li>\r\n \t<li style=\"text-align: justify;\">egyszer\u0171 vez\u00e9rl\u00e9s;<\/li>\r\n \t<li style=\"text-align: justify;\">k\u00fcl\u00f6nf\u00e9le t\u00edpus\u00fa ipari olajok (pl. turbin\u00e1s, hidraulikus, kompresszor, stb.) tiszt\u00edt\u00e1s\u00e1ra haszn\u00e1lhat\u00f3.<\/li>\r\n<\/ul>"},{"tab_title":"Alkalmaz\u00e1s","tab_content":"<p style=\"text-align: justify;\"><strong>A CMM-1.0LT berendez\u00e9s a k\u00f6vetkez\u0151kre haszn\u00e1lhat\u00f3:<\/strong><\/p>\r\n\r\n<ul>\r\n \t<li style=\"text-align: justify;\"><a href=\"https:\/\/globecore.dev\/publications\/turbine-oil-filtration\/\">Turbinaolaj sz\u0171r\u00e9se<\/a>;<\/li>\r\n \t<li style=\"text-align: justify;\"><a href=\"https:\/\/globecore.dev\/oil-filtration-pumping\/transformer-oil-filtration-machine-cmm-40f\/\">Transzform\u00e1torolaj sz\u0171r\u00e9se<\/a>;<\/li>\r\n \t<li style=\"text-align: justify;\"><a href=\"https:\/\/globecore.dev\/publications\/hydraulic-oil-purification\/\">Hidraulikaolaj sz\u0171r\u00e9se<\/a>;<\/li>\r\n \t<li style=\"text-align: justify;\"><a href=\"https:\/\/globecore.dev\/oil-filtration-pumping\/industrial-oil-filtration-machine-cmm-40f\/\">Ipari olaj sz\u0171r\u00e9se<\/a>;<\/li>\r\n \t<li style=\"text-align: justify;\"><a href=\"https:\/\/globecore.dev\/application\/cable-oil-purification-machine-cmm-1co\/\">K\u00e1belolaj sz\u0171r\u00e9se<\/a>;<\/li>\r\n \t<li style=\"text-align: justify;\"><a href=\"https:\/\/globecore.dev\/oil-filtration-pumping\/compressor-oil-filtration-machine-cmm-40f\/\">Kompresszorolaj sz\u0171r\u00e9se<\/a>;<\/li>\r\n \t<li style=\"text-align: justify;\"><a href=\"https:\/\/globecore.dev\/publications\/gear-oil-purification\/\">Fogasker\u00e9kolaj sz\u0171r\u00e9se<\/a>;<\/li>\r\n \t<li style=\"text-align: justify;\"><a href=\"https:\/\/globecore.dev\/publications\/silicone-oil-purification\/\">Szilikonolaj tiszt\u00edt\u00e1sa<\/a>;<\/li>\r\n \t<li style=\"text-align: justify;\"><a href=\"https:\/\/globecore.dev\/publications\/midel-7131-transformer-oil-purification\/\">Midel 7131 dielektromos folyad\u00e9k tiszt\u00edt\u00e1sa<\/a>;<\/li>\r\n \t<li style=\"text-align: justify;\"><a href=\"https:\/\/globecore.dev\/publications\/fr3-natural-ester-transformer-fluid-purification\/\">FR3 term\u00e9szetes \u00e9szter alap\u00fa transzform\u00e1torfolyad\u00e9k tiszt\u00edt\u00e1sa<\/a>;<\/li>\r\n \t<li style=\"text-align: justify;\"><a href=\"https:\/\/globecore.dev\/publications\/purification-of-transformer-oil-in-x-ray-machines-with-the-cmm-0-4-unit\/\">R\u00f6ntgeng\u00e9pek olaj\u00e1nak tiszt\u00edt\u00e1sa<\/a>;<\/li>\r\n \t<li style=\"text-align: justify;\"><a href=\"https:\/\/globecore.dev\/publications\/fyrquel-special-aspects-of-usage-and-treatment\/\">Fyrquel t\u0171z\u00e1ll\u00f3 turbinaolaj tiszt\u00edt\u00e1sa<\/a>.<\/li>\r\n<\/ul>"},{"tab_title":"Konfigur\u00e1tor","tab_content":"[ezfc id='15' \/]"},{"tab_title":"Payback period","tab_content":"[ezfc id='87' \/]"},{"tab_title":"Webinar","tab_content":"https:\/\/www.youtube.com\/live\/7GjIDRRJ754"}],"add_video_tab":[{"video_tab_title":"Video","add_video_id":[{"video_id":"qC1eSgFNItg"},{"video_id":"jVgo_OXr9q8"},{"video_id":"mC3viGgVuE8"},{"video_id":"qywod7q6RPc"}]}],"add_gallery_tab":[{"gallery_tab_title":"Gallery","add_img":[60253,60262,60271,60289]}],"add_price_tab":[{"price_tab_title":"Get a quote"}]},"language":"hu","_links":{"self":[{"href":"https:\/\/globecore.dev\/hu\/wp-json\/wp\/v2\/pages\/298586","targetHints":{"allow":["GET"]}}],"collection":[{"href":"https:\/\/globecore.dev\/hu\/wp-json\/wp\/v2\/pages"}],"about":[{"href":"https:\/\/globecore.dev\/hu\/wp-json\/wp\/v2\/types\/page"}],"author":[{"embeddable":true,"href":"https:\/\/globecore.dev\/hu\/wp-json\/wp\/v2\/users\/7"}],"replies":[{"embeddable":true,"href":"https:\/\/globecore.dev\/hu\/wp-json\/wp\/v2\/comments?post=298586"}],"version-history":[{"count":0,"href":"https:\/\/globecore.dev\/hu\/wp-json\/wp\/v2\/pages\/298586\/revisions"}],"up":[{"embeddable":true,"href":"https:\/\/globecore.dev\/hu\/wp-json\/wp\/v2\/pages\/298476"}],"wp:featuredmedia":[{"embeddable":true,"href":"https:\/\/globecore.dev\/hu\/wp-json\/wp\/v2\/media\/298589"}],"wp:attachment":[{"href":"https:\/\/globecore.dev\/hu\/wp-json\/wp\/v2\/media?parent=298586"}],"wp:term":[{"taxonomy":"category","embeddable":true,"href":"https:\/\/globecore.dev\/hu\/wp-json\/wp\/v2\/categories?post=298586"}],"curies":[{"name":"wp","href":"https:\/\/api.w.org\/{rel}","templated":true}]}}