{"id":298585,"date":"2018-09-06T11:05:47","date_gmt":"2018-09-06T11:05:47","guid":{"rendered":"https:\/\/globecore.dev\/products\/degassing-thermal-vacuum-drying-oil\/%d1%81mm-1h-oil-processing-unit\/"},"modified":"2025-02-25T14:05:47","modified_gmt":"2025-02-25T14:05:47","slug":"%d1%81mm-1h-oil-processing-unit","status":"publish","type":"page","link":"https:\/\/globecore.dev\/hu\/products\/degassing-thermal-vacuum-drying-oil\/%d1%81mm-1h-oil-processing-unit\/","title":{"rendered":"CMM-1H olajfeldolgoz\u00f3 egys\u00e9g"},"content":{"rendered":"","protected":false},"excerpt":{"rendered":"<p>The \u0421\u041c\u041c-1\u041d unit is designed for drying1, heating2 and filtration3 of mineral transformer oil4, as well as evacuation of transformer5 tanks.<\/p>\n","protected":false},"author":7,"featured_media":298588,"parent":298476,"menu_order":0,"comment_status":"closed","ping_status":"closed","template":"templates\/single-product.php","meta":{"_acf_changed":false,"_bbp_topic_count":0,"_bbp_reply_count":0,"_bbp_total_topic_count":0,"_bbp_total_reply_count":0,"_bbp_voice_count":0,"_bbp_anonymous_reply_count":0,"_bbp_topic_count_hidden":0,"_bbp_reply_count_hidden":0,"_bbp_forum_subforum_count":0,"footnotes":""},"categories":[2147],"class_list":["post-298585","page","type-page","status-publish","has-post-thumbnail","hentry","category-products-hu"],"acf":{"add_tab":[{"tab_title":"Le\u00edr\u00e1s","tab_content":"<p style=\"text-align: justify;\"><strong>A CMM-1H berendez\u00e9s a k\u00f6vetkez\u0151 feladatokra van tervezve:<\/strong> sz\u00e1r\u00edt\u00e1s, f\u0171t\u00e9s \u00e9s sz\u0171r\u00e9s, valamint a transzform\u00e1tortart\u00e1lyok v\u00e1kuumoz\u00e1sa.<\/p>\r\n<p style=\"text-align: justify;\">Sz\u00e1r\u00edt\u00e1s[mfn]A sz\u00e1r\u00edt\u00e1s az a folyamat, amely sor\u00e1n a transzform\u00e1torolajb\u00f3l elt\u00e1vol\u00edtj\u00e1k a vizet.[\/mfn] \u2013 ez\u00e1ltal az olaj mentes\u00fcl a nedvess\u00e9gt\u0151l.<\/p>\r\n<p style=\"text-align: justify;\">F\u0171t\u00e9s[mfn]Az olaj meleg\u00edt\u00e9s\u00e9t az olaj g\u00e1ztalan\u00edt\u00e1s\u00e1ra, sz\u00e1r\u00edt\u00e1s\u00e1ra \u00e9s regener\u00e1l\u00e1s\u00e1ra haszn\u00e1lj\u00e1k, hogy felgyors\u00edts\u00e1k a folyamatot. A dehidrat\u00e1ci\u00f3 a v\u00edz \u00e9s az olaj forr\u00e1spontj\u00e1nak k\u00fcl\u00f6nbs\u00e9g\u00e9n alapul: mivel a v\u00edz forr\u00e1spontja alacsonyabb, a f\u0171t\u00e9s elp\u00e1rologtatja a vizet az olajb\u00f3l, miel\u0151tt az el\u00e9ri az olaj saj\u00e1t forr\u00e1spontj\u00e1t.[\/mfn]<\/p>\r\n<p style=\"text-align: justify;\">Sz\u0171r\u00e9s[mfn]Az olajsz\u0171r\u00e9s a szil\u00e1rd r\u00e9szecsk\u00e9k r\u00e9szleges elt\u00e1vol\u00edt\u00e1s\u00e1t jelenti egy sz\u0171r\u0151k\u00f6zeg seg\u00edts\u00e9g\u00e9vel. Az olajsz\u0171r\u0151rendszerek \u00e1ltal\u00e1ban t\u00f6bb l\u00e9pcs\u0151s sz\u0171r\u00e9st alkalmaznak, p\u00e9ld\u00e1ul durva \u00e9s finom sz\u0171r\u0151kkel, illetve centrifug\u00e1l\u00e1ssal t\u00f6rt\u00e9n\u0151 elk\u00fcl\u00f6n\u00edt\u00e9ssel.[\/mfn]<\/p>\r\n<p style=\"text-align: justify;\">Emellett a berendez\u00e9s alkalmas \u00e1sv\u00e1nyi transzform\u00e1torolaj sz\u0171r\u00e9s\u00e9re, valamint a transzform\u00e1torok v\u00e1kuumoz\u00e1s\u00e1ra[mfn]A transzform\u00e1tor egy statikus elektromos eszk\u00f6z, amely elektromos energi\u00e1t tov\u00e1bb\u00edt k\u00e9t vagy t\u00f6bb \u00e1ramk\u00f6r k\u00f6z\u00f6tt.[\/mfn].<\/p>\r\n<p style=\"text-align: justify;\">A folyamat alapja a h\u0151 \u00e9s a v\u00e1kuum alkalmaz\u00e1sa[mfn]A v\u00e1kuum olyan t\u00e9r, melyb\u0151l elt\u00e1vol\u00edtott\u00e1k az anyagot; egy ilyen t\u00e9r k\u00f6zel\u00edt\u00e9s\u00e9t a l\u00e9gk\u00f6ri nyom\u00e1sn\u00e1l j\u00f3val alacsonyabb g\u00e1znyom\u00e1s jellemzi.[\/mfn]. Az olajat meleg\u00edtik, majd a v\u00e1kuumkamr\u00e1ba szivatty\u00fazz\u00e1k. A kamr\u00e1ban l\u00e9v\u0151 alacsony nyom\u00e1s miatt az olajban l\u00e9v\u0151 v\u00edz forrni kezd \u00e9s elp\u00e1rolog, a keletkezett v\u00edzg\u0151zt pedig a v\u00e1kuumszivatty\u00fa kipufog\u00e1sa t\u00e1vol\u00edtja el.<\/p>\r\n<p style=\"text-align: justify;\">A CMM-1H berendez\u00e9s a k\u00f6vetkez\u0151 elemekb\u0151l \u00e1ll: egy v\u00e1z, egy centrifug\u00e1lis olajszivatty\u00fa (a kimenethez), egy v\u00e1kuumszivatty\u00fa[mfn]A v\u00e1kuumszivatty\u00fa olyan eszk\u00f6z, amely elt\u00e1vol\u00edtja a g\u00e1zmolekul\u00e1kat egy lez\u00e1rt t\u00e9rb\u0151l, hogy r\u00e9szleges v\u00e1kuumot hozzon l\u00e9tre.[\/mfn], egy elektromos vez\u00e9rl\u0151 szekr\u00e9ny, egy v\u00e1kuumkamra, sz\u0171r\u0151k[mfn]A sz\u0171r\u0151 olyan eszk\u00f6z, amely elv\u00e1lasztja a szil\u00e1rd r\u00e9szecsk\u00e9ket a folyad\u00e9kt\u00f3l (vagy g\u00e1zt\u00f3l) egy k\u00f6zvet\u00edt\u0151 k\u00f6zeget alkalmazva, amelyen kereszt\u00fcl csak a folyad\u00e9k haladhat \u00e1t.[\/mfn], egy olajcsapd\u00e1z\u00f3, cs\u00f6vez\u00e9s, egy m\u0171szerpanel, egy olajbevezet\u0151 \u00e9s egy olajkimenet.<\/p>"}],"add_def_tab":[{"tab_title":"M\u0171szaki adatok","tab_content":"<table>\r\n  <tbody>\r\n    <tr>\r\n      <td><strong>No<\/strong><\/td>\r\n      <td style=\"text-align: center;\"><b>Param\u00e9ter<\/b><\/td>\r\n      <td style=\"text-align: center;\"><b>\u00c9rt\u00e9k<\/b><\/td>\r\n    <\/tr>\r\n    <tr>\r\n      <td>1<\/td>\r\n      <td>Kapacit\u00e1s, m<sup>3<\/sup>\/\u00f3ra, max<\/td>\r\n      <td><\/td>\r\n    <\/tr>\r\n    <tr>\r\n      <td><\/td>\r\n      <td>\r\n        <ul>\r\n          <li>olajsz\u00e1r\u00edt\u00e1si \u00fczemm\u00f3d<\/li>\r\n        <\/ul>\r\n      <\/td>\r\n      <td>\r\n        <p style=\"text-align: center;\">1<\/p>\r\n      <\/td>\r\n    <\/tr>\r\n    <tr>\r\n      <td>2<\/td>\r\n      <td>*Feldolgozott olaj param\u00e9terei:<\/td>\r\n      <td><\/td>\r\n    <\/tr>\r\n    <tr>\r\n      <td><\/td>\r\n      <td>\r\n        <ul>\r\n          <li>nedvess\u00e9gtartalom, ppm, max<\/li>\r\n        <\/ul>\r\n      <\/td>\r\n      <td>\r\n        <p style=\"text-align: center;\">10 ppm vagy 5 ppm vagy 5 ppm+ (opcion\u00e1lisan)<\/p>\r\n      <\/td>\r\n    <\/tr>\r\n    <tr>\r\n      <td><\/td>\r\n      <td>\r\n        <ul>\r\n          <li>ISO 4406 tisztas\u00e1gi oszt\u00e1ly<\/li>\r\n        <\/ul>\r\n      <\/td>\r\n      <td>\r\n        <p style=\"text-align: center;\">-\/15\/13<\/p>\r\n      <\/td>\r\n    <\/tr>\r\n    <tr>\r\n      <td>3<\/td>\r\n      <td>Maxim\u00e1lis olajkimeneti h\u0151m\u00e9rs\u00e9klet f\u0171t\u00e9si \u00fczemm\u00f3dban, \u00baC<\/td>\r\n      <td>\r\n        <p style=\"text-align: center;\">55<\/p>\r\n      <\/td>\r\n    <\/tr>\r\n    <tr>\r\n      <td>4<\/td>\r\n      <td>Kimeneti nyom\u00e1s, bar<\/td>\r\n      <td>\r\n        <p style=\"text-align: center;\">2,5<\/p>\r\n      <\/td>\r\n    <\/tr>\r\n    <tr>\r\n      <td>5<\/td>\r\n      <td>Olajf\u0171t\u0151 teljes\u00edtm\u00e9ny, kW, max<\/td>\r\n      <td>\r\n        <p style=\"text-align: center;\">23<\/p>\r\n      <\/td>\r\n    <\/tr>\r\n    <tr>\r\n      <td>6<\/td>\r\n      <td>Maxim\u00e1lis energiaig\u00e9ny, kW<\/td>\r\n      <td>\r\n        <p style=\"text-align: center;\">25<\/p>\r\n      <\/td>\r\n    <\/tr>\r\n    <tr>\r\n      <td>7<\/td>\r\n      <td>T\u00e1pell\u00e1t\u00e1s:<\/td>\r\n      <td><\/td>\r\n    <\/tr>\r\n    <tr>\r\n      <td><\/td>\r\n      <td>\r\n        <ul>\r\n          <li>Fesz\u00fclts\u00e9g, V<\/li>\r\n        <\/ul>\r\n      <\/td>\r\n      <td>\r\n        <p style=\"text-align: center;\">400<\/p>\r\n      <\/td>\r\n    <\/tr>\r\n    <tr>\r\n      <td><\/td>\r\n      <td>\r\n        <ul>\r\n          <li>Frekvencia, Hz<\/li>\r\n        <\/ul>\r\n      <\/td>\r\n      <td>\r\n        <p style=\"text-align: center;\">50<\/p>\r\n      <\/td>\r\n    <\/tr>\r\n    <tr>\r\n      <td>8<\/td>\r\n      <td>M\u00e9retek, mm, max (p\u00f3tkocsi n\u00e9lk\u00fcl \/ p\u00f3tkocsival)<\/td>\r\n      <td><\/td>\r\n    <\/tr>\r\n    <tr>\r\n      <td><\/td>\r\n      <td>\r\n        <ul>\r\n          <li>hossz<\/li>\r\n        <\/ul>\r\n      <\/td>\r\n      <td>\r\n        <p style=\"text-align: center;\">1250<\/p>\r\n      <\/td>\r\n    <\/tr>\r\n    <tr>\r\n      <td><\/td>\r\n      <td>\r\n        <ul>\r\n          <li>magass\u00e1g<\/li>\r\n        <\/ul>\r\n      <\/td>\r\n      <td>\r\n        <p style=\"text-align: center;\">1750<\/p>\r\n      <\/td>\r\n    <\/tr>\r\n    <tr>\r\n      <td><\/td>\r\n      <td>\r\n        <ul>\r\n          <li>sz\u00e9less\u00e9g<\/li>\r\n        <\/ul>\r\n      <\/td>\r\n      <td>\r\n        <p style=\"text-align: center;\">1250<\/p>\r\n      <\/td>\r\n    <\/tr>\r\n    <tr>\r\n      <td>9<\/td>\r\n      <td>\u00dcres t\u00f6meg, kg, max<\/td>\r\n      <td>\r\n        <p style=\"text-align: center;\">750<\/p>\r\n      <\/td>\r\n    <\/tr>\r\n  <\/tbody>\r\n<\/table>\r\n<p style=\"text-align: justify;\">*<b>Megjegyz\u00e9s \u2013 <\/b>A kezdeti olajmin\u0151s\u00e9gi param\u00e9terek:<\/p>\r\n<ul>\r\n  <li style=\"text-align: justify;\">g\u00e1ztartalom \u2014 legfeljebb 10,5%;<\/li>\r\n  <li style=\"text-align: justify;\">nedvess\u00e9gtartalom \u2014 legfeljebb 0,01% (100 ppm);<\/li>\r\n  <li style=\"text-align: justify;\">h\u0151m\u00e9rs\u00e9klet \u2014 nem alacsonyabb, mint 0 \u00baC.<\/li>\r\n<\/ul>"},{"tab_title":"El\u0151ny\u00f6k","tab_content":"<ul>\r\n  <li style=\"text-align: justify;\">A berendez\u00e9s centrifug\u00e1lis kimeneti szivatty\u00faval van felszerelve a zaj cs\u00f6kkent\u00e9se \u00e9rdek\u00e9ben;<\/li>\r\n  <li style=\"text-align: justify;\">A berendez\u00e9s nem rendelkezik bemeneti szivatty\u00faval, az olaj k\u00f6zvetlen\u00fcl jut a rendszerbe, \u00edgy cs\u00f6kkentve a sziv\u00e1rg\u00e1s kock\u00e1zat\u00e1t;<\/li>\r\n  <li style=\"text-align: justify;\">Egyszer\u0171 \u00fczemeltet\u00e9s;<\/li>\r\n  <li style=\"text-align: justify;\">A v\u00e1kuumkamr\u00e1ban tal\u00e1lhat\u00f3 por\u00f3zus behelyez\u00e9s el\u0151seg\u00edti a hat\u00e9kony nedvess\u00e9g elv\u00e1laszt\u00e1st;<\/li>\r\n  <li style=\"text-align: justify;\">Az intelligens f\u0171t\u0151rendszer az \u00e1ramer\u0151ss\u00e9get a k\u00edv\u00e1nt feldolgoz\u00e1si sebess\u00e9ghez igaz\u00edtja, kik\u00fcsz\u00f6b\u00f6lve a fesz\u00fclts\u00e9gingadoz\u00e1sokat;<\/li>\r\n  <li style=\"text-align: justify;\">Telep\u00edtve van egy v\u00edzkondenz\u00e1tum-gy\u0171jt\u0151 tart\u00e1ly;<\/li>\r\n  <li style=\"text-align: justify;\">A berendez\u00e9s k\u00fcl\u00f6n kimenettel rendelkezik a transzform\u00e1tor evaku\u00e1l\u00e1s\u00e1hoz.<\/li>\r\n<\/ul>"},{"tab_title":"Alkalmaz\u00e1s","tab_content":"<p style=\"text-align: justify;\"><strong>A CMM-1H berendez\u00e9s a k\u00f6vetkez\u0151kre haszn\u00e1lhat\u00f3:<\/strong><\/p>\r\n\r\n<ul>\r\n \t<li style=\"text-align: justify;\"><a href=\"https:\/\/globecore.dev\/publications\/oil-purification-process\/\">Transzform\u00e1torolaj tiszt\u00edt\u00e1sa<\/a>;<\/li>\r\n \t<li style=\"text-align: justify;\"><a href=\"https:\/\/globecore.dev\/publications\/electric-train-traction-transformer-oil-purification\/\">Villamos vonat von\u00f3transzform\u00e1torolaj tiszt\u00edt\u00e1sa<\/a>;<\/li>\r\n \t<li style=\"text-align: justify;\"><a href=\"https:\/\/globecore.dev\/application\/cable-oil-purification-machine-cmm-1co\/\">K\u00e1belolaj tiszt\u00edt\u00e1sa<\/a>;<\/li>\r\n \t<li style=\"text-align: justify;\"><a href=\"https:\/\/globecore.dev\/publications\/silicone-oil-purification\/\">Szilikonolaj tiszt\u00edt\u00e1sa<\/a>;<\/li>\r\n \t<li style=\"text-align: justify;\"><a href=\"https:\/\/globecore.dev\/publications\/midel-7131-transformer-oil-purification\/\">Midel 7131 dielektromos folyad\u00e9k tiszt\u00edt\u00e1sa<\/a>;<\/li>\r\n \t<li style=\"text-align: justify;\"><a href=\"https:\/\/globecore.dev\/publications\/fr3-natural-ester-transformer-fluid-purification\/\">FR3 term\u00e9szetes \u00e9szter alap\u00fa transzform\u00e1torfolyad\u00e9k tiszt\u00edt\u00e1sa<\/a>;<\/li>\r\n \t<li style=\"text-align: justify;\"><a href=\"https:\/\/globecore.dev\/publications\/purification-of-transformer-oil-in-x-ray-machines-with-the-cmm-0-4-unit\/\">R\u00f6ntgeng\u00e9pek olaj\u00e1nak tiszt\u00edt\u00e1sa<\/a>;<\/li>\r\n \t<li style=\"text-align: justify;\"><a href=\"https:\/\/globecore.dev\/publications\/fyrquel-special-aspects-of-usage-and-treatment\/\">Fyrquel t\u0171z\u00e1ll\u00f3 turbinaolaj tiszt\u00edt\u00e1sa<\/a>.<\/li>\r\n<\/ul>"},{"tab_title":"Konfigur\u00e1tor","tab_content":"[ezfc id='22' \/]"},{"tab_title":"Webin\u00e1riumok","tab_content":"https:\/\/www.youtube.com\/live\/7GjIDRRJ754"}],"add_video_tab":[{"video_tab_title":"Video","add_video_id":[{"video_id":"ACM7txy9w6w"},{"video_id":"Z2V118mGCtI"}]}],"add_gallery_tab":[{"gallery_tab_title":"Gallery","add_img":[23647,67708,67697,60201,60210,60219,67686]}],"add_price_tab":[{"price_tab_title":"Get a quote"}]},"language":"hu","_links":{"self":[{"href":"https:\/\/globecore.dev\/hu\/wp-json\/wp\/v2\/pages\/298585","targetHints":{"allow":["GET"]}}],"collection":[{"href":"https:\/\/globecore.dev\/hu\/wp-json\/wp\/v2\/pages"}],"about":[{"href":"https:\/\/globecore.dev\/hu\/wp-json\/wp\/v2\/types\/page"}],"author":[{"embeddable":true,"href":"https:\/\/globecore.dev\/hu\/wp-json\/wp\/v2\/users\/7"}],"replies":[{"embeddable":true,"href":"https:\/\/globecore.dev\/hu\/wp-json\/wp\/v2\/comments?post=298585"}],"version-history":[{"count":0,"href":"https:\/\/globecore.dev\/hu\/wp-json\/wp\/v2\/pages\/298585\/revisions"}],"up":[{"embeddable":true,"href":"https:\/\/globecore.dev\/hu\/wp-json\/wp\/v2\/pages\/298476"}],"wp:featuredmedia":[{"embeddable":true,"href":"https:\/\/globecore.dev\/hu\/wp-json\/wp\/v2\/media\/298588"}],"wp:attachment":[{"href":"https:\/\/globecore.dev\/hu\/wp-json\/wp\/v2\/media?parent=298585"}],"wp:term":[{"taxonomy":"category","embeddable":true,"href":"https:\/\/globecore.dev\/hu\/wp-json\/wp\/v2\/categories?post=298585"}],"curies":[{"name":"wp","href":"https:\/\/api.w.org\/{rel}","templated":true}]}}