{"id":298583,"date":"2021-04-23T05:31:44","date_gmt":"2021-04-23T05:31:44","guid":{"rendered":"https:\/\/globecore.dev\/products\/degassing-thermal-vacuum-drying-oil\/cmm-2-2lt-industrial-oil-purification-unit\/"},"modified":"2025-02-25T13:59:21","modified_gmt":"2025-02-25T13:59:21","slug":"cmm-2-2lt-industrial-oil-purification-unit","status":"publish","type":"page","link":"https:\/\/globecore.dev\/hu\/products\/degassing-thermal-vacuum-drying-oil\/cmm-2-2lt-industrial-oil-purification-unit\/","title":{"rendered":"CMM-2.2LT ipari olajtiszt\u00edt\u00f3 egys\u00e9g"},"content":{"rendered":"","protected":false},"excerpt":{"rendered":"","protected":false},"author":7,"featured_media":298587,"parent":298476,"menu_order":0,"comment_status":"closed","ping_status":"closed","template":"templates\/single-product.php","meta":{"_acf_changed":false,"_bbp_topic_count":0,"_bbp_reply_count":0,"_bbp_total_topic_count":0,"_bbp_total_reply_count":0,"_bbp_voice_count":0,"_bbp_anonymous_reply_count":0,"_bbp_topic_count_hidden":0,"_bbp_reply_count_hidden":0,"_bbp_forum_subforum_count":0,"footnotes":""},"categories":[2177,2173],"class_list":["post-298583","page","type-page","status-publish","has-post-thumbnail","hentry","category-zeolite-oil-drying-units-hu","category-oil-filtration-pumping-hu"],"acf":{"add_tab":[{"tab_title":"Le\u00edr\u00e1s","tab_content":"A \u0421\u041c\u041c-2,2LT egys\u00e9get a g\u00e1zturbin\u00e1k \u00e9s g\u00e1zszivatty\u00fa egys\u00e9gek, g\u00e1zmotor-kompresszorok \u00e9s transzform\u00e1torok ken\u00e9si, t\u00f6m\u00edt\u00e9si, hidraulikus vez\u00e9rl\u0151rendszereinek, valamint a mechanikai szennyez\u0151d\u00e9sek \u00e9s a v\u00edz elt\u00e1vol\u00edt\u00e1s\u00e1ra szolg\u00e1l\u00f3 ipari olajok termikus v\u00e1kuumsz\u00e1r\u00edt\u00e1s\u00e1ra, sz\u0171r\u00e9s\u00e9re, valamint az eml\u00edtett olajokb\u00f3l t\u00f6rt\u00e9n\u0151 elt\u00e1vol\u00edt\u00e1s\u00e1ra tervezt\u00e9k.\r\n\r\nEzenk\u00edv\u00fcl a k\u00e9sz\u00fcl\u00e9k haszn\u00e1lhat\u00f3 az olajjal t\u00f6lt\u00f6tt elektromos k\u00e9sz\u00fcl\u00e9kek meleg transzform\u00e1torolajjal t\u00f6rt\u00e9n\u0151 f\u0171t\u00e9s\u00e9re \u00e9s sz\u00e1r\u00edt\u00e1s\u00e1ra.\r\n\r\nM\u0171k\u00f6d\u00e9si elv\r\n\r\nA v\u00e1kuummal hajtott olaj egy 200 mikronos sz\u0171r\u00e9si finoms\u00e1g\u00fa durva sz\u0171r\u0151n halad \u00e1t, majd egy v\u00e1kuumtart\u00e1lyba ker\u00fcl, ahol egy f\u0171t\u0151berendez\u00e9s tal\u00e1lhat\u00f3. Az alulr\u00f3l felfel\u00e9 emelked\u0151 olaj felmelegszik, \u00e9s egy speci\u00e1lis csatornafed\u00e9len kereszt\u00fcl a kamra m\u00e1sik r\u00e9sz\u00e9be jut, ahol k\u00f6zvetlen\u00fcl a speci\u00e1lis t\u00f6lt\u0151berendez\u00e9sekhez jut. Ezut\u00e1n az olaj a t\u00f6lt\u0151k\u00f6n lefel\u00e9 \u00e1ramlik, mik\u00f6zben a nedvess\u00e9gg\u0151z \u00e9s a g\u00e1zok v\u00e1kuummal t\u00e1voznak az olajb\u00f3l. Ezut\u00e1n az olajat k\u00e9t finom sz\u0171r\u0151n kereszt\u00fcl a tart\u00e1ly alj\u00e1r\u00f3l a k\u00e9sz\u00fcl\u00e9k kimeneti ny\u00edl\u00e1s\u00e1ba szivatty\u00fazz\u00e1k. A sz\u0171r\u0151k sz\u0171r\u00e9si finoms\u00e1ga 5, 3, 1 vagy 0,3 mikronosra v\u00e1laszthat\u00f3.\r\n\r\nTervez\u00e9si jellemz\u0151k\r\n\r\nA f\u0171t\u0151berendez\u00e9s a v\u00e1kuumtart\u00e1lyon bel\u00fcl helyezkedik el, ami lehet\u0151v\u00e9 tette a k\u00e9sz\u00fcl\u00e9k m\u00e9ret\u00e9nek cs\u00f6kkent\u00e9s\u00e9t \u00e9s az olaj felmeleg\u00edt\u00e9sekor fell\u00e9p\u0151 h\u0151vesztes\u00e9gek m\u00e9rs\u00e9kl\u00e9s\u00e9t.\r\n\r\nAz olajat a v\u00e1kuumkamr\u00e1ba sz\u00edvja be a v\u00e1kuumrendszer \u00e1ltal l\u00e9trehozott alnyom\u00e1s. Az egys\u00e9g t\u00f6bbi alkatr\u00e9sz\u00e9n\u00e9l \u00faj elrendez\u00e9st alkalmaztak. Mindezek az \u00faj\u00edt\u00e1sok j\u00f3 eredm\u00e9nyeket hoztak a kis berendez\u00e9sm\u00e9retek tekintet\u00e9ben."}],"add_def_tab":[{"tab_title":"M\u0171szaki adatok","tab_content":"<table width=\"605\">\r\n  <tbody>\r\n    <tr>\r\n      <td colspan=\"2\" width=\"483\">\r\n        <p style=\"text-align: center;\"><strong>Param\u00e9ter<\/strong><\/p>\r\n      <\/td>\r\n      <td width=\"116\">\r\n        <p style=\"text-align: center;\"><strong>\u00c9rt\u00e9k<\/strong><\/p>\r\n      <\/td>\r\n    <\/tr>\r\n    <tr>\r\n      <td colspan=\"3\" width=\"601\">\r\n        <p style=\"text-align: left;\">1. Kapacit\u00e1s, m<sup>3<\/sup>\/\u00f3ra (gpm), legal\u00e1bb<\/p>\r\n      <\/td>\r\n    <\/tr>\r\n    <tr>\r\n      <td width=\"46\"><\/td>\r\n      <td width=\"435\">\r\n        <p style=\"text-align: left;\">- h\u0151alap\u00fa v\u00e1kuumos sz\u00e1r\u00edt\u00e1si \u00e9s sz\u0171r\u00e9si \u00fczemm\u00f3dban<\/p>\r\n      <\/td>\r\n      <td width=\"116\">\r\n        <p style=\"text-align: center;\">2.2<\/p>\r\n      <\/td>\r\n    <\/tr>\r\n    <tr>\r\n      <td colspan=\"3\" width=\"601\">\r\n        <p style=\"text-align: left;\">2.* Feldolgozott olaj param\u00e9terei (t\u00f6bbsz\u00f6ri \u00e1thalad\u00e1s ut\u00e1n):<\/p>\r\n      <\/td>\r\n    <\/tr>\r\n    <tr>\r\n      <td rowspan=\"3\" width=\"46\"><\/td>\r\n      <td width=\"435\">\r\n        <p style=\"text-align: left;\">- \u00f6sszes g\u00e1ztartalom, %, legfeljebb<\/p>\r\n      <\/td>\r\n      <td width=\"116\">\r\n        <p style=\"text-align: center;\">1.5<\/p>\r\n      <\/td>\r\n    <\/tr>\r\n    <tr>\r\n      <td width=\"435\">\r\n        <p style=\"text-align: left;\">- olaj nedvess\u00e9gtartalma, ppm, legfeljebb<\/p>\r\n      <\/td>\r\n      <td width=\"116\">\r\n        <p style=\"text-align: center;\">10 ppm vagy 5 ppm vagy 5 ppm+ (opcion\u00e1lisan)<\/p>\r\n      <\/td>\r\n    <\/tr>\r\n    <tr>\r\n      <td width=\"435\">\r\n        <p style=\"text-align: left;\">- ISO 4406 szerinti ipari tisztas\u00e1gi oszt\u00e1ly<\/p>\r\n      <\/td>\r\n      <td width=\"116\">\r\n        <p style=\"text-align: center;\">-\/14\/12<\/p>\r\n      <\/td>\r\n    <\/tr>\r\n    <tr>\r\n      <td colspan=\"2\" width=\"483\">\r\n        <p style=\"text-align: left;\">3. Maxim\u00e1lis olajkimeneti h\u0151m\u00e9rs\u00e9klet, \u00ba\u0421 (\u00baF)<\/p>\r\n      <\/td>\r\n      <td width=\"116\">\r\n        <p style=\"text-align: center;\">55<\/p>\r\n      <\/td>\r\n    <\/tr>\r\n    <tr>\r\n      <td colspan=\"2\" width=\"483\">\r\n        <p style=\"text-align: left;\">4. Kimeneti nyom\u00e1s, bar (psi)<\/p>\r\n      <\/td>\r\n      <td width=\"116\">\r\n        <p style=\"text-align: center;\">3<\/p>\r\n      <\/td>\r\n    <\/tr>\r\n    <tr>\r\n      <td colspan=\"2\" width=\"483\">\r\n        <p style=\"text-align: left;\">5. Olajf\u0171t\u0151 teljes\u00edtm\u00e9ny, kW, legfeljebb<\/p>\r\n      <\/td>\r\n      <td width=\"116\">\r\n        <p style=\"text-align: center;\">36<\/p>\r\n      <\/td>\r\n    <\/tr>\r\n    <tr>\r\n      <td colspan=\"2\" width=\"483\">\r\n        <p style=\"text-align: left;\">6. Maxim\u00e1lis energiaig\u00e9ny, kW, legfeljebb<\/p>\r\n      <\/td>\r\n      <td width=\"116\">\r\n        <p style=\"text-align: center;\">42<\/p>\r\n      <\/td>\r\n    <\/tr>\r\n    <tr>\r\n      <td colspan=\"3\" width=\"601\">\r\n        <p style=\"text-align: left;\">7. Villamos \u00e1ram param\u00e9terei<\/p>\r\n      <\/td>\r\n    <\/tr>\r\n    <tr>\r\n      <td rowspan=\"2\" width=\"46\"><\/td>\r\n      <td width=\"435\">\r\n        <p style=\"text-align: left;\">- fesz\u00fclts\u00e9g, V<\/p>\r\n      <\/td>\r\n      <td width=\"116\">\r\n        <p style=\"text-align: center;\">380<\/p>\r\n      <\/td>\r\n    <\/tr>\r\n    <tr>\r\n      <td width=\"435\">\r\n        <p style=\"text-align: left;\">- v\u00e1ltakoz\u00f3 \u00e1ram frekvenci\u00e1ja, Hz<\/p>\r\n      <\/td>\r\n      <td width=\"116\">\r\n        <p style=\"text-align: center;\">50<\/p>\r\n      <\/td>\r\n    <\/tr>\r\n    <tr>\r\n      <td width=\"46\"><\/td>\r\n      <td width=\"435\">\r\n        <p style=\"text-align: left;\">- f\u00e1zisok sz\u00e1ma<\/p>\r\n      <\/td>\r\n      <td width=\"116\">\r\n        <p style=\"text-align: center;\">3<\/p>\r\n      <\/td>\r\n    <\/tr>\r\n    <tr>\r\n      <td colspan=\"3\" width=\"601\">\r\n        <p style=\"text-align: left;\">8. M\u00e9retek, mm, legfeljebb (p\u00f3tkocsi n\u00e9lk\u00fcl \/ p\u00f3tkocsival)<\/p>\r\n      <\/td>\r\n    <\/tr>\r\n    <tr>\r\n      <td rowspan=\"3\" width=\"46\"><\/td>\r\n      <td width=\"435\">\r\n        <p style=\"text-align: left;\">- hossz<\/p>\r\n      <\/td>\r\n      <td width=\"116\">\r\n        <p style=\"text-align: center;\">1,050\/2,450<\/p>\r\n      <\/td>\r\n    <\/tr>\r\n    <tr>\r\n      <td width=\"435\">\r\n        <p style=\"text-align: left;\">- sz\u00e9less\u00e9g<\/p>\r\n      <\/td>\r\n      <td width=\"116\">\r\n        <p style=\"text-align: center;\">760\/1,420<\/p>\r\n      <\/td>\r\n    <\/tr>\r\n    <tr>\r\n      <td width=\"435\">\r\n        <p style=\"text-align: left;\">- magass\u00e1g<\/p>\r\n      <\/td>\r\n      <td width=\"116\">\r\n        <p style=\"text-align: center;\">1,470\/1,910<\/p>\r\n      <\/td>\r\n    <\/tr>\r\n    <tr>\r\n      <td colspan=\"2\" width=\"483\">\r\n        <p style=\"text-align: left;\">9. T\u00f6meg, kg, legfeljebb (p\u00f3tkocsi n\u00e9lk\u00fcl \/ p\u00f3tkocsival)<\/p>\r\n      <\/td>\r\n      <td width=\"116\">\r\n        <p style=\"text-align: center;\">420\/870<\/p>\r\n      <\/td>\r\n    <\/tr>\r\n  <\/tbody>\r\n<\/table>\r\n<strong>Megjegyz\u00e9s:<\/strong>\r\n<ul>\r\n  <li>t\u00e9rfogati g\u00e1ztartalom \u2014 legfeljebb 10,5%;<\/li>\r\n  <li>nedvess\u00e9gtartalom t\u00f6megar\u00e1nyban \u2014 legfeljebb 0,005% (50 g\/t);<\/li>\r\n  <li>h\u0151m\u00e9rs\u00e9klet \u2014 nem alacsonyabb, mint 0\u00ba\u0421;<\/li>\r\n  <li>amikor az olaj t\u00f6bbsz\u00f6r \u00e1thalad a berendez\u00e9sen.<\/li>\r\n<\/ul>"},{"tab_title":"El\u0151ny\u00f6k","tab_content":"<ul>\r\n  <li style=\"text-align: justify;\">kompakts\u00e1g;<\/li>\r\n  <li style=\"text-align: justify;\">mobilit\u00e1s;<\/li>\r\n  <li style=\"text-align: justify;\">egyszer\u0171 vez\u00e9rl\u00e9s;<\/li>\r\n  <li style=\"text-align: justify;\">a haszn\u00e1lat c\u00e9lja a turbin\u00e1s, hidraulikus, kompresszor \u00e9s m\u00e1s t\u00edpus\u00fa ipari olajok tiszt\u00edt\u00e1sa.<\/li>\r\n<\/ul>"},{"tab_title":"Alkalmaz\u00e1s","tab_content":"<p style=\"text-align: justify;\"><strong>A CMM-2.2LT berendez\u00e9s a k\u00f6vetkez\u0151kre haszn\u00e1lhat\u00f3:<\/strong><\/p>\r\n\r\n<ul>\r\n \t<li style=\"text-align: justify;\"><a href=\"https:\/\/globecore.dev\/publications\/turbine-oil-filtration\/\">Turbinaolaj sz\u0171r\u00e9se<\/a>;<\/li>\r\n \t<li style=\"text-align: justify;\"><a href=\"https:\/\/globecore.dev\/oil-filtration-pumping\/transformer-oil-filtration-machine-cmm-40f\/\">Transzform\u00e1torolaj sz\u0171r\u00e9se<\/a>;<\/li>\r\n \t<li style=\"text-align: justify;\"><a href=\"https:\/\/globecore.dev\/publications\/hydraulic-oil-purification\/\">Hidraulikaolaj sz\u0171r\u00e9se<\/a>;<\/li>\r\n \t<li style=\"text-align: justify;\"><a href=\"https:\/\/globecore.dev\/oil-filtration-pumping\/industrial-oil-filtration-machine-cmm-40f\/\">Ipari olaj sz\u0171r\u00e9se<\/a>;<\/li>\r\n \t<li style=\"text-align: justify;\"><a href=\"https:\/\/globecore.dev\/application\/cable-oil-purification-machine-cmm-1co\/\">K\u00e1belolaj sz\u0171r\u00e9se<\/a>;<\/li>\r\n \t<li style=\"text-align: justify;\"><a href=\"https:\/\/globecore.dev\/oil-filtration-pumping\/compressor-oil-filtration-machine-cmm-40f\/\">Kompresszorolaj sz\u0171r\u00e9se<\/a>;<\/li>\r\n \t<li style=\"text-align: justify;\"><a href=\"https:\/\/globecore.dev\/publications\/gear-oil-purification\/\">Fogasker\u00e9kolaj sz\u0171r\u00e9se<\/a>;<\/li>\r\n \t<li style=\"text-align: justify;\"><a href=\"https:\/\/globecore.dev\/publications\/silicone-oil-purification\/\">Szilikonolaj tiszt\u00edt\u00e1sa<\/a>;<\/li>\r\n \t<li style=\"text-align: justify;\"><a href=\"https:\/\/globecore.dev\/publications\/midel-7131-transformer-oil-purification\/\">Midel 7131 dielektromos folyad\u00e9k tiszt\u00edt\u00e1sa<\/a>;<\/li>\r\n \t<li style=\"text-align: justify;\"><a href=\"https:\/\/globecore.dev\/publications\/fr3-natural-ester-transformer-fluid-purification\/\">FR3 term\u00e9szetes \u00e9szter alap\u00fa transzform\u00e1torfolyad\u00e9k tiszt\u00edt\u00e1sa<\/a>;<\/li>\r\n \t<li style=\"text-align: justify;\"><a href=\"https:\/\/globecore.dev\/publications\/purification-of-transformer-oil-in-x-ray-machines-with-the-cmm-0-4-unit\/\">R\u00f6ntgeng\u00e9pek olaj\u00e1nak tiszt\u00edt\u00e1sa<\/a>;<\/li>\r\n \t<li style=\"text-align: justify;\"><a href=\"https:\/\/globecore.dev\/publications\/fyrquel-special-aspects-of-usage-and-treatment\/\">Fyrquel t\u0171z\u00e1ll\u00f3 turbinaolaj tiszt\u00edt\u00e1sa<\/a>.<\/li>\r\n<\/ul>"},{"tab_title":"Konfigur\u00e1tor","tab_content":"[ezfc id='14' \/]"},{"tab_title":"Webin\u00e1riumok","tab_content":"https:\/\/www.youtube.com\/live\/7GjIDRRJ754"},{"tab_title":"Visszafizet\u00e9si id\u0151szak","tab_content":"[ezfc id='87' \/]"}],"add_video_tab":[{"video_tab_title":"Vide\u00f3","add_video_id":[{"video_id":"jVgo_OXr9q8"},{"video_id":"mC3viGgVuE8"},{"video_id":"qC1eSgFNItg"},{"video_id":"qywod7q6RPc"}]}],"add_gallery_tab":[{"gallery_tab_title":"Gal\u00e9ria","add_img":[60232,39518,39526,39534]}],"add_price_tab":[{"price_tab_title":"Get a quote"}]},"language":"hu","_links":{"self":[{"href":"https:\/\/globecore.dev\/hu\/wp-json\/wp\/v2\/pages\/298583","targetHints":{"allow":["GET"]}}],"collection":[{"href":"https:\/\/globecore.dev\/hu\/wp-json\/wp\/v2\/pages"}],"about":[{"href":"https:\/\/globecore.dev\/hu\/wp-json\/wp\/v2\/types\/page"}],"author":[{"embeddable":true,"href":"https:\/\/globecore.dev\/hu\/wp-json\/wp\/v2\/users\/7"}],"replies":[{"embeddable":true,"href":"https:\/\/globecore.dev\/hu\/wp-json\/wp\/v2\/comments?post=298583"}],"version-history":[{"count":0,"href":"https:\/\/globecore.dev\/hu\/wp-json\/wp\/v2\/pages\/298583\/revisions"}],"up":[{"embeddable":true,"href":"https:\/\/globecore.dev\/hu\/wp-json\/wp\/v2\/pages\/298476"}],"wp:featuredmedia":[{"embeddable":true,"href":"https:\/\/globecore.dev\/hu\/wp-json\/wp\/v2\/media\/298587"}],"wp:attachment":[{"href":"https:\/\/globecore.dev\/hu\/wp-json\/wp\/v2\/media?parent=298583"}],"wp:term":[{"taxonomy":"category","embeddable":true,"href":"https:\/\/globecore.dev\/hu\/wp-json\/wp\/v2\/categories?post=298583"}],"curies":[{"name":"wp","href":"https:\/\/api.w.org\/{rel}","templated":true}]}}