{"id":298582,"date":"2017-11-06T14:02:27","date_gmt":"2017-11-06T14:02:27","guid":{"rendered":"https:\/\/globecore.dev\/products\/degassing-thermal-vacuum-drying-oil\/cmm-4t-turbine-oil-filtration\/"},"modified":"2025-02-25T13:54:47","modified_gmt":"2025-02-25T13:54:47","slug":"cmm-4t-turbine-oil-filtration","status":"publish","type":"page","link":"https:\/\/globecore.dev\/hu\/products\/degassing-thermal-vacuum-drying-oil\/cmm-4t-turbine-oil-filtration\/","title":{"rendered":"CMM-4,0T Turbinaolaj-sz\u0171r\u00e9s"},"content":{"rendered":"","protected":false},"excerpt":{"rendered":"<p>The GlobeCore \u0421\u041c\u041c-4\u0422 mobile oil station is designed for turbine oil treatment. Its purposes are oil purification3, removal of solid particles and water.<\/p>\n","protected":false},"author":7,"featured_media":298584,"parent":298476,"menu_order":0,"comment_status":"closed","ping_status":"closed","template":"templates\/single-product.php","meta":{"_acf_changed":false,"_bbp_topic_count":0,"_bbp_reply_count":0,"_bbp_total_topic_count":0,"_bbp_total_reply_count":0,"_bbp_voice_count":0,"_bbp_anonymous_reply_count":0,"_bbp_topic_count_hidden":0,"_bbp_reply_count_hidden":0,"_bbp_forum_subforum_count":0,"footnotes":""},"categories":[2177,2173],"class_list":["post-298582","page","type-page","status-publish","has-post-thumbnail","hentry","category-zeolite-oil-drying-units-hu","category-oil-filtration-pumping-hu"],"acf":{"add_tab":[{"tab_title":"Le\u00edr\u00e1s","tab_content":"A CMM-4,0T egy turbinaolaj[mfn]Turbinaolaj - minden olyan olaj, amelyet g\u0151z- \u00e9s hidraulikus turbin\u00e1k, turb\u00f3pump\u00e1k, valamint l\u00e9g-, g\u00e1z- \u00e9s h\u0171t\u0151turbokompresszorok csap\u00e1gyainak \u00e9s seg\u00e9dberendez\u00e9seinek ken\u00e9s\u00e9re haszn\u00e1lnak. A turbinaolajokat ken\u0151anyagk\u00e9nt \u00e9s munkafolyad\u00e9kk\u00e9nt is haszn\u00e1lj\u00e1k k\u00fcl\u00f6nb\u00f6z\u0151 t\u00edpus\u00fa z\u00e1rt ciklus\u00fa ipari g\u00e9pekben.[\/mfn] Sz\u0171r\u0151rendszer[mfn]A sz\u0171r\u0151rendszerek elt\u00e1vol\u00edtj\u00e1k az olajb\u00f3l a nagy \u00e9s a kis szennyez\u0151d\u00e9seket[\/mfn].\r\n\r\nA GlobeCore CMM-4,0T mobil olaj\u00e1llom\u00e1st turbinaolaj kezel\u00e9s\u00e9re tervezt\u00e9k. C\u00e9ljai az olajtiszt\u00edt\u00e1s[mfn]Az olajtiszt\u00edt\u00e1s (transzform\u00e1tor, turbina, ipari stb.) elt\u00e1vol\u00edtja az olaj szennyez\u0151d\u00e9seit az olaj \u00e9lettartam\u00e1nak meghosszabb\u00edt\u00e1sa \u00e9rdek\u00e9ben[\/mfn], a szil\u00e1rd r\u00e9szecsk\u00e9k \u00e9s a v\u00edz elt\u00e1vol\u00edt\u00e1sa.\r\n\r\nA k\u00e9sz\u00fcl\u00e9k kapacit\u00e1sa 4 m3\/\u00f3ra.\r\n\r\nEz az egys\u00e9g meghosszabb\u00edtja a turbinaolaj, a g\u00e1z- \u00e9s g\u0151zg\u00e9pek, a turbinberendez\u00e9sek, az elektromos er\u0151m\u0171vek \u00e9s az egy\u00e9b ipari l\u00e9tes\u00edtm\u00e9nyek \u00e9lettartam\u00e1t.\r\n\r\nAz ipari olaj szennyez\u00e9se sz\u00e1mos k\u00fcl\u00f6nb\u00f6z\u0151 probl\u00e9m\u00e1hoz vezet. Az olajjal t\u00f6lt\u00f6tt berendez\u00e9sek megfelel\u0151 szervizel\u00e9st ig\u00e9nyelnek.\r\n\r\nAz olajsz\u0171r\u00e9s t\u00f6k\u00e9letes megold\u00e1s - \u00faj, dr\u00e1ga term\u00e9kek v\u00e1s\u00e1rl\u00e1sa helyett.\r\n\r\nA CMM-4,0T turbinaolaj-sz\u0171r\u0151 rendszer olyan folyamatokra haszn\u00e1lhat\u00f3, mint a tiszt\u00edt\u00e1s, a dehidrat\u00e1l\u00e1s[mfn]A nyersolaj dehidrat\u00e1l\u00e1s c\u00e9lja a szabad v\u00edz elt\u00e1vol\u00edt\u00e1sa az olajb\u00f3l, majd az olajemulzi\u00f3k megbont\u00e1sa, hogy cs\u00f6kkenjen az olajban maradt emulge\u00e1lt v\u00edz mennyis\u00e9ge[\/mfn] \u00e9s a g\u00e1zmentes\u00edt\u00e9s[mfn]Az olajg\u00e1zmentes\u00edt\u00e9s a nemk\u00edv\u00e1natos oldott g\u00e1zok elt\u00e1vol\u00edt\u00e1sa az olajb\u00f3l (k\u00fcl\u00f6n-k\u00fcl\u00f6n vagy egy\u00fcttesen)[\/mfn]. Az evaku\u00e1l\u00e1s is lehets\u00e9ges.\r\n\r\nA k\u00e9sz\u00fcl\u00e9k olyan turbinaolajhoz alkalmazhat\u00f3, amelynek viszkozit\u00e1sa[mfn]Az abszol\u00fat viszkozit\u00e1s egy folyad\u00e9k bels\u0151 \u00e1raml\u00e1si ellen\u00e1ll\u00e1s\u00e1nak m\u00e9r\u0151sz\u00e1ma.[\/mfn] 50 \u00baC-on nem haladja meg a 280 cSt \u00e9rt\u00e9ket.[\/mfn]."}],"add_def_tab":[{"tab_title":"M\u0171szaki adatok","tab_content":"<table>\r\n<tbody>\r\n<tr>\r\n<td><strong>\u2116<\/strong><\/td>\r\n<td style=\"text-align: center;\"><strong>Param\u00e9terek<\/strong><\/td>\r\n<td style=\"text-align: center;\"><strong>\u00c9rt\u00e9k<\/strong><\/td>\r\n<\/tr>\r\n<tr>\r\n<td>1<\/td>\r\n<td>Kapacit\u00e1s, m<sup>3<\/sup>\/\u00f3ra<\/td>\r\n<td style=\"text-align: center;\">4<\/td>\r\n<\/tr>\r\n<tr>\r\n<td>2<\/td>\r\n<td>Haszn\u00e1lt olaj param\u00e9terei:\r\n\r\n\u2014 Nedvess\u00e9gtartalom t\u00f6megar\u00e1nyban, ppm, legfeljebb\r\n\r\n\u2014 Sz\u0171r\u00e9s finoms\u00e1ga, mikron, legfeljebb<\/td>\r\n<td>\r\n<p style=\"text-align: center;\">10 ppm vagy 5 ppm vagy 5 ppm+ (opcion\u00e1lisan)<\/p>\r\n<p style=\"text-align: center;\">5<\/p>\r\n<\/td>\r\n<\/tr>\r\n<tr>\r\n<td>3<\/td>\r\n<td>Maxim\u00e1lis olajkimeneti h\u0151m\u00e9rs\u00e9klet, \u00baC<\/td>\r\n<td style=\"text-align: center;\">55<\/td>\r\n<\/tr>\r\n<tr>\r\n<td>4<\/td>\r\n<td>M\u0171k\u00f6d\u00e9si nyom\u00e1s, MPa<\/td>\r\n<td style=\"text-align: center;\">0,4<\/td>\r\n<\/tr>\r\n<tr>\r\n<td>5<\/td>\r\n<td>M\u0171k\u00f6d\u00e9si v\u00e1kuum \u2013 v\u00e1kuumszivatty\u00fa<\/td>\r\n<td style=\"text-align: center;\">-0,75 \u2026 -0,85<\/td>\r\n<\/tr>\r\n<tr>\r\n<td><\/td>\r\n<td>\u2013 v\u00e1kuumtart\u00e1lyban<\/td>\r\n<td style=\"text-align: center;\">-0,65 \u2026 -0,75<\/td>\r\n<\/tr>\r\n<tr>\r\n<td>6<\/td>\r\n<td>Olajf\u0171t\u0151 teljes\u00edtm\u00e9ny, kW<\/td>\r\n<td style=\"text-align: center;\">29<\/td>\r\n<\/tr>\r\n<tr>\r\n<td>7<\/td>\r\n<td>Olajf\u0171t\u0151 specifikus teljes\u00edtm\u00e9ny, W\/cm\u00b2, legfeljebb<\/td>\r\n<td style=\"text-align: center;\">1,2<\/td>\r\n<\/tr>\r\n<tr>\r\n<td>8<\/td>\r\n<td>Maxim\u00e1lis energiafogyaszt\u00e1s, kW<\/td>\r\n<td style=\"text-align: center;\">38<\/td>\r\n<\/tr>\r\n<tr>\r\n<td>9<\/td>\r\n<td>Villamos \u00e1ram param\u00e9terei\r\n\r\n\u2014 fesz\u00fclts\u00e9g, V\r\n\r\n\u2014 v\u00e1ltakoz\u00f3 \u00e1ram frekvenci\u00e1ja, Hz<\/td>\r\n<td>\r\n<p style=\"text-align: center;\">380<\/p>\r\n<p style=\"text-align: center;\">50<\/p>\r\n<\/td>\r\n<\/tr>\r\n<tr>\r\n<td><\/td>\r\n<td>\u00c1ltal\u00e1nos m\u00e9retek, mm\r\n\r\n\u2014 teljes hossz\r\n\r\n\u2014 teljes sz\u00e9less\u00e9g\r\n\r\n\u2014 teljes magass\u00e1g<\/td>\r\n<td>\r\n<p style=\"text-align: center;\">2060<\/p>\r\n<p style=\"text-align: center;\">1130<\/p>\r\n<p style=\"text-align: center;\">1980<\/p>\r\n<\/td>\r\n<\/tr>\r\n<tr>\r\n<td>11<\/td>\r\n<td>T\u00f6meg, kg,<\/td>\r\n<td style=\"text-align: center;\">700<\/td>\r\n<\/tr>\r\n<\/tbody>\r\n<\/table>"},{"tab_title":"El\u0151ny\u00f6k","tab_content":"<ul>\r\n  <li style=\"text-align: justify;\">A megrendel\u0151 k\u00e9r\u00e9s\u00e9re a berendez\u00e9s lehet: \u00e1lland\u00f3 (kont\u00e9nerben, v\u00e1zon, s\u00e1tor alatt) vagy mobil\/hordozhat\u00f3 (ker\u00e9ken, p\u00f3tkocsira szerelve);<\/li>\r\n  <li style=\"text-align: justify;\">K\u00f6nnyen \u00fczemeltethet\u0151;<\/li>\r\n  <li style=\"text-align: justify;\">A tiszt\u00edt\u00e1s ut\u00e1ni olaj jellemz\u0151i teljes m\u00e9rt\u00e9kben megfelelnek a hat\u00e1lyos norm\u00e1knak \u00e9s szabv\u00e1nyoknak;<\/li>\r\n  <li style=\"text-align: justify;\">Megtakar\u00edtja a hullad\u00e9kolaj t\u00e1rol\u00e1s\u00e1hoz sz\u00fcks\u00e9ges helyet;<\/li>\r\n  <li style=\"text-align: justify;\">Cs\u00f6kkenti az \u00faj olaj v\u00e1s\u00e1rl\u00e1s\u00e1val \u00e9s a hullad\u00e9kolaj \u00fajrahasznos\u00edt\u00e1s\u00e1val j\u00e1r\u00f3 k\u00f6lts\u00e9geket;<\/li>\r\n  <li style=\"text-align: justify;\">V\u00e9delmezi a k\u00f6rnyezetet;<\/li>\r\n  <li style=\"text-align: justify;\">Energiahat\u00e9kony.<\/li>\r\n<\/ul>"},{"tab_title":"Alkalmaz\u00e1s","tab_content":"<p style=\"text-align: justify;\"><strong>A CMM-4T berendez\u00e9s a k\u00f6vetkez\u0151kre haszn\u00e1lhat\u00f3:<\/strong><\/p>\r\n<ul>\r\n  <li style=\"text-align: justify;\"><a href=\"https:\/\/globecore.dev\/publications\/turbine-oil-purification-equipment\/\">Turbinaolaj tiszt\u00edt\u00e1sa<\/a>;<\/li>\r\n  <li style=\"text-align: justify;\"><a href=\"https:\/\/globecore.dev\/publications\/oil-purification-process\/\">Transzform\u00e1torolaj tiszt\u00edt\u00e1sa<\/a>;<\/li>\r\n  <li style=\"text-align: justify;\"><a href=\"https:\/\/globecore.dev\/publications\/hydraulic-oil-purification-using-filtration-method\/\">Hidraulikaolaj tiszt\u00edt\u00e1sa<\/a>;<\/li>\r\n  <li style=\"text-align: justify;\"><a href=\"https:\/\/globecore.dev\/publications\/purification-of-industrial-oils\/\">Ipari olaj tiszt\u00edt\u00e1sa<\/a>;<\/li>\r\n  <li style=\"text-align: justify;\"><a href=\"https:\/\/globecore.dev\/application\/cable-oil-purification-machine-cmm-1co\/\">K\u00e1belolaj tiszt\u00edt\u00e1sa<\/a>;<\/li>\r\n  <li style=\"text-align: justify;\"><a href=\"https:\/\/globecore.dev\/oil-filtration-pumping\/compressor-oil-filtration-machine-cmm-40f\/\">Kompresszorolaj tiszt\u00edt\u00e1sa<\/a>;<\/li>\r\n  <li style=\"text-align: justify;\"><a href=\"https:\/\/globecore.dev\/publications\/gear-oil-purification\/\">Fogasker\u00e9kolaj tiszt\u00edt\u00e1sa<\/a>;<\/li>\r\n  <li style=\"text-align: justify;\"><a href=\"https:\/\/globecore.dev\/publications\/silicone-oil-purification\/\">Szilikonolaj tiszt\u00edt\u00e1sa<\/a>;<\/li>\r\n  <li style=\"text-align: justify;\"><a href=\"https:\/\/globecore.dev\/publications\/midel-7131-transformer-oil-purification\/\">Midel 7131 dielektromos folyad\u00e9k tiszt\u00edt\u00e1sa<\/a>;<\/li>\r\n  <li style=\"text-align: justify;\"><a href=\"https:\/\/globecore.dev\/publications\/fr3-natural-ester-transformer-fluid-purification\/\">FR3 term\u00e9szetes \u00e9szter alap\u00fa transzform\u00e1torfolyad\u00e9k tiszt\u00edt\u00e1sa<\/a>;<\/li>\r\n  <li style=\"text-align: justify;\"><a href=\"https:\/\/globecore.dev\/publications\/purification-of-transformer-oil-in-x-ray-machines-with-the-cmm-0-4-unit\/\">R\u00f6ntgeng\u00e9pek olaj\u00e1nak tiszt\u00edt\u00e1sa<\/a>;<\/li>\r\n  <li style=\"text-align: justify;\"><a href=\"https:\/\/globecore.dev\/publications\/fyrquel-special-aspects-of-usage-and-treatment\/\">Fyrquel t\u0171z\u00e1ll\u00f3 turbinaolaj tiszt\u00edt\u00e1sa<\/a>.<\/li>\r\n<\/ul>"},{"tab_title":"Konfigur\u00e1tor","tab_content":"[ezfc id='24' \/]"},{"tab_title":"Webin\u00e1riumok","tab_content":"https:\/\/www.youtube.com\/live\/7GjIDRRJ754"}],"add_video_tab":[{"video_tab_title":"Vide\u00f3","add_video_id":[{"video_id":"s4ZivYLbsJ8"},{"video_id":"pDmIMx5deOI"},{"video_id":"xziq_DCLSb4"}]}],"add_gallery_tab":null,"add_price_tab":[{"price_tab_title":"Get a Quote"}]},"language":"hu","_links":{"self":[{"href":"https:\/\/globecore.dev\/hu\/wp-json\/wp\/v2\/pages\/298582","targetHints":{"allow":["GET"]}}],"collection":[{"href":"https:\/\/globecore.dev\/hu\/wp-json\/wp\/v2\/pages"}],"about":[{"href":"https:\/\/globecore.dev\/hu\/wp-json\/wp\/v2\/types\/page"}],"author":[{"embeddable":true,"href":"https:\/\/globecore.dev\/hu\/wp-json\/wp\/v2\/users\/7"}],"replies":[{"embeddable":true,"href":"https:\/\/globecore.dev\/hu\/wp-json\/wp\/v2\/comments?post=298582"}],"version-history":[{"count":0,"href":"https:\/\/globecore.dev\/hu\/wp-json\/wp\/v2\/pages\/298582\/revisions"}],"up":[{"embeddable":true,"href":"https:\/\/globecore.dev\/hu\/wp-json\/wp\/v2\/pages\/298476"}],"wp:featuredmedia":[{"embeddable":true,"href":"https:\/\/globecore.dev\/hu\/wp-json\/wp\/v2\/media\/298584"}],"wp:attachment":[{"href":"https:\/\/globecore.dev\/hu\/wp-json\/wp\/v2\/media?parent=298582"}],"wp:term":[{"taxonomy":"category","embeddable":true,"href":"https:\/\/globecore.dev\/hu\/wp-json\/wp\/v2\/categories?post=298582"}],"curies":[{"name":"wp","href":"https:\/\/api.w.org\/{rel}","templated":true}]}}