{"id":298577,"date":"2021-03-11T09:55:13","date_gmt":"2021-03-11T09:55:13","guid":{"rendered":"https:\/\/globecore.dev\/products\/degassing-thermal-vacuum-drying-oil\/cmm-4lt-transformer-oil-purification-unit\/"},"modified":"2025-02-25T13:44:48","modified_gmt":"2025-02-25T13:44:48","slug":"cmm-4lt-transformer-oil-purification-unit","status":"publish","type":"page","link":"https:\/\/globecore.dev\/hu\/products\/degassing-thermal-vacuum-drying-oil\/cmm-4lt-transformer-oil-purification-unit\/","title":{"rendered":"CMM-4,0LT transzform\u00e1torolaj-tiszt\u00edt\u00f3 egys\u00e9g"},"content":{"rendered":"","protected":false},"excerpt":{"rendered":"","protected":false},"author":7,"featured_media":298581,"parent":298476,"menu_order":0,"comment_status":"closed","ping_status":"closed","template":"templates\/single-product.php","meta":{"_acf_changed":false,"_bbp_topic_count":0,"_bbp_reply_count":0,"_bbp_total_topic_count":0,"_bbp_total_reply_count":0,"_bbp_voice_count":0,"_bbp_anonymous_reply_count":0,"_bbp_topic_count_hidden":0,"_bbp_reply_count_hidden":0,"_bbp_forum_subforum_count":0,"footnotes":""},"categories":[2177,2173],"class_list":["post-298577","page","type-page","status-publish","has-post-thumbnail","hentry","category-zeolite-oil-drying-units-hu","category-oil-filtration-pumping-hu"],"acf":{"add_tab":[{"tab_title":"Le\u00edr\u00e1s","tab_content":"A \u0421\u041c\u041c-4,0LT egys\u00e9get a g\u00e1zturbin\u00e1k \u00e9s g\u00e1zszivatty\u00fa egys\u00e9gek, g\u00e1zmotor-kompresszorok \u00e9s transzform\u00e1torok ken\u00e9si, t\u00f6m\u00edt\u00e9si, hidraulikus vez\u00e9rl\u0151rendszereinek hidraulikus vez\u00e9rl\u0151rendszereiben haszn\u00e1lt ipari olajok termikus v\u00e1kuumsz\u00e1r\u00edt\u00e1s\u00e1ra \u00e9s sz\u0171r\u00e9s\u00e9re tervezt\u00e9k. Az olajtiszt\u00edt\u00e1s mellett a CMM-4,0LT az olajjal t\u00f6lt\u00f6tt elektromos k\u00e9sz\u00fcl\u00e9kek f\u0171t\u00e9s\u00e9re \u00e9s sz\u00e1r\u00edt\u00e1s\u00e1ra is haszn\u00e1lhat\u00f3.\r\n\r\nM\u0171k\u00f6d\u00e9si elv\r\n\r\nA v\u00e1kuummal hajtott olaj egy 200 mikronos sz\u0171r\u00e9si finoms\u00e1g\u00fa durva sz\u0171r\u0151n halad \u00e1t, majd egy v\u00e1kuumtart\u00e1lyba ker\u00fcl, ahol egy f\u0171t\u0151berendez\u00e9s tal\u00e1lhat\u00f3. Az alulr\u00f3l felfel\u00e9 emelked\u0151 olaj felmelegszik, \u00e9s egy speci\u00e1lis csatorn\u00e1zott fed\u00e9len kereszt\u00fcl a kamra m\u00e1sik r\u00e9sz\u00e9be jut, ahol k\u00f6zvetlen\u00fcl a speci\u00e1lis t\u00f6lt\u0151berendez\u00e9sekhez jut. Ezut\u00e1n az olaj a t\u00f6lt\u0151k\u00f6n lefel\u00e9 \u00e1ramlik, mik\u00f6zben a nedvess\u00e9gg\u0151z \u00e9s a g\u00e1zok v\u00e1kuummal t\u00e1voznak az olajb\u00f3l. Ezut\u00e1n az olajat a tart\u00e1ly alj\u00e1r\u00f3l k\u00e9t finom sz\u0171r\u0151n kereszt\u00fcl a k\u00e9sz\u00fcl\u00e9k kimenet\u00e9re szivatty\u00fazz\u00e1k. A sz\u0171r\u0151k sz\u0171r\u00e9si finoms\u00e1ga 5, 3, 1 vagy 0,3 mikronban v\u00e1laszthat\u00f3.\r\n\r\nTervez\u00e9si jellemz\u0151k\r\n\r\nA f\u0171t\u0151berendez\u00e9s a v\u00e1kuumtart\u00e1lyon bel\u00fcl helyezkedik el, ami lehet\u0151v\u00e9 tette a k\u00e9sz\u00fcl\u00e9k m\u00e9reteinek cs\u00f6kkent\u00e9s\u00e9t \u00e9s az olaj f\u0171t\u00e9se k\u00f6zbeni h\u0151vesztes\u00e9gek m\u00e9rs\u00e9kl\u00e9s\u00e9t.\r\n\r\nAz olajat a v\u00e1kuumkamr\u00e1ba egy k\u00e9tfokozat\u00fa, egy el\u0151szivatty\u00fab\u00f3l \u00e9s egy eml\u00e9keztet\u0151 szivatty\u00fab\u00f3l \u00e1ll\u00f3 v\u00e1kuumrendszer \u00e1ltal l\u00e9trehozott alnyom\u00e1s miatt sz\u00edvj\u00e1k be. Az egys\u00e9g t\u00f6bbi alkatr\u00e9sz\u00e9n\u00e9l \u00faj elrendez\u00e9st alkalmaztak. Mindezek az \u00faj\u00edt\u00e1sok j\u00f3 eredm\u00e9nyeket hoztak a kis berendez\u00e9s m\u00e9ret\u00e9t tekintve."}],"add_def_tab":[{"tab_title":"M\u0171szaki adatok","tab_content":"<table width=\"605\">\r\n<tbody>\r\n<tr>\r\n<td colspan=\"2\" width=\"529\">\r\n<p style=\"text-align: center;\"><strong>Param\u00e9ter<\/strong><\/p>\r\n<\/td>\r\n<td width=\"76\">\r\n<p style=\"text-align: center;\"><strong>\u00c9rt\u00e9k<\/strong><\/p>\r\n<\/td>\r\n<\/tr>\r\n<tr>\r\n<td style=\"text-align: left;\" colspan=\"3\" width=\"605\">1. Kapacit\u00e1s, m<sup>3<\/sup>\/\u00f3ra (gpm), legal\u00e1bb<\/td>\r\n<\/tr>\r\n<tr>\r\n<td width=\"47\"><\/td>\r\n<td style=\"text-align: left;\" width=\"482\">- h\u0151alap\u00fa v\u00e1kuumos sz\u00e1r\u00edt\u00e1si \u00e9s sz\u0171r\u00e9si \u00fczemm\u00f3dban<\/td>\r\n<td width=\"76\">\r\n<p style=\"text-align: center;\">4.0 (17,6)<\/p>\r\n<\/td>\r\n<\/tr>\r\n<tr>\r\n<td style=\"text-align: left;\" colspan=\"3\" width=\"605\">2.* Feldolgozott olaj param\u00e9terei (t\u00f6bbsz\u00f6ri \u00e1thalad\u00e1s ut\u00e1n):<\/td>\r\n<\/tr>\r\n<tr>\r\n<td rowspan=\"3\" width=\"47\"><\/td>\r\n<td style=\"text-align: left;\" width=\"482\">- \u00f6sszes g\u00e1ztartalom, %, legfeljebb<\/td>\r\n<td width=\"76\">\r\n<p style=\"text-align: center;\">1,5<\/p>\r\n<\/td>\r\n<\/tr>\r\n<tr>\r\n<td style=\"text-align: left;\" width=\"482\">- olaj nedvess\u00e9gtartalma, ppm, legfeljebb<\/td>\r\n<td width=\"76\">\r\n<p style=\"text-align: center;\">10 ppm vagy 5 ppm vagy 5 ppm+ (opcion\u00e1lisan)<\/p>\r\n<\/td>\r\n<\/tr>\r\n<tr>\r\n<td style=\"text-align: left;\" width=\"482\">- ISO 4406 szerinti ipari tisztas\u00e1gi oszt\u00e1ly<\/td>\r\n<td width=\"76\">\r\n<p style=\"text-align: center;\">-\/14\/12<\/p>\r\n<\/td>\r\n<\/tr>\r\n<tr>\r\n<td style=\"text-align: left;\" colspan=\"2\" width=\"529\">3. Maxim\u00e1lis olajh\u0151m\u00e9rs\u00e9klet a kimeneten, \u00ba\u0421 (\u00baF)<\/td>\r\n<td width=\"76\">\r\n<p style=\"text-align: center;\">55 (131)<\/p>\r\n<\/td>\r\n<\/tr>\r\n<tr>\r\n<td style=\"text-align: left;\" colspan=\"2\" width=\"529\">4. Kimeneti nyom\u00e1s, bar (psi)<\/td>\r\n<td width=\"76\">\r\n<p style=\"text-align: center;\">3 (43,5)<\/p>\r\n<\/td>\r\n<\/tr>\r\n<tr>\r\n<td style=\"text-align: left;\" colspan=\"2\" width=\"529\">5. Olajf\u0171t\u0151 teljes\u00edtm\u00e9ny, kW, legfeljebb<\/td>\r\n<td width=\"76\">\r\n<p style=\"text-align: center;\">36<\/p>\r\n<\/td>\r\n<\/tr>\r\n<tr>\r\n<td style=\"text-align: left;\" colspan=\"2\" width=\"529\">6. Maxim\u00e1lis energiaig\u00e9ny, kW, legfeljebb<\/td>\r\n<td width=\"76\">\r\n<p style=\"text-align: center;\">46<\/p>\r\n<\/td>\r\n<\/tr>\r\n<tr>\r\n<td style=\"text-align: left;\" colspan=\"3\" width=\"605\">7. Villamos \u00e1ram param\u00e9terei<\/td>\r\n<\/tr>\r\n<tr>\r\n<td rowspan=\"2\" width=\"47\"><\/td>\r\n<td style=\"text-align: left;\" width=\"482\">- fesz\u00fclts\u00e9g, V<\/td>\r\n<td width=\"76\">\r\n<p style=\"text-align: center;\">380<\/p>\r\n<\/td>\r\n<\/tr>\r\n<tr>\r\n<td style=\"text-align: left;\" width=\"482\">- v\u00e1lt\u00f3\u00e1ram frekvenci\u00e1ja, Hz<\/td>\r\n<td width=\"76\">\r\n<p style=\"text-align: center;\">50<\/p>\r\n<\/td>\r\n<\/tr>\r\n<tr>\r\n<td width=\"47\"><\/td>\r\n<td style=\"text-align: left;\" width=\"482\">- f\u00e1zisok sz\u00e1ma<\/td>\r\n<td width=\"76\">\r\n<p style=\"text-align: center;\">3<\/p>\r\n<\/td>\r\n<\/tr>\r\n<tr>\r\n<td style=\"text-align: left;\" colspan=\"2\" width=\"529\">8. M\u00e9retek, mm (in), legfeljebb (p\u00f3tkocsi n\u00e9lk\u00fcl \/ p\u00f3tkocsival)<\/td>\r\n<td width=\"76\"><\/td>\r\n<\/tr>\r\n<tr>\r\n<td width=\"47\"><\/td>\r\n<td style=\"text-align: left;\" width=\"482\">- hossz<\/td>\r\n<td width=\"76\">\r\n<p style=\"text-align: center;\">1100 (43)\/2450 (96)<\/p>\r\n<\/td>\r\n<\/tr>\r\n<tr>\r\n<td width=\"47\"><\/td>\r\n<td style=\"text-align: left;\" width=\"482\">- sz\u00e9less\u00e9g<\/td>\r\n<td width=\"76\">\r\n<p style=\"text-align: center;\">780 (31)\/1420 (56)<\/p>\r\n<\/td>\r\n<\/tr>\r\n<tr>\r\n<td width=\"47\"><\/td>\r\n<td style=\"text-align: left;\" width=\"482\">- magass\u00e1g<\/td>\r\n<td width=\"76\">\r\n<p style=\"text-align: center;\">1470 (58)\/1910 (75)<\/p>\r\n<\/td>\r\n<\/tr>\r\n<tr>\r\n<td style=\"text-align: left;\" colspan=\"2\" width=\"529\">9. T\u00f6meg, kg, legfeljebb (p\u00f3tkocsi n\u00e9lk\u00fcl \/ p\u00f3tkocsival)<\/td>\r\n<td width=\"76\">\r\n<p style=\"text-align: center;\">450 (992)\/900 (1980)<\/p>\r\n<\/td>\r\n<\/tr>\r\n<\/tbody>\r\n<\/table>\r\n<strong>Megjegyz\u00e9s:<\/strong>\r\n<ul>\r\n \t<li>t\u00e9rfogati g\u00e1ztartalom \u2013 legfeljebb 10,5%;<\/li>\r\n \t<li>nedvess\u00e9gtartalom t\u00f6megar\u00e1nyban \u2013 legfeljebb 0,005% (50 ppm);<\/li>\r\n \t<li>h\u0151m\u00e9rs\u00e9klet \u2013 nem alacsonyabb, mint 0\u00ba\u0421 (32\u00baF);<\/li>\r\n \t<li>amikor az olaj t\u00f6bbsz\u00f6r \u00e1thalad a berendez\u00e9sen.<\/li>\r\n<\/ul>"},{"tab_title":"El\u0151ny\u00f6k","tab_content":"<ul>\r\n  <li style=\"text-align: justify;\">kompakts\u00e1g;<\/li>\r\n  <li style=\"text-align: justify;\">mobilit\u00e1s;<\/li>\r\n  <li style=\"text-align: justify;\">egyszer\u0171 vez\u00e9rl\u00e9s;<\/li>\r\n  <li style=\"text-align: justify;\">k\u00fcl\u00f6nf\u00e9le t\u00edpus\u00fa ipari olajok (pl. turbin\u00e1s, hidraulika, kompresszor, stb.) tiszt\u00edt\u00e1s\u00e1ra haszn\u00e1lhat\u00f3.<\/li>\r\n<\/ul>"},{"tab_title":"Alkalmaz\u00e1s","tab_content":"<p style=\"text-align: justify;\"><strong>A CMM-4,0LT berendez\u00e9s a k\u00f6vetkez\u0151kre haszn\u00e1lhat\u00f3:<\/strong><\/p>\r\n<ul>\r\n  <li style=\"text-align: justify;\"><a href=\"https:\/\/globecore.dev\/oil-filtration-pumping\/transformer-oil-filtration-machine-cmm-40f\/\">Transzform\u00e1torolaj sz\u0171r\u00e9se<\/a>;<\/li>\r\n  <li style=\"text-align: justify;\"><a href=\"https:\/\/globecore.dev\/publications\/bv-transformer-evacuation-system\/\">Transzform\u00e1tor evaku\u00e1l\u00e1sa<\/a>;<\/li>\r\n  <li style=\"text-align: justify;\"><a href=\"https:\/\/globecore.dev\/publications\/hydraulic-oil-purification\/\">Hidraulikaolaj tiszt\u00edt\u00e1sa<\/a>;<\/li>\r\n  <li style=\"text-align: justify;\"><a href=\"https:\/\/globecore.dev\/publications\/silicone-oil-purification\/\">Szilikonolaj tiszt\u00edt\u00e1sa<\/a>;<\/li>\r\n  <li style=\"text-align: justify;\"><a href=\"https:\/\/globecore.dev\/publications\/midel-7131-transformer-oil-purification\/\">Midel 7131 dielektromos folyad\u00e9k tiszt\u00edt\u00e1sa<\/a>;<\/li>\r\n  <li style=\"text-align: justify;\"><a href=\"https:\/\/globecore.dev\/publications\/fr3-natural-ester-transformer-fluid-purification\/\">FR3 term\u00e9szetes \u00e9szter alap\u00fa transzform\u00e1torfolyad\u00e9k tiszt\u00edt\u00e1sa<\/a>;<\/li>\r\n  <li style=\"text-align: justify;\"><a href=\"https:\/\/globecore.dev\/publications\/purification-of-transformer-oil-in-x-ray-machines-with-the-cmm-0-4-unit\/\">R\u00f6ntgeng\u00e9pek olaj\u00e1nak tiszt\u00edt\u00e1sa<\/a>;<\/li>\r\n  <li style=\"text-align: justify;\"><a href=\"https:\/\/globecore.dev\/publications\/fyrquel-special-aspects-of-usage-and-treatment\/\">Fyrquel t\u0171z\u00e1ll\u00f3 turbinaolaj tiszt\u00edt\u00e1sa<\/a>.<\/li>\r\n<\/ul>"},{"tab_title":"Konfigur\u00e1tor","tab_content":"[ezfc id='13' \/]"},{"tab_title":"Webin\u00e1riumok","tab_content":"https:\/\/www.youtube.com\/live\/7GjIDRRJ754"},{"tab_title":"Visszafizet\u00e9si id\u0151szak","tab_content":"[ezfc id='87' \/]"}],"add_video_tab":[{"video_tab_title":"Vide\u00f3","add_video_id":[{"video_id":"jVgo_OXr9q8"},{"video_id":"mC3viGgVuE8"},{"video_id":"qC1eSgFNItg"},{"video_id":"qywod7q6RPc"}]}],"add_gallery_tab":[{"gallery_tab_title":"Gal\u00e9ria","add_img":[60232]}],"add_price_tab":[{"price_tab_title":"Get a quote"}]},"language":"hu","_links":{"self":[{"href":"https:\/\/globecore.dev\/hu\/wp-json\/wp\/v2\/pages\/298577","targetHints":{"allow":["GET"]}}],"collection":[{"href":"https:\/\/globecore.dev\/hu\/wp-json\/wp\/v2\/pages"}],"about":[{"href":"https:\/\/globecore.dev\/hu\/wp-json\/wp\/v2\/types\/page"}],"author":[{"embeddable":true,"href":"https:\/\/globecore.dev\/hu\/wp-json\/wp\/v2\/users\/7"}],"replies":[{"embeddable":true,"href":"https:\/\/globecore.dev\/hu\/wp-json\/wp\/v2\/comments?post=298577"}],"version-history":[{"count":0,"href":"https:\/\/globecore.dev\/hu\/wp-json\/wp\/v2\/pages\/298577\/revisions"}],"up":[{"embeddable":true,"href":"https:\/\/globecore.dev\/hu\/wp-json\/wp\/v2\/pages\/298476"}],"wp:featuredmedia":[{"embeddable":true,"href":"https:\/\/globecore.dev\/hu\/wp-json\/wp\/v2\/media\/298581"}],"wp:attachment":[{"href":"https:\/\/globecore.dev\/hu\/wp-json\/wp\/v2\/media?parent=298577"}],"wp:term":[{"taxonomy":"category","embeddable":true,"href":"https:\/\/globecore.dev\/hu\/wp-json\/wp\/v2\/categories?post=298577"}],"curies":[{"name":"wp","href":"https:\/\/api.w.org\/{rel}","templated":true}]}}