{"id":298575,"date":"2016-04-06T05:26:37","date_gmt":"2016-04-06T05:26:37","guid":{"rendered":"https:\/\/globecore.dev\/products\/degassing-thermal-vacuum-drying-oil\/uvm-47-mobile-oil-plant\/"},"modified":"2025-02-25T13:41:11","modified_gmt":"2025-02-25T13:41:11","slug":"uvm-47-mobile-oil-plant","status":"publish","type":"page","link":"https:\/\/globecore.dev\/hu\/products\/degassing-thermal-vacuum-drying-oil\/uvm-47-mobile-oil-plant\/","title":{"rendered":"CMM-4\/7 hordozhat\u00f3 olajtalan\u00edt\u00f3 egys\u00e9g"},"content":{"rendered":"","protected":false},"excerpt":{"rendered":"<p>This GlobeCore mobile oil processing unit is designed for degassing1, removal of solids and heating2 of oil for power transformers3 with voltage up to 1,150 kV.<\/p>\n","protected":false},"author":7,"featured_media":298579,"parent":298476,"menu_order":0,"comment_status":"closed","ping_status":"closed","template":"templates\/single-product.php","meta":{"_acf_changed":false,"_bbp_topic_count":0,"_bbp_reply_count":0,"_bbp_total_topic_count":0,"_bbp_total_reply_count":0,"_bbp_voice_count":0,"_bbp_anonymous_reply_count":0,"_bbp_topic_count_hidden":0,"_bbp_reply_count_hidden":0,"_bbp_forum_subforum_count":0,"footnotes":""},"categories":[2026],"class_list":["post-298575","page","type-page","status-publish","has-post-thumbnail","hentry","category-news-hun"],"acf":{"add_tab":[{"tab_title":"Le\u00edr\u00e1s","tab_content":"<p style=\"text-align: justify;\">Ez a GlobeCore mobil olajkezel\u0151 berendez\u00e9s a k\u00f6vetkez\u0151kre lett tervezve: g\u00e1ztalan\u00edt\u00e1sra[mfn]A transzform\u00e1torolaj g\u00e1ztalan\u00edt\u00e1sa olyan folyamatok \u00f6sszess\u00e9ge, melynek c\u00e9lja a dielektromos olajb\u00f3l a v\u00edz, g\u00e1zok \u00e9s mechanikai szennyez\u0151d\u00e9sek elt\u00e1vol\u00edt\u00e1sa.[\/mfn], a szil\u00e1rd r\u00e9szecsk\u00e9k elt\u00e1vol\u00edt\u00e1s\u00e1ra \u00e9s az olaj f\u0171t\u00e9s\u00e9re[mfn]Az olaj meleg\u00edt\u00e9s\u00e9t a g\u00e1ztalan\u00edt\u00f3, sz\u00e1r\u00edt\u00f3 \u00e9s regener\u00e1l\u00f3 g\u00e9pekben t\u00f6rt\u00e9n\u0151 olajkezel\u00e9s felgyors\u00edt\u00e1s\u00e1ra haszn\u00e1lj\u00e1k. A dehidrat\u00e1ci\u00f3 a v\u00edz \u00e9s az olaj forr\u00e1spontj\u00e1nak k\u00fcl\u00f6nbs\u00e9g\u00e9n alapul. Mivel a v\u00edz forr\u00e1spontja alacsonyabb, a f\u0171t\u00e9s el\u0151seg\u00edti a v\u00edz elp\u00e1rologtat\u00e1s\u00e1t az olajb\u00f3l, miel\u0151tt az el\u00e9rn\u00e9 a forr\u00e1spontj\u00e1t.[\/mfn] a nagyfesz\u00fclts\u00e9g\u0171 transzform\u00e1torok sz\u00e1m\u00e1ra[mfn]A transzform\u00e1tor egy statikus elektromos eszk\u00f6z, amely elektromos energi\u00e1t tov\u00e1bb\u00edt k\u00e9t vagy t\u00f6bb \u00e1ramk\u00f6r k\u00f6z\u00f6tt.[\/mfn] fesz\u00fclts\u00e9gig 1,150 kV.<\/p>\r\n<p style=\"text-align: justify;\">A berendez\u00e9s a k\u00f6vetkez\u0151kre haszn\u00e1lhat\u00f3: (1) olyan elektromos rendszerek f\u0171t\u00e9s\u00e9re, amelyek szigetel\u0151olajat tartalmaznak[mfn]A szigetel\u0151olaj olyan olaj, amely magas h\u0151m\u00e9rs\u00e9kleten stabil, \u00e9s kiv\u00e1l\u00f3 elektromos szigetel\u0151 tulajdons\u00e1gokkal rendelkezik.[\/mfn] forr\u00f3 olajjal; (2) transzform\u00e1torok v\u00e1kuumos sz\u00e1r\u00edt\u00e1s\u00e1ra[mfn]A transzform\u00e1tor egy statikus elektromos eszk\u00f6z, amely elektromos energi\u00e1t tov\u00e1bb\u00edt k\u00e9t vagy t\u00f6bb \u00e1ramk\u00f6r k\u00f6z\u00f6tt.[\/mfn] \u00e9s (3) transzform\u00e1torok v\u00e1kuumoz\u00e1s\u00e1ra[mfn]A v\u00e1kuumoz\u00e1st az\u00e9rt v\u00e9gzik, hogy elt\u00e1vol\u00edts\u00e1k a nedvess\u00e9get a transzform\u00e1torb\u00f3l vagy megv\u00e9dj\u00e9k azt a nedvess\u00e9gt\u0151l.[\/mfn]. A berendez\u00e9s legink\u00e1bb olyan l\u00e9tes\u00edtm\u00e9nyek sz\u00e1m\u00e1ra ide\u00e1lis, amelyek olajjal t\u00f6lt\u00f6tt elektromos nagyfesz\u00fclts\u00e9g\u0171 transzform\u00e1torokat \u00e9s m\u00e1s olajjal t\u00f6lt\u00f6tt elektromos berendez\u00e9seket telep\u00edtenek, jav\u00edtanak \u00e9s karbantartanak.<\/p>\r\n<p style=\"text-align: justify;\">A berendez\u00e9s nem rendelkezik tan\u00fas\u00edtv\u00e1nnyal robban\u00f3 g\u00e1zok, m\u00e9rgez\u0151 g\u00e1zok vagy m\u00e1s agressz\u00edv k\u00f6rnyezetekben t\u00f6rt\u00e9n\u0151 haszn\u00e1latra.<\/p>\r\n<p style=\"text-align: justify;\">Z\u00e1rt helyis\u00e9gekben vagy belt\u00e9ri k\u00f6rnyezetben a kipufog\u00f3g\u00e1zokat t\u00f6ml\u0151k\u00f6n vagy cs\u00f6veken kereszt\u00fcl kell a k\u00fcls\u0151 t\u00e9rbe vezetni.<\/p>"}],"add_def_tab":[{"tab_title":"M\u0171szaki adatok","tab_content":"<table width=\"100%\">\r\n  <tbody>\r\n    <tr>\r\n      <td style=\"text-align: center;\" width=\"328\"><strong>Param\u00e9terek<\/strong><\/td>\r\n      <td style=\"text-align: center;\" width=\"329\"><strong>\u00c9rt\u00e9k<\/strong><\/td>\r\n    <\/tr>\r\n    <tr>\r\n      <td width=\"328\">Kapacit\u00e1s, m<sup>3<\/sup>\/\u00f3ra \/ gallon\/\u00f3ra:<\/td>\r\n      <td width=\"329\"><\/td>\r\n    <\/tr>\r\n    <tr>\r\n      <td width=\"328\">\r\n        <ul>\r\n          <li>g\u00e1ztalan\u00edt\u00e1s, nitrog\u00e9nez\u00e9s, sz\u00e1r\u00edt\u00e1s \u00e9s sz\u0171r\u00e9s \u00fczemm\u00f3d<\/li>\r\n        <\/ul>\r\n      <\/td>\r\n      <td style=\"text-align: center;\" width=\"329\">4\/1059,0<\/td>\r\n    <\/tr>\r\n    <tr>\r\n      <td width=\"328\">\r\n        <ul>\r\n          <li>f\u0171t\u00e9si \u00e9s sz\u0171r\u00e9s \u00fczemm\u00f3d<\/li>\r\n        <\/ul>\r\n      <\/td>\r\n      <td style=\"text-align: center;\" width=\"329\">7\/1853,0<\/td>\r\n    <\/tr>\r\n    <tr>\r\n      <td width=\"328\">Kapacit\u00e1s be\u00e1ll\u00edt\u00e1si tartom\u00e1ny, m<sup>3<\/sup>\/\u00f3ra \/ gallon\/\u00f3ra:<\/td>\r\n      <td style=\"text-align: center;\" width=\"329\">0,5\u20134,0\/132\u20131059,0<\/td>\r\n    <\/tr>\r\n    <tr>\r\n      <td width=\"328\">Feldolgozott olaj param\u00e9terei*:<\/td>\r\n      <td width=\"329\"><\/td>\r\n    <\/tr>\r\n    <tr>\r\n      <td width=\"328\">\r\n        <ul>\r\n          <li>T\u00e9rfogati g\u00e1ztartalom, %, max<\/li>\r\n        <\/ul>\r\n      <\/td>\r\n      <td style=\"text-align: center;\" width=\"329\">0,1<\/td>\r\n    <\/tr>\r\n    <tr>\r\n      <td width=\"328\">\r\n        <ul>\r\n          <li>Nedvess\u00e9gtartalom t\u00f6megar\u00e1nyban, ppm, max<\/li>\r\n        <\/ul>\r\n      <\/td>\r\n      <td style=\"text-align: center;\" width=\"329\">10 ppm vagy 5 ppm vagy 5 ppm+ (opcion\u00e1lisan)<\/td>\r\n    <\/tr>\r\n    <tr>\r\n      <td width=\"328\">\r\n        <ul>\r\n          <li>ISO 4406 tisztas\u00e1gi oszt\u00e1ly<\/li>\r\n        <\/ul>\r\n      <\/td>\r\n      <td style=\"text-align: center;\" width=\"329\">16\/14\/12<\/td>\r\n    <\/tr>\r\n    <tr>\r\n      <td width=\"328\">\r\n        <ul>\r\n          <li>Sz\u0171r\u00e9s finoms\u00e1ga, mikron<\/li>\r\n        <\/ul>\r\n      <\/td>\r\n      <td style=\"text-align: center;\" width=\"329\">5<\/td>\r\n    <\/tr>\r\n    <tr>\r\n      <td width=\"328\">\r\n        <ul>\r\n          <li>Dielektromos szil\u00e1rds\u00e1g, kV, min<\/li>\r\n        <\/ul>\r\n      <\/td>\r\n      <td style=\"text-align: center;\" width=\"329\">70<\/td>\r\n    <\/tr>\r\n    <tr>\r\n      <td width=\"328\">Olaj h\u0151m\u00e9rs\u00e9klete f\u0171t\u00e9si \u00fczemm\u00f3dban, \u00ba\u0421\/ \u00baF<\/td>\r\n      <td style=\"text-align: center;\" width=\"329\">90\/194<\/td>\r\n    <\/tr>\r\n    <tr>\r\n      <td width=\"328\">Sz\u0171r\u00e9si ar\u00e1ny<\/td>\r\n      <td style=\"text-align: center;\" width=\"329\">\u226550<\/td>\r\n    <\/tr>\r\n    <tr>\r\n      <td width=\"328\">Kimeneti nyom\u00e1s, MPa<\/td>\r\n      <td style=\"text-align: center;\" width=\"329\">0,2<\/td>\r\n    <\/tr>\r\n    <tr>\r\n      <td width=\"328\">Olaj kil\u00e9p\u00e9si fej, m\u00e9ter\/yarda<\/td>\r\n      <td style=\"text-align: center;\" width=\"329\">20\/22<\/td>\r\n    <\/tr>\r\n    <tr>\r\n      <td width=\"328\">Olajf\u0171t\u0151 teljes\u00edtm\u00e9ny, kW<\/td>\r\n      <td style=\"text-align: center;\" width=\"329\">50<\/td>\r\n    <\/tr>\r\n    <tr>\r\n      <td width=\"328\">Olajf\u0171t\u0151 \u00e1tlagos fel\u00fcleti teljes\u00edtm\u00e9nye, W\/cm\u00b2, max<\/td>\r\n      <td style=\"text-align: center;\" width=\"329\">1,15<\/td>\r\n    <\/tr>\r\n    <tr>\r\n      <td width=\"328\">Maxim\u00e1lis energiafogyaszt\u00e1s, kW<\/td>\r\n      <td style=\"text-align: center;\" width=\"329\">65<\/td>\r\n    <\/tr>\r\n    <tr>\r\n      <td width=\"328\">Villamos \u00e1ram<\/td>\r\n      <td width=\"329\"><\/td>\r\n    <\/tr>\r\n    <tr>\r\n      <td width=\"328\">\r\n        <ul>\r\n          <li>Fesz\u00fclts\u00e9g, V<\/li>\r\n        <\/ul>\r\n      <\/td>\r\n      <td style=\"text-align: center;\" width=\"329\">400<\/td>\r\n    <\/tr>\r\n    <tr>\r\n      <td width=\"328\">\r\n        <ul>\r\n          <li>V\u00e1ltakoz\u00f3 \u00e1ram frekvenci\u00e1ja, Hz**<\/li>\r\n        <\/ul>\r\n      <\/td>\r\n      <td style=\"text-align: center;\" width=\"329\">50\/60<\/td>\r\n    <\/tr>\r\n    <tr>\r\n      <td width=\"328\">M\u00e9retek, mm (p\u00f3tkocsi n\u00e9lk\u00fcl \/ p\u00f3tkocsival)<\/td>\r\n      <td width=\"329\"><\/td>\r\n    <\/tr>\r\n    <tr>\r\n      <td width=\"328\">\r\n        <ul>\r\n          <li>hossz<\/li>\r\n        <\/ul>\r\n      <\/td>\r\n      <td style=\"text-align: center;\" width=\"329\">2600\/3750<\/td>\r\n    <\/tr>\r\n    <tr>\r\n      <td width=\"328\">\r\n        <ul>\r\n          <li>magass\u00e1g<\/li>\r\n        <\/ul>\r\n      <\/td>\r\n      <td style=\"text-align: center;\" width=\"329\">1250\/1840<\/td>\r\n    <\/tr>\r\n    <tr>\r\n      <td width=\"328\">\r\n        <ul>\r\n          <li>sz\u00e9less\u00e9g<\/li>\r\n        <\/ul>\r\n      <\/td>\r\n      <td style=\"text-align: center;\" width=\"329\">1500\/1940<\/td>\r\n    <\/tr>\r\n    <tr>\r\n      <td width=\"328\">T\u00f6meg, kg (p\u00f3tkocsi n\u00e9lk\u00fcl \/ p\u00f3tkocsival)<\/td>\r\n      <td style=\"text-align: center;\" width=\"329\">1000\/1400<\/td>\r\n    <\/tr>\r\n  <\/tbody>\r\n<\/table>\r\n<b><i>Megjegyz\u00e9s<\/i><\/b><b>:<\/b> * kezdeti olaj param\u00e9terek:\r\n<ul>\r\n  <li>t\u00e9rfogati g\u00e1ztartalom \u2013 10,5% alatt;<\/li>\r\n  <li>nedvess\u00e9gtartalom t\u00f6megar\u00e1nyban \u2013 0,05% alatt (50 g\/t);<\/li>\r\n  <li>h\u0151m\u00e9rs\u00e9klet \u2013 0 \u00ba\u0421\/ 32 \u00baF felett.<\/li>\r\n<\/ul>\r\n<p>**Minden, az USA-ban \u00e9rt\u00e9kes\u00edtett berendez\u00e9s 60 Hz-es v\u00e1ltakoz\u00f3 \u00e1ramra van tervezve.<\/p>\r\n<p>Mobil olaj\u00fczem - GlobeCore<\/p>\r\n&nbsp;"},{"tab_title":"El\u0151ny\u00f6k","tab_content":"<ul>\r\n \t<li style=\"text-align: justify;\">nincs sz\u00fcks\u00e9g adszorbensek haszn\u00e1lat\u00e1ra a transzform\u00e1torolaj dehidrat\u00e1l\u00e1s\u00e1hoz;<\/li>\r\n \t<li style=\"text-align: justify;\">a berendez\u00e9s \u00fczemeltet\u00e9se nem okoz l\u00e9gszennyez\u00e9st vagy olyan hullad\u00e9kot, amely t\u00e1rol\u00e1st vagy \u00e1rtalmatlan\u00edt\u00e1st ig\u00e9nyel;<\/li>\r\n \t<li style=\"text-align: justify;\">egyszer\u0171 \u00fczemeltet\u00e9s \u00e9s karbantart\u00e1s;<\/li>\r\n \t<li style=\"text-align: justify;\">a legmagasabb olajspecifik\u00e1ci\u00f3k m\u00e1r egyetlen kezel\u00e9si ciklus ut\u00e1n is;<\/li>\r\n \t<li style=\"text-align: justify;\">alacsony energiafogyaszt\u00e1s;<\/li>\r\n \t<li style=\"text-align: justify;\">alacsony zajszint;<\/li>\r\n \t<li style=\"text-align: justify;\">a berendez\u00e9s k\u00f6nnyen elhelyezhet\u0151 egy p\u00f3tkocsira, \u00e9s helysz\u00ednen haszn\u00e1lhat\u00f3.<\/li>\r\n<\/ul>"},{"tab_title":"Alkalmaz\u00e1s","tab_content":"<p style=\"text-align: justify;\"><strong>A CMM-4\/7 berendez\u00e9s a k\u00f6vetkez\u0151kre haszn\u00e1lhat\u00f3:<\/strong><\/p>\r\n\r\n<ul>\r\n \t<li style=\"text-align: justify;\"><a href=\"https:\/\/globecore.dev\/publications\/oil-purification-process\/\">Transzform\u00e1torolaj tiszt\u00edt\u00e1sa<\/a>;<\/li>\r\n \t<li style=\"text-align: justify;\"><a href=\"https:\/\/globecore.dev\/publications\/electric-train-traction-transformer-oil-purification\/\">Villamos vonat von\u00f3transzform\u00e1tor\u00e1nak olajtiszt\u00edt\u00e1sa<\/a>;<\/li>\r\n \t<li style=\"text-align: justify;\"><a href=\"https:\/\/globecore.dev\/publications\/bv-transformer-evacuation-system\/\">Transzform\u00e1tor evaku\u00e1l\u00e1sa<\/a>;<\/li>\r\n \t<li style=\"text-align: justify;\"><a href=\"https:\/\/globecore.dev\/publications\/silicone-oil-purification\/\">Szilikonolaj tiszt\u00edt\u00e1sa<\/a>;<\/li>\r\n \t<li style=\"text-align: justify;\"><a href=\"https:\/\/globecore.dev\/publications\/midel-7131-transformer-oil-purification\/\">Midel 7131 dielektromos folyad\u00e9k tiszt\u00edt\u00e1sa<\/a>;<\/li>\r\n \t<li style=\"text-align: justify;\"><a href=\"https:\/\/globecore.dev\/publications\/fr3-natural-ester-transformer-fluid-purification\/\">FR3 term\u00e9szetes \u00e9szter alap\u00fa transzform\u00e1torfolyad\u00e9k tiszt\u00edt\u00e1sa<\/a>;<\/li>\r\n \t<li style=\"text-align: justify;\"><a href=\"https:\/\/globecore.dev\/publications\/purification-of-transformer-oil-in-x-ray-machines-with-the-cmm-0-4-unit\/\">R\u00f6ntgeng\u00e9pek olaj\u00e1nak tiszt\u00edt\u00e1sa<\/a>;<\/li>\r\n \t<li style=\"text-align: justify;\"><a href=\"https:\/\/globecore.dev\/degassing-thermal-vacuum-drying-oil\/wind-farms-step-up-transformers-oil-degassing-machine-cmm-4-7\/\">Sz\u00e9lparkok l\u00e9ptet\u0151 transzform\u00e1torainak olajg\u00e1ztalan\u00edt\u00e1sa<\/a>;<\/li>\r\n \t<li style=\"text-align: justify;\"><a href=\"https:\/\/globecore.dev\/publications\/fyrquel-special-aspects-of-usage-and-treatment\/\">Fyrquel t\u0171z\u00e1ll\u00f3 turbinaolaj tiszt\u00edt\u00e1sa<\/a>.<\/li>\r\n<\/ul>"},{"tab_title":"Konfigur\u00e1tor","tab_content":"[ezfc id='121' \/]"},{"tab_title":"Webin\u00e1riumok","tab_content":"https:\/\/www.youtube.com\/live\/7GjIDRRJ754"},{"tab_title":"Visszafizet\u00e9si id\u0151szak","tab_content":"[ezfc id='88' \/]"}],"add_video_tab":[{"video_tab_title":"Vide\u00f3","add_video_id":[{"video_id":"iq437v6Z14o"},{"video_id":"LuP6zvjDr4k"}]}],"add_gallery_tab":[{"gallery_tab_title":"Gal\u00e9ria","add_img":[58290,60033,60084,39333,11137,11140,11158,9626,9625,35963]}],"add_price_tab":[{"price_tab_title":"Configurator"}]},"language":"hu","_links":{"self":[{"href":"https:\/\/globecore.dev\/hu\/wp-json\/wp\/v2\/pages\/298575","targetHints":{"allow":["GET"]}}],"collection":[{"href":"https:\/\/globecore.dev\/hu\/wp-json\/wp\/v2\/pages"}],"about":[{"href":"https:\/\/globecore.dev\/hu\/wp-json\/wp\/v2\/types\/page"}],"author":[{"embeddable":true,"href":"https:\/\/globecore.dev\/hu\/wp-json\/wp\/v2\/users\/7"}],"replies":[{"embeddable":true,"href":"https:\/\/globecore.dev\/hu\/wp-json\/wp\/v2\/comments?post=298575"}],"version-history":[{"count":0,"href":"https:\/\/globecore.dev\/hu\/wp-json\/wp\/v2\/pages\/298575\/revisions"}],"up":[{"embeddable":true,"href":"https:\/\/globecore.dev\/hu\/wp-json\/wp\/v2\/pages\/298476"}],"wp:featuredmedia":[{"embeddable":true,"href":"https:\/\/globecore.dev\/hu\/wp-json\/wp\/v2\/media\/298579"}],"wp:attachment":[{"href":"https:\/\/globecore.dev\/hu\/wp-json\/wp\/v2\/media?parent=298575"}],"wp:term":[{"taxonomy":"category","embeddable":true,"href":"https:\/\/globecore.dev\/hu\/wp-json\/wp\/v2\/categories?post=298575"}],"curies":[{"name":"wp","href":"https:\/\/api.w.org\/{rel}","templated":true}]}}