{"id":298574,"date":"2024-05-24T07:04:52","date_gmt":"2024-05-24T07:04:52","guid":{"rendered":"https:\/\/globecore.dev\/products\/degassing-thermal-vacuum-drying-oil\/industrial-oil-purification-unit-cmm-6lt\/"},"modified":"2025-02-25T13:36:22","modified_gmt":"2025-02-25T13:36:22","slug":"industrial-oil-purification-unit-cmm-6lt","status":"publish","type":"page","link":"https:\/\/globecore.dev\/hu\/products\/degassing-thermal-vacuum-drying-oil\/industrial-oil-purification-unit-cmm-6lt\/","title":{"rendered":"CMM-6LT ipari olajtiszt\u00edt\u00f3 egys\u00e9g"},"content":{"rendered":"","protected":false},"excerpt":{"rendered":"","protected":false},"author":7,"featured_media":298576,"parent":298476,"menu_order":0,"comment_status":"closed","ping_status":"closed","template":"templates\/single-product.php","meta":{"_acf_changed":false,"_bbp_topic_count":0,"_bbp_reply_count":0,"_bbp_total_topic_count":0,"_bbp_total_reply_count":0,"_bbp_voice_count":0,"_bbp_anonymous_reply_count":0,"_bbp_topic_count_hidden":0,"_bbp_reply_count_hidden":0,"_bbp_forum_subforum_count":0,"footnotes":""},"categories":[2177,2173],"class_list":["post-298574","page","type-page","status-publish","has-post-thumbnail","hentry","category-zeolite-oil-drying-units-hu","category-oil-filtration-pumping-hu"],"acf":{"add_tab":[{"tab_title":"Le\u00edr\u00e1s","tab_content":"A CMM-6LT mobil olaj\u00e1llom\u00e1s a g\u00e1zturbina- \u00e9s g\u00e1zkompresszor-egys\u00e9gek, g\u00e1zmotor-kompresszorok, valamint transzform\u00e1torok ken\u00e9si rendszereiben, t\u00f6m\u00edt\u0151rendszereiben, hidraulikus vez\u00e9rl\u0151rendszereiben haszn\u00e1lt olajok termov\u00e1kuumos sz\u00e1r\u00edt\u00e1s\u00e1ra, sz\u0171r\u00e9s\u00e9re \u00e9s mechanikai szennyez\u0151d\u00e9sekt\u0151l \u00e9s v\u00edzt\u0151l val\u00f3 tiszt\u00edt\u00e1s\u00e1ra szolg\u00e1l az \u00fczemeltet\u00e9s \u00e9s karbantart\u00e1s sor\u00e1n.\r\n\r\nA k\u00e9sz\u00fcl\u00e9k haszn\u00e1lhat\u00f3 a szennyezett olajok v\u00edzt\u0151l, szabad \u00e9s oldott g\u00e1zokt\u00f3l val\u00f3 tiszt\u00edt\u00e1s\u00e1ra, az olajjal t\u00f6lt\u00f6tt elektromos k\u00e9sz\u00fcl\u00e9kek meleg transzform\u00e1torolajjal val\u00f3 f\u0171t\u00e9s\u00e9re \u00e9s sz\u00e1r\u00edt\u00e1s\u00e1ra, termov\u00e1kuumos sz\u00e1r\u00edt\u00e1si m\u00f3dszerrel. Ezenk\u00edv\u00fcl nagy hat\u00e9konys\u00e1g\u00fa sz\u0171r\u0151elemek seg\u00edts\u00e9g\u00e9vel elt\u00e1vol\u00edthatja a mechanikai szennyez\u0151d\u00e9seket. A k\u00e9sz\u00fcl\u00e9ket az olajfeldolgoz\u00e1ssal \u00e9s -tiszt\u00edt\u00e1ssal foglalkoz\u00f3 szerel\u0151, jav\u00edt\u00f3 \u00e9s \u00fczemeltet\u0151 szervezetekn\u00e9l alkalmazz\u00e1k.\r\n\r\nAz egys\u00e9g a k\u00f6vetkez\u0151 tulajdons\u00e1gokkal rendelkez\u0151 \u00e1sv\u00e1nyi transzform\u00e1torolajokat k\u00e9pes feldolgozni:\r\n\r\nkinematikai viszkozit\u00e1s 50 \u00b0C-on - 2...12 mm2\/s;\r\naz olaj t\u00f6megnedvess\u00e9gtartalma - legfeljebb 100 ppm;\r\ns\u0171r\u0171s\u00e9g 20 \u00b0C-on - 800...950 kg\/m3;\r\nipari tisztas\u00e1gi oszt\u00e1ly az ISO 4406 szerint - nem rosszabb -\/19\/16."}],"add_def_tab":[{"tab_title":"M\u0171szaki adatok","tab_content":"<table>\r\n<tbody>\r\n<tr>\r\n<td>\r\n<p style=\"text-align: center;\"><strong>\u2116<\/strong><\/p>\r\n<\/td>\r\n<td style=\"text-align: center;\"><strong>Specifik\u00e1ci\u00f3<\/strong><\/td>\r\n<td>\r\n<p style=\"text-align: center;\"><strong>\u00c9rt\u00e9k<\/strong><\/p>\r\n<\/td>\r\n<\/tr>\r\n<tr>\r\n<td><span style=\"font-weight: 400;\">1<\/span><\/td>\r\n<td><span style=\"font-weight: 400;\">Feldolgoz\u00e1si teljes\u00edtm\u00e9ny, m<sup>3<\/sup>\/\u00f3ra, legal\u00e1bb<\/span>\r\n<ul>\r\n \t<li style=\"font-weight: 400;\" aria-level=\"1\"><span style=\"font-weight: 400;\">sz\u0171r\u00e9si \u00fczemm\u00f3dban<\/span><\/li>\r\n<\/ul>\r\n<ul>\r\n \t<li style=\"font-weight: 400;\" aria-level=\"1\"><span style=\"font-weight: 400;\">h\u0151alap\u00fa v\u00e1kuumos sz\u00e1r\u00edt\u00e1si \u00fczemm\u00f3dban<\/span><\/li>\r\n<\/ul>\r\n<\/td>\r\n<td>\r\n<p style=\"text-align: center;\"><span style=\"font-weight: 400;\">6,0<\/span><\/p>\r\n<p style=\"text-align: center;\"><span style=\"font-weight: 400;\">4,0\u20136,0<\/span><\/p>\r\n<\/td>\r\n<\/tr>\r\n<tr>\r\n<td><span style=\"font-weight: 400;\">2*<\/span><\/td>\r\n<td><span style=\"font-weight: 400;\">Feldolgozott olaj param\u00e9terei (t\u00f6bbsz\u00f6ri \u00e1thalad\u00e1s ut\u00e1n):<\/span>\r\n\r\n<span style=\"font-weight: 400;\">\u00a0\u00a0\u00a0\u00a0\u00a0\u00a0\u2013 \u00f6sszes g\u00e1ztartalom, % \u2013 legfeljebb<\/span>\r\n\r\n<span style=\"font-weight: 400;\">\u00a0\u00a0\u00a0\u00a0\u00a0\u00a0\u2013 olaj nedvess\u00e9gtartalma, ppm \u2013 legfeljebb<\/span>\r\n\r\n<span style=\"font-weight: 400;\">\u00a0\u00a0\u00a0\u00a0\u00a0\u00a0\u2013 ipari tisztas\u00e1gi oszt\u00e1ly ISO 4406 szerint<\/span><\/td>\r\n<td>\r\n<p style=\"text-align: center;\"><span style=\"font-weight: 400;\">1,5<\/span><\/p>\r\n<p style=\"text-align: center;\"><span style=\"font-weight: 400;\">10 ppm vagy 5 ppm vagy 5 ppm+ (opcion\u00e1lisan)<\/span><\/p>\r\n<p style=\"text-align: center;\"><span style=\"font-weight: 400;\">-\/14\/12<\/span><\/p>\r\n<\/td>\r\n<\/tr>\r\n<tr>\r\n<td><span style=\"font-weight: 400;\">3<\/span><\/td>\r\n<td><span style=\"font-weight: 400;\">Maxim\u00e1lis olajh\u0151m\u00e9rs\u00e9klet a kimeneten, \u00baC<\/span><\/td>\r\n<td>\r\n<p style=\"text-align: center;\"><span style=\"font-weight: 400;\">55\u201360<\/span><\/p>\r\n<\/td>\r\n<\/tr>\r\n<tr>\r\n<td><span style=\"font-weight: 400;\">4<\/span><\/td>\r\n<td><span style=\"font-weight: 400;\">Kimeneti nyom\u00e1s, bar<\/span><\/td>\r\n<td>\r\n<p style=\"text-align: center;\"><span style=\"font-weight: 400;\">3<\/span><\/p>\r\n<\/td>\r\n<\/tr>\r\n<tr>\r\n<td><span style=\"font-weight: 400;\">5<\/span><\/td>\r\n<td><span style=\"font-weight: 400;\">Olajf\u0171t\u0151 teljes\u00edtm\u00e9ny, kW, legfeljebb<\/span><\/td>\r\n<td>\r\n<p style=\"text-align: center;\"><span style=\"font-weight: 400;\">42<\/span><\/p>\r\n<\/td>\r\n<\/tr>\r\n<tr>\r\n<td><span style=\"font-weight: 400;\">6<\/span><\/td>\r\n<td><span style=\"font-weight: 400;\">Maxim\u00e1lis energiafogyaszt\u00e1s, kW, legfeljebb<\/span><\/td>\r\n<td>\r\n<p style=\"text-align: center;\"><span style=\"font-weight: 400;\">50<\/span><\/p>\r\n<\/td>\r\n<\/tr>\r\n<tr>\r\n<td><span style=\"font-weight: 400;\">7<\/span><\/td>\r\n<td><span style=\"font-weight: 400;\">Villamos \u00e1ram param\u00e9terei<\/span>\r\n\r\n<span style=\"font-weight: 400;\">Fesz\u00fclts\u00e9g, V<\/span>\r\n\r\n<span style=\"font-weight: 400;\">Frekvencia, Hz<\/span>\r\n\r\n<span style=\"font-weight: 400;\">F\u00e1zisok sz\u00e1ma<\/span><\/td>\r\n<td>\r\n<p style=\"text-align: center;\"><span style=\"font-weight: 400;\">380<\/span><\/p>\r\n<p style=\"text-align: center;\"><span style=\"font-weight: 400;\">50<\/span><\/p>\r\n<p style=\"text-align: center;\"><span style=\"font-weight: 400;\">3<\/span><\/p>\r\n<\/td>\r\n<\/tr>\r\n<tr>\r\n<td><span style=\"font-weight: 400;\">8<\/span><\/td>\r\n<td><span style=\"font-weight: 400;\">K\u00fcls\u0151 m\u00e9retek, mm, legfeljebb<\/span>\r\n\r\n<span style=\"font-weight: 400;\">\u2013 hossz<\/span>\r\n\r\n<span style=\"font-weight: 400;\">\u2013 sz\u00e9less\u00e9g<\/span>\r\n\r\n<span style=\"font-weight: 400;\">\u2013 magass\u00e1g<\/span><\/td>\r\n<td>\r\n<p style=\"text-align: center;\"><span style=\"font-weight: 400;\">1100<\/span>\r\n\r\n<span style=\"font-weight: 400;\">780<\/span>\r\n\r\n<span style=\"font-weight: 400;\">1470<\/span><\/p>\r\n<\/td>\r\n<\/tr>\r\n<tr>\r\n<td><span style=\"font-weight: 400;\">9<\/span><\/td>\r\n<td><span style=\"font-weight: 400;\">T\u00f6meg, kg, legfeljebb<\/span><\/td>\r\n<td>\r\n<p style=\"text-align: center;\"><span style=\"font-weight: 400;\">475<\/span><\/p>\r\n<\/td>\r\n<\/tr>\r\n<\/tbody>\r\n<\/table>\r\n<p style=\"text-align: justify;\"><span style=\"font-weight: 400;\"><strong>Megjegyz\u00e9s:<\/strong> * kezdeti olaj param\u00e9terek:<\/span><\/p>\r\n\r\n<ul>\r\n \t<li style=\"text-align: justify;\"><span style=\"font-weight: 400;\">T\u00e9rfogati g\u00e1ztartalom \u2013 10,5% alatt;<\/span><\/li>\r\n \t<li style=\"text-align: justify;\"><span style=\"font-weight: 400;\">Nedvess\u00e9gtartalom t\u00f6megar\u00e1nyban \u2013 0,01% alatt (100 g\/t);<\/span><\/li>\r\n \t<li style=\"text-align: justify;\"><span style=\"font-weight: 400;\">H\u0151m\u00e9rs\u00e9klet \u2013 0 \u00baC felett.<\/span><\/li>\r\n<\/ul>\r\n<p style=\"text-align: justify;\"><span style=\"font-weight: 400;\">Az olaj t\u00f6bbsz\u00f6ri \u00e1thalad\u00e1sa ut\u00e1n a berendez\u00e9sen kereszt\u00fcl.<\/span><\/p>"},{"tab_title":"El\u0151ny\u00f6k","tab_content":"<ul>\r\n \t<li style=\"font-weight: 400; text-align: justify;\" aria-level=\"1\"><span style=\"font-weight: 400;\">kompakts\u00e1g;<\/span><\/li>\r\n \t<li style=\"font-weight: 400; text-align: justify;\" aria-level=\"1\"><span style=\"font-weight: 400;\">olajmeleg\u00edt\u00e9si k\u00e9pess\u00e9g;<\/span><\/li>\r\n \t<li style=\"font-weight: 400; text-align: justify;\" aria-level=\"1\"><span style=\"font-weight: 400;\">magas sz\u0171r\u00e9si hat\u00e9konys\u00e1g;<\/span><\/li>\r\n \t<li style=\"font-weight: 400; text-align: justify;\" aria-level=\"1\"><span style=\"font-weight: 400;\">magas man\u0151verezhet\u0151s\u00e9g;<\/span><\/li>\r\n \t<li style=\"font-weight: 400; text-align: justify;\" aria-level=\"1\"><span style=\"font-weight: 400;\">v\u00e9delem az olaj t\u00falmeleged\u00e9se ellen;<\/span><\/li>\r\n \t<li style=\"font-weight: 400; text-align: justify;\" aria-level=\"1\"><span style=\"font-weight: 400;\">olaj sz\u00e1r\u00edt\u00e1sa.<\/span><\/li>\r\n<\/ul>"},{"tab_title":"Alkalmaz\u00e1s","tab_content":"<strong>A CMM-6LT berendez\u00e9s a k\u00f6vetkez\u0151kre haszn\u00e1lhat\u00f3:<\/strong>\r\n<ul>\r\n \t<li><a href=\"https:\/\/globecore.dev\/oil-filtration-pumping\/transformer-oil-filtration-machine-cmm-40f\/\">Transzform\u00e1torolaj sz\u0171r\u00e9se<\/a>;<\/li>\r\n \t<li><a href=\"https:\/\/globecore.dev\/publications\/bv-transformer-evacuation-system\/\">Transzform\u00e1tor evaku\u00e1l\u00e1sa<\/a>;<\/li>\r\n \t<li><a href=\"https:\/\/globecore.dev\/publications\/hydraulic-oil-purification\/\">Hidraulikaolaj tiszt\u00edt\u00e1sa<\/a>;<\/li>\r\n \t<li><a href=\"https:\/\/globecore.dev\/publications\/silicone-oil-purification\/\">Szilikonolaj tiszt\u00edt\u00e1sa<\/a>;<\/li>\r\n \t<li><a href=\"https:\/\/globecore.dev\/publications\/midel-7131-transformer-oil-purification\/\">Midel 7131 dielektromos folyad\u00e9k tiszt\u00edt\u00e1sa<\/a>;<\/li>\r\n \t<li><a href=\"https:\/\/globecore.dev\/publications\/fr3-natural-ester-transformer-fluid-purification\/\">FR3 term\u00e9szetes \u00e9szter alap\u00fa transzform\u00e1torfolyad\u00e9k tiszt\u00edt\u00e1sa<\/a>;<\/li>\r\n \t<li><a href=\"https:\/\/globecore.dev\/publications\/purification-of-transformer-oil-in-x-ray-machines-with-the-cmm-0-4-unit\/\">R\u00f6ntgeng\u00e9pek olaj\u00e1nak tiszt\u00edt\u00e1sa<\/a>;<\/li>\r\n \t<li><a href=\"https:\/\/globecore.dev\/publications\/fyrquel-special-aspects-of-usage-and-treatment\/\">Fyrquel t\u0171z\u00e1ll\u00f3 turbinaolaj tiszt\u00edt\u00e1sa<\/a>.<\/li>\r\n<\/ul>"},{"tab_title":"Konfigur\u00e1tor","tab_content":"[ezfc id='120' \/]"}],"add_video_tab":[{"video_tab_title":"Video","add_video_id":[{"video_id":"qywod7q6RPc"}]}],"add_gallery_tab":null,"add_price_tab":null},"language":"hu","_links":{"self":[{"href":"https:\/\/globecore.dev\/hu\/wp-json\/wp\/v2\/pages\/298574","targetHints":{"allow":["GET"]}}],"collection":[{"href":"https:\/\/globecore.dev\/hu\/wp-json\/wp\/v2\/pages"}],"about":[{"href":"https:\/\/globecore.dev\/hu\/wp-json\/wp\/v2\/types\/page"}],"author":[{"embeddable":true,"href":"https:\/\/globecore.dev\/hu\/wp-json\/wp\/v2\/users\/7"}],"replies":[{"embeddable":true,"href":"https:\/\/globecore.dev\/hu\/wp-json\/wp\/v2\/comments?post=298574"}],"version-history":[{"count":0,"href":"https:\/\/globecore.dev\/hu\/wp-json\/wp\/v2\/pages\/298574\/revisions"}],"up":[{"embeddable":true,"href":"https:\/\/globecore.dev\/hu\/wp-json\/wp\/v2\/pages\/298476"}],"wp:featuredmedia":[{"embeddable":true,"href":"https:\/\/globecore.dev\/hu\/wp-json\/wp\/v2\/media\/298576"}],"wp:attachment":[{"href":"https:\/\/globecore.dev\/hu\/wp-json\/wp\/v2\/media?parent=298574"}],"wp:term":[{"taxonomy":"category","embeddable":true,"href":"https:\/\/globecore.dev\/hu\/wp-json\/wp\/v2\/categories?post=298574"}],"curies":[{"name":"wp","href":"https:\/\/api.w.org\/{rel}","templated":true}]}}