{"id":298570,"date":"2018-07-30T07:12:07","date_gmt":"2018-07-30T07:12:07","guid":{"rendered":"https:\/\/globecore.dev\/products\/degassing-thermal-vacuum-drying-oil\/cmm-6-7-degassing-unit\/"},"modified":"2025-03-31T08:32:51","modified_gmt":"2025-03-31T08:32:51","slug":"cmm-6-7-degassing-unit","status":"publish","type":"page","link":"https:\/\/globecore.dev\/hu\/products\/degassing-thermal-vacuum-drying-oil\/cmm-6-7-degassing-unit\/","title":{"rendered":"CMM-6\/7 G\u00e1zmentes\u00edt\u0151 egys\u00e9g"},"content":{"rendered":"","protected":false},"excerpt":{"rendered":"<p>The processing capacity of the machine is 3000 to 7000 liters per hour and depends on the selected mode of operation.<\/p>\n","protected":false},"author":7,"featured_media":298573,"parent":298476,"menu_order":0,"comment_status":"closed","ping_status":"closed","template":"templates\/single-product.php","meta":{"_acf_changed":false,"_bbp_topic_count":0,"_bbp_reply_count":0,"_bbp_total_topic_count":0,"_bbp_total_reply_count":0,"_bbp_voice_count":0,"_bbp_anonymous_reply_count":0,"_bbp_topic_count_hidden":0,"_bbp_reply_count_hidden":0,"_bbp_forum_subforum_count":0,"footnotes":""},"categories":[2177,2173],"class_list":["post-298570","page","type-page","status-publish","has-post-thumbnail","hentry","category-zeolite-oil-drying-units-hu","category-oil-filtration-pumping-hu"],"acf":{"add_tab":[{"tab_title":"Le\u00edr\u00e1s","tab_content":"<h2>A CMM-6\/7 berendez\u00e9s alkalmaz\u00e1si ter\u00fcletei<\/h2>\r\n<p style=\"text-align: justify;\">A CMM-6\/7 berendez\u00e9st az al\u00e1bbi c\u00e9lokra haszn\u00e1lj\u00e1k:<\/p>\r\n\r\n<ul style=\"text-align: justify;\">\r\n \t<li>Az elektromos berendez\u00e9sekben (transzform\u00e1torok, OLTC, \u00e1tvezet\u0151 szigetel\u0151k, nagyfesz\u00fclts\u00e9g\u0171 kapcsol\u00f3k stb.) szigetel\u0151 vagy h\u0171t\u0151 k\u00f6zegk\u00e9nt haszn\u00e1lt olaj meleg\u00edt\u00e9se, szivatty\u00faz\u00e1sa \u00e9s kezel\u00e9se. A kezel\u00e9s mag\u00e1ban foglalja a szil\u00e1rd szennyez\u0151d\u00e9sek, a g\u00e1zok \u00e9s a v\u00edz elt\u00e1vol\u00edt\u00e1s\u00e1t az olajb\u00f3l.<\/li>\r\n \t<li>A transzform\u00e1tortart\u00e1lyok leveg\u0151- \u00e9s g\u00e1zmentes\u00edt\u00e9se, ha p\u00e9ld\u00e1ul jav\u00edt\u00e1s vagy karbantart\u00e1s k\u00f6zben g\u00e1z ker\u00fcl a transzform\u00e1torba.<\/li>\r\n<\/ul>\r\n<p style=\"text-align: justify;\">A berendez\u00e9s feldolgoz\u00e1si teljes\u00edtm\u00e9nye 3000 \u00e9s 7000 liter\/\u00f3ra k\u00f6z\u00f6tt v\u00e1ltozik, ami az \u00e9ppen kiv\u00e1lasztott \u00fczemm\u00f3dt\u00f3l f\u00fcgg.<\/p>\r\n\r\n<h2>A berendez\u00e9s fel\u00e9p\u00edt\u00e9se<\/h2>\r\n<p style=\"text-align: justify;\">A CMM-6\/7 egy kont\u00e9nerbe van be\u00e9p\u00edtve. A kont\u00e9nerben tal\u00e1lhat\u00f3 a g\u00e9p minden f\u0151 egys\u00e9ge:<\/p>\r\n\r\n<ul style=\"text-align: justify;\">\r\n \t<li>egy hengeres kamra, amelyb\u0151l a leveg\u0151t elt\u00e1vol\u00edtj\u00e1k a nyom\u00e1s cs\u00f6kkent\u00e9se \u00e9s a v\u00e1kuum l\u00e9trehoz\u00e1sa \u00e9rdek\u00e9ben;<\/li>\r\n \t<li>a v\u00e1kuumkamr\u00e1b\u00f3l a leveg\u0151t elt\u00e1vol\u00edt\u00f3 egys\u00e9gek (booster- \u00e9s seg\u00e9dv\u00e1kuum-szivatty\u00fak);<\/li>\r\n \t<li>olajszivatty\u00fak;<\/li>\r\n \t<li>olajmeleg\u00edt\u0151 egys\u00e9g;<\/li>\r\n \t<li>a szil\u00e1rd szennyez\u0151d\u00e9sek elt\u00e1vol\u00edt\u00e1s\u00e1ra szolg\u00e1l\u00f3 egys\u00e9gek (durva- \u00e9s finomsz\u0171r\u0151k);<\/li>\r\n \t<li>vez\u00e9rl\u0151rendszer (vez\u00e9rl\u0151gombok \u00e9s jelz\u0151l\u00e1mp\u00e1k).<\/li>\r\n<\/ul>\r\n<h2>A berendez\u00e9s m\u0171k\u00f6d\u00e9se<\/h2>\r\n<p style=\"text-align: justify;\">A CMM-6\/7 berendez\u00e9s t\u00f6bbfunkci\u00f3s, vagyis t\u00f6bbf\u00e9le \u00fczemm\u00f3dot tud ell\u00e1tni.<\/p>\r\n<p style=\"text-align: justify;\">A legegyszer\u0171bb \u00fczemm\u00f3d az olaj szivatty\u00faz\u00e1sa. Ebben az \u00fczemm\u00f3dban csak a szivatty\u00fak \u00e9s a sz\u0171r\u0151k vesznek r\u00e9szt.<\/p>\r\n<p style=\"text-align: justify;\">A m\u00e1sodik \u00fczemm\u00f3d lehet\u0151v\u00e9 teszi az olaj meleg\u00edt\u00e9s\u00e9t \u00e9s a szil\u00e1rd szennyez\u0151d\u00e9sek elt\u00e1vol\u00edt\u00e1s\u00e1t. El\u0151sz\u00f6r a szivatty\u00fa az olajat a f\u0171t\u0151egys\u00e9gbe juttatja. Ezut\u00e1n az olaj \u00e1tmegy a sz\u0171r\u0151n. V\u00e9g\u00fcl a sz\u0171rt, meleg olaj a berendez\u00e9s kimenet\u00e9re ker\u00fcl.<\/p>\r\n<p style=\"text-align: justify;\">A g\u00e1ztalan\u00edt\u00e1si \u00fczemm\u00f3dban az olaj el\u0151sz\u00f6r a f\u0171t\u0151egys\u00e9gen halad \u00e1t, ahol 50-55\u00b0C-ra melegszik, majd a sz\u0171r\u0151szakaszba jut. Innen az olaj a f\u00e9m kamr\u00e1ba \u00e1ramlik, ahol a v\u00e1kuumszivatty\u00fak elt\u00e1vol\u00edtj\u00e1k a leveg\u0151t, \u00edgy alacsony lesz a nyom\u00e1s. A kamra egy speci\u00e1lis t\u00f6ltettel van ell\u00e1tva, amely megn\u00f6veli az olaj \u00e9rintkez\u00e9si fel\u00fclet\u00e9t. Az olaj a t\u00f6lteten kereszt\u00fcl lefolyva, a v\u00e1kuum \u00e9s a h\u0151 hat\u00e1s\u00e1ra vesz\u00edti el v\u00edz- \u00e9s g\u00e1ztartalm\u00e1t.<\/p>\r\n<p style=\"text-align: justify;\">A v\u00e1kuumoz\u00e1si \u00fczemm\u00f3dban a berendez\u00e9st egy t\u00f6ml\u0151 seg\u00edts\u00e9g\u00e9vel k\u00fcls\u0151 berendez\u00e9shez (p\u00e9ld\u00e1ul egy transzform\u00e1torhoz) csatlakoztatjuk, majd a v\u00e1kuumszivatty\u00fak elsz\u00edvj\u00e1k a leveg\u0151t ebb\u0151l a berendez\u00e9sb\u0151l.<\/p>\r\n\r\n<h2>Kezel\u0151i r\u00e9szv\u00e9tel<\/h2>\r\n<p style=\"text-align: justify;\">A CMM-6\/7 \u00fczemeltet\u00e9se sor\u00e1n a kezel\u0151i beavatkoz\u00e1s m\u00e9rt\u00e9ke att\u00f3l f\u00fcgg, hogy milyen szint\u0171 automatiz\u00e1l\u00e1st v\u00e1lasztottak a megrendel\u00e9skor (teljesen automatikus vagy r\u00e9szben automatiz\u00e1lt verzi\u00f3k is el\u00e9rhet\u0151k). \u00c1ltal\u00e1noss\u00e1gban a kezel\u0151 ind\u00edtja a g\u00e9pet \u00e9s kiv\u00e1lasztja a sz\u00fcks\u00e9ges \u00fczemm\u00f3dot.<\/p>\r\n<p style=\"text-align: justify;\">Az alapverzi\u00f3ban a kezel\u0151 k\u00e9zi szelepek seg\u00edts\u00e9g\u00e9vel \u00e1ll\u00edtja be \u00e9s szab\u00e1lyozza a feldolgoz\u00e1si sebess\u00e9get. A teljesen automatikus verzi\u00f3 eset\u00e9n a kezel\u0151 a vez\u00e9rl\u0151panelen adja meg a k\u00edv\u00e1nt feldolgoz\u00e1si sebess\u00e9get, melyet a rendszer automatikusan fenntart tov\u00e1bbi beavatkoz\u00e1s n\u00e9lk\u00fcl.<\/p>\r\n\r\n<h2>Biztons\u00e1g<\/h2>\r\n<p style=\"text-align: justify;\">A CMM-6\/7 biztons\u00e1gos m\u0171k\u00f6d\u00e9s\u00e9t az olajkezel\u00e9s fizikai param\u00e9tereinek fel\u00fcgyelete, valamint speci\u00e1lis v\u00e9delmi int\u00e9zked\u00e9sek garant\u00e1lj\u00e1k:<\/p>\r\n\r\n<ul style=\"text-align: justify;\">\r\n \t<li>elektromos v\u00e9delem t\u00fal\u00e1ram \u00e9s t\u00falterhel\u00e9s ellen;<\/li>\r\n \t<li>v\u00e9delem olajsziv\u00e1rg\u00e1s (p\u00e9ld\u00e1ul t\u00f6ml\u0151szakad\u00e1s) vagy az olaj t\u00falmeleged\u00e9se ellen;<\/li>\r\n \t<li>v\u00e9delem az esetleges vez\u00e9rl\u0151eszk\u00f6z-hib\u00e1k ellen;<\/li>\r\n \t<li>v\u00e9delem a t\u00e1pk\u00e1bel meghib\u00e1sod\u00e1sa (szakad\u00e1s) eset\u00e9n.<\/li>\r\n<\/ul>\r\n<p style=\"text-align: justify;\">Ha b\u00e1rmely v\u00e9delem m\u0171k\u00f6d\u00e9sbe l\u00e9p, a rendszer riaszt\u00e1st ad, \u00e9s t\u00e1j\u00e9koztatja a kezel\u0151t a meghib\u00e1sod\u00e1sr\u00f3l. Ha a folyamatparam\u00e9terek t\u00fall\u00e9pik a megengedett hat\u00e1r\u00e9rt\u00e9keket, a vez\u00e9rl\u0151rendszer biztons\u00e1gosan le\u00e1ll\u00edtja a berendez\u00e9st.<\/p>\r\n\r\n<h2>Kinek aj\u00e1nlott?<\/h2>\r\n<p style=\"text-align: justify;\">A CMM-6\/7 berendez\u00e9st transzform\u00e1torgy\u00e1rt\u00f3knak, valamint a szigetel\u0151olajjal m\u0171k\u00f6d\u0151 berendez\u00e9sek karbantart\u00e1s\u00e1t \u00e9s jav\u00edt\u00e1s\u00e1t v\u00e9gz\u0151 v\u00e1llalkoz\u00e1soknak tervezt\u00e9k.<\/p>"}],"add_def_tab":[{"tab_title":"M\u0171szaki adatok","tab_content":"<table>\r\n  <tbody>\r\n    <tr>\r\n      <td colspan=\"2\" style=\"text-align: center;\"><strong>Param\u00e9ter<\/strong><\/td>\r\n      <td style=\"text-align: center;\"><strong>\u00c9rt\u00e9k<\/strong><\/td>\r\n    <\/tr>\r\n    <tr>\r\n      <td colspan=\"3\"><p style=\"text-align: left;\">Kapacit\u00e1s, m<sup>3<\/sup>\/\u00f3ra, legal\u00e1bb<\/p><\/td>\r\n    <\/tr>\r\n    <tr>\r\n      <td rowspan=\"2\"><strong>&nbsp;<\/strong><\/td>\r\n      <td>\r\n        <p style=\"text-align: left;\">\u2013 g\u00e1ztalan\u00edt\u00e1si, sz\u00e1r\u00edt\u00e1si \u00e9s sz\u0171r\u00e9si \u00fczemm\u00f3d<\/p>\r\n      <\/td>\r\n      <td style=\"text-align: center;\">\r\n        <p>2\u20136<\/p>\r\n      <\/td>\r\n    <\/tr>\r\n    <tr>\r\n      <td>\r\n        <p style=\"text-align: left;\">\u2013 f\u0171t\u00e9si \u00e9s sz\u0171r\u00e9si \u00fczemm\u00f3d<\/p>\r\n      <\/td>\r\n      <td style=\"text-align: center;\">\r\n        <p>2\u20137<\/p>\r\n      <\/td>\r\n    <\/tr>\r\n    <tr>\r\n      <td colspan=\"3\"><p style=\"text-align: left;\"><em>*<\/em> Feldolgozott olaj param\u00e9terei:<\/p><\/td>\r\n    <\/tr>\r\n    <tr>\r\n      <td rowspan=\"3\"><strong>&nbsp;<\/strong><\/td>\r\n      <td>\r\n        <p style=\"text-align: left;\">\u2013 g\u00e1ztartalom, % t\u00e9rfogat, max.<\/p>\r\n      <\/td>\r\n      <td style=\"text-align: center;\">\r\n        <p>0,1<\/p>\r\n      <\/td>\r\n    <\/tr>\r\n    <tr>\r\n      <td>\r\n        <p style=\"text-align: left;\">\u2013 v\u00edztartalom, ppm, max.<\/p>\r\n      <\/td>\r\n      <td style=\"text-align: center;\">\r\n        <p>10 ppm vagy 5 ppm vagy 5 ppm+ (opcion\u00e1lisan)<\/p>\r\n      <\/td>\r\n    <\/tr>\r\n    <tr>\r\n      <td>\r\n        <p style=\"text-align: left;\">\u2013 ISO 4406 tisztas\u00e1gi oszt\u00e1ly<\/p>\r\n      <\/td>\r\n      <td style=\"text-align: center;\">\r\n        <p>16\/14\/12<\/p>\r\n      <\/td>\r\n    <\/tr>\r\n    <tr>\r\n      <td colspan=\"2\">\r\n        <p style=\"text-align: left;\">Max. olajh\u0151m\u00e9rs\u00e9klet f\u0171t\u00e9si \u00fczemm\u00f3dban, \u00ba\u0421<\/p>\r\n      <\/td>\r\n      <td style=\"text-align: center;\">90<\/td>\r\n    <\/tr>\r\n    <tr>\r\n      <td colspan=\"2\">\r\n        <p style=\"text-align: left;\">Kimeneti nyom\u00e1s, MPa<\/p>\r\n      <\/td>\r\n      <td style=\"text-align: center;\">0,2<\/td>\r\n    <\/tr>\r\n    <tr>\r\n      <td colspan=\"2\">\r\n        <p style=\"text-align: left;\">Max. f\u0171t\u0151teljes\u00edtm\u00e9ny, kW<\/p>\r\n      <\/td>\r\n      <td style=\"text-align: center;\">100<\/td>\r\n    <\/tr>\r\n    <tr>\r\n      <td colspan=\"2\">\r\n        <p style=\"text-align: left;\">Max. energiafogyaszt\u00e1s, kW<\/p>\r\n      <\/td>\r\n      <td style=\"text-align: center;\">115<\/td>\r\n    <\/tr>\r\n    <tr>\r\n      <td colspan=\"2\">\r\n        <p style=\"text-align: left;\">Marad\u00e9k nyom\u00e1s a v\u00e1kuumkamr\u00e1ban g\u00e1ztalan\u00edt\u00e1s sor\u00e1n, Pa, max.<\/p>\r\n      <\/td>\r\n      <td style=\"text-align: center;\">267<\/td>\r\n    <\/tr>\r\n    <tr>\r\n      <td colspan=\"2\">\r\n        <p style=\"text-align: left;\">Marad\u00e9k nyom\u00e1s a v\u00e1kuumkamr\u00e1ban t\u00f6m\u00edtetts\u00e9gi teszt sor\u00e1n, Pa, max.<\/p>\r\n      <\/td>\r\n      <td style=\"text-align: center;\">26,7<\/td>\r\n    <\/tr>\r\n    <tr>\r\n      <td colspan=\"2\">\r\n        <p style=\"text-align: left;\">Max. l\u00e9gbesziv\u00e1rg\u00e1s 1 \u00f3r\u00e1s t\u00f6m\u00edtetts\u00e9gi teszt alatt, Pa<\/p>\r\n      <\/td>\r\n      <td style=\"text-align: center;\">267<\/td>\r\n    <\/tr>\r\n    <tr>\r\n      <td colspan=\"3\"><p style=\"text-align: left;\">T\u00e1pell\u00e1t\u00e1s<\/p><\/td>\r\n    <\/tr>\r\n    <tr>\r\n      <td rowspan=\"2\"><strong>&nbsp;<\/strong><\/td>\r\n      <td>\r\n        <p style=\"text-align: left;\">\u2013 fesz\u00fclts\u00e9g, V<\/p>\r\n      <\/td>\r\n      <td style=\"text-align: center;\">400<\/td>\r\n    <\/tr>\r\n    <tr>\r\n      <td>\r\n        <p style=\"text-align: left;\">\u2013 frekvencia, Hz**<\/p>\r\n      <\/td>\r\n      <td style=\"text-align: center;\">50\/60<\/td>\r\n    <\/tr>\r\n    <tr>\r\n      <td colspan=\"3\">\r\n        <p style=\"text-align: left;\">M\u00e9retek, mm (p\u00f3tkocsi n\u00e9lk\u00fcl \/ p\u00f3tkocsival)<\/p>\r\n      <\/td>\r\n    <\/tr>\r\n    <tr>\r\n      <td rowspan=\"3\"><strong>&nbsp;<\/strong><\/td>\r\n      <td>\r\n        <p style=\"text-align: left;\">\u2013 hossz<\/p>\r\n      <\/td>\r\n      <td style=\"text-align: center;\">2600 \/ 3750<\/td>\r\n    <\/tr>\r\n    <tr>\r\n      <td>\r\n        <p style=\"text-align: left;\">\u2013 magass\u00e1g<\/p>\r\n      <\/td>\r\n      <td style=\"text-align: center;\">1250 \/ 1840<\/td>\r\n    <\/tr>\r\n    <tr>\r\n      <td>\r\n        <p style=\"text-align: left;\">\u2013 sz\u00e9less\u00e9g<\/p>\r\n      <\/td>\r\n      <td style=\"text-align: center;\">1500 \/ 1940<\/td>\r\n    <\/tr>\r\n    <tr>\r\n      <td colspan=\"2\">\r\n        <p style=\"text-align: left;\">T\u00f6meg, kg (p\u00f3tkocsi n\u00e9lk\u00fcl \/ p\u00f3tkocsival)<\/p>\r\n      <\/td>\r\n      <td style=\"text-align: center;\">1100 \/ 1500<\/td>\r\n    <\/tr>\r\n  <\/tbody>\r\n<\/table>\r\n\r\n<p><em>*<\/em> Megjegyz\u00e9s \u2014 A kezdeti olajmin\u0151s\u00e9gi param\u00e9terek:<\/p>\r\n<ul>\r\n  <li>g\u00e1ztartalom: 10,5% t\u00e9rfogat alatt<\/li>\r\n  <li>v\u00edztartalom: 0,005% (50 g\/t) alatt<\/li>\r\n  <li>h\u0151m\u00e9rs\u00e9klet: 0 \u00ba\u0421 felett<\/li>\r\n<\/ul>\r\n\r\n<p><strong>**<\/strong>Minden, az Egyes\u00fclt \u00c1llamokban \u00e9rt\u00e9kes\u00edtett berendez\u00e9s 60 Hz-es v\u00e1lt\u00f3\u00e1ramhoz van kialak\u00edtva.<\/p>"},{"tab_title":"El\u0151ny\u00f6k","tab_content":"<ul style=\"text-align: justify;\">\r\n  <li>sokoldal\u00fas\u00e1g;<\/li>\r\n  <li>nincs sz\u00fcks\u00e9g adszorbensek haszn\u00e1lat\u00e1ra a transzform\u00e1torolaj sz\u00e1r\u00edt\u00e1s\u00e1hoz;<\/li>\r\n  <li>nem keletkezik k\u00f6rnyezetszennyez\u0151 kibocs\u00e1t\u00e1s, nincs hullad\u00e9kfolyad\u00e9k, amelyet \u00e1rtalmatlan\u00edtani vagy t\u00e1rolni kellene;<\/li>\r\n  <li>egyszer\u0171 \u00fczemeltet\u00e9s \u00e9s karbantart\u00e1s;<\/li>\r\n  <li>a legjobb olajmin\u0151s\u00e9g m\u00e1r egyetlen feldolgoz\u00e1si ciklus ut\u00e1n is;<\/li>\r\n  <li>alacsony energiaig\u00e9ny;<\/li>\r\n  <li>alacsony zajszint.<\/li>\r\n<\/ul>"},{"tab_title":"Alkalmaz\u00e1s","tab_content":"<del datetime=\"2025-02-25T13:02:18+00:00\">\r\n  <strong>A CMM-6\/7 berendez\u00e9s a k\u00f6vetkez\u0151kre haszn\u00e1lhat\u00f3:<\/strong>\r\n  <ul>\r\n    <li><a href=\"https:\/\/globecore.dev\/publications\/oil-purification-process\/\">Transzform\u00e1torolaj tiszt\u00edt\u00e1sa<\/a>;<\/li>\r\n    <li><a href=\"https:\/\/globecore.dev\/publications\/electric-train-traction-transformer-oil-purification\/\">Villamos vonat von\u00f3transzform\u00e1tor\u00e1nak olajtiszt\u00edt\u00e1sa<\/a>;<\/li>\r\n    <li><a href=\"https:\/\/globecore.dev\/publications\/bv-transformer-evacuation-system\/\">Transzform\u00e1torok v\u00e1kuumoz\u00e1sa<\/a>;<\/li>\r\n    <li><a href=\"https:\/\/globecore.dev\/publications\/silicone-oil-purification\/\">Szilikonolaj tiszt\u00edt\u00e1sa<\/a>;<\/li>\r\n    <li><a href=\"https:\/\/globecore.dev\/publications\/midel-7131-transformer-oil-purification\/\">Midel 7131 dielektromos folyad\u00e9k tiszt\u00edt\u00e1sa<\/a>;<\/li>\r\n    <li><a href=\"https:\/\/globecore.dev\/publications\/fr3-natural-ester-transformer-fluid-purification\/\">FR3 term\u00e9szetes \u00e9szter alap\u00fa transzform\u00e1torfolyad\u00e9k tiszt\u00edt\u00e1sa<\/a>;<\/li>\r\n    <li><a href=\"https:\/\/globecore.dev\/publications\/purification-of-transformer-oil-in-x-ray-machines-with-the-cmm-0-4-unit\/\">R\u00f6ntgeng\u00e9pek olaj\u00e1nak tiszt\u00edt\u00e1sa<\/a>;<\/li>\r\n    <li><a href=\"https:\/\/globecore.dev\/publications\/fyrquel-special-aspects-of-usage-and-treatment\/\">Fyrquel t\u0171z\u00e1ll\u00f3 turbinaolaj tiszt\u00edt\u00e1sa<\/a>.<\/li>\r\n  <\/ul>\r\n<\/del>"},{"tab_title":"Konfigur\u00e1tor","tab_content":"[ezfc id='101' \/]"},{"tab_title":"Webin\u00e1riumok","tab_content":"https:\/\/www.youtube.com\/live\/7GjIDRRJ754"},{"tab_title":"Visszafizet\u00e9si id\u0151szak","tab_content":"[ezfc id='88' \/]"}],"add_video_tab":[{"video_tab_title":"Video","add_video_id":[{"video_id":"Cee47L8DRfs"},{"video_id":"LuP6zvjDr4k"},{"video_id":"s_wXr5kNejg"},{"video_id":"Co0dOkfuV_U"}]}],"add_gallery_tab":[{"gallery_tab_title":"Gallery","add_img":[60013,60023,317072]}],"add_price_tab":[{"price_tab_title":"Get a quote"}]},"language":"hu","_links":{"self":[{"href":"https:\/\/globecore.dev\/hu\/wp-json\/wp\/v2\/pages\/298570","targetHints":{"allow":["GET"]}}],"collection":[{"href":"https:\/\/globecore.dev\/hu\/wp-json\/wp\/v2\/pages"}],"about":[{"href":"https:\/\/globecore.dev\/hu\/wp-json\/wp\/v2\/types\/page"}],"author":[{"embeddable":true,"href":"https:\/\/globecore.dev\/hu\/wp-json\/wp\/v2\/users\/7"}],"replies":[{"embeddable":true,"href":"https:\/\/globecore.dev\/hu\/wp-json\/wp\/v2\/comments?post=298570"}],"version-history":[{"count":0,"href":"https:\/\/globecore.dev\/hu\/wp-json\/wp\/v2\/pages\/298570\/revisions"}],"up":[{"embeddable":true,"href":"https:\/\/globecore.dev\/hu\/wp-json\/wp\/v2\/pages\/298476"}],"wp:featuredmedia":[{"embeddable":true,"href":"https:\/\/globecore.dev\/hu\/wp-json\/wp\/v2\/media\/298573"}],"wp:attachment":[{"href":"https:\/\/globecore.dev\/hu\/wp-json\/wp\/v2\/media?parent=298570"}],"wp:term":[{"taxonomy":"category","embeddable":true,"href":"https:\/\/globecore.dev\/hu\/wp-json\/wp\/v2\/categories?post=298570"}],"curies":[{"name":"wp","href":"https:\/\/api.w.org\/{rel}","templated":true}]}}