{"id":298566,"date":"2016-04-06T05:49:16","date_gmt":"2016-04-06T05:49:16","guid":{"rendered":"https:\/\/globecore.dev\/products\/degassing-thermal-vacuum-drying-oil\/uvm-1015-mobile-oil-plant\/"},"modified":"2025-06-26T13:05:06","modified_gmt":"2025-06-26T13:05:06","slug":"uvm-1015-mobile-oil-plant","status":"publish","type":"page","link":"https:\/\/globecore.dev\/hu\/products\/degassing-thermal-vacuum-drying-oil\/uvm-1015-mobile-oil-plant\/","title":{"rendered":"CMM-10 mobil olaj\u00fczem"},"content":{"rendered":"","protected":false},"excerpt":{"rendered":"<p>The unit is built as a self-contained unit with all components and operating assemblies protected by metal panels and easy opening gas-spring loaded doors on the sides and back of the unit.<\/p>\n","protected":false},"author":7,"featured_media":298569,"parent":298476,"menu_order":0,"comment_status":"closed","ping_status":"closed","template":"templates\/single-product.php","meta":{"_acf_changed":false,"_bbp_topic_count":0,"_bbp_reply_count":0,"_bbp_total_topic_count":0,"_bbp_total_reply_count":0,"_bbp_voice_count":0,"_bbp_anonymous_reply_count":0,"_bbp_topic_count_hidden":0,"_bbp_reply_count_hidden":0,"_bbp_forum_subforum_count":0,"footnotes":""},"categories":[2177,2173],"class_list":["post-298566","page","type-page","status-publish","has-post-thumbnail","hentry","category-zeolite-oil-drying-units-hu","category-oil-filtration-pumping-hu"],"acf":{"add_tab":[{"tab_title":"Le\u00edr\u00e1s","tab_content":"A k\u00e9sz\u00fcl\u00e9ket \u00f6n\u00e1ll\u00f3 egys\u00e9gk\u00e9nt \u00e9p\u00edtett\u00e9k, az \u00f6sszes alkatr\u00e9szt \u00e9s m\u0171k\u00f6d\u00e9si egys\u00e9get f\u00e9mlemezek \u00e9s k\u00f6nnyen nyithat\u00f3, g\u00e1zrug\u00f3s ajt\u00f3k v\u00e9dik az egys\u00e9g oldal\u00e1n \u00e9s h\u00e1tulj\u00e1n. A \u201ekont\u00e9neres\u201d egys\u00e9get egy tandemtengelyes p\u00f3tkocsira helyezik, amely utcai jogszer\u0171 \u00e9s k\u00e9szen \u00e1ll arra, hogy b\u00e1rmilyen t\u00e1voli helyre elvontass\u00e1k.\r\n\r\nAz egys\u00e9g egy v\u00e1kuumb\u00f3l \u00e1ll[mfn]A v\u00e1kuum az anyagt\u00f3l mentes t\u00e9r. Az ilyen v\u00e1kuumhoz k\u00f6zel\u00edt\u0151leg olyan ter\u00fclet, ahol a g\u00e1znyom\u00e1s j\u00f3val kisebb, mint a l\u00e9gk\u00f6ri nyom\u00e1s.[\/mfn]kamra, be- \u00e9s kimeneti olajszivatty\u00fak, durva \u00e9s finom sz\u0171r\u0151k[mfn]A sz\u0171r\u0151 olyan eszk\u00f6z, amely szil\u00e1rd anyagokat v\u00e1laszt el folyad\u00e9kokt\u00f3l (folyad\u00e9kokt\u00f3l vagy g\u00e1zokt\u00f3l) olyan k\u00f6zeg hozz\u00e1ad\u00e1s\u00e1val, amelyen csak a folyad\u00e9k tud \u00e1thaladni[\/mfn], olajcsapda, olajf\u0171t\u00e9s[mfn]Az olajf\u0171t\u00e9st az olaj kezel\u00e9s\u00e9re haszn\u00e1lj\u00e1k a g\u00e1ztalan\u00edt\u00f3, sz\u00e1r\u00edt\u00f3 \u00e9s regener\u00e1l\u00f3 g\u00e9pekben a folyamat felgyors\u00edt\u00e1s\u00e1ra. A v\u00edztelen\u00edt\u00e9s a v\u00edz \u00e9s az olaj forr\u00e1spontj\u00e1nak k\u00fcl\u00f6nbs\u00e9g\u00e9n alapul. Mivel a v\u00edz forr\u00e1spontja alacsonyabb, a f\u0171t\u00e9s el tudja p\u00e1rologtatni ezt a vizet az olajb\u00f3l, miel\u0151tt az olaj forr\u00e1spontja el\u00e9rn\u00e9[\/mfn], cs\u0151vezet\u00e9kek szelepekkel, v\u00e1kuumszivatty\u00fa[mfn]A v\u00e1kuumszivatty\u00fa olyan eszk\u00f6z, amely g\u00e1zmolekul\u00e1kat t\u00e1vol\u00edt el egy lez\u00e1rt t\u00e9rfogatb\u00f3l, hogy r\u00e9szleges v\u00e1kuumot hagyjon maga ut\u00e1n[\/mfn] szakasz \u00e9s egy vez\u00e9rl\u0151szekr\u00e9ny."}],"add_def_tab":[{"tab_title":"M\u0171szaki adatok","tab_content":"<table width=\"100%\">\r\n<tbody>\r\n<tr>\r\n<td width=\"328\"><strong>Param\u00e9ter<\/strong><\/td>\r\n<td width=\"329\"><strong>\u00c9rt\u00e9k<\/strong><\/td>\r\n<\/tr>\r\n<tr>\r\n<td width=\"328\">Kapacit\u00e1s, m<sup>3<\/sup>\/\u00f3ra \/ gallon\/\u00f3ra:<\/td>\r\n<td width=\"329\"><\/td>\r\n<\/tr>\r\n<tr>\r\n<td width=\"328\">\r\n<ul>\r\n \t<li>G\u00e1ztalan\u00edt\u00e1si, sz\u00e1r\u00edt\u00e1si \u00e9s sz\u0171r\u00e9si \u00fczemm\u00f3d<\/li>\r\n<\/ul>\r\n<\/td>\r\n<td style=\"text-align: center;\" width=\"329\">10 \/ 2642<\/td>\r\n<\/tr>\r\n<tr>\r\n<td width=\"328\">\r\n<ul>\r\n \t<li>F\u0171t\u00e9si \u00e9s sz\u0171r\u00e9si \u00fczemm\u00f3d<\/li>\r\n<\/ul>\r\n<\/td>\r\n<td style=\"text-align: center;\" width=\"329\">15 \/ 3970<\/td>\r\n<\/tr>\r\n<tr>\r\n<td width=\"328\">Feldolgozott olaj jellemz\u0151i*:<\/td>\r\n<td width=\"329\"><\/td>\r\n<\/tr>\r\n<tr>\r\n<td width=\"328\">\r\n<ul>\r\n \t<li>T\u00e9rfogati g\u00e1ztartalom, %, max<\/li>\r\n<\/ul>\r\n<\/td>\r\n<td style=\"text-align: center;\" width=\"329\">0,1<\/td>\r\n<\/tr>\r\n<tr>\r\n<td width=\"328\">\r\n<ul>\r\n \t<li>Nedvess\u00e9gtartalom t\u00f6megar\u00e1nyban, ppm, max<\/li>\r\n<\/ul>\r\n<\/td>\r\n<td style=\"text-align: center;\" width=\"329\">10 ppm vagy 5 ppm vagy 5 ppm+ (opcion\u00e1lisan)<\/td>\r\n<\/tr>\r\n<tr>\r\n<td width=\"328\">\r\n<ul>\r\n \t<li>Sz\u0171r\u00e9s finoms\u00e1ga, mikron<\/li>\r\n<\/ul>\r\n<\/td>\r\n<td style=\"text-align: center;\" width=\"329\">1<\/td>\r\n<\/tr>\r\n<tr>\r\n<td width=\"328\">Az olaj kil\u00e9p\u0151 h\u0151m\u00e9rs\u00e9klete f\u0171t\u00e9si \u00fczemm\u00f3dban, \u00ba\u0421 \/ \u00baF<\/td>\r\n<td style=\"text-align: center;\" width=\"329\">90 \/ 194<\/td>\r\n<\/tr>\r\n<tr>\r\n<td width=\"328\">Kimeneti nyom\u00e1s, MPa<\/td>\r\n<td style=\"text-align: center;\" width=\"329\">0,4<\/td>\r\n<\/tr>\r\n<tr>\r\n<td width=\"328\">Maxim\u00e1lis energiafogyaszt\u00e1s, kW<\/td>\r\n<td style=\"text-align: center;\" width=\"329\">200<\/td>\r\n<\/tr>\r\n<tr>\r\n<td width=\"328\">Marad\u00e9k nyom\u00e1s a v\u00e1kuumkamr\u00e1ban g\u00e1ztalan\u00edt\u00e1s k\u00f6zben, Pa, max<\/td>\r\n<td style=\"text-align: center;\" width=\"329\">267<\/td>\r\n<\/tr>\r\n<tr>\r\n<td width=\"328\">Marad\u00e9k nyom\u00e1s a v\u00e1kuumkamr\u00e1ban t\u00f6m\u00edtetts\u00e9gi pr\u00f3ba alatt, Pa, max<\/td>\r\n<td style=\"text-align: center;\" width=\"329\">26,7<\/td>\r\n<\/tr>\r\n<tr>\r\n<td width=\"328\">Leveg\u0151besziv\u00e1rg\u00e1s a kamr\u00e1ba 1 \u00f3ra alatt, Pa, max<\/td>\r\n<td style=\"text-align: center;\" width=\"329\">267<\/td>\r\n<\/tr>\r\n<tr>\r\n<td width=\"328\">Villamos t\u00e1ph\u00e1l\u00f3zat param\u00e9terei<\/td>\r\n<td width=\"329\"><\/td>\r\n<\/tr>\r\n<tr>\r\n<td width=\"328\">\r\n<ul>\r\n \t<li>Fesz\u00fclts\u00e9g, V<\/li>\r\n<\/ul>\r\n<\/td>\r\n<td style=\"text-align: center;\" width=\"329\">415<\/td>\r\n<\/tr>\r\n<tr>\r\n<td width=\"328\">\r\n<ul>\r\n \t<li>V\u00e1ltakoz\u00f3 \u00e1ram frekvenci\u00e1ja, Hz**<\/li>\r\n<\/ul>\r\n<\/td>\r\n<td style=\"text-align: center;\" width=\"329\">50 \/ 60<\/td>\r\n<\/tr>\r\n<tr>\r\n<td width=\"328\">M\u00e9retek, mm, legfeljebb (p\u00f3tkocsi n\u00e9lk\u00fcl \/ p\u00f3tkocsival)<\/td>\r\n<td width=\"329\"><\/td>\r\n<\/tr>\r\n<tr>\r\n<td width=\"328\">\r\n<ul>\r\n \t<li>Hossz<\/li>\r\n<\/ul>\r\n<\/td>\r\n<td style=\"text-align: center;\" width=\"329\">2240 \/ 4365<\/td>\r\n<\/tr>\r\n<tr>\r\n<td width=\"328\">\r\n<ul>\r\n \t<li>Magass\u00e1g<\/li>\r\n<\/ul>\r\n<\/td>\r\n<td style=\"text-align: center;\" width=\"329\">1600 \/ 2270<\/td>\r\n<\/tr>\r\n<tr>\r\n<td width=\"328\">\r\n<ul>\r\n \t<li>Sz\u00e9less\u00e9g<\/li>\r\n<\/ul>\r\n<\/td>\r\n<td style=\"text-align: center;\" width=\"329\">1750 \/ 2300<\/td>\r\n<\/tr>\r\n<tr>\r\n<td width=\"328\">T\u00f6meg, kg, legfeljebb<\/td>\r\n<td style=\"text-align: center;\" width=\"329\">2350 \/ 3100<\/td>\r\n<\/tr>\r\n<\/tbody>\r\n<\/table>\r\n<em>Megjegyz\u00e9s<\/em>: * kezdeti olajparam\u00e9terek:\r\n<ul>\r\n \t<li>T\u00e9rfogati g\u00e1ztartalom \u2013 5% alatt;<\/li>\r\n \t<li>Nedvess\u00e9gtartalom t\u00f6megar\u00e1nyban \u2013 0,1% (100 g\/tonna) alatt;<\/li>\r\n \t<li>H\u0151m\u00e9rs\u00e9klet \u2013 0 \u00ba\u0421 \/ 32 \u00baF felett.<\/li>\r\n<\/ul>\r\n<strong>**<\/strong>Minden, az Amerikai Egyes\u00fclt \u00c1llamokban \u00e9rt\u00e9kes\u00edtett berendez\u00e9s 60 Hz-es v\u00e1ltakoz\u00f3 \u00e1ramra van tervezve."},{"tab_title":"El\u0151ny\u00f6k","tab_content":"<ul>\r\n \t<li>a transzform\u00e1torolaj dielektromos szil\u00e1rds\u00e1g\u00e1nak 70 kV-ra (vagy af\u00f6l\u00e9) emel\u00e9se;<\/li>\r\n \t<li>transzform\u00e1tor sz\u00e1r\u00edt\u00e1sa egyidej\u0171 olajkezel\u00e9ssel;<\/li>\r\n \t<li>elektromos berendez\u00e9sek kezdeti felt\u00f6lt\u00e9se szigetel\u0151olajjal;<\/li>\r\n \t<li>transzform\u00e1torok \u00e9s egy\u00e9b elektromos berendez\u00e9sek v\u00e1kuumoz\u00e1sa;<\/li>\r\n \t<li>egyszer\u0171 \u00fczemeltet\u00e9s \u00e9s karbantart\u00e1s.<\/li>\r\n<\/ul>"},{"tab_title":"Alkalmaz\u00e1s","tab_content":"<strong>A CMM-10 berendez\u00e9s a k\u00f6vetkez\u0151kre haszn\u00e1lhat\u00f3:<\/strong>\r\n<ul>\r\n \t<li><a href=\"https:\/\/globecore.dev\/publications\/oil-purification-process\/\">\r\nTranszform\u00e1torolaj tiszt\u00edt\u00e1sa\r\n<\/a><\/li>\r\n \t<li><a href=\"https:\/\/globecore.dev\/publications\/electric-train-traction-transformer-oil-purification\/\">\r\nVillamos vonat von\u00f3transzform\u00e1tor\u00e1nak olajtiszt\u00edt\u00e1sa\r\n<\/a><\/li>\r\n \t<li><a href=\"https:\/\/globecore.dev\/publications\/bv-transformer-evacuation-system\/\">\r\nTranszform\u00e1torok v\u00e1kuumoz\u00e1sa\r\n<\/a><\/li>\r\n \t<li><a href=\"https:\/\/globecore.dev\/publications\/silicone-oil-purification\/\">\r\nSzilikonolaj tiszt\u00edt\u00e1sa\r\n<\/a><\/li>\r\n \t<li><a href=\"https:\/\/globecore.dev\/publications\/midel-7131-transformer-oil-purification\/\">\r\nMidel 7131 dielektromos folyad\u00e9k tiszt\u00edt\u00e1sa\r\n<\/a><\/li>\r\n \t<li><a href=\"https:\/\/globecore.dev\/publications\/fr3-natural-ester-transformer-fluid-purification\/\">\r\nFR3 term\u00e9szetes \u00e9szter alap\u00fa transzform\u00e1torfolyad\u00e9k tiszt\u00edt\u00e1sa\r\n<\/a><\/li>\r\n \t<li><a href=\"https:\/\/globecore.dev\/publications\/purification-of-transformer-oil-in-x-ray-machines-with-the-cmm-0-4-unit\/\">\r\nR\u00f6ntgeng\u00e9pek olaj\u00e1nak tiszt\u00edt\u00e1sa\r\n<\/a><\/li>\r\n \t<li><a href=\"https:\/\/globecore.dev\/publications\/fyrquel-special-aspects-of-usage-and-treatment\/\">\r\nFyrquel t\u0171z\u00e1ll\u00f3 turbinaolaj tiszt\u00edt\u00e1sa\r\n<\/a><\/li>\r\n<\/ul>"},{"tab_title":"Konfigur\u00e1tor","tab_content":"[ezfc id='25' \/]"},{"tab_title":"Webin\u00e1riumok","tab_content":"https:\/\/www.youtube.com\/live\/7GjIDRRJ754"},{"tab_title":"Webin\u00e1riumok","tab_content":"[ezfc id='88' \/]"}],"add_video_tab":[{"video_tab_title":"Vide\u00f3","add_video_id":[{"video_id":"8LKbmXmfFsw"},{"video_id":"K7JAg-Ol750"},{"video_id":"Co0dOkfuV_U"},{"video_id":"iq437v6Z14o"}]}],"add_gallery_tab":[{"gallery_tab_title":"Gal\u00e9ria","add_img":[7969,33448,33457,33466]}],"add_price_tab":[{"price_tab_title":"K\u00e9rjen \u00e1raj\u00e1nlatot"}]},"language":"hu","_links":{"self":[{"href":"https:\/\/globecore.dev\/hu\/wp-json\/wp\/v2\/pages\/298566","targetHints":{"allow":["GET"]}}],"collection":[{"href":"https:\/\/globecore.dev\/hu\/wp-json\/wp\/v2\/pages"}],"about":[{"href":"https:\/\/globecore.dev\/hu\/wp-json\/wp\/v2\/types\/page"}],"author":[{"embeddable":true,"href":"https:\/\/globecore.dev\/hu\/wp-json\/wp\/v2\/users\/7"}],"replies":[{"embeddable":true,"href":"https:\/\/globecore.dev\/hu\/wp-json\/wp\/v2\/comments?post=298566"}],"version-history":[{"count":0,"href":"https:\/\/globecore.dev\/hu\/wp-json\/wp\/v2\/pages\/298566\/revisions"}],"up":[{"embeddable":true,"href":"https:\/\/globecore.dev\/hu\/wp-json\/wp\/v2\/pages\/298476"}],"wp:featuredmedia":[{"embeddable":true,"href":"https:\/\/globecore.dev\/hu\/wp-json\/wp\/v2\/media\/298569"}],"wp:attachment":[{"href":"https:\/\/globecore.dev\/hu\/wp-json\/wp\/v2\/media?parent=298566"}],"wp:term":[{"taxonomy":"category","embeddable":true,"href":"https:\/\/globecore.dev\/hu\/wp-json\/wp\/v2\/categories?post=298566"}],"curies":[{"name":"wp","href":"https:\/\/api.w.org\/{rel}","templated":true}]}}