{"id":298554,"date":"2016-03-31T12:25:05","date_gmt":"2016-03-31T12:25:05","guid":{"rendered":"https:\/\/globecore.dev\/products\/oil-regeneration\/cmm-r-oil-regeneration-systems\/"},"modified":"2025-02-25T12:50:56","modified_gmt":"2025-02-25T12:50:56","slug":"cmm-r-oil-regeneration-systems","status":"publish","type":"page","link":"https:\/\/globecore.dev\/hu\/products\/oil-regeneration\/cmm-r-oil-regeneration-systems\/","title":{"rendered":"CMM-12R olajregener\u00e1l\u00f3 rendszerek"},"content":{"rendered":"","protected":false},"excerpt":{"rendered":"<p>The GlobeCore regeneration1 process restores used oils to new like condition.  This process makes it possible to fill transformers2 with oil that would previously have required disposal.  The oil in the transformer3 can be used without replacement for the entire service life of the transformer.<\/p>\n","protected":false},"author":7,"featured_media":298565,"parent":298475,"menu_order":0,"comment_status":"closed","ping_status":"closed","template":"templates\/single-product.php","meta":{"_acf_changed":false,"_bbp_topic_count":0,"_bbp_reply_count":0,"_bbp_total_topic_count":0,"_bbp_total_reply_count":0,"_bbp_voice_count":0,"_bbp_anonymous_reply_count":0,"_bbp_topic_count_hidden":0,"_bbp_reply_count_hidden":0,"_bbp_forum_subforum_count":0,"footnotes":""},"categories":[1328],"class_list":["post-298554","page","type-page","status-publish","has-post-thumbnail","hentry","category-oil-processing"],"acf":{"add_tab":[{"tab_title":"Le\u00edr\u00e1s","tab_content":"A GlobeCore olajregener\u00e1l\u00f3 elj\u00e1r\u00e1sa a haszn\u00e1lt olajokat az \u00faj olajhoz k\u00f6zeli \u00e1llapotba \u00e1ll\u00edtja vissza. Ez az elj\u00e1r\u00e1s lehet\u0151v\u00e9 teszi, hogy a transzform\u00e1torokat olyan olajjal t\u00f6lts\u00e9k fel, amelyet egy\u00e9bk\u00e9nt kidobtak volna. Az olaj csere n\u00e9lk\u00fcl haszn\u00e1lhat\u00f3 a transzform\u00e1torban annak teljes \u00e9lettartama alatt.\r\n\r\nA GlobeCore CMM-R rendszereit \u00fagy tervezt\u00e9k, hogy a dielektromos szigetel\u0151olaj dielektromos szil\u00e1rds\u00e1g\u00e1nak \u00e9s k\u00e9miai \u00f6sszet\u00e9tel\u00e9nek helyre\u00e1ll\u00edt\u00e1s\u00e1val meghosszabb\u00edts\u00e1k a transzform\u00e1tor \u00e9lettartam\u00e1t.\r\n\r\nAz olajregener\u00e1l\u00e1s sor\u00e1n az olaj leboml\u00e1si term\u00e9kei \u00e9s savas vegy\u00fcletei elt\u00e1vol\u00edt\u00e1sra ker\u00fclnek, az olaj tiszt\u00e1v\u00e1 v\u00e1lik, oxid\u00e1ci\u00f3s ellen\u00e1ll\u00e1sa javul, mik\u00f6zben g\u00e1zold\u00e9konys\u00e1ga cs\u00f6kken."}],"add_def_tab":[{"tab_title":"M\u0171szaki adatok","tab_content":"&nbsp;\r\n<table width=\"90%\">\r\n  <tbody>\r\n    <tr>\r\n      <td width=\"7%\"><strong>Sorsz\u00e1m<\/strong><\/td>\r\n      <td width=\"71%\">\r\n        <p style=\"text-align: center;\"><strong>Param\u00e9ter<\/strong><\/p>\r\n      <\/td>\r\n      <td width=\"20%\">\r\n        <p style=\"text-align: center;\"><strong>\u00c9rt\u00e9k<\/strong><\/p>\r\n      <\/td>\r\n    <\/tr>\r\n    <tr>\r\n      <td width=\"7%\">1<\/td>\r\n      <td width=\"71%\">N\u00e9vleges kapacit\u00e1s, l\/h (gpm)<\/td>\r\n      <td width=\"20%\">\r\n        <p style=\"text-align: center;\">1000\u20132000 (4.4\u20138.8)<\/p>\r\n      <\/td>\r\n    <\/tr>\r\n    <tr>\r\n      <td width=\"7%\">2<\/td>\r\n      <td width=\"71%\">M\u0171k\u00f6d\u00e9s k\u00f6zbeni olajvesztes\u00e9g, %<\/td>\r\n      <td width=\"20%\">\r\n        <p style=\"text-align: center;\">2\u201325<\/p>\r\n      <\/td>\r\n    <\/tr>\r\n    <tr>\r\n      <td width=\"7%\">3<\/td>\r\n      <td width=\"71%\">Maxim\u00e1lisan megengedett olajh\u0151m\u00e9rs\u00e9klet, \u00b0C (\u00b0F)<\/td>\r\n      <td width=\"20%\">\r\n        <p style=\"text-align: center;\">90 (194)<\/p>\r\n      <\/td>\r\n    <\/tr>\r\n    <tr>\r\n      <td width=\"7%\">4<\/td>\r\n      <td width=\"71%\">Kimeneti nyom\u00e1s, bar (psi)<\/td>\r\n      <td width=\"20%\">\r\n        <p style=\"text-align: center;\">2.5 (36.25)<\/p>\r\n      <\/td>\r\n    <\/tr>\r\n    <tr>\r\n      <td width=\"7%\">5<\/td>\r\n      <td width=\"71%\">Maxim\u00e1lis teljes\u00edtm\u00e9nyfelv\u00e9tel, kW<\/td>\r\n      <td width=\"20%\">\r\n        <p style=\"text-align: center;\">55<\/p>\r\n      <\/td>\r\n    <\/tr>\r\n    <tr>\r\n      <td width=\"7%\">6<\/td>\r\n      <td width=\"71%\">N\u00e9vleges v\u00e1kuumsz\u00edv\u00e1si sebess\u00e9g, l\/h (gpm)<\/td>\r\n      <td width=\"20%\">\r\n        <p style=\"text-align: center;\">280,000 (1232.8)<\/p>\r\n      <\/td>\r\n    <\/tr>\r\n    <tr>\r\n      <td width=\"7%\">7<\/td>\r\n      <td width=\"71%\">Fuller-f\u00f6ld t\u00f6mege, kg (lbs)<\/td>\r\n      <td width=\"20%\">\r\n        <p style=\"text-align: center;\">1600 (3527.4)<\/p>\r\n      <\/td>\r\n    <\/tr>\r\n    <tr>\r\n      <td width=\"7%\">8<\/td>\r\n      <td width=\"71%\">Villamos t\u00e1pell\u00e1t\u00e1s param\u00e9terei<\/td>\r\n      <td width=\"20%\"><\/td>\r\n    <\/tr>\r\n    <tr>\r\n      <td rowspan=\"2\" width=\"7%\"><\/td>\r\n      <td width=\"71%\">Fesz\u00fclts\u00e9g, V<\/td>\r\n      <td rowspan=\"2\" width=\"20%\">\r\n        <p style=\"text-align: center;\">Ig\u00e9ny szerint<\/p>\r\n      <\/td>\r\n    <\/tr>\r\n    <tr>\r\n      <td width=\"71%\">Frekvencia, Hz<\/td>\r\n    <\/tr>\r\n    <tr>\r\n      <td width=\"7%\">9<\/td>\r\n      <td width=\"71%\">Durvasz\u0171r\u00e9s finoms\u00e1ga (szitasz\u0171r\u0151), \u00b5m<\/td>\r\n      <td width=\"20%\">\r\n        <p style=\"text-align: center;\">100<\/p>\r\n      <\/td>\r\n    <\/tr>\r\n    <tr>\r\n      <td width=\"7%\">10<\/td>\r\n      <td width=\"71%\">El\u0151sz\u0171r\u00e9s finoms\u00e1ga, \u00b5m<\/td>\r\n      <td width=\"20%\">\r\n        <p style=\"text-align: center;\">25<\/p>\r\n      <\/td>\r\n    <\/tr>\r\n    <tr>\r\n      <td width=\"7%\">11<\/td>\r\n      <td width=\"71%\">Finomsz\u0171r\u00e9s finoms\u00e1ga, \u00b5m<\/td>\r\n      <td width=\"20%\">\r\n        <p style=\"text-align: center;\">5<\/p>\r\n      <\/td>\r\n    <\/tr>\r\n    <tr>\r\n      <td width=\"7%\">12<\/td>\r\n      <td width=\"71%\">M\u00e9retek, mm (in)<\/td>\r\n      <td width=\"20%\"><\/td>\r\n    <\/tr>\r\n    <tr>\r\n      <td rowspan=\"3\" width=\"7%\"><\/td>\r\n      <td width=\"71%\">Hossz<\/td>\r\n      <td width=\"20%\">\r\n        <p style=\"text-align: center;\">5500 (217)<\/p>\r\n      <\/td>\r\n    <\/tr>\r\n    <tr>\r\n      <td width=\"71%\">Sz\u00e9less\u00e9g<\/td>\r\n      <td width=\"20%\">\r\n        <p style=\"text-align: center;\">2320 (91)<\/p>\r\n      <\/td>\r\n    <\/tr>\r\n    <tr>\r\n      <td width=\"71%\">Magass\u00e1g<\/td>\r\n      <td width=\"20%\">\r\n        <p style=\"text-align: center;\">2450 (96)<\/p>\r\n      <\/td>\r\n    <\/tr>\r\n    <tr>\r\n      <td width=\"7%\">13<\/td>\r\n      <td width=\"71%\">T\u00f6meg, kg (lbs)<\/td>\r\n      <td width=\"20%\">\r\n        <p style=\"text-align: center;\">6000 (13227)<\/p>\r\n      <\/td>\r\n    <\/tr>\r\n  <\/tbody>\r\n<\/table>\r\n\r\n<strong>A transzform\u00e1torban l\u00e9v\u0151 olaj regener\u00e1l\u00e1sa a haszn\u00e1lt olajat az \u00fajhoz hasonl\u00f3 \u00e1llapotba \u00e1ll\u00edtja vissza:<\/strong>\r\n\r\n<table>\r\n  <tbody>\r\n    <tr>\r\n      <td style=\"text-align: center;\"><strong>Param\u00e9ter<\/strong><\/td>\r\n      <td style=\"text-align: center;\"><strong>Feldolgoz\u00e1s el\u0151tt<\/strong><\/td>\r\n      <td style=\"text-align: center;\"><strong>Feldolgoz\u00e1s ut\u00e1n<\/strong><\/td>\r\n    <\/tr>\r\n    <tr>\r\n      <td>Nedvess\u00e9gtartalom t\u00f6megar\u00e1nyban, g\/t (ppm) az IEC 733; ASTM D-1533 szerint<\/td>\r\n      <td>43<\/td>\r\n      <td>5<\/td>\r\n    <\/tr>\r\n    <tr>\r\n      <td>ISO 4406 szerinti ipari tisztas\u00e1gi oszt\u00e1ly<\/td>\r\n      <td>-\/18\/16<\/td>\r\n      <td>-\/14\/12<\/td>\r\n    <\/tr>\r\n    <tr>\r\n      <td>T\u00e9rfogati g\u00e1ztartalom, % az IEC 60599; ASTM D-3612 szerint<\/td>\r\n      <td>-<\/td>\r\n      <td>0.1<\/td>\r\n    <\/tr>\r\n    <tr>\r\n      <td>Savsz\u00e1m, mg KOH\/g az IEC 296; ASTM D-664 szerint<\/td>\r\n      <td>0.2<\/td>\r\n      <td>0.01<\/td>\r\n    <\/tr>\r\n    <tr>\r\n      <td>Korr\u00f3zi\u00f3t okoz\u00f3 k\u00e9n az IEC 5662; ASTM D-1275 szerint<\/td>\r\n      <td>jelen van<\/td>\r\n      <td>nincs<\/td>\r\n    <\/tr>\r\n    <tr>\r\n      <td>Dielektromos szil\u00e1rds\u00e1g, kV az IEC 156; ASTM D-18116 szerint<\/td>\r\n      <td>30<\/td>\r\n      <td>70<\/td>\r\n    <\/tr>\r\n    <tr>\r\n      <td>Hat\u00e1rfel\u00fcleti fesz\u00fclts\u00e9g, N\/m, 25\u00baC-on az IEC 6295; ASTM D-664 szerint<\/td>\r\n      <td>-<\/td>\r\n      <td>45<\/td>\r\n    <\/tr>\r\n    <tr>\r\n      <td>Vesztes\u00e9gi t\u00e9nyez\u0151 90\u00baC-on az IEC 247; ASTM D-924 szerint<\/td>\r\n      <td>0.095<\/td>\r\n      <td>0.001<\/td>\r\n    <\/tr>\r\n    <tr>\r\n      <td>Oxid\u00e1ci\u00f3s stabilit\u00e1s az IEC 74 szerint (164 \u00f3ra)<\/td>\r\n      <td>-<\/td>\r\n      <td>helyre\u00e1ll\u00edtva<\/td>\r\n    <\/tr>\r\n  <\/tbody>\r\n<\/table>\r\n<p>(*I.A.W. = In Accordance With)<\/p>"},{"tab_title":"El\u0151ny\u00f6k","tab_content":"<p><strong>GlobeCore<\/strong> olajregener\u00e1l\u00e1si rendszereket gy\u00e1rt mind transzform\u00e1torgy\u00e1rt\u00f3k, mind transzform\u00e1tor-szervizel\u0151 v\u00e1llalatok sz\u00e1m\u00e1ra.<\/p>\r\n<p>A <strong>GlobeCore<\/strong> berendez\u00e9sek szorbenssel vannak felt\u00f6ltve, amely megk\u00f6ti az \u00f6sszes olajleboml\u00e1si term\u00e9ket.<\/p>\r\n<p>A <strong>GlobeCore<\/strong> regener\u00e1l\u00e1si rendszerek ak\u00e1r 3 \u00e9vig is haszn\u00e1lhatj\u00e1k ugyanazt a szorbenst az els\u0151 csere el\u0151tt. Ez megsz\u00fcnteti a fogy\u00f3anyagok \u00e9s a kimer\u00fclt szorbens cser\u00e9j\u00e9vel j\u00e1r\u00f3 jelent\u0151s munka- \u00e9s k\u00f6lts\u00e9gr\u00e1ford\u00edt\u00e1st a helysz\u00ednen.<\/p>\r\n<p>A regener\u00e1l\u00e1si rendszerek kombin\u00e1lhat\u00f3k g\u00e1ztalan\u00edt\u00f3 berendez\u00e9sekkel, vagy \u00f6n\u00e1ll\u00f3 rendszerk\u00e9nt is beszerezhet\u0151k.<\/p>\r\n<p>A <strong>GlobeCore<\/strong> regener\u00e1l\u00e1si rendszerei haszn\u00e1lhat\u00f3k a m\u00e1r megl\u00e9v\u0151 g\u00e1ztalan\u00edt\u00f3 vagy sz\u00e1r\u00edt\u00f3 berendez\u00e9sekkel egy\u00fctt is.<\/p>\r\n<p>Minden <strong>GlobeCore<\/strong> berendez\u00e9s ig\u00e9ny szerint testre szabhat\u00f3, \u00e9s sz\u00e1mos opci\u00f3t k\u00edn\u00e1l:<\/p>\r\n<ul>\r\n  <li>Kieg\u00e9sz\u00edt\u0151 v\u00e1kuumszivatty\u00fa-egys\u00e9g transzform\u00e1tor v\u00e1kuumoz\u00e1s\u00e1hoz;<\/li>\r\n  <li>P\u00f3tkocsira vagy f\u00e9lp\u00f3tkocsira szerel\u00e9s;<\/li>\r\n  <li>P\u00e1ratartalom-m\u00e9r\u0151k az olaj\u00e1ram bemenet\u00e9n\u00e9l \u00e9s\/vagy kimenet\u00e9n\u00e9l;<\/li>\r\n  <li>T\u00e1voli vez\u00e9rl\u00e9s \u00e9s folyamatfel\u00fcgyelet okostelefonr\u00f3l vagy sz\u00e1m\u00edt\u00f3g\u00e9pr\u0151l;<\/li>\r\n  <li>Kl\u00edmavez\u00e9rl\u00e9ssel ell\u00e1tott kezel\u0151helyis\u00e9g.<\/li>\r\n<\/ul>"},{"tab_title":"Alkalmaz\u00e1s","tab_content":"<p><strong>A GlobeCore CMM-R berendez\u00e9sei a k\u00f6vetkez\u0151kre haszn\u00e1lhat\u00f3k:<\/strong><\/p>\r\n<ul>\r\n  <li>Transzform\u00e1torolaj regener\u00e1l\u00e1sa;<\/li>\r\n  <li>Villamos vonat von\u00f3transzform\u00e1tor\u00e1nak olajregener\u00e1l\u00e1sa;<\/li>\r\n  <li>Turbinaolaj regener\u00e1l\u00e1sa;<\/li>\r\n  <li>Hidraulikaolaj regener\u00e1l\u00e1sa;<\/li>\r\n  <li>Hajt\u00f3m\u0171olaj regener\u00e1l\u00e1sa;<\/li>\r\n  <li>Ipari olaj regener\u00e1l\u00e1sa;<\/li>\r\n  <li>Szilikonolaj regener\u00e1l\u00e1sa;<\/li>\r\n  <li>Olajfeh\u00e9r\u00edt\u00e9s;<\/li>\r\n  <li>Midel 7131 dielektromos folyad\u00e9k regener\u00e1l\u00e1sa;<\/li>\r\n  <li>FR3 dielektromos folyad\u00e9k regener\u00e1l\u00e1sa;<\/li>\r\n  <li>G\u00e1zkondenz\u00e1tum tiszt\u00edt\u00e1sa;<\/li>\r\n  <li>Tengeri \u00fczemanyag tiszt\u00edt\u00e1sa;<\/li>\r\n  <li>D\u00edzel \u00fczemanyag tiszt\u00edt\u00e1sa;<\/li>\r\n  <li>F\u0171t\u0151olaj tiszt\u00edt\u00e1sa;<\/li>\r\n  <li>Haj\u00f3 \u00fczemanyag tiszt\u00edt\u00e1sa.<\/li>\r\n<\/ul>"},{"tab_title":"Konfigur\u00e1tor","tab_content":"[ezfc id='32' \/]"},{"tab_title":"Webin\u00e1riumok","tab_content":"https:\/\/www.youtube.com\/live\/5Yaq_nGM1nA"},{"tab_title":"Visszafizet\u00e9si id\u0151szak","tab_content":"[ezfc id='90' \/]"}],"add_video_tab":[{"video_tab_title":"Vide\u00f3","add_video_id":[{"video_id":"WL4VwH-E4yo"},{"video_id":"Q2URfoJDDug"},{"video_id":"EanpQeu_cg4"},{"video_id":"zM4n-_Yms04"}]}],"add_gallery_tab":[{"gallery_tab_title":"Gal\u00e9ria","add_img":[59936,33484,60104,33529,33493,12869,12866,12863,12857,6939,3233]}],"add_price_tab":[{"price_tab_title":"K\u00e9rjen \u00e1raj\u00e1nlatot"}]},"language":"hu","_links":{"self":[{"href":"https:\/\/globecore.dev\/hu\/wp-json\/wp\/v2\/pages\/298554","targetHints":{"allow":["GET"]}}],"collection":[{"href":"https:\/\/globecore.dev\/hu\/wp-json\/wp\/v2\/pages"}],"about":[{"href":"https:\/\/globecore.dev\/hu\/wp-json\/wp\/v2\/types\/page"}],"author":[{"embeddable":true,"href":"https:\/\/globecore.dev\/hu\/wp-json\/wp\/v2\/users\/7"}],"replies":[{"embeddable":true,"href":"https:\/\/globecore.dev\/hu\/wp-json\/wp\/v2\/comments?post=298554"}],"version-history":[{"count":0,"href":"https:\/\/globecore.dev\/hu\/wp-json\/wp\/v2\/pages\/298554\/revisions"}],"up":[{"embeddable":true,"href":"https:\/\/globecore.dev\/hu\/wp-json\/wp\/v2\/pages\/298475"}],"wp:featuredmedia":[{"embeddable":true,"href":"https:\/\/globecore.dev\/hu\/wp-json\/wp\/v2\/media\/298565"}],"wp:attachment":[{"href":"https:\/\/globecore.dev\/hu\/wp-json\/wp\/v2\/media?parent=298554"}],"wp:term":[{"taxonomy":"category","embeddable":true,"href":"https:\/\/globecore.dev\/hu\/wp-json\/wp\/v2\/categories?post=298554"}],"curies":[{"name":"wp","href":"https:\/\/api.w.org\/{rel}","templated":true}]}}