{"id":298544,"date":"2024-05-22T06:45:08","date_gmt":"2024-05-22T06:45:08","guid":{"rendered":"https:\/\/globecore.dev\/products\/oil-regeneration\/oxidation-inhibitor-injection-unit\/"},"modified":"2025-02-25T12:56:19","modified_gmt":"2025-02-25T12:56:19","slug":"oxidation-inhibitor-injection-unit","status":"publish","type":"page","link":"https:\/\/globecore.dev\/hu\/products\/oil-regeneration\/oxidation-inhibitor-injection-unit\/","title":{"rendered":"USB-6 Oxid\u00e1ci\u00f3g\u00e1tl\u00f3 befecskendez\u0151 egys\u00e9g"},"content":{"rendered":"","protected":false},"excerpt":{"rendered":"","protected":false},"author":7,"featured_media":298555,"parent":298475,"menu_order":0,"comment_status":"closed","ping_status":"closed","template":"templates\/single-product.php","meta":{"_acf_changed":false,"_bbp_topic_count":0,"_bbp_reply_count":0,"_bbp_total_topic_count":0,"_bbp_total_reply_count":0,"_bbp_voice_count":0,"_bbp_anonymous_reply_count":0,"_bbp_topic_count_hidden":0,"_bbp_reply_count_hidden":0,"_bbp_forum_subforum_count":0,"footnotes":""},"categories":[],"class_list":["post-298544","page","type-page","status-publish","has-post-thumbnail","hentry"],"acf":{"add_tab":[{"tab_title":"Le\u00edr\u00e1s","tab_content":"A transzform\u00e1torolajokat a transzform\u00e1tor bels\u0151 alkatr\u00e9szeinek h\u0171t\u00e9s\u00e9re \u00e9s szigetel\u00e9s\u00e9re haszn\u00e1lj\u00e1k. Id\u0151vel azonban az oxid\u00e1ci\u00f3 ronthatja az olaj min\u0151s\u00e9g\u00e9t \u00e9s hat\u00e9konys\u00e1g\u00e1t. E folyamat lelass\u00edt\u00e1sa \u00e9s az olaj \u00e9lettartam\u00e1nak meghosszabb\u00edt\u00e1sa \u00e9rdek\u00e9ben inhibitorokat (antioxid\u00e1ns adal\u00e9kanyagokat) adnak hozz\u00e1.\r\n\r\nAz inhibitor-befecskendez\u0151 egys\u00e9g egy mobil egys\u00e9g, amelyet kifejezetten az inhibitor el\u0151k\u00e9sz\u00edt\u00e9s\u00e9re \u00e9s a transzform\u00e1torolajokba t\u00f6rt\u00e9n\u0151 befecskendez\u00e9s\u00e9re terveztek. Az egys\u00e9g m\u0171k\u00f6d\u00e9si elve az, hogy az olaj kiszivatty\u00faz\u00e1sa, az inhibitorral val\u00f3 \u00f6sszekever\u00e9se \u00e9s visszaszivatty\u00faz\u00e1sa egym\u00e1s ut\u00e1n, automatikus \u00fczemm\u00f3dban t\u00f6rt\u00e9nik. Ez az automatiz\u00e1l\u00e1s biztos\u00edtja a komponensek gyors \u00e9s hat\u00e9kony kever\u00e9s\u00e9t, ami hozz\u00e1j\u00e1rul az inhibitor egyenletes eloszl\u00e1s\u00e1hoz az olajban. A k\u00e9sz\u00fcl\u00e9k k\u00e9zi \u00fczemm\u00f3dban is m\u0171k\u00f6dtethet\u0151 az egyes komponensek m\u0171k\u00f6d\u00e9s\u00e9nek ellen\u0151rz\u00e9s\u00e9re.\r\n\r\nK\u00fcl\u00f6n\u00f6s figyelmet ford\u00edtanak a biztons\u00e1gra. Ha vesz\u00e9lyes helyzetet \u00e9szlel, az egys\u00e9g m\u0171k\u00f6d\u00e9se azonnal felf\u00fcggeszt\u00e9sre ker\u00fcl. A le\u00e1ll\u00edt\u00e1s oka megjelenik a vez\u00e9rl\u0151 k\u00e9perny\u0151j\u00e9n, \u00edgy a kezel\u0151 gyorsan azonos\u00edthatja \u00e9s megsz\u00fcntetheti a probl\u00e9ma ok\u00e1t."}],"add_def_tab":[{"tab_title":"M\u0171szaki adatok","tab_content":"<table>\r\n  <tbody>\r\n    <tr>\r\n      <td>\r\n        <p style=\"text-align: center;\"><strong>\u2116<\/strong><\/p>\r\n      <\/td>\r\n      <td style=\"text-align: center;\"><strong>Param\u00e9ter<\/strong><\/td>\r\n      <td colspan=\"2\">\r\n        <p style=\"text-align: center;\"><strong>\u00c9rt\u00e9k<\/strong><\/p>\r\n      <\/td>\r\n    <\/tr>\r\n    <tr>\r\n      <td><span style=\"font-weight: 400;\">1<\/span><\/td>\r\n      <td><span style=\"font-weight: 400;\">Tart\u00e1ly kapacit\u00e1sa, l<\/span><\/td>\r\n      <td>\r\n        <p style=\"text-align: center;\"><span style=\"font-weight: 400;\">55<\/span><\/p>\r\n      <\/td>\r\n    <\/tr>\r\n    <tr>\r\n      <td><span style=\"font-weight: 400;\">2<\/span><\/td>\r\n      <td><span style=\"font-weight: 400;\">Az inhibitor kos\u00e1r kapacit\u00e1sa, l<\/span><\/td>\r\n      <td>\r\n        <p style=\"text-align: center;\"><span style=\"font-weight: 400;\">25<\/span><\/p>\r\n      <\/td>\r\n    <\/tr>\r\n    <tr>\r\n      <td><span style=\"font-weight: 400;\">3<\/span><\/td>\r\n      <td><span style=\"font-weight: 400;\">Teljes energiafogyaszt\u00e1s, kW<\/span><\/td>\r\n      <td>\r\n        <p style=\"text-align: center;\"><span style=\"font-weight: 400;\">0,7<\/span><\/p>\r\n      <\/td>\r\n    <\/tr>\r\n    <tr>\r\n      <td><span style=\"font-weight: 400;\">4<\/span><\/td>\r\n      <td><span style=\"font-weight: 400;\">50 Hz-es h\u00e1romf\u00e1zis\u00fa v\u00e1lt\u00f3\u00e1ram\u00fa h\u00e1l\u00f3zati fesz\u00fclts\u00e9g, V<\/span><\/td>\r\n      <td>\r\n        <p style=\"text-align: center;\"><span style=\"font-weight: 400;\">380<\/span><\/p>\r\n      <\/td>\r\n    <\/tr>\r\n    <tr>\r\n      <td><span style=\"font-weight: 400;\">5<\/span><\/td>\r\n      <td>\r\n        <span style=\"font-weight: 400;\">K\u00fcls\u0151 m\u00e9retek, mm, legfeljebb<\/span><br\/>\r\n        <span style=\"font-weight: 400;\">- hossz<\/span><br\/>\r\n        <span style=\"font-weight: 400;\">- sz\u00e9less\u00e9g<\/span><br\/>\r\n        <span style=\"font-weight: 400;\">- magass\u00e1g<\/span>\r\n      <\/td>\r\n      <td>\r\n        <p style=\"text-align: center;\"><span style=\"font-weight: 400;\">1000<\/span><\/p>\r\n        <p style=\"text-align: center;\"><span style=\"font-weight: 400;\">560<\/span><\/p>\r\n        <p style=\"text-align: center;\"><span style=\"font-weight: 400;\">1500<\/span><\/p>\r\n      <\/td>\r\n    <\/tr>\r\n    <tr>\r\n      <td><span style=\"font-weight: 400;\">6<\/span><\/td>\r\n      <td><span style=\"font-weight: 400;\">T\u00f6meg, kg, legfeljebb<\/span><\/td>\r\n      <td>\r\n        <p style=\"text-align: center;\"><span style=\"font-weight: 400;\">500<\/span><\/p>\r\n      <\/td>\r\n    <\/tr>\r\n  <\/tbody>\r\n<\/table>"},{"tab_title":"El\u0151ny\u00f6k","tab_content":"<ul>\r\n  <li style=\"font-weight: 400;\" aria-level=\"1\">\r\n    <span style=\"font-weight: 400;\">\r\n      Az automatiz\u00e1lt folyamatok n\u00f6velik az inhibitor adagol\u00e1s pontoss\u00e1g\u00e1t \u00e9s hat\u00e9konys\u00e1g\u00e1t.\r\n    <\/span>\r\n  <\/li>\r\n  <li style=\"font-weight: 400;\" aria-level=\"1\">\r\n    <span style=\"font-weight: 400;\">Mobilit\u00e1s;<\/span>\r\n  <\/li>\r\n  <li style=\"font-weight: 400;\" aria-level=\"1\">\r\n    <span style=\"font-weight: 400;\">\r\n      Be\u00e9p\u00edtett biztons\u00e1gi funkci\u00f3k v\u00e9dik a berendez\u00e9st \u00e9s a kezel\u0151t.\r\n    <\/span>\r\n  <\/li>\r\n  <li style=\"font-weight: 400;\" aria-level=\"1\">\r\n    <span style=\"font-weight: 400;\">\r\n      K\u00e9nyelmes monitoroz\u00e1s \u00e9s diagnosztika a vez\u00e9rl\u0151 kijelz\u0151nek k\u00f6sz\u00f6nhet\u0151en.\r\n    <\/span>\r\n  <\/li>\r\n<\/ul>"}],"add_video_tab":null,"add_gallery_tab":null,"add_price_tab":null},"language":"hu","_links":{"self":[{"href":"https:\/\/globecore.dev\/hu\/wp-json\/wp\/v2\/pages\/298544","targetHints":{"allow":["GET"]}}],"collection":[{"href":"https:\/\/globecore.dev\/hu\/wp-json\/wp\/v2\/pages"}],"about":[{"href":"https:\/\/globecore.dev\/hu\/wp-json\/wp\/v2\/types\/page"}],"author":[{"embeddable":true,"href":"https:\/\/globecore.dev\/hu\/wp-json\/wp\/v2\/users\/7"}],"replies":[{"embeddable":true,"href":"https:\/\/globecore.dev\/hu\/wp-json\/wp\/v2\/comments?post=298544"}],"version-history":[{"count":0,"href":"https:\/\/globecore.dev\/hu\/wp-json\/wp\/v2\/pages\/298544\/revisions"}],"up":[{"embeddable":true,"href":"https:\/\/globecore.dev\/hu\/wp-json\/wp\/v2\/pages\/298475"}],"wp:featuredmedia":[{"embeddable":true,"href":"https:\/\/globecore.dev\/hu\/wp-json\/wp\/v2\/media\/298555"}],"wp:attachment":[{"href":"https:\/\/globecore.dev\/hu\/wp-json\/wp\/v2\/media?parent=298544"}],"wp:term":[{"taxonomy":"category","embeddable":true,"href":"https:\/\/globecore.dev\/hu\/wp-json\/wp\/v2\/categories?post=298544"}],"curies":[{"name":"wp","href":"https:\/\/api.w.org\/{rel}","templated":true}]}}