{"id":298543,"date":"2016-08-15T09:38:49","date_gmt":"2016-08-15T09:38:49","guid":{"rendered":"https:\/\/globecore.dev\/products\/oil-regeneration\/laboratory-oil-filtration-unit-uvr-l\/"},"modified":"2025-02-25T13:00:32","modified_gmt":"2025-02-25T13:00:32","slug":"laboratory-oil-filtration-unit-uvr-l","status":"publish","type":"page","link":"https:\/\/globecore.dev\/hu\/products\/oil-regeneration\/laboratory-oil-filtration-unit-uvr-l\/","title":{"rendered":"\u0421\u041c\u041c-0,001U laborat\u00f3riumi olajsz\u0171r\u0151 egys\u00e9g"},"content":{"rendered":"","protected":false},"excerpt":{"rendered":"<p>The purpose of the laboratory UVR unit is to test the possibility of purifying1 a specific petrochemical product.<\/p>\n","protected":false},"author":1,"featured_media":298553,"parent":298475,"menu_order":0,"comment_status":"closed","ping_status":"closed","template":"templates\/single-product.php","meta":{"_acf_changed":false,"_bbp_topic_count":0,"_bbp_reply_count":0,"_bbp_total_topic_count":0,"_bbp_total_reply_count":0,"_bbp_voice_count":0,"_bbp_anonymous_reply_count":0,"_bbp_topic_count_hidden":0,"_bbp_reply_count_hidden":0,"_bbp_forum_subforum_count":0,"footnotes":""},"categories":[2026],"class_list":["post-298543","page","type-page","status-publish","has-post-thumbnail","hentry","category-news-hun"],"acf":{"add_tab":[{"tab_title":"Le\u00edr\u00e1s","tab_content":"A laborat\u00f3riumi \u0421\u041c\u041c-0,001U egys\u00e9g c\u00e9lja egy adott petrolk\u00e9miai term\u00e9k tiszt\u00edt\u00e1s\u00e1nak[mfn]Az olaj (\u00fczemanyag) tiszt\u00edt\u00e1sa elt\u00e1vol\u00edtja az olaj szennyez\u0151d\u00e9seit az olaj \u00e9lettartam\u00e1nak meghosszabb\u00edt\u00e1sa \u00e9rdek\u00e9ben.[\/mfn].\r\n\r\nA regener\u00e1lhat\u00f3 \u00e9s sz\u0171rhet\u0151 \u00e1sv\u00e1nyolajok t\u00edpusai t\u00f6bbek k\u00f6z\u00f6tt a k\u00f6vetkez\u0151k:\r\n\r\nipari olaj;\r\ntranszform\u00e1torolaj[mfn]A transzform\u00e1torolaj olyan olaj, amely magas h\u0151m\u00e9rs\u00e9kleten stabil \u00e9s kiv\u00e1l\u00f3 elektromos szigetel\u0151 tulajdons\u00e1gokkal rendelkezik[\/mfn];\r\nturbinaolaj[mfn]Turbinaolaj - minden olyan olaj, amelyet g\u0151z- \u00e9s hidraulikus turbin\u00e1k, turb\u00f3pump\u00e1k, valamint l\u00e9g-, g\u00e1z- \u00e9s h\u0171t\u0151turbokompresszorok csap\u00e1gyainak \u00e9s seg\u00e9dberendez\u00e9seinek ken\u00e9s\u00e9re haszn\u00e1lnak. A turbinaolajokat ken\u0151anyagk\u00e9nt \u00e9s munkafolyad\u00e9kk\u00e9nt is haszn\u00e1lj\u00e1k k\u00fcl\u00f6nb\u00f6z\u0151 t\u00edpus\u00fa z\u00e1rt ciklus\u00fa ipari g\u00e9pekben[\/mfn];\r\nd\u00edzelolaj[mfn]A d\u00edzel\u00fczemanyag \u00e1ltal\u00e1ban a d\u00edzelmotorokban haszn\u00e1lt b\u00e1rmely foly\u00e9kony \u00fczemanyag, amelynek \u00fczemanyag-gy\u00fajt\u00e1sa szikra n\u00e9lk\u00fcl, a besz\u00edvott l\u00e9gkever\u00e9k s\u0171r\u00edt\u00e9se, majd az \u00fczemanyag befecskendez\u00e9se k\u00f6vetkezt\u00e9ben t\u00f6rt\u00e9nik[\/mfn];\r\nf\u0171t\u0151olaj[mfn]A f\u0171t\u0151olaj alacsony viszkozit\u00e1s\u00fa, foly\u00e9kony k\u0151olajterm\u00e9k, amelyet f\u0171t\u0151olajk\u00e9nt haszn\u00e1lnak az \u00e9p\u00fcletekben l\u00e9v\u0151 kemenc\u00e9kben vagy kaz\u00e1nokban. A h\u00e1ztart\u00e1si f\u0171t\u0151olajat gyakran HHO-k\u00e9nt r\u00f6vid\u00edtik[\/mfn];\r\nhidraulikaolaj[mfn]A hidraulikafolyad\u00e9k vagy hidraulikafolyad\u00e9k az a k\u00f6zeg, amellyel a hidraulikus g\u00e9pekben az er\u0151\u00e1tvitel t\u00f6rt\u00e9nik[\/mfn];\r\nv\u00e1kuumolaj;\r\nill\u00f3olaj[mfn]Az ill\u00f3olaj a n\u00f6v\u00e9nyekb\u0151l sz\u00e1rmaz\u00f3 ill\u00e9kony (norm\u00e1l h\u0151m\u00e9rs\u00e9kleten k\u00f6nnyen elp\u00e1rolg\u00f3) k\u00e9miai vegy\u00fcleteket tartalmaz\u00f3 koncentr\u00e1lt hidrof\u00f3b folyad\u00e9k[\/mfn];\r\nsebess\u00e9gv\u00e1lt\u00f3 olaj;\r\ng\u00e1zkondenz\u00e1tum[mfn]A f\u00f6ldg\u00e1zkondenz\u00e1tum, m\u00e1s n\u00e9ven f\u00f6ldg\u00e1zfolyad\u00e9kok, olyan sz\u00e9nhidrog\u00e9n-folyad\u00e9kok kis s\u0171r\u0171s\u00e9g\u0171 kever\u00e9ke, amelyek g\u00e1znem\u0171 komponensk\u00e9nt vannak jelen a sz\u00e1mos f\u00f6ldg\u00e1zmez\u0151n termelt nyers f\u00f6ldg\u00e1zban[\/mfn];\r\nkerozin[mfn]A kerozin, m\u00e1s n\u00e9ven paraffin, l\u00e1mpaolaj \u00e9s sz\u00e9nolaj (elavult kifejez\u00e9s), egy \u00e9ghet\u0151 sz\u00e9nhidrog\u00e9n-folyad\u00e9k, amely k\u0151olajb\u00f3l sz\u00e1rmazik[\/mfn].\r\nDESIGN\r\n\r\nAz egys\u00e9g a k\u00f6vetkez\u0151kb\u0151l \u00e1ll:\r\n\r\nolajsz\u0171r\u00e9s[mfn]Az olajsz\u0171r\u00e9s a szil\u00e1rd r\u00e9szecsk\u00e9k r\u00e9szleges elt\u00e1vol\u00edt\u00e1sa sz\u0171r\u0151k\u00f6zegen kereszt\u00fcl. Az olajsz\u0171r\u0151 rendszerek \u00e1ltal\u00e1ban t\u00f6bbl\u00e9pcs\u0151s sz\u0171r\u00e9st alkalmaznak durva \u00e9s finom sz\u0171r\u0151kkel. A centrifug\u00e1l\u00e1s az olaj \u00e9s a v\u00edz, illetve az olaj \u00e9s a szil\u00e1rd r\u00e9szecsk\u00e9k sz\u00e9tv\u00e1laszt\u00e1sa centrifug\u00e1lis er\u0151k seg\u00edts\u00e9g\u00e9vel[\/mfn] pod;\r\nkeret;\r\nv\u00e1kuum[mfn]A v\u00e1kuum anyagt\u00f3l mentes t\u00e9r. Az ilyen v\u00e1kuumhoz k\u00f6zel\u00edt\u0151leg olyan ter\u00fclet, ahol a l\u00e9gk\u00f6ri nyom\u00e1sn\u00e1l j\u00f3val kisebb a g\u00e1znyom\u00e1s[\/mfn] kamra;\r\nv\u00e1kuumszivatty\u00fa[mfn]A v\u00e1kuumszivatty\u00fa olyan eszk\u00f6z, amely g\u00e1zmolekul\u00e1kat t\u00e1vol\u00edt el egy lez\u00e1rt t\u00e9rfogatb\u00f3l, hogy r\u00e9szleges v\u00e1kuumot hagyjon maga ut\u00e1n[\/mfn];\r\ncs\u0151vezet\u00e9kek;\r\n\r\nA sz\u0171r\u0151kapszula egy f\u00e9lig szorbenssel[mfn]A szorbens folyad\u00e9kok vagy g\u00e1zok elnyel\u00e9s\u00e9re vagy adszorbe\u00e1l\u00e1s\u00e1ra haszn\u00e1lt anyag[\/mfn]f\u00e9lig t\u00f6lt\u00f6tt ed\u00e9ny, amely regener\u00e1lja a sziv\u00e1rg\u00f3 olajat.[\/mfn]. A szorbent \u00e9s az olaj fel\u00fclr\u0151l ker\u00fcl a h\u00fcvelybe.\r\n\r\nA h\u00fcvely alj\u00e1n van egy fed\u00e9l, amelyen kereszt\u00fcl a h\u00fcvelyt evaku\u00e1lj\u00e1k, \u00e9s amelyb\u0151l a tel\u00edtett szorbens kivon\u00e1sra ker\u00fcl. A regener\u00e1lt olajat szint\u00e9n alulr\u00f3l szivatty\u00fazz\u00e1k ki.\r\n\r\nA kapszula k\u00fcls\u0151 fel\u00fclet\u00e9t elektromos f\u0171t\u0151szalaggal tekerik be \u00e9s szigetelik.\r\n\r\nA keret egy f\u00e9mszerkezet, amely az egys\u00e9g \u00f6sszes alkatr\u00e9sz\u00e9t hordozza.\r\n\r\nA v\u00e1kuumkamra egy regener\u00e1lt olajjal t\u00f6lt\u00f6tt t\u00e9glalap alak\u00fa ed\u00e9ny. Az ed\u00e9ny fels\u0151 r\u00e9sze egy goly\u00f3scsappal van ell\u00e1tva, amely \u00f6sszek\u00f6ti a kamr\u00e1t a v\u00e1kuumszivatty\u00faval. Az ed\u00e9ny als\u00f3 r\u00e9sze egy goly\u00f3sszeleppel van felszerelve, amelyen kereszt\u00fcl az olaj a v\u00e1kuumtart\u00e1lyba sz\u00edv\u00f3dik, valamint egy szeleppel az olaj leereszt\u00e9s\u00e9re. Az ed\u00e9ny vizu\u00e1lis folyad\u00e9kszintm\u00e9r\u0151vel \u00e9s v\u00e1kuumm\u00e9r\u0151vel is fel van szerelve.\r\n\r\nA v\u00e1kuumszivatty\u00fa v\u00e1kuumot hoz l\u00e9tre a v\u00e1kuumkamr\u00e1ban."}],"add_def_tab":[{"tab_title":"M\u0171szaki adatok","tab_content":"<table width=\"588\">\r\n  <tbody>\r\n    <tr>\r\n      <td width=\"43\"><strong>\u2116<\/strong><\/td>\r\n      <td style=\"text-align: center;\" width=\"437\"><strong>Param\u00e9ter megnevez\u00e9se<\/strong><\/td>\r\n      <td style=\"text-align: center;\" width=\"108\"><strong>\u00c9rt\u00e9k<\/strong><\/td>\r\n    <\/tr>\r\n    <tr>\r\n      <td width=\"43\">1<\/td>\r\n      <td width=\"437\">Regener\u00e1l\u00e1si teljes\u00edtm\u00e9ny, l\/h:<br>\r\n        \u2013 transzform\u00e1torolaj<br>\r\n        \u2013 ipari olaj*<\/td>\r\n      <td width=\"108\">\r\n        <p style=\"text-align: center;\">3\u20135*<\/p>\r\n        <p style=\"text-align: center;\">2\u20134*<\/p>\r\n      <\/td>\r\n    <\/tr>\r\n    <tr>\r\n      <td width=\"43\">2<\/td>\r\n      <td width=\"437\">A regener\u00e1l\u00f3 por fogyaszt\u00e1sa a tiszt\u00edtand\u00f3 olaj t\u00f6meg\u00e9nek %-\u00e1ban:<br>\r\n        \u2013 transzform\u00e1torolaj<br>\r\n        \u2013 ipari olaj*<\/td>\r\n      <td width=\"108\">\r\n        <p style=\"text-align: center;\">3\u201310*<\/p>\r\n        <p style=\"text-align: center;\">3\u201310*<\/p>\r\n      <\/td>\r\n    <\/tr>\r\n    <tr>\r\n      <td width=\"43\">3<\/td>\r\n      <td width=\"437\">A felt\u00f6lt\u00e9shez sz\u00fcks\u00e9ges regener\u00e1l\u00f3 por t\u00f6mege, kg<\/td>\r\n      <td style=\"text-align: center;\" width=\"108\">3<\/td>\r\n    <\/tr>\r\n    <tr>\r\n      <td width=\"43\">4<\/td>\r\n      <td width=\"437\">Vesztes\u00e9g (olajterm\u00e9k) az eredeti t\u00e9rfogat %-\u00e1ban (ami a szorbensben marad):<br>\r\n        \u2013 transzform\u00e1torolaj<br>\r\n        \u2013 ipari olaj<\/td>\r\n      <td width=\"108\">\r\n        <p style=\"text-align: center;\">1\u20135<\/p>\r\n        <p style=\"text-align: center;\">1\u20135<\/p>\r\n      <\/td>\r\n    <\/tr>\r\n    <tr>\r\n      <td width=\"43\">5<\/td>\r\n      <td width=\"437\">A f\u0171t\u0151k \u00f6sszteljes\u00edtm\u00e9nye, kW<\/td>\r\n      <td style=\"text-align: center;\" width=\"108\">0,16<\/td>\r\n    <\/tr>\r\n    <tr>\r\n      <td width=\"43\">6<\/td>\r\n      <td width=\"437\">N\u00e9vleges teljes\u00edtm\u00e9ny, kW<\/td>\r\n      <td style=\"text-align: center;\" width=\"108\">1,0<\/td>\r\n    <\/tr>\r\n    <tr>\r\n      <td width=\"43\">7<\/td>\r\n      <td width=\"437\">Egyf\u00e1zis\u00fa v\u00e1lt\u00f3\u00e1ram\u00fa h\u00e1l\u00f3zat fesz\u00fclts\u00e9ge 50 (60) Hz mellett, V<\/td>\r\n      <td style=\"text-align: center;\" width=\"108\">220<\/td>\r\n    <\/tr>\r\n    <tr>\r\n      <td width=\"43\">8<\/td>\r\n      <td width=\"437\">K\u00fcls\u0151 m\u00e9retek, mm, legfeljebb<br>\r\n        \u2013 hossz<br>\r\n        \u2013 sz\u00e9less\u00e9g<br>\r\n        \u2013 magass\u00e1g<\/td>\r\n      <td width=\"108\">\r\n        <p style=\"text-align: center;\">500<\/p>\r\n        <p style=\"text-align: center;\">550<\/p>\r\n        <p style=\"text-align: center;\">750<\/p>\r\n      <\/td>\r\n    <\/tr>\r\n    <tr>\r\n      <td width=\"43\">9<\/td>\r\n      <td width=\"437\">T\u00f6meg, kg, legfeljebb<\/td>\r\n      <td style=\"text-align: center;\" width=\"108\">50<\/td>\r\n    <\/tr>\r\n  <\/tbody>\r\n<\/table>"},{"tab_title":"El\u0151ny\u00f6k","tab_content":"<ul>\r\n  <li style=\"text-align: justify;\">kis m\u00e9ret;<\/li>\r\n  <li style=\"text-align: justify;\">egyszer\u0171 sz\u00e1ll\u00edthat\u00f3s\u00e1g;<\/li>\r\n  <li style=\"text-align: justify;\">csatlakoztathat\u00f3 norm\u00e1l h\u00e1l\u00f3zati aljzathoz;<\/li>\r\n  <li style=\"text-align: justify;\">olajmint\u00e1k helysz\u00edni tiszt\u00edt\u00e1sa;<\/li>\r\n  <li style=\"text-align: justify;\">csendes m\u0171k\u00f6d\u00e9s.<\/li>\r\n<\/ul>"},{"tab_title":"Alkalmaz\u00e1s","tab_content":"<p><strong><em>A GlobeCore CMM-R berendez\u00e9sei<\/em> a k\u00f6vetkez\u0151kre haszn\u00e1lhat\u00f3k:<\/strong><\/p>\r\n<ul>\r\n  <li><a href=\"https:\/\/globecore.dev\/publications\/transformer-oil-regeneration-theory-technologies-and-equipment\/\">Transzform\u00e1torolaj regener\u00e1l\u00e1sa<\/a>;<\/li>\r\n  <li><a href=\"https:\/\/globecore.dev\/publications\/electric-train-traction-transformer-oil-purification\/\">Villamos vonat von\u00f3transzform\u00e1tor\u00e1nak olajregener\u00e1l\u00e1sa<\/a>;<\/li>\r\n  <li><a href=\"https:\/\/globecore.dev\/publications\/turbine-oil-regeneration\/\">Turbinaolaj regener\u00e1l\u00e1sa<\/a>;<\/li>\r\n  <li>Hidraulikaolaj regener\u00e1l\u00e1sa;<\/li>\r\n  <li>Hajt\u00f3m\u0171olaj regener\u00e1l\u00e1sa;<\/li>\r\n  <li>K\u00e1belolaj regener\u00e1l\u00e1sa;<\/li>\r\n  <li>Kompresszorolaj regener\u00e1l\u00e1sa;<\/li>\r\n  <li><a href=\"https:\/\/globecore.dev\/publications\/industrial-oils-regeneration\/\">Ipari olaj regener\u00e1l\u00e1sa<\/a>;<\/li>\r\n  <li>Szilikonolaj regener\u00e1l\u00e1sa;<\/li>\r\n  <li><a href=\"https:\/\/globecore.dev\/oil-regeneration\/oil-bleaching-machine-cmm-6rl\/\">Olajfeh\u00e9r\u00edt\u00e9s<\/a>;<\/li>\r\n  <li>Midel 7131 dielektromos folyad\u00e9k regener\u00e1l\u00e1sa;<\/li>\r\n  <li>FR3 dielektromos folyad\u00e9kok regener\u00e1l\u00e1sa;<\/li>\r\n  <li>Fyrquel t\u0171z\u00e1ll\u00f3 folyad\u00e9k regener\u00e1l\u00e1sa;<\/li>\r\n  <li><a href=\"https:\/\/globecore.dev\/fuel-polishing\/gas-condensate-polishing-system-cmm-6rl\/\">G\u00e1zkondenz\u00e1tum tiszt\u00edt\u00e1sa<\/a>;<\/li>\r\n  <li><a href=\"https:\/\/globecore.dev\/fuel-polishing\/marine-fuel-polishing-system\/\">Tengeri \u00fczemanyag tiszt\u00edt\u00e1sa<\/a>;<\/li>\r\n  <li><a href=\"https:\/\/globecore.dev\/publications\/dark-diesel-fuel-polishing\/\">D\u00edzel \u00fczemanyag tiszt\u00edt\u00e1sa<\/a>;<\/li>\r\n  <li><a href=\"https:\/\/globecore.dev\/publications\/fuel-oil-polishing\/\">F\u0171t\u0151olaj tiszt\u00edt\u00e1sa<\/a>.<\/li>\r\n<\/ul>"},{"tab_title":"Webin\u00e1riumok","tab_content":"https:\/\/www.youtube.com\/live\/5Yaq_nGM1nA"}],"add_video_tab":[{"video_tab_title":"Video","add_video_id":[{"video_id":"WoYsGH5voKk"},{"video_id":"En3jIryNE6w"},{"video_id":"-uRWuh41AiI"}]}],"add_gallery_tab":[{"gallery_tab_title":"GALLERY","add_img":[10031,9633,9631,8244,3703,3704,3694]}],"add_price_tab":[{"price_tab_title":"Get a Quote"}]},"language":"hu","_links":{"self":[{"href":"https:\/\/globecore.dev\/hu\/wp-json\/wp\/v2\/pages\/298543","targetHints":{"allow":["GET"]}}],"collection":[{"href":"https:\/\/globecore.dev\/hu\/wp-json\/wp\/v2\/pages"}],"about":[{"href":"https:\/\/globecore.dev\/hu\/wp-json\/wp\/v2\/types\/page"}],"author":[{"embeddable":true,"href":"https:\/\/globecore.dev\/hu\/wp-json\/wp\/v2\/users\/1"}],"replies":[{"embeddable":true,"href":"https:\/\/globecore.dev\/hu\/wp-json\/wp\/v2\/comments?post=298543"}],"version-history":[{"count":0,"href":"https:\/\/globecore.dev\/hu\/wp-json\/wp\/v2\/pages\/298543\/revisions"}],"up":[{"embeddable":true,"href":"https:\/\/globecore.dev\/hu\/wp-json\/wp\/v2\/pages\/298475"}],"wp:featuredmedia":[{"embeddable":true,"href":"https:\/\/globecore.dev\/hu\/wp-json\/wp\/v2\/media\/298553"}],"wp:attachment":[{"href":"https:\/\/globecore.dev\/hu\/wp-json\/wp\/v2\/media?parent=298543"}],"wp:term":[{"taxonomy":"category","embeddable":true,"href":"https:\/\/globecore.dev\/hu\/wp-json\/wp\/v2\/categories?post=298543"}],"curies":[{"name":"wp","href":"https:\/\/api.w.org\/{rel}","templated":true}]}}