{"id":298482,"date":"2017-09-20T07:50:32","date_gmt":"2017-09-20T07:50:32","guid":{"rendered":"https:\/\/globecore.dev\/products\/oil-filtration-pumping\/"},"modified":"2025-02-25T12:19:29","modified_gmt":"2025-02-25T12:19:29","slug":"oil-filtration-pumping","status":"publish","type":"page","link":"https:\/\/globecore.dev\/hu\/products\/oil-filtration-pumping\/","title":{"rendered":"Olajtiszt\u00edt\u00f3 \u00e9s sz\u0171r\u0151g\u00e9pek"},"content":{"rendered":"<p>A transzform\u00e1tor megb\u00edzhat\u00f3 m\u0171k\u00f6d\u00e9se tiszta olajjal kezd\u0151dik. A transzform\u00e1torolajban l\u00e9v\u0151 szennyez\u0151d\u00e9sek meghib\u00e1sod\u00e1sokhoz, k\u00f6lts\u00e9ges jav\u00edt\u00e1sokhoz \u00e9s nem tervezett \u00e1ll\u00e1sid\u0151kh\u00f6z vezetnek. A GlobeCore \u00e9lvonalbeli transzform\u00e1torolaj-kezel\u00e9si megold\u00e1sokat k\u00edn\u00e1l, bele\u00e9rtve a nagy teljes\u00edtm\u00e9ny\u0171 olajtiszt\u00edt\u00f3 rendszereket \u00e9s olajtiszt\u00edt\u00f3kat, a transzform\u00e1torok hat\u00e9konys\u00e1g\u00e1nak \u00e9s \u00e9lettartam\u00e1nak n\u00f6vel\u00e9se \u00e9rdek\u00e9ben.<\/p>\n<h2>Mi\u00e9rt v\u00e1lassza a GlobeCore-t?<\/h2>\n<p>A GlobeCore fejlett olajtiszt\u00edt\u00e1si technol\u00f3gi\u00e1ja maxim\u00e1lis teljes\u00edtm\u00e9nyt \u00e9s k\u00f6lts\u00e9gmegtakar\u00edt\u00e1st biztos\u00edt. Transzform\u00e1torolaj-sz\u0171r\u0151 \u00e9s -tiszt\u00edt\u00f3 rendszereink elt\u00e1vol\u00edtj\u00e1k a nedvess\u00e9get, a g\u00e1zokat \u00e9s a szil\u00e1rd szennyez\u0151d\u00e9seket, helyre\u00e1ll\u00edtj\u00e1k az olaj tulajdons\u00e1gait \u00e9s meghosszabb\u00edtj\u00e1k a transzform\u00e1tor \u00e9lettartam\u00e1t. A megold\u00e1sainkba val\u00f3 befektet\u00e9s kevesebb meghib\u00e1sod\u00e1st, cs\u00f6kkentett karbantart\u00e1si k\u00f6lts\u00e9geket \u00e9s minim\u00e1lis k\u00f6rnyezeti terhel\u00e9st jelent.<\/p>\n<p>A GlobeCore olajtiszt\u00edt\u00f3 rendszereinek legfontosabb el\u0151nyei:<\/p>\n<ul>\n<li>\nEgyedi megold\u00e1sok &#8211; A transzform\u00e1torolaj-kezel\u0151 rendszereket az egyedi \u00fczemeltet\u00e9si ig\u00e9nyekre szabjuk, \u00e9s olyan funkci\u00f3kat k\u00edn\u00e1lunk, mint a t\u00e1vvez\u00e9rl\u00e9s \u00e9s a r\u00e9szecskefigyel\u00e9s.<\/li>\n<li>Folyamatos m\u0171k\u00f6d\u00e9s fesz\u00fclts\u00e9g alatt \u00e1ll\u00f3 transzform\u00e1torokkal &#8211; Olajtiszt\u00edt\u00f3ink z\u00f6kken\u0151mentesen m\u0171k\u00f6dnek a transzform\u00e1tor biztons\u00e1gi rendszer\u00e9t (TSS) haszn\u00e1l\u00f3 fesz\u00fclts\u00e9g alatt \u00e1ll\u00f3 transzform\u00e1torokkal, cs\u00f6kkentve az \u00e1ll\u00e1sid\u0151t \u00e9s maximaliz\u00e1lva a hat\u00e9konys\u00e1got.<\/li>\n<li>Z\u00f6kken\u0151mentes integr\u00e1ci\u00f3 &#8211; A gyorscsatlakoz\u00f3 rendszerek biztos\u00edtj\u00e1k az egyszer\u0171 telep\u00edt\u00e9st \u00e9s \u00fczemeltet\u00e9st.<\/li>\n<li>\u00c1tfog\u00f3 t\u00e1mogat\u00e1s &#8211; Az \u00fczembe helyez\u00e9st\u0151l a karbantart\u00e1sig szak\u00e9rt\u0151ink teljes k\u00f6r\u0171 seg\u00edts\u00e9get ny\u00fajtanak a berendez\u00e9sek teljes\u00edtm\u00e9ny\u00e9nek optimaliz\u00e1l\u00e1s\u00e1hoz.<\/li>\n<li>K\u00f6lts\u00e9gmegtakar\u00edt\u00e1s &#8211; A rendszeres transzform\u00e1torolaj-tiszt\u00edt\u00e1s cs\u00f6kkenti a friss olaj beszerz\u00e9s\u00e9nek sz\u00fcks\u00e9gess\u00e9g\u00e9t \u00e9s meghosszabb\u00edtja a berendez\u00e9sek \u00e9lettartam\u00e1t.<\/li>\n<\/ul>\n<p>&nbsp;<\/p>\n<h2>Fektessen a teljes\u00edtm\u00e9nybe \u00e9s a megb\u00edzhat\u00f3s\u00e1gba<\/h2>\n<p>A GlobeCore transzform\u00e1torolaj-sz\u0171r\u0151 \u00e9s -tiszt\u00edt\u00f3 rendszereiben vil\u00e1gszerte megb\u00edznak hat\u00e9konys\u00e1guk \u00e9s innov\u00e1ci\u00f3juk miatt. Ha a GlobeCore-t v\u00e1lasztja, biztos\u00edtja a transzform\u00e1torok zavartalan m\u0171k\u00f6d\u00e9s\u00e9t, alacsonyabb karbantart\u00e1si k\u00f6lts\u00e9geket \u00e9s a beruh\u00e1z\u00e1s maxim\u00e1lis megt\u00e9r\u00fcl\u00e9s\u00e9t. V\u00e1ltson m\u00e9g ma kiv\u00e1l\u00f3 olajtiszt\u00edt\u00e1sra, \u00e9s tapasztalja meg a hossz\u00fa t\u00e1v\u00fa megtakar\u00edt\u00e1sokat \u00e9s megb\u00edzhat\u00f3s\u00e1got.<\/p>\n<p>L\u00e9pjen kapcsolatba vel\u00fcnk, ha t\u00f6bbet szeretne megtudni a GlobeCore fejlett olajtiszt\u00edt\u00e1si technol\u00f3gi\u00e1ir\u00f3l!<\/p>\n","protected":false},"excerpt":{"rendered":"<p>A transzform\u00e1tor megb\u00edzhat\u00f3 m\u0171k\u00f6d\u00e9se tiszta olajjal kezd\u0151dik. A transzform\u00e1torolajban l\u00e9v\u0151 szennyez\u0151d\u00e9sek meghib\u00e1sod\u00e1sokhoz, k\u00f6lts\u00e9ges jav\u00edt\u00e1sokhoz \u00e9s nem tervezett \u00e1ll\u00e1sid\u0151kh\u00f6z vezetnek. A GlobeCore \u00e9lvonalbeli transzform\u00e1torolaj-kezel\u00e9si megold\u00e1sokat k\u00edn\u00e1l, bele\u00e9rtve a nagy teljes\u00edtm\u00e9ny\u0171 olajtiszt\u00edt\u00f3 rendszereket \u00e9s olajtiszt\u00edt\u00f3kat, a transzform\u00e1torok hat\u00e9konys\u00e1g\u00e1nak \u00e9s \u00e9lettartam\u00e1nak n\u00f6vel\u00e9se \u00e9rdek\u00e9ben. Mi\u00e9rt v\u00e1lassza a GlobeCore-t? A GlobeCore fejlett olajtiszt\u00edt\u00e1si technol\u00f3gi\u00e1ja maxim\u00e1lis teljes\u00edtm\u00e9nyt \u00e9s k\u00f6lts\u00e9gmegtakar\u00edt\u00e1st biztos\u00edt. Transzform\u00e1torolaj-sz\u0171r\u0151<a class=\"cg-read-more\" href=\"https:\/\/globecore.dev\/hu\/products\/oil-filtration-pumping\/\" target=\"_blank\">Read More <\/a><\/p>\n","protected":false},"author":7,"featured_media":298483,"parent":298400,"menu_order":0,"comment_status":"closed","ping_status":"closed","template":"templates\/products-sidebar.php","meta":{"_acf_changed":false,"_bbp_topic_count":0,"_bbp_reply_count":0,"_bbp_total_topic_count":0,"_bbp_total_reply_count":0,"_bbp_voice_count":0,"_bbp_anonymous_reply_count":0,"_bbp_topic_count_hidden":0,"_bbp_reply_count_hidden":0,"_bbp_forum_subforum_count":0,"footnotes":""},"categories":[],"class_list":["post-298482","page","type-page","status-publish","has-post-thumbnail","hentry"],"acf":[],"language":"hu","_links":{"self":[{"href":"https:\/\/globecore.dev\/hu\/wp-json\/wp\/v2\/pages\/298482","targetHints":{"allow":["GET"]}}],"collection":[{"href":"https:\/\/globecore.dev\/hu\/wp-json\/wp\/v2\/pages"}],"about":[{"href":"https:\/\/globecore.dev\/hu\/wp-json\/wp\/v2\/types\/page"}],"author":[{"embeddable":true,"href":"https:\/\/globecore.dev\/hu\/wp-json\/wp\/v2\/users\/7"}],"replies":[{"embeddable":true,"href":"https:\/\/globecore.dev\/hu\/wp-json\/wp\/v2\/comments?post=298482"}],"version-history":[{"count":0,"href":"https:\/\/globecore.dev\/hu\/wp-json\/wp\/v2\/pages\/298482\/revisions"}],"up":[{"embeddable":true,"href":"https:\/\/globecore.dev\/hu\/wp-json\/wp\/v2\/pages\/298400"}],"wp:featuredmedia":[{"embeddable":true,"href":"https:\/\/globecore.dev\/hu\/wp-json\/wp\/v2\/media\/298483"}],"wp:attachment":[{"href":"https:\/\/globecore.dev\/hu\/wp-json\/wp\/v2\/media?parent=298482"}],"wp:term":[{"taxonomy":"category","embeddable":true,"href":"https:\/\/globecore.dev\/hu\/wp-json\/wp\/v2\/categories?post=298482"}],"curies":[{"name":"wp","href":"https:\/\/api.w.org\/{rel}","templated":true}]}}