{"id":298476,"date":"2016-04-01T07:28:13","date_gmt":"2016-04-01T07:28:13","guid":{"rendered":"https:\/\/globecore.dev\/products\/degassing-thermal-vacuum-drying-oil\/"},"modified":"2025-02-25T12:17:35","modified_gmt":"2025-02-25T12:17:35","slug":"degassing-thermal-vacuum-drying-oil","status":"publish","type":"page","link":"https:\/\/globecore.dev\/hu\/products\/degassing-thermal-vacuum-drying-oil\/","title":{"rendered":"Olaj g\u00e1ztalan\u00edt\u00e1s, termikus olaj v\u00e1kuumsz\u00e1r\u00edt\u00e1s"},"content":{"rendered":"<p>A transzform\u00e1torolaj g\u00e1ztalan\u00edt\u00e1sa olyan folyamatok \u00f6sszess\u00e9ge, amelyek c\u00e9lja a v\u00edz, a g\u00e1zok \u00e9s a mechanikai szennyez\u0151d\u00e9sek elt\u00e1vol\u00edt\u00e1sa a dielektromos olajb\u00f3l.<\/p>\n<p>A g\u00e1ztalan\u00edt\u00e1si \u00e9s v\u00e1kuumoz\u00e1si folyamatok elv\u00e9gz\u00e9s\u00e9re speci\u00e1lis olajtalan\u00edt\u00f3 egys\u00e9gek \u00e1llnak rendelkez\u00e9sre. Az ilyen berendez\u00e9sek f\u0151 r\u00e9sze egy g\u00e1zmentes\u00edt\u0151, amely k\u00e9t tart\u00e1lyb\u00f3l \u00e1ll. A tart\u00e1lyokban a v\u00e1kuumot v\u00e1kuumszivatty\u00farendszer hozza l\u00e9tre. Az olajg\u00e1zmentes\u00edt\u00e9s akkor t\u00f6rt\u00e9nik, amikor az olaj v\u00e9kony sug\u00e1rban \u00e1ramlik a Raschig-gy\u0171r\u0171k fel\u00fclet\u00e9n.<\/p>\n","protected":false},"excerpt":{"rendered":"<p>A transzform\u00e1torolaj g\u00e1ztalan\u00edt\u00e1sa olyan folyamatok \u00f6sszess\u00e9ge, amelyek c\u00e9lja a v\u00edz, a g\u00e1zok \u00e9s a mechanikai szennyez\u0151d\u00e9sek elt\u00e1vol\u00edt\u00e1sa a dielektromos olajb\u00f3l. A g\u00e1ztalan\u00edt\u00e1si \u00e9s v\u00e1kuumoz\u00e1si folyamatok elv\u00e9gz\u00e9s\u00e9re speci\u00e1lis olajtalan\u00edt\u00f3 egys\u00e9gek \u00e1llnak rendelkez\u00e9sre. Az ilyen berendez\u00e9sek f\u0151 r\u00e9sze egy g\u00e1zmentes\u00edt\u0151, amely k\u00e9t tart\u00e1lyb\u00f3l \u00e1ll. A tart\u00e1lyokban a v\u00e1kuumot v\u00e1kuumszivatty\u00farendszer hozza l\u00e9tre. Az olajg\u00e1zmentes\u00edt\u00e9s akkor t\u00f6rt\u00e9nik, amikor az<a class=\"cg-read-more\" href=\"https:\/\/globecore.dev\/hu\/products\/degassing-thermal-vacuum-drying-oil\/\" target=\"_blank\">Read More <\/a><\/p>\n","protected":false},"author":7,"featured_media":298481,"parent":298400,"menu_order":0,"comment_status":"closed","ping_status":"closed","template":"templates\/products-sidebar.php","meta":{"_acf_changed":false,"_bbp_topic_count":0,"_bbp_reply_count":0,"_bbp_total_topic_count":0,"_bbp_total_reply_count":0,"_bbp_voice_count":0,"_bbp_anonymous_reply_count":0,"_bbp_topic_count_hidden":0,"_bbp_reply_count_hidden":0,"_bbp_forum_subforum_count":0,"footnotes":""},"categories":[],"class_list":["post-298476","page","type-page","status-publish","has-post-thumbnail","hentry"],"acf":[],"language":"hu","_links":{"self":[{"href":"https:\/\/globecore.dev\/hu\/wp-json\/wp\/v2\/pages\/298476","targetHints":{"allow":["GET"]}}],"collection":[{"href":"https:\/\/globecore.dev\/hu\/wp-json\/wp\/v2\/pages"}],"about":[{"href":"https:\/\/globecore.dev\/hu\/wp-json\/wp\/v2\/types\/page"}],"author":[{"embeddable":true,"href":"https:\/\/globecore.dev\/hu\/wp-json\/wp\/v2\/users\/7"}],"replies":[{"embeddable":true,"href":"https:\/\/globecore.dev\/hu\/wp-json\/wp\/v2\/comments?post=298476"}],"version-history":[{"count":0,"href":"https:\/\/globecore.dev\/hu\/wp-json\/wp\/v2\/pages\/298476\/revisions"}],"up":[{"embeddable":true,"href":"https:\/\/globecore.dev\/hu\/wp-json\/wp\/v2\/pages\/298400"}],"wp:featuredmedia":[{"embeddable":true,"href":"https:\/\/globecore.dev\/hu\/wp-json\/wp\/v2\/media\/298481"}],"wp:attachment":[{"href":"https:\/\/globecore.dev\/hu\/wp-json\/wp\/v2\/media?parent=298476"}],"wp:term":[{"taxonomy":"category","embeddable":true,"href":"https:\/\/globecore.dev\/hu\/wp-json\/wp\/v2\/categories?post=298476"}],"curies":[{"name":"wp","href":"https:\/\/api.w.org\/{rel}","templated":true}]}}