{"id":298475,"date":"2017-07-31T12:06:31","date_gmt":"2017-07-31T12:06:31","guid":{"rendered":"https:\/\/globecore.dev\/products\/oil-regeneration\/"},"modified":"2025-02-25T12:32:46","modified_gmt":"2025-02-25T12:32:46","slug":"oil-regeneration","status":"publish","type":"page","link":"https:\/\/globecore.dev\/hu\/products\/oil-regeneration\/","title":{"rendered":"Olaj regener\u00e1l\u00e1s"},"content":{"rendered":"<h2>GlobeCore transzform\u00e1torolaj-regener\u00e1l\u00f3 \u00fczemek<\/h2>\n<p>A GlobeCore CMM-R olajregener\u00e1l\u00f3 \u00fczemei \u00e9lvonalbeli megold\u00e1st k\u00edn\u00e1lnak a transzform\u00e1torok, k\u00fcl\u00f6n\u00f6sen a fesz\u00fclts\u00e9g alatt \u00e1ll\u00f3 transzform\u00e1torok hat\u00e9kony \u00e9s eredm\u00e9nyes olajregener\u00e1l\u00e1s\u00e1ra. A hagyom\u00e1nyos rendszerekkel ellent\u00e9tben a CMM-R egys\u00e9g z\u00f6kken\u0151mentesen k\u00e9pes feldolgozni az olajat a transzform\u00e1tor m\u0171k\u00f6d\u00e9se k\u00f6zben, \u00edgy ide\u00e1lis v\u00e1laszt\u00e1s a transzform\u00e1torolaj karbantart\u00e1s\u00e1ra \u00e9s a kritikus elektromos infrastrukt\u00fara \u00e9lettartam\u00e1nak meghosszabb\u00edt\u00e1s\u00e1ra.<\/p>\n<h2>A GlobeCore olajregener\u00e1l\u00e1s legfontosabb jellemz\u0151i<\/h2>\n<p>Az olajregener\u00e1l\u00e1si folyamat a CMM-R egys\u00e9g fesz\u00fclts\u00e9g alatt \u00e1ll\u00f3 transzform\u00e1torhoz val\u00f3 csatlakoztat\u00e1s\u00e1val kezd\u0151dik. A transzform\u00e1torb\u00f3l sz\u00e1rmaz\u00f3 olaj a k\u00e9sz\u00fcl\u00e9kbe ker\u00fcl, ahol alapos regener\u00e1l\u00e1son \u00e9s g\u00e1zmentes\u00edt\u00e9sen megy kereszt\u00fcl. Ez az egyed\u00fcl\u00e1ll\u00f3 megk\u00f6zel\u00edt\u00e9s hat\u00e9konyan t\u00e1vol\u00edtja el az oxid\u00e1ci\u00f3s term\u00e9keket \u00e9s szennyez\u0151d\u00e9seket a transzform\u00e1torolajb\u00f3l, helyre\u00e1ll\u00edtva annak tulajdons\u00e1gait \u00e9s megakad\u00e1lyozva a degrad\u00e1ci\u00f3t. A feldolgozott olajat ezut\u00e1n t\u00f6bb ciklusban visszavezetik a transzform\u00e1torba, l\u00e9trehozva egy olyan k\u00f6rt, amely fokozatosan tiszt\u00edtja a transzform\u00e1tor pap\u00edrszigetel\u00e9s\u00e9t.<\/p>\n<p>Ahogy az olaj kering a fesz\u00fclts\u00e9g alatt \u00e1ll\u00f3 transzform\u00e1toron kereszt\u00fcl, a nagy kering\u00e9si sebess\u00e9g, a h\u0151 \u00e9s a rezg\u00e9s el\u0151seg\u00edti az optim\u00e1lis tiszt\u00edt\u00e1si k\u00f6rnyezet kialakul\u00e1s\u00e1t. A pap\u00edrszigetel\u00e9sbe be\u00e1gyaz\u00f3dott szennyez\u0151d\u00e9seket a k\u00e9sz\u00fcl\u00e9kben l\u00e9v\u0151 adszorbens elmozd\u00edtja \u00e9s felfogja. Ez az egyidej\u0171 olajregener\u00e1l\u00e1s \u00e9s a pap\u00edrszigetel\u00e9s tiszt\u00edt\u00e1sa minimaliz\u00e1lja a transzform\u00e1tor \u00e1ll\u00e1sidej\u00e9t \u00e9s jav\u00edtja a szigetel\u00e9s min\u0151s\u00e9g\u00e9t.<\/p>\n<p>A GlobeCore CMM-R olajregener\u00e1l\u00f3 g\u00e9p biztos\u00edtja, hogy mind az olaj, mind a pap\u00edrszigetel\u00e9s optim\u00e1lis \u00e1llapotban maradjon, megb\u00edzhat\u00f3, fenntarthat\u00f3 \u00e9s k\u00f6lts\u00e9ghat\u00e9kony megold\u00e1st k\u00edn\u00e1lva a transzform\u00e1torolaj regener\u00e1l\u00e1s\u00e1ra \u00e9s tiszt\u00edt\u00e1s\u00e1ra.<\/p>\n","protected":false},"excerpt":{"rendered":"<p>GlobeCore transzform\u00e1torolaj-regener\u00e1l\u00f3 \u00fczemek A GlobeCore CMM-R olajregener\u00e1l\u00f3 \u00fczemei \u00e9lvonalbeli megold\u00e1st k\u00edn\u00e1lnak a transzform\u00e1torok, k\u00fcl\u00f6n\u00f6sen a fesz\u00fclts\u00e9g alatt \u00e1ll\u00f3 transzform\u00e1torok hat\u00e9kony \u00e9s eredm\u00e9nyes olajregener\u00e1l\u00e1s\u00e1ra. A hagyom\u00e1nyos rendszerekkel ellent\u00e9tben a CMM-R egys\u00e9g z\u00f6kken\u0151mentesen k\u00e9pes feldolgozni az olajat a transzform\u00e1tor m\u0171k\u00f6d\u00e9se k\u00f6zben, \u00edgy ide\u00e1lis v\u00e1laszt\u00e1s a transzform\u00e1torolaj karbantart\u00e1s\u00e1ra \u00e9s a kritikus elektromos infrastrukt\u00fara \u00e9lettartam\u00e1nak meghosszabb\u00edt\u00e1s\u00e1ra. A GlobeCore olajregener\u00e1l\u00e1s<a class=\"cg-read-more\" href=\"https:\/\/globecore.dev\/hu\/products\/oil-regeneration\/\" target=\"_blank\">Read More <\/a><\/p>\n","protected":false},"author":1,"featured_media":298479,"parent":298400,"menu_order":0,"comment_status":"closed","ping_status":"closed","template":"templates\/products-sidebar.php","meta":{"_acf_changed":false,"_bbp_topic_count":0,"_bbp_reply_count":0,"_bbp_total_topic_count":0,"_bbp_total_reply_count":0,"_bbp_voice_count":0,"_bbp_anonymous_reply_count":0,"_bbp_topic_count_hidden":0,"_bbp_reply_count_hidden":0,"_bbp_forum_subforum_count":0,"footnotes":""},"categories":[],"class_list":["post-298475","page","type-page","status-publish","has-post-thumbnail","hentry"],"acf":[],"language":"hu","_links":{"self":[{"href":"https:\/\/globecore.dev\/hu\/wp-json\/wp\/v2\/pages\/298475","targetHints":{"allow":["GET"]}}],"collection":[{"href":"https:\/\/globecore.dev\/hu\/wp-json\/wp\/v2\/pages"}],"about":[{"href":"https:\/\/globecore.dev\/hu\/wp-json\/wp\/v2\/types\/page"}],"author":[{"embeddable":true,"href":"https:\/\/globecore.dev\/hu\/wp-json\/wp\/v2\/users\/1"}],"replies":[{"embeddable":true,"href":"https:\/\/globecore.dev\/hu\/wp-json\/wp\/v2\/comments?post=298475"}],"version-history":[{"count":0,"href":"https:\/\/globecore.dev\/hu\/wp-json\/wp\/v2\/pages\/298475\/revisions"}],"up":[{"embeddable":true,"href":"https:\/\/globecore.dev\/hu\/wp-json\/wp\/v2\/pages\/298400"}],"wp:featuredmedia":[{"embeddable":true,"href":"https:\/\/globecore.dev\/hu\/wp-json\/wp\/v2\/media\/298479"}],"wp:attachment":[{"href":"https:\/\/globecore.dev\/hu\/wp-json\/wp\/v2\/media?parent=298475"}],"wp:term":[{"taxonomy":"category","embeddable":true,"href":"https:\/\/globecore.dev\/hu\/wp-json\/wp\/v2\/categories?post=298475"}],"curies":[{"name":"wp","href":"https:\/\/api.w.org\/{rel}","templated":true}]}}