{"id":65205,"date":"2022-08-25T11:11:39","date_gmt":"2022-08-25T11:11:39","guid":{"rendered":"https:\/\/globecore.dev\/gc-roots-vacuum-pumps\/"},"modified":"2025-01-15T11:59:55","modified_gmt":"2025-01-15T11:59:55","slug":"gc-roots-vacuum-pumps","status":"publish","type":"page","link":"https:\/\/globecore.dev\/fr\/products\/accessoires\/vacuum-pumps\/gc-roots-vacuum-pumps\/","title":{"rendered":"GC Pompes \u00e0 vide (Racines)"},"content":{"rendered":"","protected":false},"excerpt":{"rendered":"","protected":false},"author":7,"featured_media":65140,"parent":65211,"menu_order":0,"comment_status":"closed","ping_status":"closed","template":"templates\/single-product.php","meta":{"_acf_changed":false,"_bbp_topic_count":0,"_bbp_reply_count":0,"_bbp_total_topic_count":0,"_bbp_total_reply_count":0,"_bbp_voice_count":0,"_bbp_anonymous_reply_count":0,"_bbp_topic_count_hidden":0,"_bbp_reply_count_hidden":0,"_bbp_forum_subforum_count":0,"footnotes":""},"categories":[],"class_list":["post-65205","page","type-page","status-publish","has-post-thumbnail","hentry"],"acf":{"add_tab":[{"tab_title":"Description","tab_content":"<p style=\"text-align: justify;\">Les pompes \u00e0 vide Racines GC sont con\u00e7ues pour cr\u00e9er un vide faible et moyen. Le principe de fonctionnement des pompes \u00e0 vide Racines est bas\u00e9 sur l'entr\u00e9e et la sortie de gaz gr\u00e2ce \u00e0 la rotation de deux rotors plac\u00e9s dans le carter. La pompe Racines ne peut pas \u00e9vacuer directement dans l'atmosph\u00e8re, elle est donc g\u00e9n\u00e9ralement utilis\u00e9e en conjonction avec une pompe primaire.<\/p>\r\n<p style=\"text-align: justify;\">Applications possibles pour les pompes \u00e0 vide Racines;<\/p>\r\n\r\n<ul>\r\n \t<li style=\"text-align: justify;\">d\u00e9gazage sous vide ;<\/li>\r\n \t<li style=\"text-align: justify;\">fusion sous vide ;<\/li>\r\n \t<li style=\"text-align: justify;\">traitement sous vide de l'acier en fusion ;<\/li>\r\n \t<li style=\"text-align: justify;\">le traitement thermique sous vide en m\u00e9tallurgie ;<\/li>\r\n \t<li style=\"text-align: justify;\">industrie chimique ;<\/li>\r\n \t<li style=\"text-align: justify;\">la m\u00e9decine ;<\/li>\r\n \t<li style=\"text-align: justify;\">industrie alimentaire ;<\/li>\r\n \t<li style=\"text-align: justify;\">construction de moteurs, etc\u2026<\/li>\r\n<\/ul>"}],"add_def_tab":[{"tab_title":"Caract\u00e9ristiques","tab_content":"<table>\n<tbody>\n<tr>\n<td><strong>\u2116<\/strong><\/td>\n<td colspan=\"2\" width=\"237\"><strong>Mod\u00e8le<\/strong><\/td>\n<td width=\"56\"><strong>\u00a0<\/strong><\/td>\n<td>\n<p style=\"text-align: center;\"><strong>GC-70<\/strong><\/p>\n<\/td>\n<td>\n<p style=\"text-align: center;\"><strong>GC-150<\/strong><\/p>\n<\/td>\n<td>\n<p style=\"text-align: center;\"><strong>GC-300<\/strong><\/p>\n<\/td>\n<td>\n<p style=\"text-align: center;\"><strong>GC-600<\/strong><\/p>\n<\/td>\n<td>\n<p style=\"text-align: center;\"><strong>GC-1200<\/strong><\/p>\n<\/td>\n<\/tr>\n<tr>\n<td rowspan=\"2\">1<\/td>\n<td rowspan=\"2\">Vitesse de pompage nominale<\/td>\n<td width=\"47\">50 Hz<\/td>\n<td rowspan=\"2\" width=\"56\">\n<p style=\"text-align: center;\">m3\/h<\/p>\n<\/td>\n<td>\n<p style=\"text-align: center;\">250<\/p>\n<\/td>\n<td>\n<p style=\"text-align: center;\">540<\/p>\n<\/td>\n<td>\n<p style=\"text-align: center;\">1080<\/p>\n<\/td>\n<td>\n<p style=\"text-align: center;\">2160<\/p>\n<\/td>\n<td>\n<p style=\"text-align: center;\">4320<\/p>\n<\/td>\n<\/tr>\n<tr>\n<td width=\"47\">60 Hz<\/td>\n<td>\n<p style=\"text-align: center;\">300<\/p>\n<\/td>\n<td>\n<p style=\"text-align: center;\">650<\/p>\n<\/td>\n<td>\n<p style=\"text-align: center;\">1300<\/p>\n<\/td>\n<td>\n<p style=\"text-align: center;\">2590<\/p>\n<\/td>\n<td>\n<p style=\"text-align: center;\">5200<\/p>\n<\/td>\n<\/tr>\n<tr>\n<td>2<\/td>\n<td colspan=\"2\" width=\"237\">Pression ultime<\/td>\n<td width=\"56\">\n<p style=\"text-align: center;\">Pa<\/p>\n<\/td>\n<td>\n<p style=\"text-align: center;\">3&#215;10<sup>-2<\/sup><\/p>\n<\/td>\n<td>\n<p style=\"text-align: center;\">3&#215;10<sup>-2<\/sup><\/p>\n<\/td>\n<td>\n<p style=\"text-align: center;\">3&#215;10<sup>-2<\/sup><\/p>\n<\/td>\n<td>\n<p style=\"text-align: center;\">3&#215;10<sup>-2<\/sup><\/p>\n<\/td>\n<td>\n<p style=\"text-align: center;\">3&#215;10<sup>-2<\/sup><\/p>\n<\/td>\n<\/tr>\n<tr>\n<td>3<\/td>\n<td colspan=\"2\" width=\"237\">Pression diff\u00e9rentielle admissible<\/td>\n<td width=\"56\">\n<p style=\"text-align: center;\">hPa<\/p>\n<\/td>\n<td>\n<p style=\"text-align: center;\">100<\/p>\n<\/td>\n<td>\n<p style=\"text-align: center;\">80<\/p>\n<\/td>\n<td>\n<p style=\"text-align: center;\">60<\/p>\n<\/td>\n<td>\n<p style=\"text-align: center;\">45<\/p>\n<\/td>\n<td>\n<p style=\"text-align: center;\">53<\/p>\n<\/td>\n<\/tr>\n<tr>\n<td>4<\/td>\n<td colspan=\"2\" width=\"237\">Temp\u00e9rature ambiante admissible<\/td>\n<td width=\"56\">\n<p style=\"text-align: center;\">\u00b0C<\/p>\n<\/td>\n<td>\n<p style=\"text-align: center;\">5-40<\/p>\n<\/td>\n<td>\n<p style=\"text-align: center;\">5-40<\/p>\n<\/td>\n<td>\n<p style=\"text-align: center;\">5-40<\/p>\n<\/td>\n<td>\n<p style=\"text-align: center;\">5-40<\/p>\n<\/td>\n<td>\n<p style=\"text-align: center;\">5-40<\/p>\n<\/td>\n<\/tr>\n<tr>\n<td>5<\/td>\n<td colspan=\"2\" width=\"237\">Tension moteur, 50 Hz<\/td>\n<td width=\"56\">\n<p style=\"text-align: center;\">V<\/p>\n<\/td>\n<td>\n<p style=\"text-align: center;\">380<\/p>\n<\/td>\n<td>\n<p style=\"text-align: center;\">380<\/p>\n<\/td>\n<td>\n<p style=\"text-align: center;\">380<\/p>\n<\/td>\n<td>\n<p style=\"text-align: center;\">380<\/p>\n<\/td>\n<td>\n<p style=\"text-align: center;\">380<\/p>\n<\/td>\n<\/tr>\n<tr>\n<td>6<\/td>\n<td colspan=\"2\" width=\"237\">Puissance moteur, 50 Hz<\/td>\n<td width=\"56\">\n<p style=\"text-align: center;\">kW<\/p>\n<\/td>\n<td>\n<p style=\"text-align: center;\">1.1<\/p>\n<\/td>\n<td>\n<p style=\"text-align: center;\">2.2<\/p>\n<\/td>\n<td>\n<p style=\"text-align: center;\">4<\/p>\n<\/td>\n<td>\n<p style=\"text-align: center;\">7.5<\/p>\n<\/td>\n<td>\n<p style=\"text-align: center;\">11<\/p>\n<\/td>\n<\/tr>\n<tr>\n<td>7<\/td>\n<td colspan=\"2\" width=\"237\">Vitesse de rotation, 50 Hz<\/td>\n<td width=\"56\">\n<p style=\"text-align: center;\">trs\/mn<\/p>\n<\/td>\n<td>\n<p style=\"text-align: center;\">2825<\/p>\n<\/td>\n<td>\n<p style=\"text-align: center;\">2840<\/p>\n<\/td>\n<td>\n<p style=\"text-align: center;\">2890<\/p>\n<\/td>\n<td>\n<p style=\"text-align: center;\">2900<\/p>\n<\/td>\n<td>\n<p style=\"text-align: center;\">2900<\/p>\n<\/td>\n<\/tr>\n<tr>\n<td>8<\/td>\n<td colspan=\"2\" width=\"237\">protection<\/td>\n<td width=\"56\">\n<p style=\"text-align: center;\">IP<\/p>\n<\/td>\n<td>\n<p style=\"text-align: center;\">44<\/p>\n<\/td>\n<td>\n<p style=\"text-align: center;\">44<\/p>\n<\/td>\n<td>\n<p style=\"text-align: center;\">44<\/p>\n<\/td>\n<td>\n<p style=\"text-align: center;\">44<\/p>\n<\/td>\n<td>\n<p style=\"text-align: center;\">44<\/p>\n<\/td>\n<\/tr>\n<tr>\n<td>9<\/td>\n<td colspan=\"2\" width=\"237\">Remplissage d&#8217;huile de bo\u00eete de vitesses<\/td>\n<td width=\"56\">\n<p style=\"text-align: center;\">l<\/p>\n<\/td>\n<td>\n<p style=\"text-align: center;\">0.8<\/p>\n<\/td>\n<td>\n<p style=\"text-align: center;\">2.8<\/p>\n<\/td>\n<td>\n<p style=\"text-align: center;\">2.8<\/p>\n<\/td>\n<td>\n<p style=\"text-align: center;\">7.5<\/p>\n<\/td>\n<td>\n<p style=\"text-align: center;\">7.5<\/p>\n<\/td>\n<\/tr>\n<tr>\n<td rowspan=\"2\">10<\/td>\n<td rowspan=\"2\">Diam\u00e8tre int\u00e9rieur de la bride<\/td>\n<td width=\"47\">Entr\u00e9e<\/td>\n<td rowspan=\"2\" width=\"56\">\n<p style=\"text-align: center;\">mm<\/p>\n<\/td>\n<td rowspan=\"2\">\n<p style=\"text-align: center;\">80<\/p>\n<p style=\"text-align: center;\">50<\/p>\n<\/td>\n<td rowspan=\"2\">\n<p style=\"text-align: center;\">100<\/p>\n<\/td>\n<td rowspan=\"2\">\n<p style=\"text-align: center;\">150<\/p>\n<\/td>\n<td rowspan=\"2\">\n<p style=\"text-align: center;\">200<\/p>\n<\/td>\n<td rowspan=\"2\">\n<p style=\"text-align: center;\">250<\/p>\n<p style=\"text-align: center;\">200<\/p>\n<\/td>\n<\/tr>\n<tr>\n<td width=\"47\">Sortir<\/td>\n<\/tr>\n<tr>\n<td>11<\/td>\n<td colspan=\"2\" width=\"237\">Alimentation en eau de refroidissement<\/td>\n<td width=\"56\">\n<p style=\"text-align: center;\">l\/h<\/p>\n<\/td>\n<td>\n<p style=\"text-align: center;\">\/<\/p>\n<\/td>\n<td>\n<p style=\"text-align: center;\">\/<\/p>\n<\/td>\n<td>\n<p style=\"text-align: center;\">\/<\/p>\n<\/td>\n<td>\n<p style=\"text-align: center;\">150<\/p>\n<\/td>\n<td>\n<p style=\"text-align: center;\">150<\/p>\n<\/td>\n<\/tr>\n<tr>\n<td>12<\/td>\n<td colspan=\"2\" width=\"237\">Poids avec moteur<\/td>\n<td width=\"56\">\n<p style=\"text-align: center;\">Kg<\/p>\n<\/td>\n<td>\n<p style=\"text-align: center;\">80<\/p>\n<\/td>\n<td>\n<p style=\"text-align: center;\">180<\/p>\n<\/td>\n<td>\n<p style=\"text-align: center;\">245<\/p>\n<\/td>\n<td>\n<p style=\"text-align: center;\">575<\/p>\n<\/td>\n<td>\n<p style=\"text-align: center;\">800<\/p>\n<\/td>\n<\/tr>\n<tr>\n<td>13<\/td>\n<td colspan=\"2\" width=\"237\">Poids avec emballage<\/td>\n<td width=\"56\">\n<p style=\"text-align: center;\">Kg<\/p>\n<\/td>\n<td>\n<p style=\"text-align: center;\">110<\/p>\n<\/td>\n<td>\n<p style=\"text-align: center;\">240<\/p>\n<\/td>\n<td>\n<p style=\"text-align: center;\">315<\/p>\n<\/td>\n<td>\n<p style=\"text-align: center;\">660<\/p>\n<\/td>\n<td>\n<p style=\"text-align: center;\">950<\/p>\n<\/td>\n<\/tr>\n<tr>\n<td>14<\/td>\n<td colspan=\"2\" width=\"237\">Niveau de bruit (\u00e0 la pression ultime)<\/td>\n<td width=\"56\">\n<p style=\"text-align: center;\">dB<\/p>\n<\/td>\n<td>\n<p style=\"text-align: center;\">65<\/p>\n<\/td>\n<td>\n<p style=\"text-align: center;\">68<\/p>\n<\/td>\n<td>\n<p style=\"text-align: center;\">72<\/p>\n<\/td>\n<td>\n<p style=\"text-align: center;\">75<\/p>\n<\/td>\n<td>\n<p style=\"text-align: center;\">78<\/p>\n<\/td>\n<\/tr>\n<\/tbody>\n<\/table>\n"},{"tab_title":"Avantages","tab_content":"<ul>\n<li style=\"text-align: justify;\">le vide pouss\u00e9 est atteint en peu de temps ;<\/li>\n<li style=\"text-align: justify;\">vitesse de pompage \u00e9lev\u00e9e dans une large plage de pression (1-500 Pa) ;<\/li>\n<li style=\"text-align: justify;\">la chambre de pompage ne contient pas de lubrifiants ;<\/li>\n<li style=\"text-align: justify;\">douceur de travail ;<\/li>\n<li style=\"text-align: justify;\">faible niveau sonore ;<\/li>\n<li style=\"text-align: justify;\">vitesse de pompage \u00e9lev\u00e9e ;<\/li>\n<li style=\"text-align: justify;\">Basse consommation \u00e9nerg\u00e9tique ;<\/li>\n<li style=\"text-align: justify;\">Facilit\u00e9 d&#8217;entretien ;<\/li>\n<li style=\"text-align: justify;\">compacit\u00e9.<\/li>\n<\/ul>\n"}],"add_video_tab":null,"add_gallery_tab":null,"add_price_tab":null},"language":"fr","_links":{"self":[{"href":"https:\/\/globecore.dev\/fr\/wp-json\/wp\/v2\/pages\/65205","targetHints":{"allow":["GET"]}}],"collection":[{"href":"https:\/\/globecore.dev\/fr\/wp-json\/wp\/v2\/pages"}],"about":[{"href":"https:\/\/globecore.dev\/fr\/wp-json\/wp\/v2\/types\/page"}],"author":[{"embeddable":true,"href":"https:\/\/globecore.dev\/fr\/wp-json\/wp\/v2\/users\/7"}],"replies":[{"embeddable":true,"href":"https:\/\/globecore.dev\/fr\/wp-json\/wp\/v2\/comments?post=65205"}],"version-history":[{"count":0,"href":"https:\/\/globecore.dev\/fr\/wp-json\/wp\/v2\/pages\/65205\/revisions"}],"up":[{"embeddable":true,"href":"https:\/\/globecore.dev\/fr\/wp-json\/wp\/v2\/pages\/65211"}],"wp:featuredmedia":[{"embeddable":true,"href":"https:\/\/globecore.dev\/fr\/wp-json\/wp\/v2\/media\/65140"}],"wp:attachment":[{"href":"https:\/\/globecore.dev\/fr\/wp-json\/wp\/v2\/media?parent=65205"}],"wp:term":[{"taxonomy":"category","embeddable":true,"href":"https:\/\/globecore.dev\/fr\/wp-json\/wp\/v2\/categories?post=65205"}],"curies":[{"name":"wp","href":"https:\/\/api.w.org\/{rel}","templated":true}]}}