{"id":45032,"date":"2021-07-12T07:01:13","date_gmt":"2021-07-12T07:01:13","guid":{"rendered":"https:\/\/globecore.dev\/products\/colloid-mill\/colloid-mil-clm-100-3\/"},"modified":"2025-12-18T11:56:01","modified_gmt":"2025-12-18T11:56:01","slug":"colloid-mil-clm-100-3","status":"publish","type":"page","link":"https:\/\/globecore.dev\/fr\/products\/broyeur-colloidal\/colloid-mills-for-the-food-industry\/colloid-mil-clm-100-3\/","title":{"rendered":"CLM-100.3 Moulin collo\u00efdal"},"content":{"rendered":"","protected":false},"excerpt":{"rendered":"<p>Le broyeur collo\u00efdal CLM-100.3 destin\u00e9 \u00e0 l\u2019industrie alimentaire est con\u00e7u pour le broyage fin de substances jusqu\u2019\u00e0 une consistance p\u00e2teuse, produisant une suspension \u00e9paisse sous des conditions de fort cisaillement. Toutes les parties du broyeur en contact avec le produit sont fabriqu\u00e9es en acier inoxydable chimiquement r\u00e9sistant, garantissant hygi\u00e8ne et durabilit\u00e9. La capacit\u00e9 de l\u2019unit\u00e9 est de 0,1 m\u00b3\/h (0,44 gpm).<\/p>\n","protected":false},"author":7,"featured_media":44456,"parent":67988,"menu_order":0,"comment_status":"closed","ping_status":"closed","template":"templates\/single-product.php","meta":{"_acf_changed":false,"_bbp_topic_count":0,"_bbp_reply_count":0,"_bbp_total_topic_count":0,"_bbp_total_reply_count":0,"_bbp_voice_count":0,"_bbp_anonymous_reply_count":0,"_bbp_topic_count_hidden":0,"_bbp_reply_count_hidden":0,"_bbp_forum_subforum_count":0,"footnotes":""},"categories":[1381],"class_list":["post-45032","page","type-page","status-publish","has-post-thumbnail","hentry","category-broyeur-colloidal","oil_type-industrie-alimentaire","process_type-broyage","process_type-melange"],"acf":{"add_tab":[{"tab_title":"Description","tab_content":"Le moulin collo\u00efdal CLM-100.3 est con\u00e7u pour le broyage de substances \u00e0 l'\u00e9tat p\u00e2teux, c'est-\u00e0-dire l'obtention d'une suspension \u00e9paisse avec des contraintes de cisaillement \u00e9lev\u00e9es."}],"add_def_tab":[{"tab_title":"Caract\u00e9ristiques","tab_content":"<table>\n<tbody>\n<tr>\n<td><strong>\u2116<\/strong><\/p>\n<p><strong>P\/P<\/strong><\/td>\n<td>\n<p style=\"text-align: center;\"><strong>Le nom du param\u00e8tre<\/strong><\/p>\n<\/td>\n<td>\n<p style=\"text-align: center;\"><strong>Valeur<\/strong><\/p>\n<\/td>\n<\/tr>\n<tr>\n<td>1<\/td>\n<td>Productivit\u00e9 unitaire, l\/heure ( gpm), pas plus<\/td>\n<td>\n<p style=\"text-align: center;\">100 (0,44)*<\/p>\n<\/td>\n<\/tr>\n<tr>\n<td>2<\/td>\n<td>Volume de chargement , l (gal)<\/td>\n<td>\n<p style=\"text-align: center;\">5 (1,3)<\/p>\n<\/td>\n<\/tr>\n<tr>\n<td>3<\/td>\n<td>Type de joint d\u2019arbre<\/td>\n<td>\n<p style=\"text-align: center;\">labyrinthe<\/p>\n<\/td>\n<\/tr>\n<tr>\n<td>4<\/td>\n<td>Jeu axial des couteaux (pr\u00e9r\u00e9gl\u00e9), mm (in)<\/td>\n<td>\n<p style=\"text-align: center;\">0,4\u20260,8 (1,5\u00b710<sup>-2<\/sup>\u2026 3\u00b710<sup>-2<\/sup>)<\/p>\n<\/td>\n<\/tr>\n<tr>\n<td>5<\/td>\n<td>Vitesse circonf\u00e9rentielle de rotation des couteaux, m\/s (mph), pas plus<\/td>\n<td>\n<p style=\"text-align: center;\">40 (90)<\/p>\n<\/td>\n<\/tr>\n<tr>\n<td>6<\/td>\n<td>Vitesse de rotation de l\u2019arbre et des roulements du broyeur, tr\/min<\/td>\n<td>\n<p style=\"text-align: center;\">5880<\/p>\n<\/td>\n<\/tr>\n<tr>\n<td>7<\/td>\n<td>Vitesse de rotation de l\u2019arbre du moteur \u00e9lectrique, tr\/min<\/td>\n<td>\n<p style=\"text-align: center;\">2940<\/p>\n<\/td>\n<\/tr>\n<tr>\n<td>8<\/td>\n<td>Puissance d\u2019entra\u00eenement, kW<\/td>\n<td>\n<p style=\"text-align: center;\">3<\/p>\n<\/td>\n<\/tr>\n<tr>\n<td>9<\/td>\n<td>Tension du circuit d\u2019alimentation, V<\/td>\n<td>\n<p style=\"text-align: center;\">A la demande du client<\/p>\n<\/td>\n<\/tr>\n<tr>\n<td rowspan=\"4\">10<\/td>\n<td>Dimensions, mm (in), \u00a0:<\/td>\n<td><\/td>\n<\/tr>\n<tr>\n<td>-longueur<\/td>\n<td>\n<p style=\"text-align: center;\">600 (24)<\/p>\n<\/td>\n<\/tr>\n<tr>\n<td>-largeur<\/td>\n<td>\n<p style=\"text-align: center;\">700 (28)<\/p>\n<\/td>\n<\/tr>\n<tr>\n<td>-hauteur<\/td>\n<td>\n<p style=\"text-align: center;\">650 (26)<\/p>\n<\/td>\n<\/tr>\n<tr>\n<td>11<\/td>\n<td>Poids,\u00a0 kg (lb)<\/td>\n<td>\n<p style=\"text-align: center;\">70 (154)<\/p>\n<\/td>\n<\/tr>\n<\/tbody>\n<\/table>\n<p style=\"text-align: justify;\">* \u2013 d\u00e9pend de la fluidit\u00e9 du produit et de l\u2019\u00e9cart d\u2019outil r\u00e9gl\u00e9.<\/p>\n"},{"tab_title":"Avantages","tab_content":"<ul>\n<li style=\"text-align: justify;\">Format compact ;<\/li>\n<li style=\"text-align: justify;\">\u00a0Les \u00e9l\u00e9ments structurels de la partie coulante du broyeur sont en acier inoxydable r\u00e9sistant aux produits chimiques ;<\/li>\n<li style=\"text-align: justify;\">\u00a0Le broyeur peut \u00eatre \u00e9quip\u00e9 de diff\u00e9rents types d\u2019outils du syst\u00e8me rotor\/stator et du nombre d\u2019\u00e9tages de travail (anneaux) en fonction du type de substance trait\u00e9e et de l\u2019impact recherch\u00e9 (buse, chambre, c\u00f4ne pour le broyage, c\u00f4ne pour les produits visqueux) ;<\/li>\n<li style=\"text-align: justify;\">Les outils peuvent \u00eatre d\u00e9montables ou constitu\u00e9s d\u2019une pi\u00e8ce massive, et \u00e9galement constitu\u00e9s de diff\u00e9rentes qualit\u00e9s d\u2019acier, en fonction de la destination du laminoir ;<\/li>\n<li style=\"text-align: justify;\">\u00a0Le moulin peut fonctionner aussi bien \u00e0 l\u2019int\u00e9rieur qu\u2019\u00e0 l\u2019ext\u00e9rieur sous un auvent.<\/li>\n<\/ul>\n"},{"tab_title":"Webinaire","tab_content":"<div class=\"responsive-embed widescreen\">\n<div class=\"responsive-embed widescreen\">\n<div class=\"responsive-embed widescreen\">\n<div class=\"responsive-embed widescreen\"><iframe loading=\"lazy\" title=\"Webinaire - Broyage ultra-fin dans l'industrie alimentaire (17.11.2021)\" src=\"https:\/\/www.youtube.com\/embed\/jqEwm2QOx8c?feature=oembed\" width=\"500\" height=\"281\" frameborder=\"0\" allowfullscreen=\"allowfullscreen\"><\/iframe><\/div>\n<\/div>\n<\/div>\n<\/div>\n"}],"add_video_tab":[{"video_tab_title":"Vid\u00e9o","add_video_id":[{"video_id":"XK-cw2JarnM"},{"video_id":"1489QuAarp0"},{"video_id":"TVHFWE12lDs"},{"video_id":"e_jUCPKlbSM"},{"video_id":"T0bZ7JH6Tyo"}]}],"add_gallery_tab":null,"add_price_tab":[{"price_tab_title":"Get a quote"}]},"language":"fr","_links":{"self":[{"href":"https:\/\/globecore.dev\/fr\/wp-json\/wp\/v2\/pages\/45032","targetHints":{"allow":["GET"]}}],"collection":[{"href":"https:\/\/globecore.dev\/fr\/wp-json\/wp\/v2\/pages"}],"about":[{"href":"https:\/\/globecore.dev\/fr\/wp-json\/wp\/v2\/types\/page"}],"author":[{"embeddable":true,"href":"https:\/\/globecore.dev\/fr\/wp-json\/wp\/v2\/users\/7"}],"replies":[{"embeddable":true,"href":"https:\/\/globecore.dev\/fr\/wp-json\/wp\/v2\/comments?post=45032"}],"version-history":[{"count":0,"href":"https:\/\/globecore.dev\/fr\/wp-json\/wp\/v2\/pages\/45032\/revisions"}],"up":[{"embeddable":true,"href":"https:\/\/globecore.dev\/fr\/wp-json\/wp\/v2\/pages\/67988"}],"wp:featuredmedia":[{"embeddable":true,"href":"https:\/\/globecore.dev\/fr\/wp-json\/wp\/v2\/media\/44456"}],"wp:attachment":[{"href":"https:\/\/globecore.dev\/fr\/wp-json\/wp\/v2\/media?parent=45032"}],"wp:term":[{"taxonomy":"category","embeddable":true,"href":"https:\/\/globecore.dev\/fr\/wp-json\/wp\/v2\/categories?post=45032"}],"curies":[{"name":"wp","href":"https:\/\/api.w.org\/{rel}","templated":true}]}}