{"id":248877,"date":"2021-05-12T13:03:09","date_gmt":"2021-05-12T13:03:09","guid":{"rendered":"https:\/\/globecore.dev\/products\/zeolite-regeneration-and-drying\/zeolite-regeneration-units-brz\/"},"modified":"2025-01-16T10:08:40","modified_gmt":"2025-01-16T10:08:40","slug":"zeolite-regeneration-units-brz","status":"publish","type":"page","link":"https:\/\/globecore.dev\/fr\/products\/zeolite-regeneration-and-drying\/zeolite-regeneration-units-brz\/","title":{"rendered":"BRZ Bloc de R\u00e9g\u00e9n\u00e9ration de Z\u00e9olite"},"content":{"rendered":"","protected":false},"excerpt":{"rendered":"","protected":false},"author":59,"featured_media":53422,"parent":112896,"menu_order":0,"comment_status":"closed","ping_status":"closed","template":"templates\/single-product.php","meta":{"_acf_changed":false,"_bbp_topic_count":0,"_bbp_reply_count":0,"_bbp_total_topic_count":0,"_bbp_total_reply_count":0,"_bbp_voice_count":0,"_bbp_anonymous_reply_count":0,"_bbp_topic_count_hidden":0,"_bbp_reply_count_hidden":0,"_bbp_forum_subforum_count":0,"footnotes":""},"categories":[1339],"class_list":["post-248877","page","type-page","status-publish","has-post-thumbnail","hentry","category-oil-maintenance-fr","oil_type-sorbant","process_type-regeneration-fr"],"acf":{"add_tab":[{"tab_title":"Description","tab_content":"<p style=\"text-align: justify;\">L'unit\u00e9 de r\u00e9g\u00e9n\u00e9ration <strong>BRZ<\/strong> est con\u00e7ue pour restaurer les performances des cartouches de sorbant du syst\u00e8me de s\u00e9chage de transformateur <strong>CMM-260C<\/strong>, utilis\u00e9es pour le s\u00e9chage de l'huile isolante di\u00e9lectrique. L'unit\u00e9 <strong>BRZ<\/strong> r\u00e9g\u00e9n\u00e8re les cartouches par de l'air chaud afin de purger et nettoyer les cartouches de l'humidit\u00e9 exc\u00e9dentaire.<\/p>"}],"add_def_tab":[{"tab_title":"Caract\u00e9ristiques","tab_content":"<table>\n<tbody>\n<tr>\n<td style=\"text-align: center;\" width=\"328\"><strong>Param\u00e8tre<\/strong><\/td>\n<td style=\"text-align: center;\" width=\"329\"><strong>Valeur<\/strong><\/td>\n<\/tr>\n<tr>\n<td width=\"328\">Puissance du chauffe-eau, kW<\/td>\n<td style=\"text-align: center;\" width=\"329\">10.8<\/td>\n<\/tr>\n<tr>\n<td width=\"328\">Puissance du moteur du souffleur du refroidisseur, kW<\/td>\n<td style=\"text-align: center;\" width=\"329\">0.75<\/td>\n<\/tr>\n<tr>\n<td width=\"328\">Puissance nominale, kW<\/td>\n<td style=\"text-align: center;\" width=\"329\">13.2<\/td>\n<\/tr>\n<tr>\n<td colspan=\"2\" width=\"657\">Param\u00e8tres du mode de s\u00e9chage de la z\u00e9olite<\/td>\n<\/tr>\n<tr>\n<td width=\"328\">\n<ul>\n<li>D\u00e9bit du souffleur d&#8217;air, m3\/minute<\/li>\n<\/ul>\n<\/td>\n<td style=\"text-align: center;\" width=\"329\">2.3<\/td>\n<\/tr>\n<tr>\n<td width=\"328\">\n<ul>\n<li>Temp\u00e9rature de l&#8217;air chaud, \u00b0C\/\u00b0F<\/li>\n<\/ul>\n<\/td>\n<td style=\"text-align: center;\" width=\"329\">250\/483<\/td>\n<\/tr>\n<tr>\n<td colspan=\"2\" width=\"657\">Param\u00e8tres du mode de mise sous vide<\/td>\n<\/tr>\n<tr>\n<td width=\"328\">\n<ul>\n<li>Taux d&#8217;\u00e9vacuation, l\/seconde<\/li>\n<\/ul>\n<\/td>\n<td style=\"text-align: center;\" width=\"329\">6.6<\/td>\n<\/tr>\n<tr>\n<td width=\"328\">\n<ul>\n<li>Pression r\u00e9siduelle, mbar (mPa)<\/li>\n<\/ul>\n<\/td>\n<td style=\"text-align: center;\" width=\"329\">250<\/td>\n<\/tr>\n<tr>\n<td colspan=\"2\" width=\"657\">Dimensions, mm :<\/td>\n<\/tr>\n<tr>\n<td width=\"328\">\n<ul>\n<li>Longueur<\/li>\n<\/ul>\n<\/td>\n<td style=\"text-align: center;\" width=\"329\">1100\/3\u20193\u2019\u2019<\/td>\n<\/tr>\n<tr>\n<td width=\"328\">\n<ul>\n<li>Largeur<\/li>\n<\/ul>\n<\/td>\n<td style=\"text-align: center;\" width=\"329\">650\/2\u20192\u2019\u2019<\/td>\n<\/tr>\n<tr>\n<td width=\"328\">\n<ul>\n<li>Hauteur<\/li>\n<\/ul>\n<\/td>\n<td style=\"text-align: center;\" width=\"329\">1250\/4\u20191\u2019\u2019<\/td>\n<\/tr>\n<tr>\n<td width=\"328\">Poids, kg<\/td>\n<td style=\"text-align: center;\" width=\"329\">220\/486.2<\/td>\n<\/tr>\n<\/tbody>\n<\/table>\n"},{"tab_title":"Avantages","tab_content":"<ul>\n<li style=\"text-align: justify;\">Restauration des param\u00e8tres initiaux de la z\u00e9olite ;<\/li>\n<li style=\"text-align: justify;\">Autres sorbants peuvent \u00eatre r\u00e9g\u00e9n\u00e9r\u00e9s, comme le gel de silice ;<\/li>\n<li style=\"text-align: justify;\">Peut \u00eatre utilis\u00e9 avec l&#8217;unit\u00e9 CMM-260C ou seul ;<\/li>\n<li style=\"text-align: justify;\">Taille compacte et mobilit\u00e9 ;<\/li>\n<li style=\"text-align: justify;\">Simplicit\u00e9 d&#8217;utilisation et de maintenance.<\/li>\n<\/ul>\n<p>&nbsp;<\/p>\n"},{"tab_title":"Application","tab_content":"[product_oil_types]"},{"tab_title":"Webinaire","tab_content":"<div class=\"responsive-embed widescreen\">\n<div class=\"responsive-embed widescreen\">\n<div class=\"responsive-embed widescreen\">\n<div class=\"responsive-embed widescreen\"><iframe loading=\"lazy\" title=\"Maintenance du transformateur\" width=\"500\" height=\"281\" src=\"https:\/\/www.youtube.com\/embed\/wrpThx7GLbw?feature=oembed\" frameborder=\"0\" allow=\"accelerometer; autoplay; clipboard-write; encrypted-media; gyroscope; picture-in-picture; web-share\" referrerpolicy=\"strict-origin-when-cross-origin\" allowfullscreen><\/iframe><\/div>\n<\/div>\n<\/div>\n<\/div>\n"}],"add_video_tab":[{"video_tab_title":"Vid\u00e9o","add_video_id":[{"video_id":"dkEJnhyPQmA"},{"video_id":"HskWaWNf0tA"},{"video_id":"3CVc2A8MkDU"}]}],"add_gallery_tab":null,"add_price_tab":[{"price_tab_title":"Get a Quote"}]},"language":"fr","_links":{"self":[{"href":"https:\/\/globecore.dev\/fr\/wp-json\/wp\/v2\/pages\/248877","targetHints":{"allow":["GET"]}}],"collection":[{"href":"https:\/\/globecore.dev\/fr\/wp-json\/wp\/v2\/pages"}],"about":[{"href":"https:\/\/globecore.dev\/fr\/wp-json\/wp\/v2\/types\/page"}],"author":[{"embeddable":true,"href":"https:\/\/globecore.dev\/fr\/wp-json\/wp\/v2\/users\/59"}],"replies":[{"embeddable":true,"href":"https:\/\/globecore.dev\/fr\/wp-json\/wp\/v2\/comments?post=248877"}],"version-history":[{"count":0,"href":"https:\/\/globecore.dev\/fr\/wp-json\/wp\/v2\/pages\/248877\/revisions"}],"up":[{"embeddable":true,"href":"https:\/\/globecore.dev\/fr\/wp-json\/wp\/v2\/pages\/112896"}],"wp:featuredmedia":[{"embeddable":true,"href":"https:\/\/globecore.dev\/fr\/wp-json\/wp\/v2\/media\/53422"}],"wp:attachment":[{"href":"https:\/\/globecore.dev\/fr\/wp-json\/wp\/v2\/media?parent=248877"}],"wp:term":[{"taxonomy":"category","embeddable":true,"href":"https:\/\/globecore.dev\/fr\/wp-json\/wp\/v2\/categories?post=248877"}],"curies":[{"name":"wp","href":"https:\/\/api.w.org\/{rel}","templated":true}]}}