{"id":248873,"date":"2021-04-26T10:39:52","date_gmt":"2021-04-26T10:39:52","guid":{"rendered":"https:\/\/globecore.dev\/products\/zeolite-regeneration-and-drying\/brps-zeolite-regeneration-block\/"},"modified":"2025-01-16T10:07:18","modified_gmt":"2025-01-16T10:07:18","slug":"brps-zeolite-regeneration-block","status":"publish","type":"page","link":"https:\/\/globecore.dev\/fr\/products\/zeolite-regeneration-and-drying\/brps-zeolite-regeneration-block\/","title":{"rendered":"BRPS Bloc de R\u00e9g\u00e9n\u00e9ration de Z\u00e9olite"},"content":{"rendered":"","protected":false},"excerpt":{"rendered":"","protected":false},"author":7,"featured_media":37696,"parent":112896,"menu_order":0,"comment_status":"closed","ping_status":"closed","template":"templates\/single-product.php","meta":{"_acf_changed":false,"_bbp_topic_count":0,"_bbp_reply_count":0,"_bbp_total_topic_count":0,"_bbp_total_reply_count":0,"_bbp_voice_count":0,"_bbp_anonymous_reply_count":0,"_bbp_topic_count_hidden":0,"_bbp_reply_count_hidden":0,"_bbp_forum_subforum_count":0,"footnotes":""},"categories":[1339],"class_list":["post-248873","page","type-page","status-publish","has-post-thumbnail","hentry","category-oil-maintenance-fr","oil_type-sorbant","process_type-regeneration-fr"],"acf":{"add_tab":[{"tab_title":"Description","tab_content":"<p style=\"text-align: justify;\">Le BRPS est con\u00e7u pour nettoyer le sorbant (z\u00e9olite) des r\u00e9sidus d'huile \u00e0 l'aide de vapeur surchauff\u00e9e et pour \u00e9liminer l'humidit\u00e9 absorb\u00e9e pr\u00e9c\u00e9demment en le s\u00e9chant avec de l'air chaud.<\/p>\r\n<p style=\"text-align: justify;\">Le bloc est utilis\u00e9 dans les divisions de production d'\u00e9nergie, industrielles et autres qui utilisent des adsorbeurs remplis de z\u00e9olite pour s\u00e9cher les huiles lubrifiantes et isolantes \u00e9lectriques, comme dans le syst\u00e8me de s\u00e9chage de transformateurs <strong>CMM-260C<\/strong>.<\/p>\r\n\r\n<h3 style=\"text-align: center;\"><strong>Principe de fonctionnement<\/strong><\/h3>\r\n<ol style=\"text-align: justify;\">\r\n \t<li><strong>R\u00e9activation des propri\u00e9t\u00e9s absorbantes de la z\u00e9olite :<\/strong>\r\n<ul>\r\n \t<li>La z\u00e9olite doit \u00eatre chauff\u00e9e \u00e0 <strong>250 \u00b0C<\/strong> pour restaurer ses propri\u00e9t\u00e9s absorbantes. Cependant, la z\u00e9olite contient des r\u00e9sidus d'huile dont le point d'\u00e9clair est souvent bien inf\u00e9rieur (par exemple, <strong>130 \u00b0C<\/strong> pour l'huile de transformateur).<\/li>\r\n<\/ul>\r\n<\/li>\r\n \t<li><strong>\u00c9tapes du processus :<\/strong>\r\n<ul>\r\n \t<li><strong>Nettoyage des r\u00e9sidus d'huile :<\/strong>\r\nLa z\u00e9olite est nettoy\u00e9e avec de la vapeur surchauff\u00e9e produite par un g\u00e9n\u00e9rateur de vapeur. Les produits de nettoyage sont collect\u00e9s dans un r\u00e9servoir auxiliaire.<\/li>\r\n \t<li><strong>S\u00e9chage \u00e0 l'air chaud :<\/strong>\r\nApr\u00e8s le nettoyage, la z\u00e9olite est s\u00e9ch\u00e9e avec de l'air chaud souffl\u00e9 par un ventilateur, chauff\u00e9 \u00e0 <strong>250 \u00b0C<\/strong> \u00e0 la sortie du r\u00e9chauffeur.<\/li>\r\n \t<li><strong>\u00c9vacuation des r\u00e9sidus de vapeur :<\/strong>\r\n\u00c0 la derni\u00e8re \u00e9tape, l'\u00e9quipement rempli de z\u00e9olite est mis sous vide gr\u00e2ce \u00e0 une pompe \u00e0 vide qui \u00e9vacue les r\u00e9sidus de vapeur et les m\u00e9langes vapeur-gaz.<\/li>\r\n<\/ul>\r\n<\/li>\r\n \t<li><strong>R\u00e9utilisation :<\/strong>\r\n<ul>\r\n \t<li>Une fois refroidie, la z\u00e9olite est pr\u00eate \u00e0 \u00eatre r\u00e9utilis\u00e9e pour le s\u00e9chage des huiles industrielles.<\/li>\r\n<\/ul>\r\n<\/li>\r\n<\/ol>\r\n<p style=\"text-align: justify;\">Le BRPS garantit une r\u00e9activation efficace de la z\u00e9olite, prolongeant ainsi sa dur\u00e9e de vie et optimisant les processus de s\u00e9chage dans les applications industrielles.<\/p>"}],"add_def_tab":[{"tab_title":"Caract\u00e9ristiques","tab_content":"<table width=\"611\">\n<tbody>\n<tr>\n<td width=\"54\"><strong>\u2116<\/strong><\/td>\n<td width=\"356\">\n<p style=\"text-align: center;\"><strong>Param\u00e8tre<\/strong><\/p>\n<\/td>\n<td width=\"205\">\n<p style=\"text-align: center;\"><strong>Valeur<\/strong><\/p>\n<\/td>\n<\/tr>\n<tr>\n<td width=\"54\">1<\/td>\n<td width=\"356\">Param\u00e8tres pour le mode nettoyage \u00e0 la vapeur<\/td>\n<td width=\"205\"><strong>\u00a0<\/strong><\/td>\n<\/tr>\n<tr>\n<td width=\"54\"><strong>\u00a0<\/strong><\/td>\n<td width=\"356\">\n<p style=\"text-align: left;\">&#8212; temp\u00e9rature de la vapeur, 0 \u00b0C<\/p>\n<\/td>\n<td width=\"205\">\n<p style=\"text-align: center;\">150<\/p>\n<\/td>\n<\/tr>\n<tr>\n<td width=\"54\"><strong>\u00a0<\/strong><\/td>\n<td width=\"356\">\n<p style=\"text-align: left;\">&#8212; pression, MPa<\/p>\n<\/td>\n<td width=\"205\">\n<p style=\"text-align: center;\">0,5<\/p>\n<\/td>\n<\/tr>\n<tr>\n<td width=\"54\"><strong>\u00a0<\/strong><\/td>\n<td width=\"356\">\n<p style=\"text-align: left;\">&#8212; puissance des chauffages, kW<\/p>\n<\/td>\n<td width=\"205\">\n<p style=\"text-align: center;\">12<\/p>\n<\/td>\n<\/tr>\n<tr>\n<td width=\"54\">2<\/td>\n<td width=\"356\">\n<p style=\"text-align: left;\">Param\u00e8tres pour le mode s\u00e9chage<\/p>\n<\/td>\n<td width=\"205\"><strong>\u00a0<\/strong><\/td>\n<\/tr>\n<tr>\n<td width=\"54\"><strong>\u00a0<\/strong><\/td>\n<td width=\"356\">\n<p style=\"text-align: left;\">&#8212; capacit\u00e9 du souffleur d&#8217;air, m<sup>3<\/sup>\/min, pas moins de<\/p>\n<\/td>\n<td width=\"205\">\n<p style=\"text-align: center;\">2,3<\/p>\n<\/td>\n<\/tr>\n<tr>\n<td width=\"54\"><strong>\u00a0<\/strong><\/td>\n<td width=\"356\">\n<p style=\"text-align: left;\">&#8212; temp\u00e9rature de l&#8217;air chauff\u00e9, \u00ba\u0421<\/p>\n<\/td>\n<td width=\"205\">\n<p style=\"text-align: center;\">150-250<\/p>\n<\/td>\n<\/tr>\n<tr>\n<td width=\"54\">3<\/td>\n<td width=\"356\">\n<p style=\"text-align: left;\">Param\u00e8tres pour le mode de mise sous vide<\/p>\n<\/td>\n<td width=\"205\"><\/td>\n<\/tr>\n<tr>\n<td width=\"54\"><\/td>\n<td width=\"356\">\n<p style=\"text-align: left;\">&#8212; vitesse d&#8217;\u00e9vacuation, L\/s, pas moins de<\/p>\n<\/td>\n<td width=\"205\">\n<p style=\"text-align: center;\">6,6<\/p>\n<\/td>\n<\/tr>\n<tr>\n<td width=\"54\"><\/td>\n<td width=\"356\">&#8212; pression r\u00e9siduelle, mbar (mPa),<\/p>\n<p style=\"text-align: left;\">pas plus de<\/p>\n<\/td>\n<td width=\"205\">\n<p style=\"text-align: center;\">2,5 (250)<\/p>\n<\/td>\n<\/tr>\n<tr>\n<td width=\"54\">4<\/td>\n<td width=\"356\">\n<p style=\"text-align: left;\">Puissance du souffleur d&#8217;air, kW, pas plus de<\/p>\n<\/td>\n<td width=\"205\">\n<p style=\"text-align: center;\">10,8<\/p>\n<\/td>\n<\/tr>\n<tr>\n<td width=\"54\">5<\/td>\n<td width=\"356\">\n<p style=\"text-align: left;\">Puissance du moteur de l&#8217;h\u00e9lice du dispositif de refroidissement, kW, pas plus de<\/p>\n<\/td>\n<td width=\"205\">\n<p style=\"text-align: center;\">0,75<\/p>\n<\/td>\n<\/tr>\n<tr>\n<td width=\"54\">6<\/td>\n<td width=\"356\">\n<p style=\"text-align: left;\">Puissance requise, kW, pas plus de<\/p>\n<\/td>\n<td width=\"205\">\n<p style=\"text-align: center;\">13,2<\/p>\n<\/td>\n<\/tr>\n<tr>\n<td width=\"54\">7<\/td>\n<td width=\"356\">\n<p style=\"text-align: left;\">Dimensions, mm, pas plus de :<\/p>\n<\/td>\n<td width=\"205\"><\/td>\n<\/tr>\n<tr>\n<td width=\"54\"><\/td>\n<td width=\"356\">\n<p style=\"text-align: left;\">&#8212; longueur<\/p>\n<\/td>\n<td width=\"205\">\n<p style=\"text-align: center;\">1100<\/p>\n<\/td>\n<\/tr>\n<tr>\n<td width=\"54\"><\/td>\n<td width=\"356\">\n<p style=\"text-align: left;\">&#8212; largeur<\/p>\n<\/td>\n<td width=\"205\">\n<p style=\"text-align: center;\">650<\/p>\n<\/td>\n<\/tr>\n<tr>\n<td width=\"54\"><\/td>\n<td width=\"356\">\n<p style=\"text-align: left;\">&#8212; hauteur<\/p>\n<\/td>\n<td width=\"205\">\n<p style=\"text-align: center;\">1350<\/p>\n<\/td>\n<\/tr>\n<tr>\n<td width=\"54\">8<\/td>\n<td width=\"356\">\n<p style=\"text-align: left;\">Poids, kg, pas plus de<\/p>\n<\/td>\n<td width=\"205\">\n<p style=\"text-align: center;\">210<\/p>\n<\/td>\n<\/tr>\n<\/tbody>\n<\/table>\n"},{"tab_title":"Avantages","tab_content":"<ul>\n<li style=\"text-align: justify;\"><strong>Taille compacte<\/strong> ;<\/li>\n<li style=\"text-align: justify;\"><strong>Mobilit\u00e9 gr\u00e2ce \u00e0 un design mont\u00e9 sur roues<\/strong> ;<\/li>\n<li style=\"text-align: justify;\"><strong>Puissance du chauffage suffisante<\/strong> pour chauffer l&#8217;air jusqu&#8217;\u00e0 400 \u00b0C, ce qui permet \u00e0 BRPS de r\u00e9soudre d&#8217;autres probl\u00e8mes n\u00e9cessitant une temp\u00e9rature de chauffage plus \u00e9lev\u00e9e ;<\/li>\n<li style=\"text-align: justify;\"><strong>\u00c9conomie de z\u00e9olite<\/strong> gr\u00e2ce \u00e0 sa r\u00e9utilisation pour le s\u00e9chage des huiles.<\/li>\n<\/ul>\n"},{"tab_title":"Application","tab_content":"[product_oil_types]"},{"tab_title":"Webinaire","tab_content":"<div class=\"responsive-embed widescreen\">\n<div class=\"responsive-embed widescreen\">\n<div class=\"responsive-embed widescreen\">\n<div class=\"responsive-embed widescreen\"><iframe loading=\"lazy\" title=\"Maintenance du transformateur\" width=\"500\" height=\"281\" src=\"https:\/\/www.youtube.com\/embed\/wrpThx7GLbw?feature=oembed\" frameborder=\"0\" allow=\"accelerometer; autoplay; clipboard-write; encrypted-media; gyroscope; picture-in-picture; web-share\" referrerpolicy=\"strict-origin-when-cross-origin\" allowfullscreen><\/iframe><\/div>\n<\/div>\n<\/div>\n<\/div>\n"}],"add_video_tab":[{"video_tab_title":"Vid\u00e9o","add_video_id":[{"video_id":"dkEJnhyPQmA"},{"video_id":"HskWaWNf0tA"},{"video_id":"3CVc2A8MkDU"}]}],"add_gallery_tab":null,"add_price_tab":[{"price_tab_title":"Get a quote"}]},"language":"fr","_links":{"self":[{"href":"https:\/\/globecore.dev\/fr\/wp-json\/wp\/v2\/pages\/248873","targetHints":{"allow":["GET"]}}],"collection":[{"href":"https:\/\/globecore.dev\/fr\/wp-json\/wp\/v2\/pages"}],"about":[{"href":"https:\/\/globecore.dev\/fr\/wp-json\/wp\/v2\/types\/page"}],"author":[{"embeddable":true,"href":"https:\/\/globecore.dev\/fr\/wp-json\/wp\/v2\/users\/7"}],"replies":[{"embeddable":true,"href":"https:\/\/globecore.dev\/fr\/wp-json\/wp\/v2\/comments?post=248873"}],"version-history":[{"count":0,"href":"https:\/\/globecore.dev\/fr\/wp-json\/wp\/v2\/pages\/248873\/revisions"}],"up":[{"embeddable":true,"href":"https:\/\/globecore.dev\/fr\/wp-json\/wp\/v2\/pages\/112896"}],"wp:featuredmedia":[{"embeddable":true,"href":"https:\/\/globecore.dev\/fr\/wp-json\/wp\/v2\/media\/37696"}],"wp:attachment":[{"href":"https:\/\/globecore.dev\/fr\/wp-json\/wp\/v2\/media?parent=248873"}],"wp:term":[{"taxonomy":"category","embeddable":true,"href":"https:\/\/globecore.dev\/fr\/wp-json\/wp\/v2\/categories?post=248873"}],"curies":[{"name":"wp","href":"https:\/\/api.w.org\/{rel}","templated":true}]}}