{"id":113447,"date":"2021-04-22T07:33:33","date_gmt":"2021-04-22T07:33:33","guid":{"rendered":"https:\/\/globecore.dev\/products\/zeolite-regeneration-and-drying\/zeolite-drying-cabinet-ssc\/"},"modified":"2025-01-16T10:02:50","modified_gmt":"2025-01-16T10:02:50","slug":"zeolite-drying-cabinet-ssc","status":"publish","type":"page","link":"https:\/\/globecore.dev\/fr\/products\/zeolite-regeneration-and-drying\/zeolite-drying-cabinet-ssc\/","title":{"rendered":"SSC-15 Unit\u00e9 de s\u00e9chage de z\u00e9olite"},"content":{"rendered":"","protected":false},"excerpt":{"rendered":"","protected":false},"author":7,"featured_media":29040,"parent":112896,"menu_order":0,"comment_status":"closed","ping_status":"closed","template":"templates\/single-product.php","meta":{"_acf_changed":false,"_bbp_topic_count":0,"_bbp_reply_count":0,"_bbp_total_topic_count":0,"_bbp_total_reply_count":0,"_bbp_voice_count":0,"_bbp_anonymous_reply_count":0,"_bbp_topic_count_hidden":0,"_bbp_reply_count_hidden":0,"_bbp_forum_subforum_count":0,"footnotes":""},"categories":[1339],"class_list":["post-113447","page","type-page","status-publish","has-post-thumbnail","hentry","category-oil-maintenance-fr","oil_type-sorbant","process_type-deshydratation"],"acf":{"add_tab":[{"tab_title":"Description","tab_content":"<p style=\"text-align: justify;\">L'armoire SSC-15 est con\u00e7ue pour le pr\u00e9-s\u00e9chage de la z\u00e9olite utilis\u00e9e pour la d\u00e9shydratation en profondeur des huiles \u00e9nerg\u00e9tiques et du gaz naturel.<\/p>\r\n<p style=\"text-align: justify;\">A l'aide de l'installation SSC-15, un s\u00e9chage pr\u00e9alable de la z\u00e9olithe est r\u00e9alis\u00e9, ce qui permet d'am\u00e9liorer ses propri\u00e9t\u00e9s d'adsorption et la qualit\u00e9 de d\u00e9shydratation des huiles \u00e9nerg\u00e9tiques et des gaz naturels. De plus, le produit peut \u00e9galement \u00eatre utilis\u00e9 pour s\u00e9cher les \u00e9lectrodes de soudage.<\/p>\r\n<p style=\"text-align: justify;\">SSC-15 est con\u00e7u pour fonctionner \u00e0 :<\/p>\r\n\r\n<ul style=\"text-align: justify;\">\r\n \t<li>une temp\u00e9rature ambiante d'environ 35\u00ba\u0421\u00a0;<\/li>\r\n \t<li>une pression atmosph\u00e9rique de 630 \u00e0 800 mmHg.<\/li>\r\n<\/ul>\r\n<p style=\"text-align: justify;\">Le cadre du produit est constitu\u00e9 de profil\u00e9 m\u00e9tallique et de t\u00f4le d'acier. L'armoire dispose d'une chambre de s\u00e9chage sur les c\u00f4t\u00e9s de laquelle sont install\u00e9s deux blocs chauffants. Un ventilateur est install\u00e9 sur la paroi arri\u00e8re, con\u00e7u pour chasser l'air de la chambre \u00e0 travers les radiateurs \u00e9lectriques et le renvoyer \u00e0 travers les trous des parois lat\u00e9rales. Afin de r\u00e9duire les pertes de chaleur, le cadre est isol\u00e9 thermiquement.<\/p>\r\n<p style=\"text-align: justify;\">Le processus technologique de s\u00e9chage de la z\u00e9olite est contr\u00f4l\u00e9 \u00e0 l'aide d'un dispositif complet situ\u00e9 sur le mur de la pi\u00e8ce \u00e0 c\u00f4t\u00e9 de l'armoire de s\u00e9chage.<\/p>"}],"add_def_tab":[{"tab_title":"Caract\u00e9ristiques","tab_content":"<table width=\"602\">\n<tbody>\n<tr>\n<td width=\"56\"><strong>\u2116<\/strong><\/td>\n<td width=\"424\">\n<p style=\"text-align: center;\"><strong>P<\/strong><strong>aram\u00e8tre<\/strong><\/p>\n<\/td>\n<td width=\"122\">\n<p style=\"text-align: center;\"><strong>Valeur<\/strong><\/p>\n<\/td>\n<\/tr>\n<tr>\n<td width=\"56\">1<\/td>\n<td width=\"424\">Quantit\u00e9 de z\u00e9olite charg\u00e9e, dm3<\/td>\n<td width=\"122\">\n<p style=\"text-align: center;\">130<\/p>\n<\/td>\n<\/tr>\n<tr>\n<td width=\"56\">2<\/td>\n<td width=\"424\">Nombre de plaques \u00e0 p\u00e2tisserie dans l&#8217;armoire, pcs.<\/td>\n<td width=\"122\">\n<p style=\"text-align: center;\">10<\/p>\n<\/td>\n<\/tr>\n<tr>\n<td width=\"56\">3<\/td>\n<td width=\"424\">Puissance install\u00e9e des appareils de chauffage, kW<\/td>\n<td width=\"122\">\n<p style=\"text-align: center;\">15<\/p>\n<\/td>\n<\/tr>\n<tr>\n<td width=\"56\">4<\/td>\n<td width=\"424\">Plage de contr\u00f4le de temp\u00e9rature, \u00b0C<\/td>\n<td width=\"122\">\n<p style=\"text-align: center;\">40\u2026 450<\/p>\n<\/td>\n<\/tr>\n<tr>\n<td width=\"56\">5<\/td>\n<td width=\"424\">Nombre d&#8217;\u00e9l\u00e9ments chauffants, pcs.<\/td>\n<td width=\"122\">\n<p style=\"text-align: center;\">8<\/p>\n<\/td>\n<\/tr>\n<tr>\n<td width=\"56\">6<\/td>\n<td width=\"424\">Tension secteur \u00e0 la fr\u00e9quence actuelle 50 Hz, V<\/td>\n<td width=\"122\">\n<p style=\"text-align: center;\">380<\/p>\n<\/td>\n<\/tr>\n<tr>\n<td width=\"56\">7<\/td>\n<td width=\"424\">Poids (sans z\u00e9olithe), kg pas plus<\/td>\n<td width=\"122\">\n<p style=\"text-align: center;\">665<\/p>\n<\/td>\n<\/tr>\n<tr>\n<td rowspan=\"4\" width=\"56\">8<\/td>\n<td width=\"424\">Dimensions hors tout, mm pas plus<\/td>\n<td width=\"122\"><\/td>\n<\/tr>\n<tr>\n<td width=\"424\">&#8211; longueur<\/td>\n<td width=\"122\">\n<p style=\"text-align: center;\">1440<\/p>\n<\/td>\n<\/tr>\n<tr>\n<td width=\"424\">\u2013 largeur (avec vantaux ferm\u00e9s)<\/td>\n<td width=\"122\">\n<p style=\"text-align: center;\">1040<\/p>\n<\/td>\n<\/tr>\n<tr>\n<td width=\"424\">&#8211; hauteur<\/td>\n<td width=\"122\">\n<p style=\"text-align: center;\">1670<\/p>\n<\/td>\n<\/tr>\n<\/tbody>\n<\/table>\n"},{"tab_title":"Avantages","tab_content":"<ul>\n<li style=\"text-align: justify;\">augmenter la temp\u00e9rature de chauffage \u00e0 400\u00ba\u0421\u00a0;<\/li>\n<li style=\"text-align: justify;\">maintien automatique de la temp\u00e9rature \u00e0 \u00b1 9 \u00ba\u0421\u00a0;<\/li>\n<li style=\"text-align: justify;\">la pr\u00e9sence d&#8217;une serrure de porte \u00e0 vis, qui r\u00e9duit le risque de br\u00fblure de la peinture et am\u00e9liore l&#8217;\u00e9tanch\u00e9it\u00e9 ;<\/li>\n<li style=\"text-align: justify;\">la possibilit\u00e9 de retirer les blocs de plaques du four, ce qui permet d&#8217;utiliser l&#8217;armoire pour r\u00e9soudre d&#8217;autres probl\u00e8mes de chauffage, de durcissement, de mat\u00e9riaux et pi\u00e8ces de cuisson.<\/li>\n<\/ul>\n"},{"tab_title":"Application","tab_content":"[product_oil_types]"},{"tab_title":"Webinaire","tab_content":"<div class=\"responsive-embed widescreen\">\n<div class=\"responsive-embed widescreen\">\n<div class=\"responsive-embed widescreen\">\n<div class=\"responsive-embed widescreen\">\n<div class=\"responsive-embed widescreen\">\n<div class=\"responsive-embed widescreen\"><iframe loading=\"lazy\" title=\"Maintenance du transformateur\" width=\"500\" height=\"281\" src=\"https:\/\/www.youtube.com\/embed\/wrpThx7GLbw?feature=oembed\" frameborder=\"0\" allow=\"accelerometer; autoplay; clipboard-write; encrypted-media; gyroscope; picture-in-picture; web-share\" referrerpolicy=\"strict-origin-when-cross-origin\" allowfullscreen><\/iframe><\/div>\n<\/div>\n<\/div>\n<\/div>\n<\/div>\n<\/div>\n"}],"add_video_tab":[{"video_tab_title":"Vid\u00e9o","add_video_id":[{"video_id":"ijSRdRs0MFA"},{"video_id":"3CVc2A8MkDU"}]}],"add_gallery_tab":[{"gallery_tab_title":"Photo","add_img":[26284,26275]}],"add_price_tab":[{"price_tab_title":"Get a quote"}]},"language":"fr","_links":{"self":[{"href":"https:\/\/globecore.dev\/fr\/wp-json\/wp\/v2\/pages\/113447","targetHints":{"allow":["GET"]}}],"collection":[{"href":"https:\/\/globecore.dev\/fr\/wp-json\/wp\/v2\/pages"}],"about":[{"href":"https:\/\/globecore.dev\/fr\/wp-json\/wp\/v2\/types\/page"}],"author":[{"embeddable":true,"href":"https:\/\/globecore.dev\/fr\/wp-json\/wp\/v2\/users\/7"}],"replies":[{"embeddable":true,"href":"https:\/\/globecore.dev\/fr\/wp-json\/wp\/v2\/comments?post=113447"}],"version-history":[{"count":0,"href":"https:\/\/globecore.dev\/fr\/wp-json\/wp\/v2\/pages\/113447\/revisions"}],"up":[{"embeddable":true,"href":"https:\/\/globecore.dev\/fr\/wp-json\/wp\/v2\/pages\/112896"}],"wp:featuredmedia":[{"embeddable":true,"href":"https:\/\/globecore.dev\/fr\/wp-json\/wp\/v2\/media\/29040"}],"wp:attachment":[{"href":"https:\/\/globecore.dev\/fr\/wp-json\/wp\/v2\/media?parent=113447"}],"wp:term":[{"taxonomy":"category","embeddable":true,"href":"https:\/\/globecore.dev\/fr\/wp-json\/wp\/v2\/categories?post=113447"}],"curies":[{"name":"wp","href":"https:\/\/api.w.org\/{rel}","templated":true}]}}