{"id":12577,"date":"2016-03-31T12:25:05","date_gmt":"2016-03-31T12:25:05","guid":{"rendered":"https:\/\/globecore.dev\/products\/oil-processing-equipment\/oil-regenaration\/cmm-r-oil-regeneration-systems.html"},"modified":"2025-12-17T06:15:23","modified_gmt":"2025-12-17T06:15:23","slug":"cmm-r-oil-regeneration-systems","status":"publish","type":"page","link":"https:\/\/globecore.dev\/es\/products\/regeneracion-de-aceites\/cmm-r-oil-regeneration-systems\/","title":{"rendered":"CMM-12R Maquina de regeneraci\u00f3n de aceite"},"content":{"rendered":"","protected":false},"excerpt":{"rendered":"<p>Los sistemas de regeneraci\u00f3n de aceite GlobeCore CMM-12R restauran el aceite de transformador y los aceites diel\u00e9ctricos, eliminando productos de degradaci\u00f3n y \u00e1cidos. El proceso mejora la rigidez diel\u00e9ctrica, la claridad y la resistencia a la oxidaci\u00f3n, prolongando la vida \u00fatil del transformador y reduciendo los costos de sustituci\u00f3n de aceite. El sorbente de larga vida \u00fatil funciona hasta tres a\u00f1os sin reemplazo, eliminando consumibles y mano de obra en sitio. Los sistemas pueden operar como unidades independientes o junto con equipos existentes de desgasificaci\u00f3n o secado. Cada unidad GlobeCore es personalizable para fabricantes de transformadores y empresas de servicio. Adecuado para aceite de transformador, aceite de turbina, aceite hidr\u00e1ulico, FR3, Midel y otros fluidos industriales.<\/p>\n","protected":false},"author":7,"featured_media":12579,"parent":10999,"menu_order":0,"comment_status":"closed","ping_status":"closed","template":"templates\/single-product.php","meta":{"_acf_changed":false,"_bbp_topic_count":0,"_bbp_reply_count":0,"_bbp_total_topic_count":0,"_bbp_total_reply_count":0,"_bbp_voice_count":0,"_bbp_anonymous_reply_count":0,"_bbp_topic_count_hidden":0,"_bbp_reply_count_hidden":0,"_bbp_forum_subforum_count":0,"footnotes":""},"categories":[1328],"class_list":["post-12577","page","type-page","status-publish","has-post-thumbnail","hentry","category-oil-processing","oil_type-silicone-oil","oil_type-transmission-oil","oil_type-hydraulic-oil","oil_type-industrial-oil","oil_type-cable-oil","oil_type-compressor-oil","oil_type-transformer-oil","oil_type-turbine-oil","oil_type-fr3-dielectric-fluid","oil_type-midel-7131-dielectric-fluid","oil_type-fyrquel-fire-resistant-fluid","process_type-filtration","process_type-regeneration"],"acf":[],"language":"es","_links":{"self":[{"href":"https:\/\/globecore.dev\/es\/wp-json\/wp\/v2\/pages\/12577","targetHints":{"allow":["GET"]}}],"collection":[{"href":"https:\/\/globecore.dev\/es\/wp-json\/wp\/v2\/pages"}],"about":[{"href":"https:\/\/globecore.dev\/es\/wp-json\/wp\/v2\/types\/page"}],"author":[{"embeddable":true,"href":"https:\/\/globecore.dev\/es\/wp-json\/wp\/v2\/users\/7"}],"replies":[{"embeddable":true,"href":"https:\/\/globecore.dev\/es\/wp-json\/wp\/v2\/comments?post=12577"}],"version-history":[{"count":0,"href":"https:\/\/globecore.dev\/es\/wp-json\/wp\/v2\/pages\/12577\/revisions"}],"up":[{"embeddable":true,"href":"https:\/\/globecore.dev\/es\/wp-json\/wp\/v2\/pages\/10999"}],"wp:featuredmedia":[{"embeddable":true,"href":"https:\/\/globecore.dev\/es\/wp-json\/wp\/v2\/media\/12579"}],"wp:attachment":[{"href":"https:\/\/globecore.dev\/es\/wp-json\/wp\/v2\/media?parent=12577"}],"wp:term":[{"taxonomy":"category","embeddable":true,"href":"https:\/\/globecore.dev\/es\/wp-json\/wp\/v2\/categories?post=12577"}],"curies":[{"name":"wp","href":"https:\/\/api.w.org\/{rel}","templated":true}]}}