{"id":63941,"date":"2017-09-20T07:50:32","date_gmt":"2017-09-20T07:50:32","guid":{"rendered":"https:\/\/globecore.dev\/oil-filtration-pumping\/"},"modified":"2025-09-10T13:09:19","modified_gmt":"2025-09-10T13:09:19","slug":"oil-filtration-pumping","status":"publish","type":"page","link":"https:\/\/globecore.dev\/az\/oil-filtration-pumping\/","title":{"rendered":"Ya\u011f Filtrasyon Cihazlar\u0131"},"content":{"rendered":"<p class=\"1\"><span lang=\"RU\">GlobeCore ya\u011f t\u0259mizl\u0259m\u0259 \u00fc\u00e7\u00fcn avadanl\u0131q g\u00fcc transformatorunun etibarl\u0131l\u0131\u011f\u0131n\u0131 art\u0131r\u0131r, plandan k\u0259nar t\u0259mirl\u0259ri v\u0259 i\u015fsiz qalma m\u00fcdd\u0259tini aradan g\u00f6t\u00fcr\u00fcr, h\u0259m\u00e7inin t\u0259z\u0259 ya\u011flar\u0131n al\u0131nmas\u0131nda vasit\u0259l\u0259r\u0259 q\u0259na\u0259t edir. GlobeCore f\u0259rdi sifari\u015f \u00fczr\u0259 ya\u011f\u0131n filtrasiyas\u0131 \u00fc\u00e7\u00fcn avadanl\u0131qlar\u0131 haz\u0131rlay\u0131r, r\u0259hb\u0259r-montaj\u0131 v\u0259 i\u015f\u0259 salma-sazlaman\u0131 h\u0259yata ke\u00e7irir, h\u0259m\u00e7inin avadanl\u0131\u011f\u0131n i\u015f\u0259 sal\u0131nmas\u0131nda yard\u0131m g\u00f6st\u0259rir. Bundan \u0259lav\u0259, yeni imkanlar\u0131n v\u0259 funksiyalar\u0131n (m\u0259s\u0259l\u0259n, hiss\u0259cikl\u0259rin say\u011fac\u0131 v\u0259 ya m\u0259saf\u0259li idar\u0259 etm\u0259 v\u0259 smartfon v\u0259 ya FK vasit\u0259sil\u0259 prosesin monitorinqi) \u0259lav\u0259 edilm\u0259si m\u00fcmk\u00fcnd\u00fcr.<\/span><\/p>\n","protected":false},"excerpt":{"rendered":"<p>GlobeCore ya\u011f t\u0259mizl\u0259m\u0259 \u00fc\u00e7\u00fcn avadanl\u0131q g\u00fcc transformatorunun etibarl\u0131l\u0131\u011f\u0131n\u0131 art\u0131r\u0131r, plandan k\u0259nar t\u0259mirl\u0259ri v\u0259 i\u015fsiz qalma m\u00fcdd\u0259tini aradan g\u00f6t\u00fcr\u00fcr, h\u0259m\u00e7inin t\u0259z\u0259 ya\u011flar\u0131n al\u0131nmas\u0131nda vasit\u0259l\u0259r\u0259 q\u0259na\u0259t edir. GlobeCore f\u0259rdi sifari\u015f \u00fczr\u0259 ya\u011f\u0131n filtrasiyas\u0131 \u00fc\u00e7\u00fcn avadanl\u0131qlar\u0131 haz\u0131rlay\u0131r, r\u0259hb\u0259r-montaj\u0131 v\u0259 i\u015f\u0259 salma-sazlaman\u0131 h\u0259yata ke\u00e7irir, h\u0259m\u00e7inin avadanl\u0131\u011f\u0131n i\u015f\u0259 sal\u0131nmas\u0131nda yard\u0131m g\u00f6st\u0259rir. Bundan \u0259lav\u0259, yeni imkanlar\u0131n v\u0259 funksiyalar\u0131n (m\u0259s\u0259l\u0259n, hiss\u0259cikl\u0259rin say\u011fac\u0131<a class=\"cg-read-more\" href=\"https:\/\/globecore.dev\/az\/oil-filtration-pumping\/\" target=\"_blank\">Read More <\/a><\/p>\n","protected":false},"author":7,"featured_media":63881,"parent":0,"menu_order":0,"comment_status":"closed","ping_status":"closed","template":"templates\/products-sidebar.php","meta":{"_acf_changed":false,"_bbp_topic_count":0,"_bbp_reply_count":0,"_bbp_total_topic_count":0,"_bbp_total_reply_count":0,"_bbp_voice_count":0,"_bbp_anonymous_reply_count":0,"_bbp_topic_count_hidden":0,"_bbp_reply_count_hidden":0,"_bbp_forum_subforum_count":0,"footnotes":""},"categories":[],"class_list":["post-63941","page","type-page","status-publish","has-post-thumbnail","hentry"],"acf":[],"language":"az","_links":{"self":[{"href":"https:\/\/globecore.dev\/az\/wp-json\/wp\/v2\/pages\/63941","targetHints":{"allow":["GET"]}}],"collection":[{"href":"https:\/\/globecore.dev\/az\/wp-json\/wp\/v2\/pages"}],"about":[{"href":"https:\/\/globecore.dev\/az\/wp-json\/wp\/v2\/types\/page"}],"author":[{"embeddable":true,"href":"https:\/\/globecore.dev\/az\/wp-json\/wp\/v2\/users\/7"}],"replies":[{"embeddable":true,"href":"https:\/\/globecore.dev\/az\/wp-json\/wp\/v2\/comments?post=63941"}],"version-history":[{"count":0,"href":"https:\/\/globecore.dev\/az\/wp-json\/wp\/v2\/pages\/63941\/revisions"}],"wp:featuredmedia":[{"embeddable":true,"href":"https:\/\/globecore.dev\/az\/wp-json\/wp\/v2\/media\/63881"}],"wp:attachment":[{"href":"https:\/\/globecore.dev\/az\/wp-json\/wp\/v2\/media?parent=63941"}],"wp:term":[{"taxonomy":"category","embeddable":true,"href":"https:\/\/globecore.dev\/az\/wp-json\/wp\/v2\/categories?post=63941"}],"curies":[{"name":"wp","href":"https:\/\/api.w.org\/{rel}","templated":true}]}}