{"id":326610,"date":"2025-10-24T14:03:52","date_gmt":"2025-10-24T14:03:52","guid":{"rendered":"https:\/\/globecore.dev\/?page_id=326610"},"modified":"2025-10-24T15:40:48","modified_gmt":"2025-10-24T15:40:48","slug":"cookie-policy","status":"publish","type":"page","link":"https:\/\/globecore.dev\/az\/cookie-policy\/","title":{"rendered":"Kuki Siyas\u0259ti"},"content":{"rendered":"<p>Bu kuki siyas\u0259ti haqq\u0131nda<br \/>\nBu Kuki Siyas\u0259ti kukil\u0259rin n\u0259 oldu\u011funu v\u0259 onlardan nec\u0259 istifad\u0259 etdiyimizi izah edir. Kukil\u0259rin n\u0259 oldu\u011funu, onlardan nec\u0259 istifad\u0259 etdiyimizi, istifad\u0259 etdiyimiz kukil\u0259rin n\u00f6vl\u0259rini, y\u0259ni kukil\u0259rd\u0259n istifad\u0259 ed\u0259r\u0259k toplad\u0131\u011f\u0131m\u0131z m\u0259lumatlar\u0131 v\u0259 bu m\u0259lumatlar\u0131n nec\u0259 istifad\u0259 olundu\u011funu v\u0259 kuki se\u00e7iml\u0259rini nec\u0259 idar\u0259 ed\u0259c\u0259yimizi anlamaq \u00fc\u00e7\u00fcn bu siyas\u0259ti oxumal\u0131s\u0131n\u0131z. \u015e\u0259xsi m\u0259lumatlar\u0131n\u0131z\u0131 nec\u0259 istifad\u0259 etdiyimiz, saxlad\u0131\u011f\u0131m\u0131z v\u0259 t\u0259hl\u00fck\u0259siz saxlad\u0131\u011f\u0131m\u0131z bar\u0259d\u0259 \u0259lav\u0259 m\u0259lumat \u00fc\u00e7\u00fcn M\u0259xfilik Siyas\u0259timiz\u0259 bax\u0131n.<\/p>\n<p>\u0130st\u0259nil\u0259n vaxt veb sayt\u0131m\u0131zdak\u0131 Kuki B\u0259yannam\u0259sind\u0259n raz\u0131l\u0131\u011f\u0131n\u0131z\u0131 d\u0259yi\u015f\u0259 v\u0259 ya geri g\u00f6t\u00fcr\u0259 bil\u0259rsiniz.<br \/>\nM\u0259xfilik Siyas\u0259timizd\u0259 kim oldu\u011fumuz, biziml\u0259 nec\u0259 \u0259laq\u0259 saxlaya bil\u0259c\u0259yiniz v\u0259 \u015f\u0259xsi m\u0259lumatlar\u0131 nec\u0259 emal etdiyimiz haqq\u0131nda daha \u00e7ox m\u0259lumat \u0259ld\u0259 edin.<br \/>\nRaz\u0131l\u0131\u011f\u0131n\u0131z a\u015fa\u011f\u0131dak\u0131 domenl\u0259r\u0259 aiddir: globecore.com<br \/>\n[user_consent_state]<\/p>\n<p>Kukil\u0259r n\u0259dir?<br \/>\nKukil\u0259r ki\u00e7ik m\u0259lumat par\u00e7alar\u0131n\u0131 saxlamaq \u00fc\u00e7\u00fcn istifad\u0259 olunan ki\u00e7ik m\u0259tn fayllar\u0131d\u0131r. Veb sayt brauzeriniz\u0259 y\u00fckl\u0259ndikd\u0259 kukil\u0259r cihaz\u0131n\u0131zda saxlan\u0131l\u0131r. Bu kukil\u0259r veb sayt\u0131n d\u00fczg\u00fcn i\u015fl\u0259m\u0259sini, veb sayt\u0131n daha t\u0259hl\u00fck\u0259siz olmas\u0131n\u0131, daha yax\u015f\u0131 istifad\u0259\u00e7i t\u0259cr\u00fcb\u0259si t\u0259min etm\u0259sini v\u0259 veb sayt\u0131n nec\u0259 i\u015fl\u0259diyini v\u0259 harada t\u0259kmill\u0259\u015fdirilm\u0259li oldu\u011funu anlama\u011f\u0131m\u0131za k\u00f6m\u0259k edir.<br \/>\nKukil\u0259rd\u0259n nec\u0259 istifad\u0259 edirik?<br \/>\n\u018fks\u0259r onlayn xidm\u0259tl\u0259r kimi, veb sayt\u0131m\u0131z da bir s\u0131ra m\u0259qs\u0259dl\u0259r \u00fc\u00e7\u00fcn birinci v\u0259 \u00fc\u00e7\u00fcnc\u00fc t\u0259r\u0259f kukil\u0259rind\u0259n istifad\u0259 edir. Birinci t\u0259r\u0259f kukil\u0259ri \u0259sas\u0259n veb sayt\u0131n d\u00fczg\u00fcn i\u015fl\u0259m\u0259si \u00fc\u00e7\u00fcn vacibdir v\u0259 onlar sizin \u015f\u0259xsiyy\u0259tinizi m\u00fc\u0259yy\u0259n ed\u0259n he\u00e7 bir m\u0259lumat\u0131 toplam\u0131r.<\/p>\n<p>Veb saytlar\u0131m\u0131zda istifad\u0259 olunan \u00fc\u00e7\u00fcnc\u00fc t\u0259r\u0259f kukil\u0259ri \u0259sas\u0259n veb sayt\u0131n nec\u0259 i\u015fl\u0259diyini, veb sayt\u0131m\u0131zla nec\u0259 qar\u015f\u0131l\u0131ql\u0131 \u0259laq\u0259d\u0259 oldu\u011funuzu anlamaq, xidm\u0259tl\u0259rimizi t\u0259hl\u00fck\u0259siz saxlamaq, sizin \u00fc\u00e7\u00fcn uy\u011fun reklamlar t\u0259qdim etm\u0259k v\u0259 \u00fcmumilikd\u0259 siz\u0259 daha yax\u015f\u0131 v\u0259 t\u0259kmill\u0259\u015fdirilmi\u015f istifad\u0259\u00e7i t\u0259cr\u00fcb\u0259si t\u0259min etm\u0259k v\u0259 veb sayt\u0131m\u0131zla g\u0259l\u0259c\u0259k qar\u015f\u0131l\u0131ql\u0131 \u0259laq\u0259l\u0259rinizi s\u00fcr\u0259tl\u0259ndirm\u0259y\u0259 k\u00f6m\u0259k etm\u0259k \u00fc\u00e7\u00fcn istifad\u0259 olunur.<\/p>\n<p>Hans\u0131 n\u00f6v kukil\u0259rd\u0259n istifad\u0259 edirik?<br \/>\nVacibdir: B\u0259zi kukil\u0259r sayt\u0131m\u0131z\u0131n tam funksionall\u0131\u011f\u0131ndan istifad\u0259 ed\u0259 bilm\u0259yiniz \u00fc\u00e7\u00fcn vacibdir. Onlar istifad\u0259\u00e7i sessiyalar\u0131n\u0131 saxlama\u011fa v\u0259 h\u0259r hans\u0131 t\u0259hl\u00fck\u0259sizlik t\u0259hdidl\u0259rinin qar\u015f\u0131s\u0131n\u0131 alma\u011fa imkan verir. Onlar he\u00e7 bir \u015f\u0259xsi m\u0259lumat toplam\u0131r v\u0259 ya saxlam\u0131r. M\u0259s\u0259l\u0259n, bu kukil\u0259r hesab\u0131n\u0131za daxil olma\u011fa, s\u0259b\u0259tiniz\u0259 m\u0259hsullar \u0259lav\u0259 etm\u0259y\u0259 v\u0259 t\u0259hl\u00fck\u0259siz \u015f\u0259kild\u0259 \u00f6d\u0259m\u0259y\u0259 imkan verir.<\/p>\n<p>Statistika: Bu kukil\u0259r veb sayta daxil olanlar\u0131n say\u0131, unikal ziyar\u0259t\u00e7il\u0259rin say\u0131, veb sayt\u0131n hans\u0131 s\u0259hif\u0259l\u0259rin\u0259 daxil edildiyi, ziyar\u0259tin m\u0259nb\u0259yi v\u0259 s. kimi m\u0259lumatlar\u0131 saxlay\u0131r. Bu m\u0259lumatlar veb sayt\u0131n n\u0259 d\u0259r\u0259c\u0259d\u0259 yax\u015f\u0131 i\u015fl\u0259diyini v\u0259 harada t\u0259kmill\u0259\u015fdirm\u0259y\u0259 ehtiyac\u0131 oldu\u011funu anlama\u011f\u0131m\u0131za v\u0259 t\u0259hlil etm\u0259yimiz\u0259 k\u00f6m\u0259k edir.<\/p>\n<p>Marketinq: Veb sayt\u0131m\u0131z reklamlar g\u00f6st\u0259rir. Bu kukil\u0259r siz\u0259 g\u00f6st\u0259rdiyimiz reklamlar\u0131 sizin \u00fc\u00e7\u00fcn m\u0259nal\u0131 olmas\u0131 \u00fc\u00e7\u00fcn f\u0259rdil\u0259\u015fdirm\u0259k \u00fc\u00e7\u00fcn istifad\u0259 olunur. Bu kukil\u0259r h\u0259m\u00e7inin bu reklam kampaniyalar\u0131n\u0131n s\u0259m\u0259r\u0259liliyini izl\u0259m\u0259yimiz\u0259 k\u00f6m\u0259k edir.<br \/>\nBu kukil\u0259rd\u0259 saxlan\u0131lan m\u0259lumatlar \u00fc\u00e7\u00fcnc\u00fc t\u0259r\u0259f reklam t\u0259minat\u00e7\u0131lar\u0131 t\u0259r\u0259find\u0259n brauzerd\u0259ki dig\u0259r veb saytlarda siz\u0259 reklamlar g\u00f6st\u0259rm\u0259k \u00fc\u00e7\u00fcn d\u0259 istifad\u0259 edil\u0259 bil\u0259r.<\/p>\n<p>Funksional: Bunlar veb sayt\u0131m\u0131zdak\u0131 m\u00fc\u0259yy\u0259n qeyri-vacib funksiyalara k\u00f6m\u0259k ed\u0259n kukil\u0259rdir. Bu funksiyalara videolar kimi m\u0259zmunun yerl\u0259\u015fdirilm\u0259si v\u0259 ya veb saytdak\u0131 m\u0259zmunun sosial media platformalar\u0131nda payla\u015f\u0131lmas\u0131 daxildir.<\/p>\n<p>T\u0259nziml\u0259m\u0259l\u0259r: Bu kukil\u0259r parametrl\u0259rinizi v\u0259 dil se\u00e7iml\u0259ri kimi bax\u0131\u015f se\u00e7iml\u0259rinizi saxlama\u011f\u0131m\u0131za k\u00f6m\u0259k edir ki, veb sayta g\u0259l\u0259c\u0259k ziyar\u0259tl\u0259rinizd\u0259 daha yax\u015f\u0131 v\u0259 s\u0259m\u0259r\u0259li t\u0259cr\u00fcb\u0259y\u0259 sahib olas\u0131n\u0131z.<br \/>\n[cookie_audit columns=\u201dcookie,description\u201d heading=\u201dA\u015fa\u011f\u0131dak\u0131 siyah\u0131 veb sayt\u0131m\u0131zda istifad\u0259 olunan kukil\u0259ri \u0259trafl\u0131 \u015f\u0259kild\u0259 g\u00f6st\u0259rir.\u201d]<\/p>\n<p>Kuki se\u00e7iml\u0259rini nec\u0259 idar\u0259 ed\u0259 bil\u0259r\u0259m?<br \/>\nDaha sonra bax\u0131\u015f sessiyas\u0131 zaman\u0131 se\u00e7iml\u0259rinizi d\u0259yi\u015fdirm\u0259k q\u0259rar\u0131na g\u0259ls\u0259niz, ekranda &#8220;M\u0259xfilik v\u0259 Kuki Siyas\u0259ti&#8221; sekmesini klikl\u0259y\u0259 bil\u0259rsiniz. Bu, se\u00e7iml\u0259rinizi d\u0259yi\u015fdirm\u0259y\u0259 v\u0259 ya raz\u0131l\u0131\u011f\u0131n\u0131z\u0131 tamamil\u0259 geri g\u00f6t\u00fcrm\u0259y\u0259 imkan ver\u0259n raz\u0131l\u0131q bildiri\u015fini yenid\u0259n g\u00f6st\u0259r\u0259c\u0259k.<\/p>\n<p>Bundan \u0259lav\u0259, m\u00fcxt\u0259lif brauzerl\u0259r veb saytlar t\u0259r\u0259find\u0259n istifad\u0259 edil\u0259n kukil\u0259ri bloklamaq v\u0259 silm\u0259k \u00fc\u00e7\u00fcn f\u0259rqli \u00fcsullar t\u0259qdim edir. Kukil\u0259ri bloklamaq\/silm\u0259k \u00fc\u00e7\u00fcn brauzerinizin parametrl\u0259rini d\u0259yi\u015f\u0259 bil\u0259rsiniz. Kukil\u0259ri nec\u0259 idar\u0259 etm\u0259k v\u0259 silm\u0259k bar\u0259d\u0259 daha \u00e7ox m\u0259lumat \u0259ld\u0259 etm\u0259k \u00fc\u00e7\u00fcn wikipedia.org, www.allaboutcookies.org saytlar\u0131na daxil olun.<\/p>\n","protected":false},"excerpt":{"rendered":"<p>Bu kuki siyas\u0259ti haqq\u0131nda Bu Kuki Siyas\u0259ti kukil\u0259rin n\u0259 oldu\u011funu v\u0259 onlardan nec\u0259 istifad\u0259 etdiyimizi izah edir. Kukil\u0259rin n\u0259 oldu\u011funu, onlardan nec\u0259 istifad\u0259 etdiyimizi, istifad\u0259 etdiyimiz kukil\u0259rin n\u00f6vl\u0259rini, y\u0259ni kukil\u0259rd\u0259n istifad\u0259 ed\u0259r\u0259k toplad\u0131\u011f\u0131m\u0131z m\u0259lumatlar\u0131 v\u0259 bu m\u0259lumatlar\u0131n nec\u0259 istifad\u0259 olundu\u011funu v\u0259 kuki se\u00e7iml\u0259rini nec\u0259 idar\u0259 ed\u0259c\u0259yimizi anlamaq \u00fc\u00e7\u00fcn bu siyas\u0259ti oxumal\u0131s\u0131n\u0131z. \u015e\u0259xsi m\u0259lumatlar\u0131n\u0131z\u0131 nec\u0259 istifad\u0259<a class=\"cg-read-more\" href=\"https:\/\/globecore.dev\/az\/cookie-policy\/\" target=\"_blank\">Read More <\/a><\/p>\n","protected":false},"author":41,"featured_media":0,"parent":0,"menu_order":0,"comment_status":"closed","ping_status":"closed","template":"templates\/privacy.php","meta":{"_acf_changed":false,"_bbp_topic_count":0,"_bbp_reply_count":0,"_bbp_total_topic_count":0,"_bbp_total_reply_count":0,"_bbp_voice_count":0,"_bbp_anonymous_reply_count":0,"_bbp_topic_count_hidden":0,"_bbp_reply_count_hidden":0,"_bbp_forum_subforum_count":0,"footnotes":""},"categories":[],"class_list":["post-326610","page","type-page","status-publish","hentry"],"acf":[],"language":"az","_links":{"self":[{"href":"https:\/\/globecore.dev\/az\/wp-json\/wp\/v2\/pages\/326610","targetHints":{"allow":["GET"]}}],"collection":[{"href":"https:\/\/globecore.dev\/az\/wp-json\/wp\/v2\/pages"}],"about":[{"href":"https:\/\/globecore.dev\/az\/wp-json\/wp\/v2\/types\/page"}],"author":[{"embeddable":true,"href":"https:\/\/globecore.dev\/az\/wp-json\/wp\/v2\/users\/41"}],"replies":[{"embeddable":true,"href":"https:\/\/globecore.dev\/az\/wp-json\/wp\/v2\/comments?post=326610"}],"version-history":[{"count":0,"href":"https:\/\/globecore.dev\/az\/wp-json\/wp\/v2\/pages\/326610\/revisions"}],"wp:attachment":[{"href":"https:\/\/globecore.dev\/az\/wp-json\/wp\/v2\/media?parent=326610"}],"wp:term":[{"taxonomy":"category","embeddable":true,"href":"https:\/\/globecore.dev\/az\/wp-json\/wp\/v2\/categories?post=326610"}],"curies":[{"name":"wp","href":"https:\/\/api.w.org\/{rel}","templated":true}]}}