{"id":148529,"date":"2024-06-25T13:05:43","date_gmt":"2024-06-25T13:05:43","guid":{"rendered":"https:\/\/globecore.dev\/fine-filter-with-filtration-coefficient-beta-4000\/"},"modified":"2025-09-11T13:28:47","modified_gmt":"2025-09-11T13:28:47","slug":"fine-filter-with-filtration-coefficient-beta-4000","status":"publish","type":"page","link":"https:\/\/globecore.dev\/az\/fine-filter-with-filtration-coefficient-beta-4000\/","title":{"rendered":"Filtrasiya \u0259msal\u0131 \u03b2 = 4000 olan GC Fine filtri"},"content":{"rendered":"","protected":false},"excerpt":{"rendered":"","protected":false},"author":7,"featured_media":116481,"parent":0,"menu_order":0,"comment_status":"closed","ping_status":"closed","template":"templates\/single-product.php","meta":{"_acf_changed":false,"_bbp_topic_count":0,"_bbp_reply_count":0,"_bbp_total_topic_count":0,"_bbp_total_reply_count":0,"_bbp_voice_count":0,"_bbp_anonymous_reply_count":0,"_bbp_topic_count_hidden":0,"_bbp_reply_count_hidden":0,"_bbp_forum_subforum_count":0,"footnotes":""},"categories":[],"class_list":["post-148529","page","type-page","status-publish","has-post-thumbnail","hentry"],"acf":{"add_tab":[{"tab_title":"T\u0259svir","tab_content":"GC Fine filtri filtrasiya \u0259msal\u0131 \u03b2 = 4000 olan mexaniki \u00e7irkl\u0259ri t\u0259mizl\u0259m\u0259k \u00fc\u00e7\u00fcn n\u0259z\u0259rd\u0259 tutulmu\u015fdur. Filtirin d\u0259qiqliyi 0,9-22 mikron nominal diapazondan se\u00e7il\u0259 bil\u0259r.\r\n\r\nFiltr a\u015fa\u011f\u0131 korpusdan, boru korpusundan v\u0259 yuxar\u0131 qapaqdan ibar\u0259t qapal\u0131 strukturdur. Korpusun b\u00fct\u00fcn hiss\u0259l\u0259ri bir-birin\u0259 s\u0131x \u015f\u0259kild\u0259 ba\u011flan\u0131r. Filtr elementi i\u00e7\u0259riy\u0259 qura\u015fd\u0131r\u0131l\u0131r v\u0259 rezin \u00fcz\u00fckl\u0259rl\u0259 ba\u011flan\u0131r.\r\n\r\nA\u015fa\u011f\u0131 korpusda \u00e7irkl\u0259nmi\u015f v\u0259 t\u0259mizl\u0259nmi\u015f maye x\u0259tl\u0259ri \u00fc\u00e7\u00fcn \u0259laq\u0259 n\u00f6qt\u0259l\u0259ri var. Orada drenaj t\u0131xaclar\u0131 da var.\r\n\r\n\u00dcst qapaqda havaland\u0131rma tapas\u0131 var."}],"add_def_tab":[{"tab_title":"Spesifikasiya","tab_content":"<table>\r\n<tbody>\r\n<tr>\r\n<td width=\"36\"><strong>#<\/strong><\/td>\r\n<td style=\"text-align: center;\" width=\"375\"><strong>Parametr<\/strong><\/td>\r\n<td style=\"text-align: center;\" width=\"205\"><strong>D\u0259y\u0259r<\/strong><\/td>\r\n<\/tr>\r\n<tr>\r\n<td width=\"36\">1<\/td>\r\n<td width=\"375\">\u0130stehsal tutumu, litr\/saat<\/td>\r\n<td style=\"text-align: center;\" width=\"205\">12000<\/td>\r\n<\/tr>\r\n<tr>\r\n<td width=\"36\">2<\/td>\r\n<td width=\"375\">Maksimum t\u0259zyiq, bar<\/td>\r\n<td style=\"text-align: center;\" width=\"205\">12<\/td>\r\n<\/tr>\r\n<tr>\r\n<td width=\"36\">3<\/td>\r\n<td width=\"375\">Struktur materiali<\/td>\r\n<td style=\"text-align: center;\" width=\"205\">Polad, d\u0259mir<\/td>\r\n<\/tr>\r\n<tr>\r\n<td width=\"36\">4<\/td>\r\n<td width=\"375\">Filtr mayesinin temperaturu, \u00b0C<\/td>\r\n<td style=\"text-align: center;\" width=\"205\">-25-d\u0259n +120-\u0259 q\u0259d\u0259r<\/td>\r\n<\/tr>\r\n<tr>\r\n<td width=\"36\">5<\/td>\r\n<td width=\"375\">Proses ba\u011flant\u0131s\u0131<\/td>\r\n<td style=\"text-align: center;\" width=\"205\">Flan\u015flar, \u00d830mm<\/td>\r\n<\/tr>\r\n<tr>\r\n<td width=\"36\">6<\/td>\r\n<td width=\"375\">\u00d6l\u00e7\u00fcl\u0259r, mm:<\/td>\r\n<td width=\"205\"><\/td>\r\n<\/tr>\r\n<tr>\r\n<td width=\"36\"><\/td>\r\n<td width=\"375\">- H\u00fcnd\u00fcrl\u00fck<\/td>\r\n<td style=\"text-align: center;\" width=\"205\">1190<\/td>\r\n<\/tr>\r\n<tr>\r\n<td width=\"36\"><\/td>\r\n<td width=\"375\">- En<\/td>\r\n<td style=\"text-align: center;\" width=\"205\">240<\/td>\r\n<\/tr>\r\n<tr>\r\n<td width=\"36\"><\/td>\r\n<td width=\"375\">- D\u0259rinlik<\/td>\r\n<td style=\"text-align: center;\" width=\"205\">210<\/td>\r\n<\/tr>\r\n<tr>\r\n<td width=\"36\">7<\/td>\r\n<td width=\"375\">\u00c7\u0259ki, kg<\/td>\r\n<td style=\"text-align: center;\" width=\"205\">56<\/td>\r\n<\/tr>\r\n<\/tbody>\r\n<\/table>"},{"tab_title":"\u00dcst\u00fcnl\u00fckl\u0259r","tab_content":"<ul>\r\n \t<li>Y\u00fcks\u0259k filtrasiya s\u0259m\u0259r\u0259liliyi;<\/li>\r\n \t<li>Y\u00fcks\u0259k filtrasiya d\u0259qiqliyi;<\/li>\r\n \t<li>Dayan\u0131ql\u0131 qurulu\u015f.<\/li>\r\n<\/ul>"},{"tab_title":"\u018friz\u0259","tab_content":"<p style=\"text-align: justify;\"><strong>Filtrl\u0259m\u0259 nisb\u0259ti \u03b2 = 4000 olan GC \u0130nc\u0259 filtri:<\/strong><\/p>\r\n\r\n<ul>\r\n \t<li style=\"text-align: justify;\" aria-level=\"1\">Transformator ya\u011f\u0131n\u0131n filtrasiyas\u0131;<\/li>\r\n \t<li style=\"text-align: justify;\" aria-level=\"1\">Hidravlik ya\u011f filtrasiyas\u0131;<\/li>\r\n \t<li style=\"text-align: justify;\" aria-level=\"1\">S\u00fcrtk\u00fc ya\u011f\u0131n\u0131n filtrasiyas\u0131;<\/li>\r\n \t<li style=\"text-align: justify;\" aria-level=\"1\">M\u00fch\u0259rrik ya\u011f\u0131n\u0131n filtrasiyas\u0131;<\/li>\r\n \t<li style=\"text-align: justify;\" aria-level=\"1\">\u00d6t\u00fcr\u00fcc\u00fc ya\u011f filtrasiyas\u0131;<\/li>\r\n \t<li style=\"text-align: justify;\" aria-level=\"1\">kompressor ya\u011f\u0131n\u0131n filtrasiyas\u0131;<\/li>\r\n \t<li style=\"text-align: justify;\" aria-level=\"1\">Turbin ya\u011f\u0131n\u0131n filtrasiyas\u0131;<\/li>\r\n \t<li style=\"text-align: justify;\" aria-level=\"1\">Yanacaq s\u00fcz\u00fclm\u0259si;<\/li>\r\n \t<li style=\"text-align: justify;\" aria-level=\"1\">Dizel yanaca\u011f\u0131n\u0131n filtrasiyas\u0131 (2-ci d\u0259r\u0259c\u0259li);<\/li>\r\n \t<li style=\"text-align: justify;\" aria-level=\"1\">Kerosin filtrasiyas\u0131;<\/li>\r\n \t<li style=\"text-align: justify;\" aria-level=\"1\">Mineral ya\u011f filtrasiyas\u0131;<\/li>\r\n \t<li style=\"text-align: justify;\" aria-level=\"1\">Ya\u011f \u0259sasl\u0131 maye filtrasiyas\u0131;<\/li>\r\n \t<li style=\"text-align: justify;\" aria-level=\"1\">Ya\u011f filtrasiyas\u0131n\u0131n k\u0259silm\u0259si;<\/li>\r\n \t<li style=\"text-align: justify;\" aria-level=\"1\">\u0130stilik \u00f6t\u00fcr\u00fcc\u00fc ya\u011f filtrasiyas\u0131;<\/li>\r\n \t<li style=\"text-align: justify;\" aria-level=\"1\">\u018fyl\u0259c mayesinin filtrasiyas\u0131;<\/li>\r\n \t<li style=\"text-align: justify;\" aria-level=\"1\">Soyuducu ya\u011f filtrasiyas\u0131;<\/li>\r\n \t<li style=\"text-align: justify;\" aria-level=\"1\">\u0130zolyasiya ya\u011f\u0131n\u0131n filtrasiyas\u0131;<\/li>\r\n \t<li style=\"text-align: justify;\" aria-level=\"1\">N\u0259qliyyat ya\u011f\u0131n\u0131n filtrasiyas\u0131;<\/li>\r\n \t<li style=\"text-align: justify;\" aria-level=\"1\">Aviasiya hidravlik maye filtrasiyas\u0131;<\/li>\r\n \t<li style=\"text-align: justify;\" aria-level=\"1\">D\u0259niz ya\u011f\u0131n\u0131n filtrasiyas\u0131;<\/li>\r\n \t<li style=\"text-align: justify;\" aria-level=\"1\">bioloji par\u00e7alana bil\u0259n ya\u011f filtrasiyas\u0131;<\/li>\r\n \t<li style=\"text-align: justify;\" aria-level=\"1\">Metal emal mayesinin filtrasiyas\u0131;<\/li>\r\n \t<li style=\"text-align: justify;\" aria-level=\"1\">Bio s\u00fcrtk\u00fc filtrasiyas\u0131;<\/li>\r\n \t<li style=\"text-align: justify;\" aria-level=\"1\">Bitki ya\u011f\u0131n\u0131n filtrasiyas\u0131;<\/li>\r\n \t<li style=\"text-align: justify;\" aria-level=\"1\">Silikon ya\u011f filtrasiyas\u0131;<\/li>\r\n \t<li style=\"text-align: justify;\" aria-level=\"1\">Transformatorlar \u00fc\u00e7\u00fcn efir ya\u011f\u0131n\u0131n filtrasiyas\u0131;<\/li>\r\n \t<li style=\"text-align: justify;\" aria-level=\"1\">A\u015fa\u011f\u0131 \u00f6zl\u00fcl\u00fckl\u00fc ya\u011f filtrasiyas\u0131;<\/li>\r\n \t<li style=\"text-align: justify;\" aria-level=\"1\">Holla\u015fan ya\u011f filtrasiyas\u0131;<\/li>\r\n \t<li style=\"text-align: justify;\" aria-level=\"1\">S\u0259naye ya\u011flar\u0131n\u0131n filtrasiyas\u0131;<\/li>\r\n \t<li style=\"text-align: justify;\" aria-level=\"1\">Pasdan qoruyucu ya\u011f filtrasiyas\u0131;<\/li>\r\n \t<li style=\"text-align: justify;\" aria-level=\"1\">Ka\u011f\u0131z ma\u015f\u0131n\u0131n\u0131n ya\u011f filtrasiyas\u0131;<\/li>\r\n \t<li style=\"text-align: justify;\" aria-level=\"1\">Toxuculuq ma\u015f\u0131nlar\u0131n\u0131n ya\u011f filtrasiyas\u0131;<\/li>\r\n \t<li style=\"text-align: justify;\" aria-level=\"1\">Plastik enjeksiyon q\u0259libinin ya\u011f filtrasiyas\u0131;<\/li>\r\n \t<li style=\"text-align: justify;\" aria-level=\"1\">D\u0259mir yolu ya\u011f\u0131n\u0131n filtrasiyas\u0131;<\/li>\r\n \t<li style=\"text-align: justify;\" aria-level=\"1\">Qida kimi ya\u011f filtrasiyas\u0131;<\/li>\r\n \t<li style=\"text-align: justify;\" aria-level=\"1\">\u018fcza\u00e7\u0131l\u0131q ya\u011f\u0131n\u0131n filtrasiyas\u0131;<\/li>\r\n \t<li style=\"text-align: justify;\" aria-level=\"1\">Su-qlikol mayesinin filtrasiyas\u0131;<\/li>\r\n \t<li style=\"text-align: justify;\" aria-level=\"1\">Ya\u011f \u0259sasl\u0131 soyuducu mayenin filtrasiyas\u0131.<\/li>\r\n<\/ul>"}],"add_video_tab":null,"add_gallery_tab":null,"add_price_tab":null,"add_research_tab":null,"search_advantages":""},"language":"az","_links":{"self":[{"href":"https:\/\/globecore.dev\/az\/wp-json\/wp\/v2\/pages\/148529","targetHints":{"allow":["GET"]}}],"collection":[{"href":"https:\/\/globecore.dev\/az\/wp-json\/wp\/v2\/pages"}],"about":[{"href":"https:\/\/globecore.dev\/az\/wp-json\/wp\/v2\/types\/page"}],"author":[{"embeddable":true,"href":"https:\/\/globecore.dev\/az\/wp-json\/wp\/v2\/users\/7"}],"replies":[{"embeddable":true,"href":"https:\/\/globecore.dev\/az\/wp-json\/wp\/v2\/comments?post=148529"}],"version-history":[{"count":0,"href":"https:\/\/globecore.dev\/az\/wp-json\/wp\/v2\/pages\/148529\/revisions"}],"wp:featuredmedia":[{"embeddable":true,"href":"https:\/\/globecore.dev\/az\/wp-json\/wp\/v2\/media\/116481"}],"wp:attachment":[{"href":"https:\/\/globecore.dev\/az\/wp-json\/wp\/v2\/media?parent=148529"}],"wp:term":[{"taxonomy":"category","embeddable":true,"href":"https:\/\/globecore.dev\/az\/wp-json\/wp\/v2\/categories?post=148529"}],"curies":[{"name":"wp","href":"https:\/\/api.w.org\/{rel}","templated":true}]}}