{"id":148023,"date":"2023-05-22T07:40:30","date_gmt":"2023-05-22T07:40:30","guid":{"rendered":"https:\/\/globecore.dev\/laboratory-colloid-mill-clm-0-25-1\/"},"modified":"2025-09-11T12:50:31","modified_gmt":"2025-09-11T12:50:31","slug":"laboratory-colloid-mill-clm-0-25-1","status":"publish","type":"page","link":"https:\/\/globecore.dev\/az\/laboratory-colloid-mill-clm-0-25-1\/","title":{"rendered":"CLM-0.25.1 Laboratoriya kolloid d\u0259yirman\u0131"},"content":{"rendered":"","protected":false},"excerpt":{"rendered":"","protected":false},"author":7,"featured_media":68046,"parent":0,"menu_order":0,"comment_status":"closed","ping_status":"closed","template":"templates\/single-product.php","meta":{"_acf_changed":false,"_bbp_topic_count":0,"_bbp_reply_count":0,"_bbp_total_topic_count":0,"_bbp_total_reply_count":0,"_bbp_voice_count":0,"_bbp_anonymous_reply_count":0,"_bbp_topic_count_hidden":0,"_bbp_reply_count_hidden":0,"_bbp_forum_subforum_count":0,"footnotes":""},"categories":[1744],"class_list":["post-148023","page","type-page","status-publish","has-post-thumbnail","hentry","category-colloid-mill-az"],"acf":{"add_tab":[{"tab_title":"T\u0259svir","tab_content":"<p style=\"text-align: justify;\">CLM-0.25.1 kolloid d\u0259yirman\u0131 laboratoriya m\u00fchitind\u0259 maye materiallar\u0131n (y\u00fcks\u0259k k\u0259silm\u0259 g\u0259rginliyin\u0259 malik qal\u0131n \u015flamlar) homogenl\u0259\u015fdirilm\u0259si v\u0259 emulsifikasiyas\u0131 \u00fc\u00e7\u00fcn n\u0259z\u0259rd\u0259 tutulub.<\/p>\r\n<p style=\"text-align: justify;\">CLM-0.25.1 istifad\u0259 edil\u0259 bil\u0259r:<\/p>\r\n\r\n<ul style=\"text-align: justify;\">\r\n \t<li>bitum emulsiyalar\u0131n\u0131n laboratoriya partiyalar\u0131n\u0131 haz\u0131rlamaq \u00fc\u00e7\u00fcn;<\/li>\r\n \t<li>bitum emulsiyas\u0131n\u0131n t\u0259rkibini onun t\u0259rkib hiss\u0259si v\u0259 t\u0259tbiq sah\u0259sind\u0259n as\u0131l\u0131 olaraq se\u00e7m\u0259k \u00fc\u00e7\u00fcn.<\/li>\r\n<\/ul>\r\n<p style=\"text-align: justify;\">Bu kolloid d\u0259yirman USB-2 bitum emulsiya istehsal\u0131 qur\u011fular\u0131n\u0131n bir hiss\u0259si v\u0259 ya ayr\u0131ca m\u0259hsul kimi t\u0259qdim edil\u0259 bil\u0259r.<\/p>\r\n\r\n<h2 style=\"text-align: center;\">Bitum emulsiyalar\u0131 \u2014 T\u0259tbiq sah\u0259l\u0259ri<\/h2>\r\n<ol>\r\n \t<li>Yol tikintisi:<\/li>\r\n<\/ol>\r\n<ul>\r\n \t<li>s\u0259th emulsiyalar\u0131;<\/li>\r\n \t<li>\u00e7uxurlar\u0131n d\u00fcz\u0259ldilm\u0259si;<\/li>\r\n \t<li>asfalt laylar\u0131n\u0131n yap\u0131\u015fd\u0131r\u0131lmas\u0131;<\/li>\r\n \t<li>Slurry Seal v\u0259 Multimac texnologiyalar\u0131nda istifad\u0259;<\/li>\r\n \t<li>torpaq v\u0259 \u0259sas sabitl\u0259\u015fdirm\u0259;<\/li>\r\n \t<li>asfalt materiallar\u0131n\u0131n t\u0259krar istifad\u0259si \u00fc\u00e7\u00fcn n\u0259z\u0259rd\u0259 tutulmu\u015f emulsiyalar (t\u0259krar emal);<\/li>\r\n \t<li>uzunm\u00fcdd\u0259tli saxlama emulsiyalar\u0131 (q\u0131\u015fda \u00e7uxurlar\u0131n yamaqlar\u0131 \u00fc\u00e7\u00fcn qar\u0131\u015f\u0131qlar);<\/li>\r\n \t<li>yap\u0131\u015fqanl\u0131\u011f\u0131 aradan qald\u0131ran emulsiyalar.<\/li>\r\n<\/ul>\r\n<ol start=\"2\">\r\n \t<li>Hidrotexniki qur\u011fular:<\/li>\r\n<\/ol>\r\n<ul>\r\n \t<li>t\u0259m\u0259ll\u0259r, \u00fczg\u00fc\u00e7\u00fcl\u00fck hovuzlar\u0131, boru v\u0259 svay \u00f6rt\u00fckl\u0259ri v\u0259 s. \u00fc\u00e7\u00fcn suya davaml\u0131 membranlar\u0131n t\u0259\u015fkili \u00fc\u00e7\u00fcn n\u0259z\u0259rd\u0259 tutulmu\u015f emulsiyalar;<\/li>\r\n \t<li>emulsiyalar reaktiv \u00fcsulla, t\u0259k v\u0259 ya ikikomponentli \u00fcsulla s\u0259th\u0259 t\u0259tbiq olunur (plyonka \u0259m\u0259l\u0259 g\u0259lm\u0259sini s\u00fcr\u0259tl\u0259ndirm\u0259k \u00fc\u00e7\u00fcn).<\/li>\r\n<\/ul>\r\n<ol start=\"3\">\r\n \t<li>Dam \u00f6rt\u00fcy\u00fc:<\/li>\r\n<\/ol>\r\n<ul>\r\n \t<li>m\u00fcxt\u0259lif m\u00fcr\u0259kk\u0259blikd\u0259ki damlar\u0131n s\u0259thind\u0259 suya davaml\u0131 membranlar \u0259ld\u0259 etm\u0259k \u00fc\u00e7\u00fcn n\u0259z\u0259rd\u0259 tutulmu\u015f emulsiyalar. Bu emulsiyalar reaktiv \u00fcsulla s\u0259th\u0259 t\u0259tbiq edilir.<\/li>\r\n<\/ul>"}],"add_def_tab":[{"tab_title":"Spesifikasiya","tab_content":"<table>\r\n<tbody>\r\n<tr>\r\n<td width=\"37\"><strong>\u2116<\/strong><\/td>\r\n<td style=\"text-align: center;\" width=\"454\"><strong>Parametr<\/strong><\/td>\r\n<td style=\"text-align: center;\" width=\"166\"><strong>D\u0259y\u0259r<\/strong><\/td>\r\n<\/tr>\r\n<tr>\r\n<td width=\"37\">1<\/td>\r\n<td width=\"454\">Tutum, L\/saat (gpm), (min)<\/td>\r\n<td width=\"166\">\r\n<p style=\"text-align: center;\">25 (0.11)*<\/p>\r\n<\/td>\r\n<\/tr>\r\n<tr>\r\n<td width=\"37\">2<\/td>\r\n<td width=\"454\">Doldurma huni h\u0259cmi, L (gal)<\/td>\r\n<td width=\"166\">\r\n<p style=\"text-align: center;\">1.5 (0.4)<\/p>\r\n<\/td>\r\n<\/tr>\r\n<tr>\r\n<td width=\"37\">3<\/td>\r\n<td width=\"454\">\u0130\u015fl\u0259m\u0259 temperaturu, \u00b0C (\u00b0F), (max)<\/td>\r\n<td width=\"166\">\r\n<p style=\"text-align: center;\">150 (302)<\/p>\r\n<\/td>\r\n<\/tr>\r\n<tr>\r\n<td width=\"37\">4<\/td>\r\n<td width=\"454\">B\u0131\u00e7aq oxial bo\u015flu\u011fu, mm (in)<\/td>\r\n<td width=\"166\">\r\n<p style=\"text-align: center;\">0.25\u20261.25 (9.8\u221910<sup>-3<\/sup>\u20264.9\u221910<sup>-2<\/sup>)<\/p>\r\n<\/td>\r\n<\/tr>\r\n<tr>\r\n<td width=\"37\">5<\/td>\r\n<td width=\"454\">B\u0131\u00e7aq radial bo\u015flu\u011fu, mm (in)<\/td>\r\n<td width=\"166\">\r\n<p style=\"text-align: center;\">0.25 (9.8\u221910<sup>-3<\/sup>)<\/p>\r\n<\/td>\r\n<\/tr>\r\n<tr>\r\n<td width=\"37\">6<\/td>\r\n<td width=\"454\">B\u0131\u00e7aq uc s\u00fcr\u0259ti, m\/s (ips)<\/td>\r\n<td width=\"166\">\r\n<p style=\"text-align: center;\">50-57 (1,968.5-2,244)**<\/p>\r\n<\/td>\r\n<\/tr>\r\n<tr>\r\n<td width=\"37\">7<\/td>\r\n<td width=\"454\">\u00d6rg\u00fc oxu v\u0259 elektrik s\u00fcr\u00fcc\u00fcs\u00fcn\u00fcn f\u0131rlanma s\u00fcr\u0259ti, rpm<\/td>\r\n<td width=\"166\">\r\n<p style=\"text-align: center;\">16,750-19,250**<\/p>\r\n<\/td>\r\n<\/tr>\r\n<tr>\r\n<td width=\"37\">8<\/td>\r\n<td width=\"454\">Elektrik s\u00fcr\u00fcc\u00fcs\u00fcn\u00fcn nominal g\u00fcc\u00fc, kW<\/td>\r\n<td width=\"166\">\r\n<p style=\"text-align: center;\">0.7<\/p>\r\n<\/td>\r\n<\/tr>\r\n<tr>\r\n<td width=\"37\">9<\/td>\r\n<td width=\"454\">50 Hz-d\u0259 enerji d\u00f6vr\u0259si g\u0259rginliyi (\u00fc\u00e7 fazal\u0131), V<\/td>\r\n<td width=\"166\">\r\n<p style=\"text-align: center;\">400***<\/p>\r\n<\/td>\r\n<\/tr>\r\n<tr>\r\n<td width=\"37\">10<\/td>\r\n<td width=\"454\">\u018fm\u0259liyyat m\u00f6vqeyind\u0259 \u00f6l\u00e7\u00fcl\u0259r, mm (in), (max)<\/td>\r\n<td width=\"166\"><\/td>\r\n<\/tr>\r\n<tr>\r\n<td width=\"37\"><\/td>\r\n<td width=\"454\">- uzunluq<\/td>\r\n<td width=\"166\">\r\n<p style=\"text-align: center;\">340 (13)\/425 (17)<\/p>\r\n<\/td>\r\n<\/tr>\r\n<tr>\r\n<td width=\"37\"><\/td>\r\n<td width=\"454\">- en<\/td>\r\n<td width=\"166\">\r\n<p style=\"text-align: center;\">290 (11)<\/p>\r\n<\/td>\r\n<\/tr>\r\n<tr>\r\n<td width=\"37\"><\/td>\r\n<td width=\"454\">- h\u00fcnd\u00fcrl\u00fck<\/td>\r\n<td width=\"166\">\r\n<p style=\"text-align: center;\">450 (18)<\/p>\r\n<\/td>\r\n<\/tr>\r\n<tr>\r\n<td width=\"37\">11<\/td>\r\n<td width=\"454\">\u00c7\u0259ki, kg (lbs), (max)<\/td>\r\n<td width=\"166\">\r\n<p style=\"text-align: center;\">15 (33)<\/p>\r\n<\/td>\r\n<\/tr>\r\n<\/tbody>\r\n<\/table>\r\n* M\u0259hsulun viskozlu\u011fundan as\u0131l\u0131 olaraq\r\n\r\n** Tezlik d\u0259yi\u015fdiricisinin qura\u015fd\u0131r\u0131lmas\u0131ndan as\u0131l\u0131 olaraq\r\n\r\n*** M\u00fc\u015ft\u0259rinin t\u0259l\u0259bi \u00fczr\u0259"},{"tab_title":"\u00dcst\u00fcnl\u00fckl\u0259r","tab_content":"<ul>\r\n \t<li>Tutumun t\u0259nziml\u0259nm\u0259si;<\/li>\r\n \t<li>Korroziyaya qar\u015f\u0131 m\u00fcqavim\u0259t;<\/li>\r\n \t<li>Kompaqt dizayn;<\/li>\r\n \t<li>Asfalt emulsiya komponentl\u0259rinin optimal nisb\u0259tinin se\u00e7imi (reseptl\u0259r);<\/li>\r\n \t<li>\u018flav\u0259 s\u0131naq \u00fc\u00e7\u00fcn bitum emulsiya n\u00fcmun\u0259l\u0259rinin haz\u0131rlanmas\u0131;<\/li>\r\n \t<li>Asfalt emulsiya istehsal\u0131 \u00fc\u00e7\u00fcn ist\u0259nil\u0259n n\u00f6v material bu d\u0259yirmanda s\u0131naqdan ke\u00e7iril\u0259 bil\u0259r, \u00e7\u00fcnki d\u0259yirman materiala v\u0259 t\u0259l\u0259b olunan proses\u0259 uy\u011fun m\u00fcxt\u0259lif rotor\/stator al\u0259tl\u0259ri il\u0259 t\u0259chiz oluna bil\u0259r.<\/li>\r\n<\/ul>"},{"tab_title":"Configurator","tab_content":"[ezfc id='65' \/]"},{"tab_title":"Webinars","tab_content":"https:\/\/www.youtube.com\/live\/KGQvoVv4ov0"}],"add_video_tab":[{"video_tab_title":"Video","add_video_id":[{"video_id":"Xs6D3TFtEaI"}]}],"add_gallery_tab":null,"add_price_tab":null,"add_research_tab":null,"search_advantages":""},"language":"az","_links":{"self":[{"href":"https:\/\/globecore.dev\/az\/wp-json\/wp\/v2\/pages\/148023","targetHints":{"allow":["GET"]}}],"collection":[{"href":"https:\/\/globecore.dev\/az\/wp-json\/wp\/v2\/pages"}],"about":[{"href":"https:\/\/globecore.dev\/az\/wp-json\/wp\/v2\/types\/page"}],"author":[{"embeddable":true,"href":"https:\/\/globecore.dev\/az\/wp-json\/wp\/v2\/users\/7"}],"replies":[{"embeddable":true,"href":"https:\/\/globecore.dev\/az\/wp-json\/wp\/v2\/comments?post=148023"}],"version-history":[{"count":0,"href":"https:\/\/globecore.dev\/az\/wp-json\/wp\/v2\/pages\/148023\/revisions"}],"wp:featuredmedia":[{"embeddable":true,"href":"https:\/\/globecore.dev\/az\/wp-json\/wp\/v2\/media\/68046"}],"wp:attachment":[{"href":"https:\/\/globecore.dev\/az\/wp-json\/wp\/v2\/media?parent=148023"}],"wp:term":[{"taxonomy":"category","embeddable":true,"href":"https:\/\/globecore.dev\/az\/wp-json\/wp\/v2\/categories?post=148023"}],"curies":[{"name":"wp","href":"https:\/\/api.w.org\/{rel}","templated":true}]}}